{"id":10002,"date":"2025-09-08T09:25:21","date_gmt":"2025-09-08T09:25:21","guid":{"rendered":"https:\/\/redsea-dream-tours.com\/?post_type=product&#038;p=10002"},"modified":"2025-11-28T15:04:19","modified_gmt":"2025-11-28T15:04:19","slug":"sea-scope-trip","status":"publish","type":"product","link":"https:\/\/redsea-dream-tours.com\/pl\/produkt\/sea-scope-trip\/","title":{"rendered":"Royal Sea Scope: Podwodne widoki i morskie \u017cycie"},"content":{"rendered":"<p data-start=\"78\" data-end=\"144\"><strong data-start=\"78\" data-end=\"142\">Odkryj cuda Morza Czerwonego z Royal Sea Scope!<\/strong><\/p>\n<p data-start=\"146\" data-end=\"493\">Wejd\u017a na pok\u0142ad <strong data-start=\"162\" data-end=\"199\">P\u00f3\u0142okr\u0119t podwodny Royal Sea Scope \ud83d\udea2<\/strong>zawieraj\u0105cy <strong data-start=\"213\" data-end=\"252\">panoramiczna szklana kabina podwodna \ud83e\ude9f<\/strong>i przygotuj si\u0119 na niezapomnian\u0105 podr\u00f3\u017c pod falami! Podziwiaj <strong data-start=\"330\" data-end=\"411\">t\u0119tni\u0105ce \u017cyciem rafy koralowe \ud83e\udeb8, kolorowe ryby \ud83d\udc20 i fascynuj\u0105ce morskie stworzenia \ud83d\udc22<\/strong> kt\u00f3re sprawiaj\u0105, \u017ce Morze Czerwone jest jednym z najbardziej spektakularnych podwodnych skarb\u00f3w na \u015bwiecie.<\/p>\n<p data-start=\"495\" data-end=\"530\"><strong data-start=\"495\" data-end=\"528\">Dlaczego warto wybra\u0107 Royal Sea Scope?<\/strong><\/p>\n<ul data-start=\"531\" data-end=\"842\">\n<li data-start=\"531\" data-end=\"616\">\n<p data-start=\"533\" data-end=\"616\"><strong data-start=\"533\" data-end=\"578\">Ogl\u0105danie pod wod\u0105 bez zamoczenia \ud83d\udca6<\/strong> - komfort podczas zwiedzania.<\/p>\n<\/li>\n<li data-start=\"617\" data-end=\"693\">\n<p data-start=\"619\" data-end=\"693\"><strong data-start=\"619\" data-end=\"657\">Krystalicznie czyste panoramiczne okna \ud83c\udf10<\/strong> dla najlepszego widoku \u017cycia morskiego.<\/p>\n<\/li>\n<li data-start=\"694\" data-end=\"765\">\n<p data-start=\"696\" data-end=\"765\"><strong data-start=\"696\" data-end=\"725\">W pe\u0142ni wyposa\u017cone i bezpieczne \u2693<\/strong> na relaksuj\u0105c\u0105 przygod\u0119 bez zmartwie\u0144.<\/p>\n<\/li>\n<li data-start=\"766\" data-end=\"842\">\n<p data-start=\"768\" data-end=\"842\"><strong data-start=\"768\" data-end=\"840\">Idealny dla rodzin \ud83d\udc68\u200d\ud83d\udc69\u200d\ud83d\udc67\u200d\ud83d\udc66, par \u2764\ufe0f i grup przyjaci\u00f3\u0142!<\/strong><\/p>\n<\/li>\n<\/ul>\n<p data-start=\"844\" data-end=\"1083\">To nie jest zwyk\u0142a wycieczka - to <strong data-start=\"877\" data-end=\"910\">Jedyne w swoim rodzaju do\u015bwiadczenie<\/strong> aby by\u0107 \u015bwiadkiem magii Morza Czerwonego jak nigdy dot\u0105d. Usi\u0105d\u017a wygodnie, zrelaksuj si\u0119 i pozw\u00f3l <strong data-start=\"995\" data-end=\"1014\">Royal Sea Scope<\/strong> zabierze Ci\u0119 w podr\u00f3\u017c przez <strong data-start=\"1045\" data-end=\"1080\">podwodny raj natury \ud83c\udf05<\/strong>.<\/p>\n<p data-start=\"41\" data-end=\"65\">\ud83e\udd11 <strong data-start=\"44\" data-end=\"63\">Cena aktywno\u015bci:<\/strong><\/p>\n<ul data-start=\"66\" data-end=\"137\" data-is-only-node=\"\">\n<li data-start=\"66\" data-end=\"81\">\n<p data-start=\"68\" data-end=\"81\">Doro\u015bli:                 18 \u20ac<\/p>\n<\/li>\n<li data-start=\"82\" data-end=\"103\">\n<p data-start=\"84\" data-end=\"103\">Wiek od 5 do 11 lat: 10 \u20ac<\/p>\n<\/li>\n<li data-start=\"104\" data-end=\"137\">\n<p data-start=\"106\" data-end=\"137\">Poni\u017cej 5 lat: Bezp\u0142atnie<\/p>\n<\/li>\n<\/ul>\n<h3 data-start=\"2198\" data-end=\"2225\"><strong data-start=\"2205\" data-end=\"2223\">P\u0142atno\u015b\u0107 w USD ($ \ud83c\uddfa\ud83c\uddf8) zamiast EUR (\u20ac \ud83c\uddea\ud83c\uddfa) jest dost\u0119pna zgodnie z dziennym kursem wymiany banku.<\/strong><\/h3>\n<p><strong>Book Through WhatsApp:<\/strong><\/p>\n<p><a href=\"https:\/\/wa.me\/201021058859\" target=\"_blank\" rel=\"noopener\">\u00a0<img decoding=\"async\" class=\"alignnone wp-image-2058\" src=\"https:\/\/poehalisnamiegypt.com\/wp-content\/uploads\/2024\/02\/pngwing.com_-300x300.png\" sizes=\"auto, (max-width: 35px) 100vw, 35px\" srcset=\"https:\/\/poehalisnamiegypt.com\/wp-content\/uploads\/2024\/02\/pngwing.com_-300x300.png 300w, https:\/\/poehalisnamiegypt.com\/wp-content\/uploads\/2024\/02\/pngwing.com_-150x150.png 150w, https:\/\/poehalisnamiegypt.com\/wp-content\/uploads\/2024\/02\/pngwing.com_.png 584w\" alt=\"\" width=\"53\" height=\"53\" \/><\/a><\/p>\n<p>&nbsp;<\/p>\n<div id=\"gtx-trans\" style=\"position: absolute; left: 279px; top: 1.2px;\">\n<div class=\"gtx-trans-icon\"><\/div>\n<\/div>\n<div id=\"gtx-trans\" style=\"position: absolute; left: 279px; top: 1.2px;\">\n<div class=\"gtx-trans-icon\"><\/div>\n<\/div>","protected":false},"excerpt":{"rendered":"<p>\ud83c\udf0a Discover the Wonders of the Red Sea with Royal Sea Scope! Step aboard the Royal Sea Scope semi-submarine \ud83d\udea2, featuring a panoramic underwater glass cabin \ud83e\ude9f, and get ready for an unforgettable journey beneath the waves! Marvel at the vibrant coral reefs \ud83e\udeb8, colorful fish \ud83d\udc20, and fascinating marine creatures \ud83d\udc22 that make the [&hellip;]<\/p>","protected":false},"featured_media":10006,"comment_status":"open","ping_status":"closed","template":"","meta":{"_monsterinsights_skip_tracking":false,"_monsterinsights_sitenote_active":false,"_monsterinsights_sitenote_note":"","_monsterinsights_sitenote_category":0},"product_brand":[],"product_cat":[64],"product_tag":[],"class_list":{"0":"post-10002","1":"product","2":"type-product","3":"status-publish","4":"has-post-thumbnail","6":"product_cat-entertaining","8":"first","9":"instock","10":"shipping-taxable","11":"purchasable","12":"product-type-ovabrw_car_rental"},"_links":{"self":[{"href":"https:\/\/redsea-dream-tours.com\/pl\/wp-json\/wp\/v2\/product\/10002","targetHints":{"allow":["GET"]}}],"collection":[{"href":"https:\/\/redsea-dream-tours.com\/pl\/wp-json\/wp\/v2\/product"}],"about":[{"href":"https:\/\/redsea-dream-tours.com\/pl\/wp-json\/wp\/v2\/types\/product"}],"replies":[{"embeddable":true,"href":"https:\/\/redsea-dream-tours.com\/pl\/wp-json\/wp\/v2\/comments?post=10002"}],"wp:featuredmedia":[{"embeddable":true,"href":"https:\/\/redsea-dream-tours.com\/pl\/wp-json\/wp\/v2\/media\/10006"}],"wp:attachment":[{"href":"https:\/\/redsea-dream-tours.com\/pl\/wp-json\/wp\/v2\/media?parent=10002"}],"wp:term":[{"taxonomy":"product_brand","embeddable":true,"href":"https:\/\/redsea-dream-tours.com\/pl\/wp-json\/wp\/v2\/product_brand?post=10002"},{"taxonomy":"product_cat","embeddable":true,"href":"https:\/\/redsea-dream-tours.com\/pl\/wp-json\/wp\/v2\/product_cat?post=10002"},{"taxonomy":"product_tag","embeddable":true,"href":"https:\/\/redsea-dream-tours.com\/pl\/wp-json\/wp\/v2\/product_tag?post=10002"}],"curies":[{"name":"wp","href":"https:\/\/api.w.org\/{rel}","templated":true}]}}