{"id":10774,"date":"2025-09-13T16:56:57","date_gmt":"2025-09-13T16:56:57","guid":{"rendered":"https:\/\/redsea-dream-tours.com\/?post_type=product&#038;p=10774"},"modified":"2025-12-17T17:17:45","modified_gmt":"2025-12-17T17:17:45","slug":"hamata-islands","status":"publish","type":"product","link":"https:\/\/redsea-dream-tours.com\/it\/prodotto\/hamata-islands\/","title":{"rendered":"Isole Hamata: Snorkeling, natura e paradiso"},"content":{"rendered":"<h3 data-start=\"83\" data-end=\"141\">\ud83c\udfdd\ufe0f <strong data-start=\"91\" data-end=\"139\">Indimenticabile escursione di un giorno alle isole Hamata<\/strong><\/h3>\n<p data-start=\"55\" data-end=\"430\">Partite per un'indimenticabile escursione giornaliera alle incontaminate Isole Hamata, situate a circa 130 km a sud di Marsa Alam. Questo paradiso appartato, che fa parte del Parco Nazionale di Wadi El Gemal, \u00e8 rinomato per la sua bellezza incontaminata, le sue vibranti barriere coralline e la sua variegata vita marina. Spesso definite le \u201cMaldive egiziane\u201d, le isole offrono una serena fuga nella natura.<\/p>\n<hr data-start=\"432\" data-end=\"435\" \/>\n<h2 data-start=\"437\" data-end=\"463\">\ud83c\udf0a <strong data-start=\"443\" data-end=\"463\">Punti salienti del viaggio:<\/strong><\/h2>\n<ul data-start=\"465\" data-end=\"1418\">\n<li data-start=\"465\" data-end=\"815\">\n<p data-start=\"467\" data-end=\"815\"><strong data-start=\"467\" data-end=\"506\">Snorkeling alle Tre Isole Vergini:<\/strong><br data-start=\"506\" data-end=\"509\" \/>Esplorate le acque cristalline che circondano le isole Siyal, Shawarit e Umm al-Shaykh. Incontrate le colorate barriere coralline e una variet\u00e0 di pesci tropicali unici di questa regione. La biodiversit\u00e0 dell'area comprende oltre 450 specie di coralli e pi\u00f9 di 1.200 specie di pesci.<\/p>\n<\/li>\n<li data-start=\"817\" data-end=\"1023\">\n<p data-start=\"819\" data-end=\"1023\"><strong data-start=\"819\" data-end=\"855\">Passeggiate sulla spiaggia e osservazione degli uccelli:<\/strong><br data-start=\"855\" data-end=\"858\" \/>Attraccate su una delle isole per godervi una piacevole passeggiata lungo le sue spiagge di sabbia bianca. Osservate la ricca avifauna che popola l'area e che aggiunge fascino alle isole.<\/p>\n<\/li>\n<li data-start=\"1025\" data-end=\"1202\">\n<p data-start=\"1027\" data-end=\"1202\"><strong data-start=\"1027\" data-end=\"1045\">Pranzo a bordo:<\/strong><br data-start=\"1045\" data-end=\"1048\" \/>Assaporate un delizioso pranzo preparato al momento sulla barca, accompagnato da bibite e acqua in bottiglia, mentre ammirate gli splendidi dintorni.<\/p>\n<\/li>\n<li data-start=\"1204\" data-end=\"1418\">\n<p data-start=\"1206\" data-end=\"1418\"><strong data-start=\"1206\" data-end=\"1233\">Incontri con la vita marina:<\/strong><br data-start=\"1233\" data-end=\"1236\" \/>Le isole ospitano dugonghi, delfini, razze e tartarughe embricate, che spesso si trovano a pascolare nelle praterie di fanerogame che le costeggiano.<\/p>\n<h5><img decoding=\"async\" class=\"emoji\" role=\"img\" draggable=\"false\" src=\"https:\/\/s.w.org\/images\/core\/emoji\/16.0.1\/svg\/1f4dd.svg\" alt=\"\ud83d\udcdd\" \/>\u00a0Valutazione<\/h5>\n<ul>\n<li><img decoding=\"async\" class=\"emoji\" role=\"img\" draggable=\"false\" src=\"https:\/\/s.w.org\/images\/core\/emoji\/16.0.1\/svg\/26a0.svg\" alt=\"\u26a0\ufe0f\" \/>\u00a0Prezzo stabilito da Marsa Alam. \u00c8 previsto un supplemento per il trasferimento da Hurghada<\/li>\n<\/ul>\n<h3 data-start=\"54\" data-end=\"78\">\ud83e\udd11 Prezzo dell'escursione<\/h3>\n<ul data-start=\"79\" data-end=\"219\">\n<li data-start=\"79\" data-end=\"126\">\n<p data-start=\"81\" data-end=\"126\">\ud83d\ude4e\ud83c\udffb\u200d\u2642\ufe0f Adulti (a partire da 12 anni): <strong data-start=\"117\" data-end=\"124\">65 \u20ac<\/strong><\/p>\n<\/li>\n<li data-start=\"127\" data-end=\"177\">\n<p data-start=\"129\" data-end=\"177\">\ud83e\uddcd\ud83c\udffb\u200d\u2640\ufe0f Bambini (fino a 12 anni): <strong data-start=\"168\" data-end=\"175\">40 \u20ac<\/strong><\/p>\n<\/li>\n<li data-start=\"178\" data-end=\"219\">\n<p data-start=\"180\" data-end=\"219\">\ud83d\udc7c\ud83c\udffc Bambini sotto i 5 anni: <strong data-start=\"209\" data-end=\"217\">Gratuito<\/strong><\/p>\n<\/li>\n<\/ul>\n<\/li>\n<\/ul>\n<h3 data-start=\"2198\" data-end=\"2225\"><strong data-start=\"2205\" data-end=\"2223\">Il pagamento in USD ($ \ud83c\uddfa\ud83c\uddf8) invece che in EUR (\u20ac \ud83c\uddea\ud83c\uddfa) \u00e8 disponibile in base al tasso di cambio bancario giornaliero.<\/strong><\/h3>\n<ul data-start=\"465\" data-end=\"1418\">\n<li data-start=\"1204\" data-end=\"1418\"><strong>Book Through WhatsApp:<\/strong><a href=\"https:\/\/wa.me\/201021058859\" target=\"_blank\" rel=\"noopener\"><img decoding=\"async\" class=\"alignnone wp-image-2058\" src=\"https:\/\/poehalisnamiegypt.com\/wp-content\/uploads\/2024\/02\/pngwing.com_-300x300.png\" sizes=\"auto, (max-width: 35px) 100vw, 35px\" srcset=\"https:\/\/poehalisnamiegypt.com\/wp-content\/uploads\/2024\/02\/pngwing.com_-300x300.png 300w, https:\/\/poehalisnamiegypt.com\/wp-content\/uploads\/2024\/02\/pngwing.com_-150x150.png 150w, https:\/\/poehalisnamiegypt.com\/wp-content\/uploads\/2024\/02\/pngwing.com_.png 584w\" alt=\"\" width=\"53\" height=\"53\" \/><\/a><\/li>\n<\/ul>\n<div id=\"gtx-trans\" style=\"position: absolute; left: 269px; top: 53.7125px;\">\n<div class=\"gtx-trans-icon\"><\/div>\n<\/div>\n<div id=\"gtx-trans\" style=\"position: absolute; left: 269px; top: 53.7125px;\">\n<div class=\"gtx-trans-icon\"><\/div>\n<\/div>","protected":false},"excerpt":{"rendered":"<p>\ud83c\udfdd\ufe0f Unforgettable Day Trip to the Hamata Islands Embark on an unforgettable day trip to the pristine Hamata Islands, located approximately 130 km south of Marsa Alam. This secluded paradise, part of the Wadi El Gemal National Park, is renowned for its untouched beauty, vibrant coral reefs, and diverse marine life. Often referred to as [&hellip;]<\/p>","protected":false},"featured_media":10779,"comment_status":"open","ping_status":"closed","template":"","meta":{"_monsterinsights_skip_tracking":false,"_monsterinsights_sitenote_active":false,"_monsterinsights_sitenote_note":"","_monsterinsights_sitenote_category":0},"product_brand":[],"product_cat":[66],"product_tag":[],"class_list":{"0":"post-10774","1":"product","2":"type-product","3":"status-publish","4":"has-post-thumbnail","6":"product_cat-marsa-alam","8":"first","9":"instock","10":"shipping-taxable","11":"purchasable","12":"product-type-ovabrw_car_rental"},"_links":{"self":[{"href":"https:\/\/redsea-dream-tours.com\/it\/wp-json\/wp\/v2\/product\/10774","targetHints":{"allow":["GET"]}}],"collection":[{"href":"https:\/\/redsea-dream-tours.com\/it\/wp-json\/wp\/v2\/product"}],"about":[{"href":"https:\/\/redsea-dream-tours.com\/it\/wp-json\/wp\/v2\/types\/product"}],"replies":[{"embeddable":true,"href":"https:\/\/redsea-dream-tours.com\/it\/wp-json\/wp\/v2\/comments?post=10774"}],"wp:featuredmedia":[{"embeddable":true,"href":"https:\/\/redsea-dream-tours.com\/it\/wp-json\/wp\/v2\/media\/10779"}],"wp:attachment":[{"href":"https:\/\/redsea-dream-tours.com\/it\/wp-json\/wp\/v2\/media?parent=10774"}],"wp:term":[{"taxonomy":"product_brand","embeddable":true,"href":"https:\/\/redsea-dream-tours.com\/it\/wp-json\/wp\/v2\/product_brand?post=10774"},{"taxonomy":"product_cat","embeddable":true,"href":"https:\/\/redsea-dream-tours.com\/it\/wp-json\/wp\/v2\/product_cat?post=10774"},{"taxonomy":"product_tag","embeddable":true,"href":"https:\/\/redsea-dream-tours.com\/it\/wp-json\/wp\/v2\/product_tag?post=10774"}],"curies":[{"name":"wp","href":"https:\/\/api.w.org\/{rel}","templated":true}]}}