{"id":10099,"date":"2025-09-08T11:02:07","date_gmt":"2025-09-08T11:02:07","guid":{"rendered":"https:\/\/redsea-dream-tours.com\/?post_type=product&#038;p=10099"},"modified":"2025-11-28T15:00:47","modified_gmt":"2025-11-28T15:00:47","slug":"gouna-karting-trip","status":"publish","type":"product","link":"https:\/\/redsea-dream-tours.com\/it\/prodotto\/gouna-karting-trip\/","title":{"rendered":"Gouna Karting: Divertimento ad alta velocit\u00e0 ed emozioni di gara"},"content":{"rendered":"<p data-start=\"110\" data-end=\"186\"><strong data-start=\"110\" data-end=\"184\">\ud83c\udfce\ufe0f Sentite il brivido con Gouna Karting - L'esperienza di gara definitiva!<\/strong><\/p>\n<p data-start=\"188\" data-end=\"449\">Siete pronti a soddisfare il vostro bisogno di velocit\u00e0? <strong data-start=\"226\" data-end=\"243\">Gouna Karting<\/strong> offre una delle attivit\u00e0 pi\u00f9 emozionanti in <strong data-start=\"291\" data-end=\"303\">El Gouna<\/strong>, dove l'avventura incontra l'adrenalina! Che siate principianti o corridori esperti, questa esperienza \u00e8 pensata per far emergere il campione che \u00e8 in voi.<\/p>\n<p data-start=\"451\" data-end=\"492\"><strong data-start=\"451\" data-end=\"490\">Cosa vi aspetta al Gouna Karting?<\/strong><\/p>\n<ul data-start=\"493\" data-end=\"907\">\n<li data-start=\"493\" data-end=\"618\">\n<p data-start=\"495\" data-end=\"618\"><strong data-start=\"495\" data-end=\"527\">Pista da corsa professionale \ud83c\udfc1<\/strong> - Uno dei circuiti di karting pi\u00f9 grandi e sicuri d'Egitto, perfetto per tutti i livelli di abilit\u00e0.<\/p>\n<\/li>\n<li data-start=\"619\" data-end=\"714\">\n<p data-start=\"621\" data-end=\"714\"><strong data-start=\"621\" data-end=\"647\">Go-Kart ad alta velocit\u00e0 \ud83d\udea6<\/strong> - Kart moderni e ben curati, costruiti per garantire emozioni e sicurezza.<\/p>\n<\/li>\n<li data-start=\"715\" data-end=\"795\">\n<p data-start=\"717\" data-end=\"795\"><strong data-start=\"717\" data-end=\"736\">La sicurezza prima di tutto \ud83e\uddba<\/strong> - Vengono forniti caschi, attrezzatura e istruzioni di sicurezza complete.<\/p>\n<\/li>\n<li data-start=\"796\" data-end=\"907\">\n<p data-start=\"798\" data-end=\"907\"><strong data-start=\"798\" data-end=\"826\">Sfida a tempo \u23f1\ufe0f<\/strong> - Gareggia contro i tuoi amici, la tua famiglia o altri corridori per ottenere il miglior tempo sul giro!<\/p>\n<\/li>\n<\/ul>\n<p data-start=\"909\" data-end=\"934\"><strong data-start=\"909\" data-end=\"932\">\ud83d\udd52 Punti salienti del viaggio:<\/strong><\/p>\n<ul data-start=\"935\" data-end=\"1223\">\n<li data-start=\"935\" data-end=\"987\">\n<p data-start=\"937\" data-end=\"987\">Posizione comoda nel cuore di El Gouna \ud83c\udf34.<\/p>\n<\/li>\n<li data-start=\"988\" data-end=\"1066\">\n<p data-start=\"990\" data-end=\"1066\">Adatto ad adulti e giovani corridori (con limiti di et\u00e0\/altezza) \ud83d\udc68\u200d\ud83d\udc69\u200d\ud83d\udc67\u200d\ud83d\udc66.<\/p>\n<\/li>\n<li data-start=\"1067\" data-end=\"1162\">\n<p data-start=\"1069\" data-end=\"1162\">Fasce orarie flessibili: godetevi l'avventura come avventura a s\u00e9 stante o aggiungetela alla vostra gita di un giorno a Gouna.<\/p>\n<\/li>\n<li data-start=\"1163\" data-end=\"1223\">\n<p data-start=\"1165\" data-end=\"1223\">Possibilit\u00e0 di catturare i vostri momenti con foto o video \ud83d\udcf8.<\/p>\n<\/li>\n<\/ul>\n<p data-start=\"1225\" data-end=\"1246\"><strong data-start=\"1225\" data-end=\"1244\">\ud83d\udcbc Perfetto per:<\/strong><\/p>\n<ul data-start=\"1247\" data-end=\"1394\">\n<li data-start=\"1247\" data-end=\"1298\">\n<p data-start=\"1249\" data-end=\"1298\">Famiglie in cerca di divertimento e azione \ud83d\udc68\u200d\ud83d\udc69\u200d\ud83d\udc67\u200d\ud83d\udc66<\/p>\n<\/li>\n<li data-start=\"1299\" data-end=\"1345\">\n<p data-start=\"1301\" data-end=\"1345\">Gruppi di amici pronti alla sfida \ud83c\udf89<\/p>\n<\/li>\n<li data-start=\"1346\" data-end=\"1394\">\n<p data-start=\"1348\" data-end=\"1394\">Team-building aziendale o eventi speciali \ud83c\udfc6<\/p>\n<\/li>\n<\/ul>\n<p data-start=\"1396\" data-end=\"1701\"><strong data-start=\"1396\" data-end=\"1428\">\ud83c\udf1f Perch\u00e9 scegliere Gouna Karting?<\/strong><br data-start=\"1428\" data-end=\"1431\" \/>Perch\u00e9 non \u00e8 solo un viaggio, \u00e8 una <strong data-start=\"1470\" data-end=\"1502\">avventura adrenalinica<\/strong>, combinando <strong data-start=\"1514\" data-end=\"1544\">velocit\u00e0, abilit\u00e0 e puro divertimento<\/strong>. Che siate alla ricerca del brivido della corsa o semplicemente di un'attivit\u00e0 unica a El Gouna, questa esperienza garantisce <strong data-start=\"1672\" data-end=\"1699\">ricordi indimenticabili!<\/strong><\/p>\n<h5><img decoding=\"async\" class=\"emoji\" role=\"img\" draggable=\"false\" src=\"https:\/\/s.w.org\/images\/core\/emoji\/16.0.1\/svg\/1f4dd.svg\" alt=\"\ud83d\udcdd\" \/>\u00a0Valutazione<\/h5>\n<ul>\n<li>Guida da 16 anni<\/li>\n<li>Sessione di 10min o 15min a scelta<\/li>\n<\/ul>\n<p><strong data-start=\"1253\" data-end=\"1276\">\ud83e\udd11 Prezzi delle attivit\u00e0:<\/strong><\/p>\n<table style=\"height: 97px;\" width=\"737\">\n<tbody>\n<tr>\n<td width=\"126\"><strong>\u00a0\u20ac\u00a0\u00a0\u00a0 35.00<\/strong><\/td>\n<td width=\"307\"><strong>Elgouna Karting 15 M<\/strong><\/td>\n<\/tr>\n<tr>\n<td><strong>\u00a0\u20ac\u00a0\u00a0\u00a0 30.00<\/strong><\/td>\n<td width=\"307\"><strong>Elgouna Karting 10 M<\/strong><\/td>\n<\/tr>\n<\/tbody>\n<\/table>\n<h3 data-start=\"2198\" data-end=\"2225\"><strong data-start=\"2205\" data-end=\"2223\">Il pagamento in USD ($ \ud83c\uddfa\ud83c\uddf8) invece che in EUR (\u20ac \ud83c\uddea\ud83c\uddfa) \u00e8 disponibile in base al tasso di cambio bancario giornaliero.<\/strong><\/h3>\n<p><strong>Book Through WhatsApp:<\/strong><\/p>\n<p><a href=\"https:\/\/wa.me\/201021058859\" target=\"_blank\" rel=\"noopener\">\u00a0<img decoding=\"async\" class=\"alignnone wp-image-2058\" src=\"https:\/\/poehalisnamiegypt.com\/wp-content\/uploads\/2024\/02\/pngwing.com_-300x300.png\" sizes=\"auto, (max-width: 35px) 100vw, 35px\" srcset=\"https:\/\/poehalisnamiegypt.com\/wp-content\/uploads\/2024\/02\/pngwing.com_-300x300.png 300w, https:\/\/poehalisnamiegypt.com\/wp-content\/uploads\/2024\/02\/pngwing.com_-150x150.png 150w, https:\/\/poehalisnamiegypt.com\/wp-content\/uploads\/2024\/02\/pngwing.com_.png 584w\" alt=\"\" width=\"53\" height=\"53\" \/><\/a><\/p>\n<p>&nbsp;<\/p>\n<div id=\"gtx-trans\" style=\"position: absolute; left: 158px; top: 1.2px;\">\n<div class=\"gtx-trans-icon\"><\/div>\n<\/div>","protected":false},"excerpt":{"rendered":"<p>\ud83c\udfce\ufe0f Feel the Rush with Gouna Karting \u2013 The Ultimate Racing Experience! Ready to satisfy your need for speed? Gouna Karting offers one of the most thrilling activities in El Gouna, where adventure meets adrenaline! Whether you\u2019re a beginner or a seasoned racer, this experience is designed to bring out the champion in you. \u2728 [&hellip;]<\/p>","protected":false},"featured_media":10103,"comment_status":"open","ping_status":"closed","template":"","meta":{"_monsterinsights_skip_tracking":false,"_monsterinsights_sitenote_active":false,"_monsterinsights_sitenote_note":"","_monsterinsights_sitenote_category":0},"product_brand":[],"product_cat":[64],"product_tag":[],"class_list":{"0":"post-10099","1":"product","2":"type-product","3":"status-publish","4":"has-post-thumbnail","6":"product_cat-entertaining","8":"first","9":"instock","10":"shipping-taxable","11":"purchasable","12":"product-type-ovabrw_car_rental"},"_links":{"self":[{"href":"https:\/\/redsea-dream-tours.com\/it\/wp-json\/wp\/v2\/product\/10099","targetHints":{"allow":["GET"]}}],"collection":[{"href":"https:\/\/redsea-dream-tours.com\/it\/wp-json\/wp\/v2\/product"}],"about":[{"href":"https:\/\/redsea-dream-tours.com\/it\/wp-json\/wp\/v2\/types\/product"}],"replies":[{"embeddable":true,"href":"https:\/\/redsea-dream-tours.com\/it\/wp-json\/wp\/v2\/comments?post=10099"}],"wp:featuredmedia":[{"embeddable":true,"href":"https:\/\/redsea-dream-tours.com\/it\/wp-json\/wp\/v2\/media\/10103"}],"wp:attachment":[{"href":"https:\/\/redsea-dream-tours.com\/it\/wp-json\/wp\/v2\/media?parent=10099"}],"wp:term":[{"taxonomy":"product_brand","embeddable":true,"href":"https:\/\/redsea-dream-tours.com\/it\/wp-json\/wp\/v2\/product_brand?post=10099"},{"taxonomy":"product_cat","embeddable":true,"href":"https:\/\/redsea-dream-tours.com\/it\/wp-json\/wp\/v2\/product_cat?post=10099"},{"taxonomy":"product_tag","embeddable":true,"href":"https:\/\/redsea-dream-tours.com\/it\/wp-json\/wp\/v2\/product_tag?post=10099"}],"curies":[{"name":"wp","href":"https:\/\/api.w.org\/{rel}","templated":true}]}}