{"id":9992,"date":"2025-09-08T09:15:51","date_gmt":"2025-09-08T09:15:51","guid":{"rendered":"https:\/\/redsea-dream-tours.com\/?post_type=product&#038;p=9992"},"modified":"2025-11-28T15:04:38","modified_gmt":"2025-11-28T15:04:38","slug":"panorama-wolf-trip","status":"publish","type":"product","link":"https:\/\/redsea-dream-tours.com\/fr\/produit\/panorama-wolf-trip\/","title":{"rendered":"Semi-sous-marin Sea Wolf : Vues sous-marines et divertissement"},"content":{"rendered":"<p data-start=\"78\" data-end=\"145\"><strong data-start=\"78\" data-end=\"143\">\ud83c\udf0a Plongez dans la magie de la mer Rouge - Aucune exp\u00e9rience n'est n\u00e9cessaire !<\/strong><\/p>\n<p data-start=\"147\" data-end=\"507\">Il n'est pas n\u00e9cessaire d'\u00eatre un nageur professionnel pour explorer l'\u00eele. <strong data-start=\"206\" data-end=\"234\">un monde sous-marin dynamique<\/strong> de la mer Rouge ! <strong data-start=\"251\" data-end=\"294\">Montez \u00e0 bord de notre semi-sous-marin moderne \ud83d\udea2<\/strong> \u00e0 Hurghada, con\u00e7u pour vous emmener jusqu'\u00e0 <strong data-start=\"335\" data-end=\"375\">4 m\u00e8tres (13 pieds) sous la surface<\/strong>o\u00f9 l'on peut s'\u00e9merveiller devant les <strong data-start=\"405\" data-end=\"474\">une vie marine color\u00e9e \ud83d\udc20, des r\u00e9cifs coralliens \ud83e\udeb8 et des eaux cristallines<\/strong> - tous <strong data-start=\"481\" data-end=\"505\">sans se mouiller !<\/strong><\/p>\n<p data-start=\"509\" data-end=\"551\"><strong data-start=\"509\" data-end=\"549\">\u2728 Qu'est-ce qui est inclus dans votre aventure ?<\/strong><\/p>\n<ul data-start=\"552\" data-end=\"927\">\n<li data-start=\"552\" data-end=\"627\">\n<p data-start=\"554\" data-end=\"627\"><strong data-start=\"554\" data-end=\"585\">Vues sous-marines panoramiques \ud83d\udc1f<\/strong> depuis le confort du semi-sous-marin.<\/p>\n<\/li>\n<li data-start=\"628\" data-end=\"704\">\n<p data-start=\"630\" data-end=\"704\"><strong data-start=\"630\" data-end=\"671\">S\u00e9ance de plong\u00e9e libre guid\u00e9e en option \ud83e\udd3f<\/strong> pour ceux qui veulent participer.<\/p>\n<\/li>\n<li data-start=\"705\" data-end=\"785\">\n<p data-start=\"707\" data-end=\"785\"><strong data-start=\"707\" data-end=\"744\">D\u00e9part le matin ou l'apr\u00e8s-midi \u23f0<\/strong> - choisissez le moment qui vous convient le mieux.<\/p>\n<\/li>\n<li data-start=\"786\" data-end=\"858\">\n<p data-start=\"788\" data-end=\"858\"><strong data-start=\"788\" data-end=\"825\">Tout l'\u00e9quipement de plong\u00e9e en apn\u00e9e est fourni \ud83e\uddf0<\/strong> - sans tracas et pr\u00eat \u00e0 l'emploi.<\/p>\n<\/li>\n<li data-start=\"859\" data-end=\"927\">\n<p data-start=\"861\" data-end=\"927\"><strong data-start=\"861\" data-end=\"894\">Transferts aller-retour \u00e0 l'h\u00f4tel \ud83d\ude90<\/strong> pour un voyage facile et sans encombre.<\/p>\n<\/li>\n<\/ul>\n<p data-start=\"929\" data-end=\"1172\">Que vous soyez une famille avec des enfants, un couple \u00e0 la recherche d'une journ\u00e9e amusante ou simplement curieux de conna\u00eetre la <strong data-start=\"1024\" data-end=\"1059\">Tr\u00e9sors cach\u00e9s de la mer Rouge<\/strong>, ce <strong data-start=\"1066\" data-end=\"1114\">Excursion semi-sous-marine de 3 heures au Panorama Sea Wolf<\/strong> est le m\u00e9lange parfait de <strong data-start=\"1139\" data-end=\"1169\">la d\u00e9tente et l'exploration<\/strong>!<\/p>\n<p data-start=\"41\" data-end=\"65\">\ud83e\udd11 <strong data-start=\"44\" data-end=\"63\">Prix de l'activit\u00e9 :<\/strong><\/p>\n<ul data-start=\"66\" data-end=\"137\" data-is-only-node=\"\">\n<li data-start=\"66\" data-end=\"81\">\n<p data-start=\"68\" data-end=\"81\">Adultes :      18 \u20ac<\/p>\n<\/li>\n<li data-start=\"82\" data-end=\"103\">\n<p data-start=\"84\" data-end=\"103\">De 5 \u00e0 11 ans : 10 euros<\/p>\n<\/li>\n<li data-start=\"104\" data-end=\"137\">\n<p data-start=\"106\" data-end=\"137\">Moins de 5 ans :     Gratuit<\/p>\n<\/li>\n<\/ul>\n<h3 data-start=\"2198\" data-end=\"2225\"><strong data-start=\"2205\" data-end=\"2223\">Le paiement en USD ($ \ud83c\uddfa\ud83c\uddf8) au lieu de l'EUR (\u20ac \ud83c\uddea\ud83c\uddfa) est possible en fonction du taux de change bancaire quotidien.<\/strong><\/h3>\n<p><strong>R\u00e9server par WhatsApp :<\/strong><\/p>\n<p><a href=\"https:\/\/api.whatsapp.com\/send\/?phone=01024021616\" target=\"_blank\" rel=\"noopener\">\u00a0<img decoding=\"async\" class=\"alignnone wp-image-2058\" src=\"https:\/\/poehalisnamiegypt.com\/wp-content\/uploads\/2024\/02\/pngwing.com_-300x300.png\" sizes=\"auto, (max-width: 35px) 100vw, 35px\" srcset=\"https:\/\/poehalisnamiegypt.com\/wp-content\/uploads\/2024\/02\/pngwing.com_-300x300.png 300w, https:\/\/poehalisnamiegypt.com\/wp-content\/uploads\/2024\/02\/pngwing.com_-150x150.png 150w, https:\/\/poehalisnamiegypt.com\/wp-content\/uploads\/2024\/02\/pngwing.com_.png 584w\" alt=\"\" width=\"53\" height=\"53\" \/><\/a><\/p>\n<div id=\"gtx-trans\" style=\"position: absolute; left: 223px; top: 47.8px;\">\n<div class=\"gtx-trans-icon\"><\/div>\n<\/div>\n<div id=\"gtx-trans\" style=\"position: absolute; left: 223px; top: 47.8px;\">\n<div class=\"gtx-trans-icon\"><\/div>\n<\/div>","protected":false},"excerpt":{"rendered":"<p>\ud83c\udf0a Dive into the Magic of the Red Sea \u2013 No Experience Needed! You don\u2019t need to be a professional swimmer to explore the vibrant underwater world of the Red Sea! Hop aboard our modern semi-submarine \ud83d\udea2 in Hurghada, designed to take you up to 13 feet (4 meters) below the surface, where you can [&hellip;]<\/p>","protected":false},"featured_media":9995,"comment_status":"open","ping_status":"closed","template":"","meta":{"_monsterinsights_skip_tracking":false,"_monsterinsights_sitenote_active":false,"_monsterinsights_sitenote_note":"","_monsterinsights_sitenote_category":0},"product_brand":[],"product_cat":[64],"product_tag":[],"class_list":{"0":"post-9992","1":"product","2":"type-product","3":"status-publish","4":"has-post-thumbnail","6":"product_cat-entertaining","8":"first","9":"instock","10":"shipping-taxable","11":"purchasable","12":"product-type-ovabrw_car_rental"},"_links":{"self":[{"href":"https:\/\/redsea-dream-tours.com\/fr\/wp-json\/wp\/v2\/product\/9992","targetHints":{"allow":["GET"]}}],"collection":[{"href":"https:\/\/redsea-dream-tours.com\/fr\/wp-json\/wp\/v2\/product"}],"about":[{"href":"https:\/\/redsea-dream-tours.com\/fr\/wp-json\/wp\/v2\/types\/product"}],"replies":[{"embeddable":true,"href":"https:\/\/redsea-dream-tours.com\/fr\/wp-json\/wp\/v2\/comments?post=9992"}],"wp:featuredmedia":[{"embeddable":true,"href":"https:\/\/redsea-dream-tours.com\/fr\/wp-json\/wp\/v2\/media\/9995"}],"wp:attachment":[{"href":"https:\/\/redsea-dream-tours.com\/fr\/wp-json\/wp\/v2\/media?parent=9992"}],"wp:term":[{"taxonomy":"product_brand","embeddable":true,"href":"https:\/\/redsea-dream-tours.com\/fr\/wp-json\/wp\/v2\/product_brand?post=9992"},{"taxonomy":"product_cat","embeddable":true,"href":"https:\/\/redsea-dream-tours.com\/fr\/wp-json\/wp\/v2\/product_cat?post=9992"},{"taxonomy":"product_tag","embeddable":true,"href":"https:\/\/redsea-dream-tours.com\/fr\/wp-json\/wp\/v2\/product_tag?post=9992"}],"curies":[{"name":"wp","href":"https:\/\/api.w.org\/{rel}","templated":true}]}}