{"id":9937,"date":"2025-09-08T07:40:23","date_gmt":"2025-09-08T07:40:23","guid":{"rendered":"https:\/\/redsea-dream-tours.com\/?post_type=product&#038;p=9937"},"modified":"2026-01-02T18:09:22","modified_gmt":"2026-01-02T18:09:22","slug":"hula-hula-trip","status":"publish","type":"product","link":"https:\/\/redsea-dream-tours.com\/fr\/produit\/hula-hula-trip\/","title":{"rendered":"L'\u00eele Hula Hula : Plong\u00e9e en apn\u00e9e, spectacles"},"content":{"rendered":"<h3 data-start=\"101\" data-end=\"177\"><strong data-start=\"105\" data-end=\"175\">\ud83c\udfd6 Excursion en mer sur l'\u00eele de Hula Hula - Plong\u00e9e en apn\u00e9e, danse et d\u00e9couverte du paradis !<\/strong><\/h3>\n<p data-start=\"179\" data-end=\"433\">\u00c9chappez \u00e0 l'ordinaire et mettez les voiles pour une <strong data-start=\"218\" data-end=\"267\">aventure d'une journ\u00e9e au large de Hurghada !<\/strong> Ce voyage unique \u00e0 <strong data-start=\"288\" data-end=\"308\">\u00cele Hula Hula<\/strong> m\u00e9langes <strong data-start=\"316\" data-end=\"394\">des sports nautiques passionnants, des spectacles culturels vibrants et des moments de d\u00e9tente sur la plage<\/strong>-Le tout en une exp\u00e9rience inoubliable.<\/p>\n<h4 data-start=\"435\" data-end=\"475\"><strong data-start=\"440\" data-end=\"473\">\ud83c\udf0a Les points forts de votre aventure :<\/strong><\/h4>\n<ul data-start=\"476\" data-end=\"1159\">\n<li data-start=\"476\" data-end=\"638\">\n<p data-start=\"478\" data-end=\"638\"><strong data-start=\"478\" data-end=\"509\">\ud83e\udd3f Extravagance de la plong\u00e9e en apn\u00e9e :<\/strong> Explorez le monde sous-marin envo\u00fbtant de la mer Rouge avec <strong data-start=\"571\" data-end=\"596\">\u00e9quipement de plong\u00e9e avec tuba fourni<\/strong>-Des poissons color\u00e9s et des coraux \u00e9clatants vous attendent !<\/p>\n<\/li>\n<li data-start=\"639\" data-end=\"767\">\n<p data-start=\"641\" data-end=\"767\"><strong data-start=\"641\" data-end=\"671\">\ud83c\udfc4\u200d\u2642\ufe0f Eau, plaisir et frissons :<\/strong> Sentez la mont\u00e9e d'adr\u00e9naline avec <strong data-start=\"702\" data-end=\"723\">promenades en bateau banane<\/strong> et profiter de l'amusant parc aquatique flottant.<\/p>\n<\/li>\n<li data-start=\"768\" data-end=\"922\">\n<p data-start=\"770\" data-end=\"922\"><strong data-start=\"770\" data-end=\"800\">\ud83d\udc83 Divertissement culturel :<\/strong> Laissez-vous envo\u00fbter par <strong data-start=\"818\" data-end=\"867\">danse du ventre et spectacles folkloriques traditionnels<\/strong>, La culture \u00e9gyptienne prend vie au bord de la mer.<\/p>\n<\/li>\n<li data-start=\"923\" data-end=\"1047\">\n<p data-start=\"925\" data-end=\"1047\"><strong data-start=\"925\" data-end=\"956\">\ud83c\udf74 D\u00e9jeuner d\u00e9licieux \u00e0 bord :<\/strong> Savourer un <strong data-start=\"966\" data-end=\"991\">repas fra\u00eechement pr\u00e9par\u00e9<\/strong> avec des boissons rafra\u00eechissantes incluses tout au long de votre voyage.<\/p>\n<\/li>\n<li data-start=\"1048\" data-end=\"1159\">\n<p data-start=\"1050\" data-end=\"1159\"><strong data-start=\"1050\" data-end=\"1079\">\ud83d\ude90 Transferts sans probl\u00e8me :<\/strong> Se d\u00e9tendre avec <strong data-start=\"1091\" data-end=\"1131\">transport climatis\u00e9 aller-retour<\/strong> de votre h\u00f4tel \u00e0 Hurghada.<\/p>\n<\/li>\n<\/ul>\n<h4 data-start=\"1161\" data-end=\"1195\"><strong data-start=\"1166\" data-end=\"1193\">\u2728 Pourquoi choisir ce voyage ?<\/strong><\/h4>\n<ul data-start=\"1196\" data-end=\"1460\">\n<li data-start=\"1196\" data-end=\"1274\">\n<p data-start=\"1198\" data-end=\"1274\">Combinaisons <strong data-start=\"1207\" data-end=\"1271\">d\u00e9tente, aventure et culture en une seule journ\u00e9e d'excursion<\/strong>.<\/p>\n<\/li>\n<li data-start=\"1275\" data-end=\"1362\">\n<p data-start=\"1277\" data-end=\"1362\">Parfait pour les familles, les couples et les amis \u00e0 la recherche d'un lieu de d\u00e9tente. <strong data-start=\"1330\" data-end=\"1359\">Une journ\u00e9e au soleil pour s'amuser<\/strong>.<\/p>\n<\/li>\n<li data-start=\"1363\" data-end=\"1460\">\n<p data-start=\"1365\" data-end=\"1460\">Toute la logistique, l'\u00e9quipement et les repas sont inclus.<strong data-start=\"1414\" data-end=\"1458\">Apportez votre maillot de bain et votre sourire !<\/strong><\/p>\n<\/li>\n<\/ul>\n<p data-start=\"1462\" data-end=\"1542\"><strong data-start=\"1462\" data-end=\"1540\">Mettez le cap sur l'\u00eele de Hula Hula et cr\u00e9ez des souvenirs inoubliables !<\/strong><\/p>\n<h3 data-start=\"2198\" data-end=\"2225\"><strong data-start=\"2205\" data-end=\"2223\">\ud83e\udd11 Prix de l'excursion<\/strong><\/h3>\n<p data-start=\"2228\" data-end=\"2260\"><strong data-start=\"2233\" data-end=\"2258\">\u00a0 \u00a0<img decoding=\"async\" class=\"emoji\" role=\"img\" draggable=\"false\" src=\"https:\/\/s.w.org\/images\/core\/emoji\/16.0.1\/svg\/1f64e-1f3fb-200d-2642-fe0f.svg\" alt=\"\ud83d\ude4e\ud83c\udffb\u200d\u2642\ufe0f\" \/> 11 ans et plus 30 euros<\/strong><\/p>\n<p data-start=\"2228\" data-end=\"2260\"><strong data-start=\"2263\" data-end=\"2280\">\u00a0 \u00a0<img decoding=\"async\" class=\"emoji\" role=\"img\" draggable=\"false\" src=\"https:\/\/s.w.org\/images\/core\/emoji\/16.0.1\/svg\/1f9cd-1f3fb-200d-2640-fe0f.svg\" alt=\"\ud83e\uddcd\ud83c\udffb\u200d\u2640\ufe0f\" \/> 6\/10 ans 15 \u20ac<\/strong><\/p>\n<p data-start=\"2228\" data-end=\"2260\"><strong data-start=\"2327\" data-end=\"2355\">\u00a0 \u00a0<img decoding=\"async\" class=\"emoji\" role=\"img\" draggable=\"false\" src=\"https:\/\/s.w.org\/images\/core\/emoji\/16.0.1\/svg\/1f47c-1f3fc.svg\" alt=\"\ud83d\udc7c\ud83c\udffc\" \/> -6 ans Gratuit<\/strong><\/p>\n<h3 data-start=\"2198\" data-end=\"2225\"><strong data-start=\"2205\" data-end=\"2223\">Le paiement en USD ($ \ud83c\uddfa\ud83c\uddf8) au lieu de l'EUR (\u20ac \ud83c\uddea\ud83c\uddfa) est possible en fonction du taux de change bancaire quotidien.<\/strong><\/h3>\n<p><strong>R\u00e9server par WhatsApp :<\/strong><\/p>\n<p><a href=\"https:\/\/api.whatsapp.com\/send\/?phone=01021058859\" target=\"_blank\" rel=\"noopener\">\u00a0<img decoding=\"async\" class=\"alignnone wp-image-2058\" src=\"https:\/\/poehalisnamiegypt.com\/wp-content\/uploads\/2024\/02\/pngwing.com_-300x300.png\" sizes=\"auto, (max-width: 35px) 100vw, 35px\" srcset=\"https:\/\/poehalisnamiegypt.com\/wp-content\/uploads\/2024\/02\/pngwing.com_-300x300.png 300w, https:\/\/poehalisnamiegypt.com\/wp-content\/uploads\/2024\/02\/pngwing.com_-150x150.png 150w, https:\/\/poehalisnamiegypt.com\/wp-content\/uploads\/2024\/02\/pngwing.com_.png 584w\" alt=\"\" width=\"53\" height=\"53\" \/><\/a><\/p>","protected":false},"excerpt":{"rendered":"<p>\ud83c\udfd6 Hula Hula Island Sea Trip \u2013 Snorkel, Dance &amp; Discover Paradise! Escape the ordinary and set sail for a full-day adventure off the coast of Hurghada! This unique trip to Hula Hula Island blends thrilling water sports, vibrant cultural shows, and relaxing beach moments\u2014all in one unforgettable experience. \ud83c\udf0a Your Adventure Highlights: \ud83e\udd3f Snorkeling [&hellip;]<\/p>","protected":false},"featured_media":9939,"comment_status":"open","ping_status":"closed","template":"","meta":{"_monsterinsights_skip_tracking":false,"_monsterinsights_sitenote_active":false,"_monsterinsights_sitenote_note":"","_monsterinsights_sitenote_category":0},"product_brand":[],"product_cat":[68],"product_tag":[],"class_list":{"0":"post-9937","1":"product","2":"type-product","3":"status-publish","4":"has-post-thumbnail","6":"product_cat-sea","8":"first","9":"instock","10":"shipping-taxable","11":"purchasable","12":"product-type-ovabrw_car_rental"},"_links":{"self":[{"href":"https:\/\/redsea-dream-tours.com\/fr\/wp-json\/wp\/v2\/product\/9937","targetHints":{"allow":["GET"]}}],"collection":[{"href":"https:\/\/redsea-dream-tours.com\/fr\/wp-json\/wp\/v2\/product"}],"about":[{"href":"https:\/\/redsea-dream-tours.com\/fr\/wp-json\/wp\/v2\/types\/product"}],"replies":[{"embeddable":true,"href":"https:\/\/redsea-dream-tours.com\/fr\/wp-json\/wp\/v2\/comments?post=9937"}],"wp:featuredmedia":[{"embeddable":true,"href":"https:\/\/redsea-dream-tours.com\/fr\/wp-json\/wp\/v2\/media\/9939"}],"wp:attachment":[{"href":"https:\/\/redsea-dream-tours.com\/fr\/wp-json\/wp\/v2\/media?parent=9937"}],"wp:term":[{"taxonomy":"product_brand","embeddable":true,"href":"https:\/\/redsea-dream-tours.com\/fr\/wp-json\/wp\/v2\/product_brand?post=9937"},{"taxonomy":"product_cat","embeddable":true,"href":"https:\/\/redsea-dream-tours.com\/fr\/wp-json\/wp\/v2\/product_cat?post=9937"},{"taxonomy":"product_tag","embeddable":true,"href":"https:\/\/redsea-dream-tours.com\/fr\/wp-json\/wp\/v2\/product_tag?post=9937"}],"curies":[{"name":"wp","href":"https:\/\/api.w.org\/{rel}","templated":true}]}}