{"id":9925,"date":"2025-09-08T07:28:16","date_gmt":"2025-09-08T07:28:16","guid":{"rendered":"https:\/\/redsea-dream-tours.com\/?post_type=product&#038;p=9925"},"modified":"2026-01-02T18:07:03","modified_gmt":"2026-01-02T18:07:03","slug":"orange-bay-trip","status":"publish","type":"product","link":"https:\/\/redsea-dream-tours.com\/fr\/produit\/orange-bay-trip\/","title":{"rendered":"Baie d'Orange : Plong\u00e9e en apn\u00e9e, d\u00e9tente sur la plage"},"content":{"rendered":"<h3 data-start=\"98\" data-end=\"163\"><strong data-start=\"102\" data-end=\"161\">\ud83c\udfdd Orange Bay Island Adventure - Snorkel, Relax &amp; Play !<\/strong><\/h3>\n<p data-start=\"165\" data-end=\"431\">D\u00e9couvrez la beaut\u00e9 \u00e9poustouflante de <strong data-start=\"197\" data-end=\"211\">Baie d'Orange<\/strong>Le site est nich\u00e9 au c\u0153ur de la fameuse <strong data-start=\"235\" data-end=\"253\">Giftun (\u00celes)<\/strong>Le plus beau cadeau de l'ann\u00e9e, c'est une journ\u00e9e de sports nautiques tout compris au d\u00e9part d'Hurghada ! Cette escapade inoubliable combine <strong data-start=\"351\" data-end=\"429\">d\u00e9tente, aventure et amusement dans les eaux cristallines de la mer Rouge.<\/strong><\/p>\n<h4 data-start=\"433\" data-end=\"475\"><strong data-start=\"438\" data-end=\"473\">\ud83c\udf0a Que comprend votre journ\u00e9e ?<\/strong><\/h4>\n<ul data-start=\"476\" data-end=\"1100\">\n<li data-start=\"476\" data-end=\"607\">\n<p data-start=\"478\" data-end=\"607\"><strong data-start=\"478\" data-end=\"507\">\ud83d\ude90 Transport sans souci :<\/strong> Appr\u00e9ciez <strong data-start=\"514\" data-end=\"554\">les transferts aller-retour climatis\u00e9s<\/strong> de votre h\u00f4tel, ce qui vous permet de rester au frais et \u00e0 l'aise.<\/p>\n<\/li>\n<li data-start=\"608\" data-end=\"751\">\n<p data-start=\"610\" data-end=\"751\"><strong data-start=\"610\" data-end=\"637\">\ud83e\udd3f Le paradis de la plong\u00e9e avec tuba :<\/strong> Plongez sous les vagues avec <strong data-start=\"666\" data-end=\"691\">\u00e9quipement de plong\u00e9e avec tuba fourni<\/strong> et explorer les r\u00e9cifs coralliens vibrants et la vie marine color\u00e9e.<\/p>\n<\/li>\n<li data-start=\"752\" data-end=\"864\">\n<p data-start=\"754\" data-end=\"864\"><strong data-start=\"754\" data-end=\"779\">\ud83c\udf34 D\u00e9tente sur l'\u00eele :<\/strong> D\u00e9tendez-vous sur le sable doux de la baie d'Orange avec votre propre <strong data-start=\"833\" data-end=\"861\">parasol et espace ombrag\u00e9<\/strong>.<\/p>\n<\/li>\n<li data-start=\"865\" data-end=\"987\">\n<p data-start=\"867\" data-end=\"987\"><strong data-start=\"867\" data-end=\"890\">\ud83c\udf7d D\u00e9jeuner d\u00e9licieux :<\/strong> \u00c9viter le stress de l'emballage des aliments...<strong data-start=\"923\" data-end=\"962\">un repas fra\u00eechement pr\u00e9par\u00e9 est inclus<\/strong> pour vous donner de l'\u00e9nergie.<\/p>\n<\/li>\n<li data-start=\"988\" data-end=\"1100\">\n<p data-start=\"990\" data-end=\"1100\"><strong data-start=\"990\" data-end=\"1016\">\ud83c\udf4c Banana Boat Thrill :<\/strong> Sentez l'adr\u00e9naline en fon\u00e7ant sur les vagues \u00e0 bord d'un <strong data-start=\"1066\" data-end=\"1097\">une promenade amusante en bateau banane<\/strong>!<\/p>\n<\/li>\n<\/ul>\n<h4 data-start=\"1102\" data-end=\"1137\"><strong data-start=\"1107\" data-end=\"1135\">\u2728 Pourquoi choisir Orange Bay ?<\/strong><\/h4>\n<ul data-start=\"1138\" data-end=\"1365\">\n<li data-start=\"1138\" data-end=\"1232\">\n<p data-start=\"1140\" data-end=\"1232\">Parfait pour les familles, les couples et les groupes \u00e0 la recherche d'un h\u00e9bergement de qualit\u00e9. <strong data-start=\"1192\" data-end=\"1229\">un m\u00e9lange d'aventure et de d\u00e9tente<\/strong>.<\/p>\n<\/li>\n<li data-start=\"1233\" data-end=\"1309\">\n<p data-start=\"1235\" data-end=\"1309\">Faites l'exp\u00e9rience de l'une des <strong data-start=\"1257\" data-end=\"1306\">Les plus belles r\u00e9serves marines de la mer Rouge<\/strong>.<\/p>\n<\/li>\n<li data-start=\"1310\" data-end=\"1365\">\n<p data-start=\"1312\" data-end=\"1365\">Une journ\u00e9e enti\u00e8re de soleil, de mer et de souvenirs inoubliables !<\/p>\n<\/li>\n<\/ul>\n<p data-start=\"1367\" data-end=\"1466\"><strong data-start=\"1367\" data-end=\"1464\">R\u00e9servez votre aventure sur l'\u00eele d'Orange Bay et vivez des moments magiques au c\u0153ur de la mer Rouge !<\/strong><\/p>\n<h3 data-start=\"2198\" data-end=\"2225\"><strong data-start=\"2205\" data-end=\"2223\">\ud83e\udd11 Prix de l'excursion<\/strong><\/h3>\n<p data-start=\"2228\" data-end=\"2260\"><strong data-start=\"2233\" data-end=\"2258\">\u00a0 \u00a0<img decoding=\"async\" class=\"emoji\" role=\"img\" draggable=\"false\" src=\"https:\/\/s.w.org\/images\/core\/emoji\/16.0.1\/svg\/1f64e-1f3fb-200d-2642-fe0f.svg\" alt=\"\ud83d\ude4e\ud83c\udffb\u200d\u2642\ufe0f\" \/> 10 ans et plus 30 \u20ac<\/strong><\/p>\n<p data-start=\"2228\" data-end=\"2260\"><strong data-start=\"2263\" data-end=\"2280\">\u00a0 \u00a0<img decoding=\"async\" class=\"emoji\" role=\"img\" draggable=\"false\" src=\"https:\/\/s.w.org\/images\/core\/emoji\/16.0.1\/svg\/1f9cd-1f3fb-200d-2640-fe0f.svg\" alt=\"\ud83e\uddcd\ud83c\udffb\u200d\u2640\ufe0f\" \/> 6\/9 ans 15 \u20ac<\/strong><\/p>\n<p data-start=\"2228\" data-end=\"2260\"><strong data-start=\"2327\" data-end=\"2355\">\u00a0 \u00a0<img decoding=\"async\" class=\"emoji\" role=\"img\" draggable=\"false\" src=\"https:\/\/s.w.org\/images\/core\/emoji\/16.0.1\/svg\/1f47c-1f3fc.svg\" alt=\"\ud83d\udc7c\ud83c\udffc\" \/> -6 ans Gratuit<\/strong><\/p>\n<h3 data-start=\"2198\" data-end=\"2225\"><strong data-start=\"2205\" data-end=\"2223\">Le paiement en USD ($ \ud83c\uddfa\ud83c\uddf8) au lieu de l'EUR (\u20ac \ud83c\uddea\ud83c\uddfa) est possible en fonction du taux de change bancaire quotidien.<\/strong><\/h3>\n<p><strong>R\u00e9server par WhatsApp :<\/strong><\/p>\n<p><a href=\"https:\/\/api.whatsapp.com\/send\/?phone=01021058859\" target=\"_blank\" rel=\"noopener\">\u00a0<img decoding=\"async\" class=\"alignnone wp-image-2058\" src=\"https:\/\/poehalisnamiegypt.com\/wp-content\/uploads\/2024\/02\/pngwing.com_-300x300.png\" sizes=\"auto, (max-width: 35px) 100vw, 35px\" srcset=\"https:\/\/poehalisnamiegypt.com\/wp-content\/uploads\/2024\/02\/pngwing.com_-300x300.png 300w, https:\/\/poehalisnamiegypt.com\/wp-content\/uploads\/2024\/02\/pngwing.com_-150x150.png 150w, https:\/\/poehalisnamiegypt.com\/wp-content\/uploads\/2024\/02\/pngwing.com_.png 584w\" alt=\"\" width=\"53\" height=\"53\" \/><\/a><\/p>\n<div id=\"gtx-trans\" style=\"position: absolute; left: 55px; top: 3.9125px;\">\n<div class=\"gtx-trans-icon\"><\/div>\n<\/div>\n<div id=\"gtx-trans\" style=\"position: absolute; left: 55px; top: 3.9125px;\">\n<div class=\"gtx-trans-icon\"><\/div>\n<\/div>","protected":false},"excerpt":{"rendered":"<p>\ud83c\udfdd Orange Bay Island Adventure \u2013 Snorkel, Relax &amp; Play! Discover the stunning beauty of Orange Bay, nestled in the famous Giftun Islands, with this all-inclusive water sports day trip from Hurghada! This unforgettable escape combines relaxation, adventure, and fun in the crystal-clear waters of the Red Sea. \ud83c\udf0a What\u2019s Included in Your Day? \ud83d\ude90 [&hellip;]<\/p>","protected":false},"featured_media":9928,"comment_status":"open","ping_status":"closed","template":"","meta":{"_monsterinsights_skip_tracking":false,"_monsterinsights_sitenote_active":false,"_monsterinsights_sitenote_note":"","_monsterinsights_sitenote_category":0},"product_brand":[],"product_cat":[68],"product_tag":[],"class_list":{"0":"post-9925","1":"product","2":"type-product","3":"status-publish","4":"has-post-thumbnail","6":"product_cat-sea","8":"first","9":"instock","10":"shipping-taxable","11":"purchasable","12":"product-type-ovabrw_car_rental"},"_links":{"self":[{"href":"https:\/\/redsea-dream-tours.com\/fr\/wp-json\/wp\/v2\/product\/9925","targetHints":{"allow":["GET"]}}],"collection":[{"href":"https:\/\/redsea-dream-tours.com\/fr\/wp-json\/wp\/v2\/product"}],"about":[{"href":"https:\/\/redsea-dream-tours.com\/fr\/wp-json\/wp\/v2\/types\/product"}],"replies":[{"embeddable":true,"href":"https:\/\/redsea-dream-tours.com\/fr\/wp-json\/wp\/v2\/comments?post=9925"}],"wp:featuredmedia":[{"embeddable":true,"href":"https:\/\/redsea-dream-tours.com\/fr\/wp-json\/wp\/v2\/media\/9928"}],"wp:attachment":[{"href":"https:\/\/redsea-dream-tours.com\/fr\/wp-json\/wp\/v2\/media?parent=9925"}],"wp:term":[{"taxonomy":"product_brand","embeddable":true,"href":"https:\/\/redsea-dream-tours.com\/fr\/wp-json\/wp\/v2\/product_brand?post=9925"},{"taxonomy":"product_cat","embeddable":true,"href":"https:\/\/redsea-dream-tours.com\/fr\/wp-json\/wp\/v2\/product_cat?post=9925"},{"taxonomy":"product_tag","embeddable":true,"href":"https:\/\/redsea-dream-tours.com\/fr\/wp-json\/wp\/v2\/product_tag?post=9925"}],"curies":[{"name":"wp","href":"https:\/\/api.w.org\/{rel}","templated":true}]}}