{"id":9917,"date":"2025-09-08T07:17:16","date_gmt":"2025-09-08T07:17:16","guid":{"rendered":"https:\/\/redsea-dream-tours.com\/?post_type=product&#038;p=9917"},"modified":"2025-11-28T15:09:53","modified_gmt":"2025-11-28T15:09:53","slug":"private-boat-trip","status":"publish","type":"product","link":"https:\/\/redsea-dream-tours.com\/fr\/produit\/private-boat-trip\/","title":{"rendered":"Bateau priv\u00e9 de la mer Rouge : Plong\u00e9e en apn\u00e9e, dauphins et d\u00e9tente"},"content":{"rendered":"<h3 data-start=\"75\" data-end=\"152\"><strong data-start=\"79\" data-end=\"152\">\ud83d\udea4 Aventure priv\u00e9e en bateau sur la mer Rouge - Explorer, nager et se d\u00e9tendre \u00e0 Hurghada<\/strong><\/h3>\n<p data-start=\"154\" data-end=\"374\">\u00c9chappez \u00e0 l'agitation des plages surpeupl\u00e9es d'Hurghada et embarquez pour un voyage \u00e0 la d\u00e9couverte de l'Afrique. <strong data-start=\"229\" data-end=\"282\">voyage en bateau priv\u00e9 sur l'\u00e9tonnante mer Rouge !<\/strong> Ce voyage exclusif promet la tranquillit\u00e9, des vues \u00e0 couper le souffle et des souvenirs inoubliables.<\/p>\n<h4 data-start=\"376\" data-end=\"406\"><strong data-start=\"381\" data-end=\"404\">\ud83c\udf0a Qu'est-ce qui vous attend ?<\/strong><\/h4>\n<ul data-start=\"407\" data-end=\"1092\">\n<li data-start=\"407\" data-end=\"556\">\n<p data-start=\"409\" data-end=\"556\"><strong data-start=\"409\" data-end=\"436\">\ud83d\udc20 Paradis de la plong\u00e9e en apn\u00e9e :<\/strong> Plongez dans des eaux cristallines avec <strong data-start=\"473\" data-end=\"503\">mat\u00e9riel de plong\u00e9e libre gratuit<\/strong> et d\u00e9couvrez des r\u00e9cifs coralliens color\u00e9s et des poissons exotiques.<\/p>\n<\/li>\n<li data-start=\"557\" data-end=\"685\">\n<p data-start=\"559\" data-end=\"685\"><strong data-start=\"559\" data-end=\"583\">\ud83d\udc2c Observation des dauphins :<\/strong> Soyez attentifs aux dauphins qui nagent \u00e0 c\u00f4t\u00e9 de votre bateau : c'est un spectacle magique que vous n'oublierez pas !<\/p>\n<\/li>\n<li data-start=\"686\" data-end=\"810\">\n<p data-start=\"688\" data-end=\"810\"><strong data-start=\"688\" data-end=\"710\">\u2600\ufe0f Soleil et s\u00e9r\u00e9nit\u00e9 :<\/strong> D\u00e9tendez-vous sur la terrasse spacieuse, prenez un bain de soleil sous le chaud soleil \u00e9gyptien et sentez la douce brise marine.<\/p>\n<\/li>\n<li data-start=\"811\" data-end=\"934\">\n<p data-start=\"813\" data-end=\"934\"><strong data-start=\"813\" data-end=\"841\">\ud83e\udd64 Rafra\u00eechissements \u00e0 bord :<\/strong> Profitez d'une vari\u00e9t\u00e9 de <strong data-start=\"861\" data-end=\"887\">collations et boissons non alcoolis\u00e9es<\/strong>Vous pourrez ainsi vous rafra\u00eechir tout au long de votre voyage.<\/p>\n<\/li>\n<li data-start=\"935\" data-end=\"1092\">\n<p data-start=\"937\" data-end=\"1092\"><strong data-start=\"937\" data-end=\"970\">\ud83d\udc68\u200d\u2708\ufe0f Priv\u00e9 et personnalis\u00e9 :<\/strong> Avec un charter priv\u00e9, vous b\u00e9n\u00e9ficiez d'une exp\u00e9rience enti\u00e8rement personnalis\u00e9e, que vous souhaitiez nager, vous d\u00e9tendre ou explorer des joyaux cach\u00e9s.<\/p>\n<\/li>\n<\/ul>\n<h4 data-start=\"1094\" data-end=\"1134\"><strong data-start=\"1099\" data-end=\"1132\">\u2728 Pourquoi choisir cette exp\u00e9rience ?<\/strong><\/h4>\n<ul data-start=\"1135\" data-end=\"1364\">\n<li data-start=\"1135\" data-end=\"1200\">\n<p data-start=\"1137\" data-end=\"1200\">\u00c9vitez les lieux touristiques bond\u00e9s et profitez d'une <strong data-start=\"1178\" data-end=\"1197\">\u00e9vasion intime<\/strong>.<\/p>\n<\/li>\n<li data-start=\"1201\" data-end=\"1280\">\n<p data-start=\"1203\" data-end=\"1280\">Parfait pour les couples, les familles ou les amis \u00e0 la recherche d'une exp\u00e9rience unique. <strong data-start=\"1255\" data-end=\"1277\">journ\u00e9e sp\u00e9ciale en mer<\/strong>.<\/p>\n<\/li>\n<li data-start=\"1281\" data-end=\"1364\">\n<p data-start=\"1283\" data-end=\"1364\">Des dur\u00e9es flexibles pour s'adapter \u00e0 vos plans - de quelques heures \u00e0 une aventure d'une journ\u00e9e enti\u00e8re.<\/p>\n<\/li>\n<\/ul>\n<p data-start=\"1366\" data-end=\"1456\"><strong data-start=\"1366\" data-end=\"1454\">Mettez les voiles pour une journ\u00e9e de pur bonheur, d'aventure et de vues inoubliables sur la mer Rouge !<\/strong><\/p>\n<h3 data-start=\"2198\" data-end=\"2225\"><strong data-start=\"2205\" data-end=\"2223\">\ud83e\udd11 Prix de l'excursion\u00a0 \u00a0 \u00a0 <\/strong><\/h3>\n<h3 data-start=\"2198\" data-end=\"2225\"><strong data-start=\"2205\" data-end=\"2223\">\u00a0 .\u00a0 \u00a0 \u00a0 \u00a0 \u00a0 \u00a0 990 \u20ac\u00a0<\/strong><\/h3>\n<h3 data-start=\"2198\" data-end=\"2225\"><strong data-start=\"2205\" data-end=\"2223\">Le paiement en USD ($ \ud83c\uddfa\ud83c\uddf8) au lieu de l'EUR (\u20ac \ud83c\uddea\ud83c\uddfa) est possible en fonction du taux de change bancaire quotidien.<\/strong><\/h3>\n<p><strong>R\u00e9server par WhatsApp :<\/strong><\/p>\n<p><a href=\"https:\/\/api.whatsapp.com\/send\/?phone=01021058859\" target=\"_blank\" rel=\"noopener\">\u00a0<img decoding=\"async\" class=\"alignnone wp-image-2058\" src=\"https:\/\/poehalisnamiegypt.com\/wp-content\/uploads\/2024\/02\/pngwing.com_-300x300.png\" sizes=\"auto, (max-width: 35px) 100vw, 35px\" srcset=\"https:\/\/poehalisnamiegypt.com\/wp-content\/uploads\/2024\/02\/pngwing.com_-300x300.png 300w, https:\/\/poehalisnamiegypt.com\/wp-content\/uploads\/2024\/02\/pngwing.com_-150x150.png 150w, https:\/\/poehalisnamiegypt.com\/wp-content\/uploads\/2024\/02\/pngwing.com_.png 584w\" alt=\"\" width=\"53\" height=\"53\" \/><\/a><\/p>\n<p data-start=\"1366\" data-end=\"1456\">\n<div id=\"gtx-trans\" style=\"position: absolute; left: 204px; top: 3.9125px;\">\n<div class=\"gtx-trans-icon\"><\/div>\n<\/div>\n<div id=\"gtx-trans\" style=\"position: absolute; left: 204px; top: 3.9125px;\">\n<div class=\"gtx-trans-icon\"><\/div>\n<\/div>","protected":false},"excerpt":{"rendered":"<p>\ud83d\udea4 Private Red Sea Boat Adventure \u2013 Explore, Swim &amp; Relax in Hurghada Escape the hustle and bustle of Hurghada\u2019s crowded beaches and embark on a private boat journey across the stunning Red Sea! This exclusive trip promises tranquility, breathtaking views, and unforgettable memories. \ud83c\udf0a What Awaits You? \ud83d\udc20 Snorkeling Paradise: Dive into crystal-clear waters [&hellip;]<\/p>","protected":false},"featured_media":9922,"comment_status":"open","ping_status":"closed","template":"","meta":{"_monsterinsights_skip_tracking":false,"_monsterinsights_sitenote_active":false,"_monsterinsights_sitenote_note":"","_monsterinsights_sitenote_category":0},"product_brand":[],"product_cat":[68],"product_tag":[],"class_list":{"0":"post-9917","1":"product","2":"type-product","3":"status-publish","4":"has-post-thumbnail","6":"product_cat-sea","8":"first","9":"instock","10":"shipping-taxable","11":"purchasable","12":"product-type-ovabrw_car_rental"},"_links":{"self":[{"href":"https:\/\/redsea-dream-tours.com\/fr\/wp-json\/wp\/v2\/product\/9917","targetHints":{"allow":["GET"]}}],"collection":[{"href":"https:\/\/redsea-dream-tours.com\/fr\/wp-json\/wp\/v2\/product"}],"about":[{"href":"https:\/\/redsea-dream-tours.com\/fr\/wp-json\/wp\/v2\/types\/product"}],"replies":[{"embeddable":true,"href":"https:\/\/redsea-dream-tours.com\/fr\/wp-json\/wp\/v2\/comments?post=9917"}],"wp:featuredmedia":[{"embeddable":true,"href":"https:\/\/redsea-dream-tours.com\/fr\/wp-json\/wp\/v2\/media\/9922"}],"wp:attachment":[{"href":"https:\/\/redsea-dream-tours.com\/fr\/wp-json\/wp\/v2\/media?parent=9917"}],"wp:term":[{"taxonomy":"product_brand","embeddable":true,"href":"https:\/\/redsea-dream-tours.com\/fr\/wp-json\/wp\/v2\/product_brand?post=9917"},{"taxonomy":"product_cat","embeddable":true,"href":"https:\/\/redsea-dream-tours.com\/fr\/wp-json\/wp\/v2\/product_cat?post=9917"},{"taxonomy":"product_tag","embeddable":true,"href":"https:\/\/redsea-dream-tours.com\/fr\/wp-json\/wp\/v2\/product_tag?post=9917"}],"curies":[{"name":"wp","href":"https:\/\/api.w.org\/{rel}","templated":true}]}}