{"id":9899,"date":"2025-09-07T11:41:00","date_gmt":"2025-09-07T11:41:00","guid":{"rendered":"https:\/\/redsea-dream-tours.com\/?post_type=product&#038;p=9899"},"modified":"2025-11-28T15:11:49","modified_gmt":"2025-11-28T15:11:49","slug":"cairo-vip-8-pax-trip","status":"publish","type":"product","link":"https:\/\/redsea-dream-tours.com\/fr\/produit\/cairo-vip-8-pax-trip\/","title":{"rendered":"Visite VIP du Caire : Luxe priv\u00e9 pour 8 personnes"},"content":{"rendered":"<h3 data-start=\"167\" data-end=\"234\"><strong data-start=\"174\" data-end=\"232\">\u00a0Visite VIP du Caire - Voyage pour 8 personnes maximum<\/strong><\/h3>\n<p data-start=\"236\" data-end=\"535\">Plongez au c\u0153ur de l'histoire avec notre <strong data-start=\"276\" data-end=\"304\">Visite VIP exclusive du Caire<\/strong>, La salle de r\u00e9union est con\u00e7ue pour des groupes priv\u00e9s jusqu'\u00e0 <strong data-start=\"343\" data-end=\"359\">8 passagers<\/strong>. voyage de luxe <strong data-start=\"393\" data-end=\"467\">, un guide priv\u00e9 et un itin\u00e9raire personnalis\u00e9<\/strong> pour d\u00e9couvrir les tr\u00e9sors l\u00e9gendaires du Caire dans un confort in\u00e9gal\u00e9.<\/p>\n<hr data-start=\"537\" data-end=\"540\" \/>\n<h3 data-start=\"493\" data-end=\"529\">\ud83d\udde3\ufe0f <strong data-start=\"501\" data-end=\"527\">Nous parlons votre langue<\/strong><\/h3>\n<ul data-start=\"530\" data-end=\"594\">\n<li>Polonais<\/li>\n<li>Fran\u00e7ais<\/li>\n<li>Anglais<\/li>\n<li>Allemand<\/li>\n<li>Portugais<\/li>\n<li>Espagnol<\/li>\n<li>...et plus encore !<\/li>\n<\/ul>\n<p data-start=\"596\" data-end=\"678\">D'o\u00f9 que vous veniez, nous assurons une communication fluide et une touche personnalis\u00e9e.<\/p>\n<hr data-start=\"537\" data-end=\"540\" \/>\n<h3 data-start=\"542\" data-end=\"591\">\ud83c\udf05 <strong data-start=\"549\" data-end=\"589\">Prise en charge exclusive\u00a0<\/strong><\/h3>\n<ul data-start=\"592\" data-end=\"825\">\n<li data-start=\"592\" data-end=\"717\">\n<p data-start=\"594\" data-end=\"717\"><strong data-start=\"594\" data-end=\"613\">Prise en charge priv\u00e9e<\/strong> \ud83d\ude90 : Commencez votre aventure par un transfert confortable et climatis\u00e9 .<\/p>\n<\/li>\n<li data-start=\"718\" data-end=\"825\">\n<p data-start=\"720\" data-end=\"825\"><strong data-start=\"720\" data-end=\"745\">Assistance acc\u00e9l\u00e9r\u00e9e<\/strong> \ud83d\udeeb : Notre \u00e9quipe VIP vous assure un enregistrement en douceur pour votre vol int\u00e9rieur \u00e0 destination du Caire.<\/p>\n<\/li>\n<\/ul>\n<hr data-start=\"827\" data-end=\"830\" \/>\n<h3 data-start=\"832\" data-end=\"874\">\ud83c\udfdb\ufe0f <strong data-start=\"840\" data-end=\"872\">Pyramides de Gizeh et Grand Sphinx<\/strong><\/h3>\n<ul data-start=\"875\" data-end=\"1142\">\n<li data-start=\"875\" data-end=\"970\">\n<p data-start=\"877\" data-end=\"970\">T\u00e9moin de l'embl\u00e9matique <strong data-start=\"896\" data-end=\"916\">Pyramides de Gizeh<\/strong>, l'un des <strong data-start=\"929\" data-end=\"967\">Les sept merveilles du monde antique<\/strong>.<\/p>\n<\/li>\n<li data-start=\"971\" data-end=\"1045\">\n<p data-start=\"973\" data-end=\"1045\">Explorer le <strong data-start=\"985\" data-end=\"1001\">Grand Sphinx<\/strong> \ud83e\udd81, le gardien mythique du plateau.<\/p>\n<\/li>\n<li data-start=\"1046\" data-end=\"1142\">\n<p data-start=\"1048\" data-end=\"1142\">En option : Entrez dans l'une des anciennes pyramides pour en explorer les chambres (billet suppl\u00e9mentaire requis).<\/p>\n<\/li>\n<\/ul>\n<hr data-start=\"1144\" data-end=\"1147\" \/>\n<h3 data-start=\"1149\" data-end=\"1192\">\ud83c\udffa <strong data-start=\"1156\" data-end=\"1190\">Mus\u00e9e \u00e9gyptien des antiquit\u00e9s<\/strong><\/h3>\n<ul data-start=\"1193\" data-end=\"1466\">\n<li data-start=\"1193\" data-end=\"1370\">\n<p data-start=\"1195\" data-end=\"1370\">Traversez des si\u00e8cles d'histoire en visitant le c\u00e9l\u00e8bre mus\u00e9e de la ville de Paris. <strong data-start=\"1249\" data-end=\"1268\">Mus\u00e9e \u00e9gyptien<\/strong>, La Commission europ\u00e9enne a mis en place un programme de formation \u00e0 l'intention de ses membres, qui accueille plus de <strong data-start=\"1288\" data-end=\"1309\">120 000 objets<\/strong>, Le Mus\u00e9e de l'histoire de l'Europe est un lieu de p\u00e8lerinage o\u00f9 l'on peut admirer les tr\u00e9sors de Tout\u00e2nkhamon et les momies royales.<\/p>\n<\/li>\n<li data-start=\"1371\" data-end=\"1466\">\n<p data-start=\"1373\" data-end=\"1466\">Profitez d'un <strong data-start=\"1381\" data-end=\"1411\">guide \u00e9gyptologue priv\u00e9<\/strong> qui adaptera la visite aux int\u00e9r\u00eats de votre groupe.<\/p>\n<\/li>\n<\/ul>\n<hr data-start=\"1468\" data-end=\"1471\" \/>\n<h3 data-start=\"1473\" data-end=\"1506\">\ud83c\udf74 <strong data-start=\"1480\" data-end=\"1504\">D\u00e9jeuner VIP<\/strong><\/h3>\n<ul data-start=\"1507\" data-end=\"1671\">\n<li data-start=\"1507\" data-end=\"1591\">\n<p data-start=\"1509\" data-end=\"1591\">Savourez un <strong data-start=\"1517\" data-end=\"1534\">d\u00e9jeuner gastronomique<\/strong> \ud83c\udf7d\ufe0f .<\/p>\n<\/li>\n<li data-start=\"1592\" data-end=\"1671\">\n<p data-start=\"1594\" data-end=\"1671\">Go\u00fbtez \u00e0 l'authentique cuisine \u00e9gyptienne avec un service de qualit\u00e9 dans un cadre d\u00e9contract\u00e9.<\/p>\n<\/li>\n<\/ul>\n<hr data-start=\"1673\" data-end=\"1676\" \/>\n<h3 data-start=\"1678\" data-end=\"1727\">\ud83d\udecd\ufe0f <strong data-start=\"1686\" data-end=\"1725\">Shopping exclusif et arr\u00eats culturels<\/strong><\/h3>\n<ul data-start=\"1728\" data-end=\"1887\">\n<li data-start=\"1728\" data-end=\"1822\">\n<p data-start=\"1730\" data-end=\"1822\">Visite s\u00e9lectionn\u00e9e <strong data-start=\"1745\" data-end=\"1798\">bazars, instituts de papyrus ou galeries de parfums<\/strong> \ud83d\udecd\ufe0f \u00e0 votre rythme.<\/p>\n<\/li>\n<li data-start=\"1823\" data-end=\"1887\">\n<p data-start=\"1825\" data-end=\"1887\">B\u00e9n\u00e9ficiez de recommandations personnalis\u00e9es et faites vos achats en toute tranquillit\u00e9.<\/p>\n<\/li>\n<\/ul>\n<hr data-start=\"2076\" data-end=\"2079\" \/>\n<h3 data-start=\"2081\" data-end=\"2127\"><strong data-start=\"2085\" data-end=\"2125\">Pourquoi choisir la visite VIP du Caire pour 8 personnes ?<\/strong><\/h3>\n<ul data-start=\"2128\" data-end=\"2396\">\n<li data-start=\"2191\" data-end=\"2240\">\n<p data-start=\"2193\" data-end=\"2240\">\ud83c\udfdb\ufe0f Visites guid\u00e9es des sites embl\u00e9matiques du Caire<\/p>\n<\/li>\n<li data-start=\"2241\" data-end=\"2282\">\n<p data-start=\"2243\" data-end=\"2282\">\ud83c\udf74 exp\u00e9rience gastronomique incluse<\/p>\n<\/li>\n<li data-start=\"2283\" data-end=\"2346\">\n<p data-start=\"2285\" data-end=\"2346\">\ud83e\uddd1\u200d\ud83e\udd1d\u200d\ud83e\uddd1 Parfait pour les familles, les amis ou les groupes d'entreprises<\/p>\n<\/li>\n<li data-start=\"2347\" data-end=\"2396\">\n<p data-start=\"2349\" data-end=\"2396\">\ud83d\udecd\ufe0f Shopping personnalis\u00e9 et horaires flexibles<\/p>\n<\/li>\n<li data-start=\"2347\" data-end=\"2396\">\ud83d\udea4 Et le meilleur : le voyage comprend une croisi\u00e8re inoubliable sur le Nil !<\/li>\n<\/ul>\n<hr data-start=\"2076\" data-end=\"2079\" \/>\n<h3 data-start=\"2198\" data-end=\"2225\"><strong data-start=\"2205\" data-end=\"2223\">\ud83e\udd11 Prix de l'excursion<\/strong><\/h3>\n<ul data-start=\"2226\" data-end=\"2413\">\n<li data-start=\"2226\" data-end=\"2260\">\n<p data-start=\"2228\" data-end=\"2260\"><strong data-start=\"2233\" data-end=\"2258\"><img decoding=\"async\" class=\"emoji\" role=\"img\" draggable=\"false\" src=\"https:\/\/s.w.org\/images\/core\/emoji\/16.0.1\/svg\/1f64e-1f3fb-200d-2642-fe0f.svg\" alt=\"\ud83d\ude4e\ud83c\udffb\u200d\u2642\ufe0f\" \/> 12 ans et plus 80 euros<\/strong><\/p>\n<\/li>\n<li data-start=\"2261\" data-end=\"2309\">\n<p data-start=\"2263\" data-end=\"2309\"><strong data-start=\"2263\" data-end=\"2280\"><img decoding=\"async\" class=\"emoji\" role=\"img\" draggable=\"false\" src=\"https:\/\/s.w.org\/images\/core\/emoji\/16.0.1\/svg\/1f9cd-1f3fb-200d-2640-fe0f.svg\" alt=\"\ud83e\uddcd\ud83c\udffb\u200d\u2640\ufe0f\" \/> 6\/11 ans 40 \u20ac<\/strong><\/p>\n<\/li>\n<li data-start=\"2310\" data-end=\"2357\">\n<p data-start=\"2312\" data-end=\"2357\"><strong data-start=\"2327\" data-end=\"2355\"><img decoding=\"async\" class=\"emoji\" role=\"img\" draggable=\"false\" src=\"https:\/\/s.w.org\/images\/core\/emoji\/16.0.1\/svg\/1f47c-1f3fc.svg\" alt=\"\ud83d\udc7c\ud83c\udffc\" \/> - 6 ans 20 \u20ac<\/strong><\/p>\n<\/li>\n<\/ul>\n<h3 data-start=\"2198\" data-end=\"2225\"><strong data-start=\"2205\" data-end=\"2223\">Le paiement en USD ($ \ud83c\uddfa\ud83c\uddf8) au lieu de l'EUR (\u20ac \ud83c\uddea\ud83c\uddfa) est possible en fonction du taux de change bancaire quotidien.<\/strong><\/h3>\n<p><strong>R\u00e9server par WhatsApp :<\/strong><\/p>\n<p><a href=\"https:\/\/api.whatsapp.com\/send\/?phone=01021058859\" target=\"_blank\" rel=\"noopener\">\u00a0<img decoding=\"async\" class=\"alignnone wp-image-2058\" src=\"https:\/\/poehalisnamiegypt.com\/wp-content\/uploads\/2024\/02\/pngwing.com_-300x300.png\" sizes=\"auto, (max-width: 35px) 100vw, 35px\" srcset=\"https:\/\/poehalisnamiegypt.com\/wp-content\/uploads\/2024\/02\/pngwing.com_-300x300.png 300w, https:\/\/poehalisnamiegypt.com\/wp-content\/uploads\/2024\/02\/pngwing.com_-150x150.png 150w, https:\/\/poehalisnamiegypt.com\/wp-content\/uploads\/2024\/02\/pngwing.com_.png 584w\" alt=\"\" width=\"53\" height=\"53\" \/><\/a><\/p>\n<div id=\"gtx-trans\" style=\"position: absolute; left: 232px; top: 3.375px;\">\n<div class=\"gtx-trans-icon\"><\/div>\n<\/div>\n<div id=\"gtx-trans\" style=\"position: absolute; left: 232px; top: 3.375px;\">\n<div class=\"gtx-trans-icon\"><\/div>\n<\/div>","protected":false},"excerpt":{"rendered":"<p>\u00a0Cairo VIP Tour \u2013 Trip for Up to 8 Guests Step into the heart of history with our exclusive Cairo VIP Tour, designed for private groups of up to 8 passengers. luxurious journey , private guidance, and a personalized itinerary to explore the legendary treasures of Cairo in unmatched comfort. \ud83d\udde3\ufe0f We Speak Your Language [&hellip;]<\/p>","protected":false},"featured_media":9904,"comment_status":"open","ping_status":"closed","template":"","meta":{"_monsterinsights_skip_tracking":false,"_monsterinsights_sitenote_active":false,"_monsterinsights_sitenote_note":"","_monsterinsights_sitenote_category":0},"product_brand":[],"product_cat":[63],"product_tag":[],"class_list":{"0":"post-9899","1":"product","2":"type-product","3":"status-publish","4":"has-post-thumbnail","6":"product_cat-cairo","8":"first","9":"instock","10":"shipping-taxable","11":"purchasable","12":"product-type-ovabrw_car_rental"},"_links":{"self":[{"href":"https:\/\/redsea-dream-tours.com\/fr\/wp-json\/wp\/v2\/product\/9899","targetHints":{"allow":["GET"]}}],"collection":[{"href":"https:\/\/redsea-dream-tours.com\/fr\/wp-json\/wp\/v2\/product"}],"about":[{"href":"https:\/\/redsea-dream-tours.com\/fr\/wp-json\/wp\/v2\/types\/product"}],"replies":[{"embeddable":true,"href":"https:\/\/redsea-dream-tours.com\/fr\/wp-json\/wp\/v2\/comments?post=9899"}],"wp:featuredmedia":[{"embeddable":true,"href":"https:\/\/redsea-dream-tours.com\/fr\/wp-json\/wp\/v2\/media\/9904"}],"wp:attachment":[{"href":"https:\/\/redsea-dream-tours.com\/fr\/wp-json\/wp\/v2\/media?parent=9899"}],"wp:term":[{"taxonomy":"product_brand","embeddable":true,"href":"https:\/\/redsea-dream-tours.com\/fr\/wp-json\/wp\/v2\/product_brand?post=9899"},{"taxonomy":"product_cat","embeddable":true,"href":"https:\/\/redsea-dream-tours.com\/fr\/wp-json\/wp\/v2\/product_cat?post=9899"},{"taxonomy":"product_tag","embeddable":true,"href":"https:\/\/redsea-dream-tours.com\/fr\/wp-json\/wp\/v2\/product_tag?post=9899"}],"curies":[{"name":"wp","href":"https:\/\/api.w.org\/{rel}","templated":true}]}}