{"id":9895,"date":"2025-09-07T11:31:51","date_gmt":"2025-09-07T11:31:51","guid":{"rendered":"https:\/\/redsea-dream-tours.com\/?post_type=product&#038;p=9895"},"modified":"2025-11-28T15:12:08","modified_gmt":"2025-11-28T15:12:08","slug":"cairo-plane-2-pax-trip","status":"publish","type":"product","link":"https:\/\/redsea-dream-tours.com\/fr\/produit\/cairo-plane-2-pax-trip\/","title":{"rendered":"Visite du Caire en avion : Luxe priv\u00e9 pour deux"},"content":{"rendered":"<h3 data-start=\"245\" data-end=\"308\">\u2708\ufe0f <strong data-start=\"252\" data-end=\"306\">Voyage en avion au Caire - Exp\u00e9rience priv\u00e9e pour 2 personnes<\/strong><\/h3>\n<p data-start=\"310\" data-end=\"605\">D\u00e9couvrez les tr\u00e9sors du Caire avec un <strong data-start=\"349\" data-end=\"381\">voyage luxueux en avion priv\u00e9<\/strong>, Le syst\u00e8me d'information sur la sant\u00e9 est parfaitement con\u00e7u pour deux personnes qui accordent de l'importance \u00e0 la sant\u00e9 et \u00e0 la s\u00e9curit\u00e9. <strong data-start=\"427\" data-end=\"472\">le confort, l'exclusivit\u00e9 et l'efficacit\u00e9<\/strong>. Oubliez le long trajet en bus et survolez le paysage \u00e9gyptien, en vous offrant une exp\u00e9rience unique. <strong data-start=\"545\" data-end=\"602\">plus de temps pour explorer les merveilles du monde antique<\/strong>.<\/p>\n<hr data-start=\"607\" data-end=\"610\" \/>\n<h3 data-start=\"493\" data-end=\"529\">\ud83d\udde3\ufe0f <strong data-start=\"501\" data-end=\"527\">Nous parlons votre langue<\/strong><\/h3>\n<ul data-start=\"530\" data-end=\"594\">\n<li>Polonais<\/li>\n<li>Fran\u00e7ais<\/li>\n<li>Anglais<\/li>\n<li>Allemand<\/li>\n<li>Portugais<\/li>\n<li>Espagnol<\/li>\n<li>...et plus encore !<\/li>\n<\/ul>\n<p data-start=\"596\" data-end=\"678\">D'o\u00f9 que vous veniez, nous assurons une communication fluide et une touche personnalis\u00e9e.<\/p>\n<hr data-start=\"607\" data-end=\"610\" \/>\n<h3 data-start=\"612\" data-end=\"661\">\ud83c\udf05 <strong data-start=\"619\" data-end=\"659\">Prise en charge exclusive et transfert \u00e0 l'a\u00e9roport<\/strong><\/h3>\n<ul data-start=\"662\" data-end=\"912\">\n<li data-start=\"662\" data-end=\"781\">\n<p data-start=\"664\" data-end=\"781\"><strong data-start=\"664\" data-end=\"683\">Prise en charge priv\u00e9e<\/strong> \ud83d\ude90 : Commencez votre journ\u00e9e par un transfert confortable et climatis\u00e9 de votre h\u00f4tel \u00e0 l'a\u00e9roport.<\/p>\n<\/li>\n<li data-start=\"782\" data-end=\"912\">\n<p data-start=\"784\" data-end=\"912\"><strong data-start=\"784\" data-end=\"822\">Assistance aux formalit\u00e9s de vol<\/strong> \ud83d\udeeb : Notre \u00e9quipe vous assure un enregistrement sans faille pour votre vol int\u00e9rieur \u00e0 destination du Caire.<\/p>\n<\/li>\n<\/ul>\n<hr data-start=\"914\" data-end=\"917\" \/>\n<h3 data-start=\"919\" data-end=\"961\">\ud83c\udfdb\ufe0f <strong data-start=\"927\" data-end=\"959\">Pyramides de Gizeh et Grand Sphinx<\/strong><\/h3>\n<ul data-start=\"962\" data-end=\"1211\">\n<li data-start=\"962\" data-end=\"1065\">\n<p data-start=\"964\" data-end=\"1065\">Se tenir devant le l\u00e9gendaire <strong data-start=\"991\" data-end=\"1011\">Pyramides de Gizeh<\/strong>, l'un des <strong data-start=\"1024\" data-end=\"1062\">Les sept merveilles du monde antique<\/strong>.<\/p>\n<\/li>\n<li data-start=\"1066\" data-end=\"1132\">\n<p data-start=\"1068\" data-end=\"1132\">Admirez la <strong data-start=\"1079\" data-end=\"1095\">Grand Sphinx<\/strong> \ud83e\udd81, un symbole de myst\u00e8re et de puissance.<\/p>\n<\/li>\n<li data-start=\"1133\" data-end=\"1211\">\n<p data-start=\"1135\" data-end=\"1211\">En option : Entrez dans l'une des anciennes pyramides (billet suppl\u00e9mentaire requis).<\/p>\n<\/li>\n<\/ul>\n<hr data-start=\"1213\" data-end=\"1216\" \/>\n<h3 data-start=\"1218\" data-end=\"1261\">\ud83c\udffa <strong data-start=\"1225\" data-end=\"1259\">Mus\u00e9e \u00e9gyptien des antiquit\u00e9s<\/strong><\/h3>\n<ul data-start=\"1262\" data-end=\"1488\">\n<li data-start=\"1262\" data-end=\"1378\">\n<p data-start=\"1264\" data-end=\"1378\">Explorez les collections du mus\u00e9e <strong data-start=\"1285\" data-end=\"1313\">Les tr\u00e9sors de Tout\u00e2nkhamon<\/strong>, des momies royales, et plus d'un million d'euros. <strong data-start=\"1344\" data-end=\"1375\">120 000 objets inestimables<\/strong>.<\/p>\n<\/li>\n<li data-start=\"1379\" data-end=\"1488\">\n<p data-start=\"1381\" data-end=\"1488\">Votre guide \u00e9gyptologue priv\u00e9 vous racontera des histoires captivantes sur les anciens pharaons et leur h\u00e9ritage.<\/p>\n<\/li>\n<\/ul>\n<hr data-start=\"1490\" data-end=\"1493\" \/>\n<h3 data-start=\"1495\" data-end=\"1528\">\ud83c\udf74 <strong data-start=\"1502\" data-end=\"1526\">D\u00e9jeuner VIP<\/strong><\/h3>\n<ul data-start=\"1529\" data-end=\"1650\">\n<li data-start=\"1529\" data-end=\"1650\">\n<p data-start=\"1531\" data-end=\"1650\">Profitez d'un <strong data-start=\"1539\" data-end=\"1565\">d\u00e9jeuner gastronomique \u00e9gyptien<\/strong> \ud83c\udf7d\ufe0f , offrant une atmosph\u00e8re sereine et des saveurs authentiques.<\/p>\n<\/li>\n<\/ul>\n<hr data-start=\"1652\" data-end=\"1655\" \/>\n<h3 data-start=\"1657\" data-end=\"1704\">\ud83d\udecd\ufe0f <strong data-start=\"1665\" data-end=\"1702\">Shopping priv\u00e9 et arr\u00eats culturels<\/strong><\/h3>\n<ul data-start=\"1705\" data-end=\"1825\">\n<li data-start=\"1705\" data-end=\"1825\">\n<p data-start=\"1707\" data-end=\"1825\">Promenade dans un <strong data-start=\"1724\" data-end=\"1765\">bazar traditionnel ou galerie de papyrus<\/strong> \ud83d\udecd\ufe0f \u00e0 votre rythme, en vous laissant guider dans les boutiques authentiques s\u00e9lectionn\u00e9es.<\/p>\n<\/li>\n<\/ul>\n<hr data-start=\"1827\" data-end=\"1830\" \/>\n<h3 data-start=\"1832\" data-end=\"1868\">\ud83c\udf07 <strong data-start=\"1839\" data-end=\"1866\">Voyage aller-retour en avion<\/strong><\/h3>\n<ul data-start=\"1869\" data-end=\"2013\">\n<li data-start=\"1869\" data-end=\"1949\">\n<p data-start=\"1871\" data-end=\"1949\">Apr\u00e8s une journ\u00e9e compl\u00e8te d'exploration, retour \u00e0 l'a\u00e9roport pour votre vol de retour.<\/p>\n<\/li>\n<li data-start=\"1950\" data-end=\"2013\">\n<p data-start=\"1952\" data-end=\"2013\"><strong data-start=\"1952\" data-end=\"1972\">Transfert priv\u00e9<\/strong> \ud83d\ude90 vous attend pour vous accompagner \u00e0 votre h\u00f4tel.<\/p>\n<\/li>\n<\/ul>\n<hr data-start=\"2015\" data-end=\"2018\" \/>\n<h3 data-start=\"2020\" data-end=\"2068\"><strong data-start=\"2024\" data-end=\"2066\">Pourquoi choisir le voyage en avion pour 2 au Caire ?<\/strong><\/h3>\n<ul data-start=\"2069\" data-end=\"2369\">\n<li data-start=\"2069\" data-end=\"2134\">\n<p data-start=\"2071\" data-end=\"2134\">\u2708\ufe0f <strong data-start=\"2074\" data-end=\"2102\">Voyage rapide et pratique<\/strong> - Optimisez votre temps au Caire<\/p>\n<\/li>\n<li data-start=\"2135\" data-end=\"2195\">\n<p data-start=\"2137\" data-end=\"2195\">\ud83c\udfdb\ufe0f Visite guid\u00e9e priv\u00e9e des sites les plus embl\u00e9matiques d'\u00c9gypte<\/p>\n<\/li>\n<li data-start=\"2196\" data-end=\"2248\">\n<p data-start=\"2198\" data-end=\"2248\">\ud83c\udf74 <strong data-start=\"2201\" data-end=\"2230\">Une exp\u00e9rience gastronomique de premier ordre<\/strong><\/p>\n<\/li>\n<li data-start=\"2249\" data-end=\"2316\">\n<p data-start=\"2251\" data-end=\"2316\">\ud83e\uddd1\u200d\ud83e\udd1d\u200d\ud83e\uddd1 Parfait pour les couples, les lunes de miel ou les voyageurs de luxe.<\/p>\n<\/li>\n<li data-start=\"2317\" data-end=\"2369\">\n<p data-start=\"2319\" data-end=\"2369\">\ud83d\udecd\ufe0f Arr\u00eats shopping personnalis\u00e9s et itin\u00e9raire flexible<\/p>\n<\/li>\n<li>\ud83d\udea4 Et le meilleur : le voyage comprend une croisi\u00e8re inoubliable sur le Nil !<\/li>\n<\/ul>\n<article class=\"text-token-text-primary w-full focus:outline-none scroll-mt-(--header-height)\" dir=\"auto\" tabindex=\"-1\" data-turn-id=\"307d3d07-6d21-424c-bca4-db7c002607fb\" data-testid=\"conversation-turn-13\" data-scroll-anchor=\"false\" data-turn=\"user\">\n<div class=\"text-base my-auto mx-auto pt-12 [--thread-content-margin:--spacing(4)] thread-sm:[--thread-content-margin:--spacing(6)] thread-lg:[--thread-content-margin:--spacing(16)] px-(--thread-content-margin)\">\n<div class=\"[--thread-content-max-width:40rem] thread-lg:[--thread-content-max-width:48rem] mx-auto max-w-(--thread-content-max-width) flex-1 group\/turn-messages focus-visible:outline-hidden relative flex w-full min-w-0 flex-col\" tabindex=\"-1\">\n<div class=\"flex max-w-full flex-col grow\"><\/div>\n<\/div>\n<\/div>\n<\/article>\n<hr data-start=\"2015\" data-end=\"2018\" \/>\n<article class=\"text-token-text-primary w-full focus:outline-none scroll-mt-(--header-height)\" dir=\"auto\" tabindex=\"-1\" data-turn-id=\"307d3d07-6d21-424c-bca4-db7c002607fb\" data-testid=\"conversation-turn-13\" data-scroll-anchor=\"false\" data-turn=\"user\">\n<div class=\"text-base my-auto mx-auto pt-12 [--thread-content-margin:--spacing(4)] thread-sm:[--thread-content-margin:--spacing(6)] thread-lg:[--thread-content-margin:--spacing(16)] px-(--thread-content-margin)\">\n<div class=\"[--thread-content-max-width:40rem] thread-lg:[--thread-content-max-width:48rem] mx-auto max-w-(--thread-content-max-width) flex-1 group\/turn-messages focus-visible:outline-hidden relative flex w-full min-w-0 flex-col\" tabindex=\"-1\">\n<div class=\"flex max-w-full flex-col grow\">\n<div class=\"min-h-8 text-message relative flex w-full flex-col items-end gap-2 text-start break-words whitespace-normal [.text-message+&amp;]:mt-5\" dir=\"auto\" data-message-author-role=\"user\" data-message-id=\"307d3d07-6d21-424c-bca4-db7c002607fb\">\n<div class=\"flex w-full flex-col gap-1 empty:hidden items-end rtl:items-start\">\n<div class=\"user-message-bubble-color relative rounded-[18px] px-4 py-1.5 data-[multiline]:py-3 max-w-[var(--user-chat-width,70%)]\">\n<div>\n<article class=\"text-token-text-primary w-full focus:outline-none scroll-mt-(--header-height)\" dir=\"auto\" tabindex=\"-1\" data-turn-id=\"307d3d07-6d21-424c-bca4-db7c002607fb\" data-testid=\"conversation-turn-13\" data-scroll-anchor=\"false\" data-turn=\"user\">\n<div class=\"text-base my-auto mx-auto pt-12 [--thread-content-margin:--spacing(4)] thread-sm:[--thread-content-margin:--spacing(6)] thread-lg:[--thread-content-margin:--spacing(16)] px-(--thread-content-margin)\">\n<div class=\"[--thread-content-max-width:40rem] thread-lg:[--thread-content-max-width:48rem] mx-auto max-w-(--thread-content-max-width) flex-1 group\/turn-messages focus-visible:outline-hidden relative flex w-full min-w-0 flex-col\" tabindex=\"-1\">\n<div><strong data-start=\"56\" data-end=\"76\">\u26a0\ufe0f\u201dNote importante\u201d<\/strong><\/div>\n<\/div>\n<\/div>\n<\/article>\n<div><strong data-start=\"56\" data-end=\"76\">\u201cCe voyage n'est pas remboursable, quelles que soient les circonstances (maladie, voyage ou non-pr\u00e9sentation).\u201d<\/strong><\/div>\n<\/div>\n<div class=\"whitespace-pre-wrap\"><strong data-start=\"927\" data-end=\"959\">Prix de l'excursion<\/strong><\/div>\n<\/div>\n<\/div>\n<\/div>\n<\/div>\n<div class=\"flex justify-end\">\ud83d\ude4e\ud83c\udffb\u200d\u2642\ufe0f 12 ans et plus 240 \u20ac<\/div>\n<div><strong><img decoding=\"async\" class=\"emoji\" role=\"img\" draggable=\"false\" src=\"https:\/\/s.w.org\/images\/core\/emoji\/16.0.1\/svg\/1f9cd-1f3fb-200d-2640-fe0f.svg\" alt=\"\ud83e\uddcd\ud83c\udffb\u200d\u2640\ufe0f\" \/><\/strong>\u00a0 2\/11 ans 180 \u20ac<\/div>\n<div><strong><img decoding=\"async\" class=\"emoji\" role=\"img\" draggable=\"false\" src=\"https:\/\/s.w.org\/images\/core\/emoji\/16.0.1\/svg\/1f47c-1f3fc.svg\" alt=\"\ud83d\udc7c\ud83c\udffc\" \/><\/strong> \u00a0 -2 ans 40 \u20ac<\/div>\n<\/div>\n<\/div>\n<\/article>\n<div>\n<h3 data-start=\"2198\" data-end=\"2225\"><strong data-start=\"2205\" data-end=\"2223\">Le paiement en USD ($ \ud83c\uddfa\ud83c\uddf8) au lieu de l'EUR (\u20ac \ud83c\uddea\ud83c\uddfa) est possible en fonction du taux de change bancaire quotidien.<\/strong><\/h3>\n<\/div>\n<article class=\"text-token-text-primary w-full focus:outline-none scroll-mt-(--header-height)\" dir=\"auto\" tabindex=\"-1\" data-turn-id=\"307d3d07-6d21-424c-bca4-db7c002607fb\" data-testid=\"conversation-turn-13\" data-scroll-anchor=\"false\" data-turn=\"user\">\n<div class=\"text-base my-auto mx-auto pt-12 [--thread-content-margin:--spacing(4)] thread-sm:[--thread-content-margin:--spacing(6)] thread-lg:[--thread-content-margin:--spacing(16)] px-(--thread-content-margin)\">\n<div class=\"[--thread-content-max-width:40rem] thread-lg:[--thread-content-max-width:48rem] mx-auto max-w-(--thread-content-max-width) flex-1 group\/turn-messages focus-visible:outline-hidden relative flex w-full min-w-0 flex-col\" tabindex=\"-1\">\n<div>\n<hr data-start=\"2015\" data-end=\"2018\" \/>\n<\/div>\n<div><strong>R\u00e9server par WhatsApp :<\/strong><\/div>\n<\/div>\n<\/div>\n<\/article>\n<p><a href=\"https:\/\/api.whatsapp.com\/send\/?phone=01021058859\" target=\"_blank\" rel=\"noopener\">\u00a0<img decoding=\"async\" class=\"alignnone wp-image-2058\" src=\"https:\/\/poehalisnamiegypt.com\/wp-content\/uploads\/2024\/02\/pngwing.com_-300x300.png\" sizes=\"auto, (max-width: 35px) 100vw, 35px\" srcset=\"https:\/\/poehalisnamiegypt.com\/wp-content\/uploads\/2024\/02\/pngwing.com_-300x300.png 300w, https:\/\/poehalisnamiegypt.com\/wp-content\/uploads\/2024\/02\/pngwing.com_-150x150.png 150w, https:\/\/poehalisnamiegypt.com\/wp-content\/uploads\/2024\/02\/pngwing.com_.png 584w\" alt=\"\" width=\"53\" height=\"53\" \/><\/a><\/p>","protected":false},"excerpt":{"rendered":"<p>\u2708\ufe0f Cairo Plane Trip \u2013 Private Experience for 2 Guests Discover the treasures of Cairo with a luxurious private plane trip, perfectly designed for two people who value comfort, exclusivity, and time efficiency. Skip the long bus journey and soar above Egypt\u2019s landscape, giving you more time to explore the wonders of the ancient world. [&hellip;]<\/p>","protected":false},"featured_media":9897,"comment_status":"open","ping_status":"closed","template":"","meta":{"_monsterinsights_skip_tracking":false,"_monsterinsights_sitenote_active":false,"_monsterinsights_sitenote_note":"","_monsterinsights_sitenote_category":0},"product_brand":[],"product_cat":[63],"product_tag":[],"class_list":{"0":"post-9895","1":"product","2":"type-product","3":"status-publish","4":"has-post-thumbnail","6":"product_cat-cairo","8":"first","9":"instock","10":"shipping-taxable","11":"purchasable","12":"product-type-ovabrw_car_rental"},"_links":{"self":[{"href":"https:\/\/redsea-dream-tours.com\/fr\/wp-json\/wp\/v2\/product\/9895","targetHints":{"allow":["GET"]}}],"collection":[{"href":"https:\/\/redsea-dream-tours.com\/fr\/wp-json\/wp\/v2\/product"}],"about":[{"href":"https:\/\/redsea-dream-tours.com\/fr\/wp-json\/wp\/v2\/types\/product"}],"replies":[{"embeddable":true,"href":"https:\/\/redsea-dream-tours.com\/fr\/wp-json\/wp\/v2\/comments?post=9895"}],"wp:featuredmedia":[{"embeddable":true,"href":"https:\/\/redsea-dream-tours.com\/fr\/wp-json\/wp\/v2\/media\/9897"}],"wp:attachment":[{"href":"https:\/\/redsea-dream-tours.com\/fr\/wp-json\/wp\/v2\/media?parent=9895"}],"wp:term":[{"taxonomy":"product_brand","embeddable":true,"href":"https:\/\/redsea-dream-tours.com\/fr\/wp-json\/wp\/v2\/product_brand?post=9895"},{"taxonomy":"product_cat","embeddable":true,"href":"https:\/\/redsea-dream-tours.com\/fr\/wp-json\/wp\/v2\/product_cat?post=9895"},{"taxonomy":"product_tag","embeddable":true,"href":"https:\/\/redsea-dream-tours.com\/fr\/wp-json\/wp\/v2\/product_tag?post=9895"}],"curies":[{"name":"wp","href":"https:\/\/api.w.org\/{rel}","templated":true}]}}