{"id":9880,"date":"2025-09-07T11:07:34","date_gmt":"2025-09-07T11:07:34","guid":{"rendered":"https:\/\/redsea-dream-tours.com\/?post_type=product&#038;p=9880"},"modified":"2026-01-02T17:50:50","modified_gmt":"2026-01-02T17:50:50","slug":"luxor-ballon-trip","status":"publish","type":"product","link":"https:\/\/redsea-dream-tours.com\/fr\/produit\/luxor-ballon-trip\/","title":{"rendered":"Vol en montgolfi\u00e8re \u00e0 Louxor : vue sur le lever du soleil et visite de la Cisjordanie"},"content":{"rendered":"<h3 data-start=\"212\" data-end=\"291\">\ud83c\udf88 <strong data-start=\"219\" data-end=\"289\">Vol en montgolfi\u00e8re \u00e0 Louxor - Un voyage magique au-dessus de l'\u00c9gypte ancienne<\/strong><\/h3>\n<p data-start=\"293\" data-end=\"599\">L'exp\u00e9rience de la <strong data-start=\"308\" data-end=\"341\">l'aventure ultime au lever du soleil<\/strong> avec un spectacle \u00e0 couper le souffle <strong data-start=\"362\" data-end=\"397\">vol en montgolfi\u00e8re au-dessus de Louxor<\/strong>, Le plus grand mus\u00e9e en plein air du monde. Flottez silencieusement au-dessus des paysages intemporels o\u00f9 r\u00e9gnaient jadis les puissants pharaons, et assistez au spectacle de l'histoire de l'humanit\u00e9. <strong data-start=\"535\" data-end=\"596\">Le Nil, les temples et les vall\u00e9es baignent dans la lumi\u00e8re dor\u00e9e du matin.<\/strong>.<\/p>\n<hr data-start=\"601\" data-end=\"604\" \/>\n<h3 data-start=\"606\" data-end=\"659\"><strong data-start=\"610\" data-end=\"657\">D\u00e9part matinal - Un d\u00e9but parfait<\/strong><\/h3>\n<ul data-start=\"660\" data-end=\"959\">\n<li data-start=\"660\" data-end=\"773\">\n<p data-start=\"662\" data-end=\"773\"><strong data-start=\"662\" data-end=\"681\">Service de ramassage<\/strong> \ud83d\ude90 : Commencez votre journ\u00e9e par un ramassage matinal \u00e0 votre h\u00f4tel ou bateau de croisi\u00e8re \u00e0 Louxor.<\/p>\n<\/li>\n<li data-start=\"774\" data-end=\"853\">\n<p data-start=\"776\" data-end=\"853\"><strong data-start=\"776\" data-end=\"798\">Rafra\u00eechissements l\u00e9gers<\/strong> \u2615 : Profitez d'un th\u00e9 ou d'un caf\u00e9 avant le d\u00e9but de votre aventure.<\/p>\n<\/li>\n<li data-start=\"854\" data-end=\"959\">\n<p data-start=\"856\" data-end=\"959\"><strong data-start=\"856\" data-end=\"878\">Transfert en bateau sur le Nil<\/strong> \u26f4\ufe0f : Traversez le paisible Nil pour rejoindre la Cisjordanie, o\u00f9 votre montgolfi\u00e8re vous attend.<\/p>\n<\/li>\n<\/ul>\n<hr data-start=\"961\" data-end=\"964\" \/>\n<h3 data-start=\"966\" data-end=\"997\"><strong data-start=\"970\" data-end=\"995\">L'exp\u00e9rience du vol<\/strong><\/h3>\n<ul data-start=\"998\" data-end=\"1430\">\n<li data-start=\"998\" data-end=\"1132\">\n<p data-start=\"1000\" data-end=\"1132\"><strong data-start=\"1000\" data-end=\"1023\">D\u00e9collage au lever du soleil<\/strong> \ud83c\udf05 : Alors que les premiers rayons du soleil illuminent l'horizon, votre ballon commence \u00e0 s'\u00e9lever doucement dans le ciel.<\/p>\n<\/li>\n<li data-start=\"1133\" data-end=\"1295\">\n<p data-start=\"1135\" data-end=\"1295\"><strong data-start=\"1135\" data-end=\"1157\">Des vues \u00e0 couper le souffle<\/strong> \ud83c\udfdc\ufe0f : Survolez des lieux embl\u00e9matiques tels que le <strong data-start=\"1203\" data-end=\"1226\">Vall\u00e9e des rois<\/strong>, <strong data-start=\"1228\" data-end=\"1249\">Temple d'Hatchepsout<\/strong>, et les terres agricoles luxuriantes de la vall\u00e9e du Nil.<\/p>\n<\/li>\n<li data-start=\"1296\" data-end=\"1430\">\n<p data-start=\"1298\" data-end=\"1430\"><strong data-start=\"1298\" data-end=\"1324\">Pilotes experts et s\u00e9curit\u00e9<\/strong> \ud83e\uddd1\u200d\u2708\ufe0f : Volez avec des pilotes exp\u00e9riment\u00e9s et licenci\u00e9s qui garantissent \u00e0 la fois votre s\u00e9curit\u00e9 et une exp\u00e9rience inoubliable.<\/p>\n<\/li>\n<\/ul>\n<hr data-start=\"1432\" data-end=\"1435\" \/>\n<h3 data-start=\"1437\" data-end=\"1466\"><strong data-start=\"1441\" data-end=\"1464\">Dur\u00e9e et souvenirs<\/strong><\/h3>\n<ul data-start=\"1467\" data-end=\"1798\">\n<li data-start=\"1467\" data-end=\"1571\">\n<p data-start=\"1469\" data-end=\"1571\"><strong data-start=\"1469\" data-end=\"1484\">Temps de vol<\/strong> \u23f1\ufe0f : La balade dure environ 45 minutes \u00e0 1 heure, en fonction des conditions de vent.<\/p>\n<\/li>\n<li data-start=\"1572\" data-end=\"1707\">\n<p data-start=\"1574\" data-end=\"1707\"><strong data-start=\"1574\" data-end=\"1596\">Le paradis de la photographie<\/strong> \ud83d\udcf8 : Capturez des vues uniques sur les temples anciens, le chemin sinueux du Nil et le d\u00e9sert dor\u00e9 de Louxor.<\/p>\n<\/li>\n<li data-start=\"1708\" data-end=\"1798\">\n<p data-start=\"1710\" data-end=\"1798\"><strong data-start=\"1710\" data-end=\"1730\">C\u00e9r\u00e9monie d'atterrissage<\/strong> \ud83c\udf89 : C\u00e9l\u00e9brez votre vol avec un certificat d'atterrissage traditionnel.<\/p>\n<\/li>\n<\/ul>\n<hr data-start=\"1800\" data-end=\"1803\" \/>\n<h3 data-start=\"902\" data-end=\"950\">\ud83c\udfdc\ufe0f <strong data-start=\"910\" data-end=\"948\">Explorez la rive ouest de Louxor apr\u00e8s votre vol en montgolfi\u00e8re\u00a0 \u00a0\u00a0<\/strong><\/h3>\n<p data-start=\"951\" data-end=\"1049\">Votre guide \u00e9gyptologue priv\u00e9 vous conduira vers les tr\u00e9sors les plus embl\u00e9matiques de l'\u00c9gypte. <strong data-start=\"1033\" data-end=\"1046\">Cisjordanie<\/strong>:<\/p>\n<ul data-start=\"1050\" data-end=\"1384\">\n<li data-start=\"1050\" data-end=\"1151\">\n<p data-start=\"1052\" data-end=\"1151\"><strong data-start=\"1052\" data-end=\"1075\">Vall\u00e9e des rois<\/strong> \ud83c\udfdb\ufe0f - Explorez les anciennes s\u00e9pultures des pharaons les plus c\u00e9l\u00e8bres d'\u00c9gypte.<\/p>\n<\/li>\n<li data-start=\"1152\" data-end=\"1263\">\n<p data-start=\"1154\" data-end=\"1263\"><strong data-start=\"1154\" data-end=\"1175\">Temple d'Hatchepsout<\/strong> \u26e9\ufe0f - Admirez l'architecture \u00e9l\u00e9gante du temple mortuaire de la seule femme pharaon.<\/p>\n<\/li>\n<li data-start=\"1264\" data-end=\"1384\">\n<p data-start=\"1266\" data-end=\"1384\"><strong data-start=\"1266\" data-end=\"1287\">Colosses de Memnon<\/strong> \ud83d\uddff - Prenez des photos inoubliables \u00e0 c\u00f4t\u00e9 de ces statues colossales qui se dressent depuis des mill\u00e9naires.<\/p>\n<\/li>\n<\/ul>\n<hr data-start=\"1386\" data-end=\"1389\" \/>\n<h3 data-start=\"1391\" data-end=\"1433\">\ud83c\udffa <strong data-start=\"1398\" data-end=\"1431\">Les points forts de la rive est en style<\/strong><\/h3>\n<ul data-start=\"1434\" data-end=\"1664\">\n<li data-start=\"1434\" data-end=\"1539\">\n<p data-start=\"1436\" data-end=\"1539\">Visitez le magnifique <strong data-start=\"1458\" data-end=\"1483\">Complexe du temple de Karnak<\/strong> - l'une des plus grandes structures religieuses jamais construites.<\/p>\n<\/li>\n<li data-start=\"1540\" data-end=\"1664\">\n<p data-start=\"1542\" data-end=\"1664\">Promenez-vous dans d'anciennes avenues parsem\u00e9es de sphinx et de piliers imposants, tandis que votre guide vous livre les secrets fascinants du pass\u00e9.<\/p>\n<\/li>\n<\/ul>\n<hr data-start=\"1386\" data-end=\"1389\" \/>\n<h3 data-start=\"1805\" data-end=\"1831\"><strong data-start=\"1809\" data-end=\"1829\">Apr\u00e8s le vol<\/strong><\/h3>\n<ul data-start=\"1832\" data-end=\"2012\">\n<li data-start=\"1832\" data-end=\"1915\">\n<p data-start=\"1834\" data-end=\"1915\"><strong data-start=\"1834\" data-end=\"1853\">Transfert de retour<\/strong> \ud83d\ude90 : D\u00e9tendez-vous pendant que nous vous ramenons \u00e0 votre h\u00f4tel ou \u00e0 votre bateau de croisi\u00e8re.<\/p>\n<\/li>\n<li data-start=\"1916\" data-end=\"2012\">\n<p data-start=\"1918\" data-end=\"2012\"><strong data-start=\"1918\" data-end=\"1940\">Petit-d\u00e9jeuner facultatif<\/strong> \ud83c\udf74 : Ajoutez un copieux petit-d\u00e9jeuner \u00e9gyptien pour compl\u00e9ter votre matin\u00e9e magique.<\/p>\n<\/li>\n<\/ul>\n<hr data-start=\"2014\" data-end=\"2017\" \/>\n<h3 data-start=\"2019\" data-end=\"2072\"><strong data-start=\"2023\" data-end=\"2070\">Pourquoi choisir un vol en montgolfi\u00e8re \u00e0 Louxor ?<\/strong><\/h3>\n<ul data-start=\"2073\" data-end=\"2354\">\n<li data-start=\"2073\" data-end=\"2146\">\n<p data-start=\"2075\" data-end=\"2146\">\ud83c\udf88 Vue a\u00e9rienne unique des sites arch\u00e9ologiques les plus c\u00e9l\u00e8bres du monde<\/p>\n<\/li>\n<li data-start=\"2147\" data-end=\"2194\">\n<p data-start=\"2149\" data-end=\"2194\">\ud83c\udf05 Lever de soleil spectaculaire sur la vall\u00e9e du Nil<\/p>\n<\/li>\n<li data-start=\"2195\" data-end=\"2249\">\n<p data-start=\"2197\" data-end=\"2249\">\ud83e\uddd1\u200d\u2708\ufe0f Pilotes professionnels et normes de s\u00e9curit\u00e9 les plus strictes<\/p>\n<\/li>\n<li data-start=\"2250\" data-end=\"2309\">\n<p data-start=\"2252\" data-end=\"2309\">\ud83d\udcf8 Parfait pour les amateurs de photographie et les occasions sp\u00e9ciales<\/p>\n<\/li>\n<li data-start=\"2310\" data-end=\"2354\">\n<p data-start=\"2312\" data-end=\"2354\">\ud83d\ude90 Prise en charge et retour \u00e0 l'h\u00f4tel pratique<\/p>\n<\/li>\n<\/ul>\n<hr data-start=\"2014\" data-end=\"2017\" \/>\n<h3 data-start=\"493\" data-end=\"529\">\ud83d\udde3\ufe0f <strong data-start=\"501\" data-end=\"527\">Nous parlons votre langue<\/strong><\/h3>\n<ul data-start=\"530\" data-end=\"594\">\n<li>Polonais<\/li>\n<li>Fran\u00e7ais<\/li>\n<li>Anglais<\/li>\n<li>Allemand<\/li>\n<li>Portugais<\/li>\n<li>Espagnol<\/li>\n<li>...et plus encore !<\/li>\n<\/ul>\n<p data-start=\"596\" data-end=\"678\">D'o\u00f9 que vous veniez, nous assurons une communication fluide et une touche personnalis\u00e9e.<\/p>\n<hr data-start=\"2014\" data-end=\"2017\" \/>\n<h3 data-start=\"2198\" data-end=\"2225\"><strong data-start=\"2205\" data-end=\"2223\">\ud83e\udd11 Prix de l'excursion<\/strong><\/h3>\n<table style=\"height: 189px;\" width=\"596\">\n<tbody>\n<tr>\n<td width=\"64\"><strong>pax<\/strong><\/td>\n<td width=\"66\"><strong><img decoding=\"async\" class=\"emoji\" role=\"img\" draggable=\"false\" src=\"https:\/\/s.w.org\/images\/core\/emoji\/16.0.1\/svg\/1f64e-1f3fb-200d-2642-fe0f.svg\" alt=\"\ud83d\ude4e\ud83c\udffb\u200d\u2642\ufe0f\" \/> 12 ans et plus<\/strong><\/td>\n<td width=\"80\"><strong><img decoding=\"async\" class=\"emoji\" role=\"img\" draggable=\"false\" src=\"https:\/\/s.w.org\/images\/core\/emoji\/16.0.1\/svg\/1f9cd-1f3fb-200d-2640-fe0f.svg\" alt=\"\ud83e\uddcd\ud83c\udffb\u200d\u2640\ufe0f\" \/> 6\/11 ans<\/strong><\/td>\n<\/tr>\n<tr>\n<td style=\"text-align: center;\"><strong>2<\/strong><\/td>\n<td style=\"text-align: center;\"><strong>\u00a0\u20ac\u00a0\u00a0 230.00<\/strong><\/td>\n<td style=\"text-align: center;\"><strong>\u00a0\u20ac\u00a0\u00a0\u00a0\u00a0\u00a0\u00a0\u00a0\u00a0\u00a0\u00a0\u00a0\u00a0 130<\/strong><\/td>\n<\/tr>\n<tr>\n<td style=\"text-align: center;\"><strong>3<\/strong><\/td>\n<td style=\"text-align: center;\"><strong>\u00a0\u20ac\u00a0\u00a0 210.00<\/strong><\/td>\n<td style=\"text-align: center;\"><strong>\u00a0\u20ac\u00a0\u00a0\u00a0\u00a0\u00a0\u00a0\u00a0\u00a0\u00a0\u00a0\u00a0\u00a0 130<\/strong><\/td>\n<\/tr>\n<tr>\n<td style=\"text-align: center;\"><strong>4<\/strong><\/td>\n<td style=\"text-align: center;\"><strong>\u00a0\u20ac\u00a0\u00a0 185.00<\/strong><\/td>\n<td style=\"text-align: center;\"><strong>\u00a0\u20ac\u00a0\u00a0\u00a0\u00a0\u00a0\u00a0\u00a0\u00a0\u00a0\u00a0\u00a0\u00a0 130<\/strong><\/td>\n<\/tr>\n<tr>\n<td style=\"text-align: center;\"><strong>5<\/strong><\/td>\n<td style=\"text-align: center;\"><strong>\u00a0\u20ac\u00a0\u00a0 175.00<\/strong><\/td>\n<td style=\"text-align: center;\"><strong>\u00a0\u20ac\u00a0\u00a0\u00a0\u00a0\u00a0\u00a0\u00a0\u00a0\u00a0\u00a0\u00a0\u00a0 130<\/strong><\/td>\n<\/tr>\n<tr>\n<td style=\"text-align: center;\"><strong>6<\/strong><\/td>\n<td style=\"text-align: center;\"><strong>\u00a0\u20ac\u00a0\u00a0 165.00<\/strong><\/td>\n<td style=\"text-align: center;\"><strong>\u00a0\u20ac\u00a0\u00a0\u00a0\u00a0\u00a0\u00a0\u00a0\u00a0\u00a0\u00a0\u00a0\u00a0 130<\/strong><\/td>\n<\/tr>\n<\/tbody>\n<\/table>\n<p data-start=\"2228\" data-end=\"2260\"><strong data-start=\"2327\" data-end=\"2355\"> \u00a0<img decoding=\"async\" class=\"emoji\" role=\"img\" draggable=\"false\" src=\"https:\/\/s.w.org\/images\/core\/emoji\/16.0.1\/svg\/1f47c-1f3fc.svg\" alt=\"\ud83d\udc7c\ud83c\udffc\" \/> -5 ans Interdit<\/strong><\/p>\n<h3 data-start=\"2198\" data-end=\"2225\"><strong data-start=\"2205\" data-end=\"2223\">Le paiement en USD ($ \ud83c\uddfa\ud83c\uddf8) au lieu de l'EUR (\u20ac \ud83c\uddea\ud83c\uddfa) est possible en fonction du taux de change bancaire quotidien.<\/strong><\/h3>\n<p><strong>R\u00e9server par WhatsApp :<\/strong><\/p>\n<p><a href=\"https:\/\/api.whatsapp.com\/send\/?phone=01021058859\" target=\"_blank\" rel=\"noopener\">\u00a0<img decoding=\"async\" class=\"alignnone wp-image-2058\" src=\"https:\/\/poehalisnamiegypt.com\/wp-content\/uploads\/2024\/02\/pngwing.com_-300x300.png\" sizes=\"auto, (max-width: 35px) 100vw, 35px\" srcset=\"https:\/\/poehalisnamiegypt.com\/wp-content\/uploads\/2024\/02\/pngwing.com_-300x300.png 300w, https:\/\/poehalisnamiegypt.com\/wp-content\/uploads\/2024\/02\/pngwing.com_-150x150.png 150w, https:\/\/poehalisnamiegypt.com\/wp-content\/uploads\/2024\/02\/pngwing.com_.png 584w\" alt=\"\" width=\"53\" height=\"53\" \/><\/a><\/p>\n<div id=\"gtx-trans\" style=\"position: absolute; left: 297px; top: 3.375px;\">\n<div class=\"gtx-trans-icon\"><\/div>\n<\/div>","protected":false},"excerpt":{"rendered":"<p>\ud83c\udf88 Luxor Hot Air Balloon Ride \u2013 A Magical Journey Above Ancient Egypt Experience the ultimate adventure at sunrise with a breathtaking hot air balloon ride over Luxor, the world\u2019s largest open-air museum. Float silently above the timeless landscapes where the mighty pharaohs once ruled, and witness the Nile, temples, and valleys bathed in golden [&hellip;]<\/p>","protected":false},"featured_media":9887,"comment_status":"open","ping_status":"closed","template":"","meta":{"_monsterinsights_skip_tracking":false,"_monsterinsights_sitenote_active":false,"_monsterinsights_sitenote_note":"","_monsterinsights_sitenote_category":0},"product_brand":[],"product_cat":[65],"product_tag":[],"class_list":{"0":"post-9880","1":"product","2":"type-product","3":"status-publish","4":"has-post-thumbnail","6":"product_cat-luxor","8":"first","9":"instock","10":"shipping-taxable","11":"purchasable","12":"product-type-ovabrw_car_rental"},"_links":{"self":[{"href":"https:\/\/redsea-dream-tours.com\/fr\/wp-json\/wp\/v2\/product\/9880","targetHints":{"allow":["GET"]}}],"collection":[{"href":"https:\/\/redsea-dream-tours.com\/fr\/wp-json\/wp\/v2\/product"}],"about":[{"href":"https:\/\/redsea-dream-tours.com\/fr\/wp-json\/wp\/v2\/types\/product"}],"replies":[{"embeddable":true,"href":"https:\/\/redsea-dream-tours.com\/fr\/wp-json\/wp\/v2\/comments?post=9880"}],"wp:featuredmedia":[{"embeddable":true,"href":"https:\/\/redsea-dream-tours.com\/fr\/wp-json\/wp\/v2\/media\/9887"}],"wp:attachment":[{"href":"https:\/\/redsea-dream-tours.com\/fr\/wp-json\/wp\/v2\/media?parent=9880"}],"wp:term":[{"taxonomy":"product_brand","embeddable":true,"href":"https:\/\/redsea-dream-tours.com\/fr\/wp-json\/wp\/v2\/product_brand?post=9880"},{"taxonomy":"product_cat","embeddable":true,"href":"https:\/\/redsea-dream-tours.com\/fr\/wp-json\/wp\/v2\/product_cat?post=9880"},{"taxonomy":"product_tag","embeddable":true,"href":"https:\/\/redsea-dream-tours.com\/fr\/wp-json\/wp\/v2\/product_tag?post=9880"}],"curies":[{"name":"wp","href":"https:\/\/api.w.org\/{rel}","templated":true}]}}