{"id":9873,"date":"2025-09-07T11:01:15","date_gmt":"2025-09-07T11:01:15","guid":{"rendered":"https:\/\/redsea-dream-tours.com\/?post_type=product&#038;p=9873"},"modified":"2025-12-28T17:53:56","modified_gmt":"2025-12-28T17:53:56","slug":"luxor-over-night-trip","status":"publish","type":"product","link":"https:\/\/redsea-dream-tours.com\/fr\/produit\/luxor-over-night-trip\/","title":{"rendered":"Nuit \u00e0 Louxor : Points forts de la Cisjordanie et de la Bande de Gaza"},"content":{"rendered":"<h3 data-start=\"176\" data-end=\"256\">\ud83c\udf19 <strong data-start=\"183\" data-end=\"254\">Excursion de nuit \u00e0 Louxor - Deux jours de merveilles antiques et de charme intemporel<\/strong><\/h3>\n<p data-start=\"258\" data-end=\"629\">D\u00e9couvrez les secrets de l'\u00c9gypte ancienne avec notre <strong data-start=\"304\" data-end=\"328\">Excursion de nuit \u00e0 Louxor<\/strong>L'h\u00f4tel est con\u00e7u pour les voyageurs qui souhaitent d\u00e9couvrir les tr\u00e9sors de Louxor \u00e0 un prix abordable. <strong data-start=\"404\" data-end=\"425\">rythme plus d\u00e9tendu<\/strong>. Ce voyage de deux jours vous permet d'explorer les merveilles de la rive est et de la rive ouest, de profiter de l'authentique hospitalit\u00e9 \u00e9gyptienne et de vous immerger dans l'atmosph\u00e8re enchanteresse de ce mus\u00e9e en plein air.<\/p>\n<hr data-start=\"631\" data-end=\"634\" \/>\n<h3 data-start=\"636\" data-end=\"693\"><strong data-start=\"640\" data-end=\"691\">Jour 1 : Voyage \u00e0 Louxor et d\u00e9couverte de la rive orientale<\/strong><\/h3>\n<h4 data-start=\"695\" data-end=\"729\">\ud83d\ude90 <strong data-start=\"703\" data-end=\"727\">Transfert confortable<\/strong><\/h4>\n<ul data-start=\"730\" data-end=\"888\">\n<li data-start=\"730\" data-end=\"820\">\n<p data-start=\"732\" data-end=\"820\">Commencer par un <strong data-start=\"745\" data-end=\"764\">ramassage du matin<\/strong> de votre h\u00f4tel dans un v\u00e9hicule moderne et climatis\u00e9.<\/p>\n<\/li>\n<li data-start=\"821\" data-end=\"888\">\n<p data-start=\"823\" data-end=\"888\">En route pour Louxor, vous profiterez des paysages pittoresques du d\u00e9sert et de la vall\u00e9e du Nil.<\/p>\n<\/li>\n<\/ul>\n<h4 data-start=\"890\" data-end=\"926\">\ud83c\udfdb\ufe0f <strong data-start=\"899\" data-end=\"924\">Complexe du temple de Karnak<\/strong><\/h4>\n<ul data-start=\"927\" data-end=\"1148\">\n<li data-start=\"927\" data-end=\"1054\">\n<p data-start=\"929\" data-end=\"1054\">D\u00e9couvrez l'impressionnante <strong data-start=\"955\" data-end=\"972\">Temple de Karnak<\/strong> \u26e9\ufe0f, l'un des plus grands et des plus importants sites religieux du monde antique.<\/p>\n<\/li>\n<li data-start=\"1055\" data-end=\"1148\">\n<p data-start=\"1057\" data-end=\"1148\">Traversez la grande salle hypostyle et laissez-vous \u00e9merveiller par les colonnes colossales et le lac sacr\u00e9.<\/p>\n<\/li>\n<\/ul>\n<h4 data-start=\"1150\" data-end=\"1181\">\ud83c\udf74 <strong data-start=\"1158\" data-end=\"1179\">D\u00e9jeuner avec vue<\/strong><\/h4>\n<ul data-start=\"1182\" data-end=\"1277\">\n<li data-start=\"1182\" data-end=\"1277\">\n<p data-start=\"1184\" data-end=\"1277\">Savourez un d\u00e9licieux <strong data-start=\"1203\" data-end=\"1221\">D\u00e9jeuner \u00e9gyptien<\/strong> \ud83c\udf7d\ufe0f dans un restaurant traditionnel avec vue sur le Nil.<\/p>\n<\/li>\n<\/ul>\n<h4 data-start=\"1660\" data-end=\"1694\">\ud83c\udfdc\ufe0f <strong data-start=\"1669\" data-end=\"1692\">Vall\u00e9e des rois<\/strong><\/h4>\n<ul data-start=\"1695\" data-end=\"1798\">\n<li data-start=\"1695\" data-end=\"1798\">\n<p data-start=\"1697\" data-end=\"1798\">D\u00e9couvrez les anciens tombeaux des pharaons l\u00e9gendaires d'\u00c9gypte, y compris le c\u00e9l\u00e8bre tombeau de Toutankhamon.<\/p>\n<\/li>\n<\/ul>\n<h4 data-start=\"1800\" data-end=\"1840\">\u26e9\ufe0f <strong data-start=\"1808\" data-end=\"1838\">Temple de la reine Hatchepsout<\/strong><\/h4>\n<ul data-start=\"1841\" data-end=\"1924\">\n<li data-start=\"1841\" data-end=\"1924\">\n<p data-start=\"1843\" data-end=\"1924\">Admirez l'architecture unique et l'histoire de ce magnifique temple mortuaire.<\/p>\n<\/li>\n<\/ul>\n<h4 data-start=\"1926\" data-end=\"1957\"><strong data-start=\"1934\" data-end=\"1955\">\ud83c\udfdb\ufe0f Temple de Louxor\u00a0<\/strong><\/h4>\n<ul data-start=\"1958\" data-end=\"2076\">\n<li data-start=\"1958\" data-end=\"2076\">\n<p data-start=\"1960\" data-end=\"2076\">L'un des plus beaux temples de l'\u00c9gypte ancienne, construit pour le dieu Amon et c\u00e9l\u00e8bre pour son architecture majestueuse au bord du Nil \u2728<\/p>\n<\/li>\n<\/ul>\n<h4 data-start=\"1926\" data-end=\"1957\">\ud83d\uddff <strong data-start=\"1934\" data-end=\"1955\">Colosses de Memnon<\/strong><\/h4>\n<ul data-start=\"1958\" data-end=\"2076\">\n<li data-start=\"1958\" data-end=\"2076\">\n<p data-start=\"1960\" data-end=\"2076\">Prenez des photos m\u00e9morables \u00e0 c\u00f4t\u00e9 de ces statues embl\u00e9matiques qui gardent la n\u00e9cropole th\u00e9baine depuis plus de 3 000 ans.<\/p>\n<\/li>\n<\/ul>\n<h4 data-start=\"1279\" data-end=\"1316\">\ud83c\udfe8 <strong data-start=\"1287\" data-end=\"1314\">Nuit \u00e0 Louxor<\/strong><\/h4>\n<ul data-start=\"1317\" data-end=\"1482\">\n<li data-start=\"1317\" data-end=\"1369\">\n<p data-start=\"1319\" data-end=\"1369\">S'enregistrer aupr\u00e8s d'un <strong data-start=\"1333\" data-end=\"1363\">h\u00f4tel confortable 4\u2605 ou 5\u2605<\/strong> \ud83c\udfe8.<\/p>\n<\/li>\n<li data-start=\"1370\" data-end=\"1482\">\n<p data-start=\"1372\" data-end=\"1482\">Temps libre pour fl\u00e2ner le long de la Corniche du Nil, d\u00e9couvrir les march\u00e9s locaux \ud83d\udecd\ufe0f, ou vous d\u00e9tendre \u00e0 votre h\u00f4tel.<\/p>\n<\/li>\n<\/ul>\n<hr data-start=\"1484\" data-end=\"1487\" \/>\n<h3 data-start=\"1489\" data-end=\"1536\"><strong data-start=\"1493\" data-end=\"1534\">Jour 2 : Exploration de la Cisjordanie et retour<\/strong><\/h3>\n<h4 data-start=\"1538\" data-end=\"1569\">\ud83c\udf04 <strong data-start=\"1546\" data-end=\"1567\">Aventure matinale<\/strong><\/h4>\n<ul data-start=\"1570\" data-end=\"1658\">\n<li data-start=\"1570\" data-end=\"1658\">\n<p data-start=\"1572\" data-end=\"1658\">Apr\u00e8s le petit-d\u00e9jeuner \u2615, traversez le Nil pour d\u00e9couvrir les fascinantes <strong data-start=\"1633\" data-end=\"1655\">Rive ouest de Louxor avec ballon <\/strong>.<\/p>\n<\/li>\n<\/ul>\n<h4 data-start=\"2179\" data-end=\"2208\">\ud83d\ude90 <strong data-start=\"2187\" data-end=\"2206\">Transfert de retour<\/strong><\/h4>\n<ul data-start=\"2209\" data-end=\"2297\">\n<li data-start=\"2209\" data-end=\"2297\">\n<p data-start=\"2211\" data-end=\"2297\">Retournez \u00e0 votre h\u00f4tel avec des souvenirs inoubliables de l'histoire et de la beaut\u00e9 de Louxor.<\/p>\n<\/li>\n<\/ul>\n<hr data-start=\"2299\" data-end=\"2302\" \/>\n<h3 data-start=\"2304\" data-end=\"2329\"><strong data-start=\"2308\" data-end=\"2327\">Points forts de la visite<\/strong><\/h3>\n<ul data-start=\"2330\" data-end=\"2581\">\n<li data-start=\"2330\" data-end=\"2394\">\n<p data-start=\"2332\" data-end=\"2394\">\ud83d\ude90 Transferts aller-retour dans un v\u00e9hicule moderne et climatis\u00e9<\/p>\n<\/li>\n<li data-start=\"2395\" data-end=\"2448\">\n<p data-start=\"2397\" data-end=\"2448\">\ud83c\udfdb\ufe0f Visites guid\u00e9es avec un \u00e9gyptologue professionnel<\/p>\n<\/li>\n<li data-start=\"2449\" data-end=\"2494\">\n<p data-start=\"2451\" data-end=\"2494\">2 d\u00e9jeuners dans des restaurants locaux de qualit\u00e9<\/p>\n<\/li>\n<li data-start=\"2495\" data-end=\"2545\">\n<p data-start=\"2497\" data-end=\"2545\">\ud83c\udfe8 Nuit\u00e9e \u00e0 Luxor (4\u2605 ou 5\u2605)<\/p>\n<\/li>\n<li data-start=\"2546\" data-end=\"2581\">\n<p data-start=\"2548\" data-end=\"2581\">\u26f4\ufe0f Travers\u00e9e du Nil incluse<\/p>\n<\/li>\n<\/ul>\n<hr data-start=\"2299\" data-end=\"2302\" \/>\n<h3 data-start=\"493\" data-end=\"529\">\ud83d\udde3\ufe0f <strong data-start=\"501\" data-end=\"527\">Nous parlons votre langue<\/strong><\/h3>\n<ul data-start=\"530\" data-end=\"594\">\n<li>Polonais<\/li>\n<li>Fran\u00e7ais<\/li>\n<li>Anglais<\/li>\n<li>Allemand<\/li>\n<li>Portugais<\/li>\n<li>Espagnol<\/li>\n<li>...et plus encore !<\/li>\n<\/ul>\n<p data-start=\"596\" data-end=\"678\">D'o\u00f9 que vous veniez, nous assurons une communication fluide et une touche personnalis\u00e9e.<\/p>\n<hr data-start=\"2299\" data-end=\"2302\" \/>\n<h3 data-start=\"2198\" data-end=\"2225\"><strong data-start=\"2205\" data-end=\"2223\">\ud83e\udd11 Prix de l'excursion<\/strong><\/h3>\n<p data-start=\"2228\" data-end=\"2260\"><strong data-start=\"2233\" data-end=\"2258\">\u00a0 \u00a0<img decoding=\"async\" class=\"emoji\" role=\"img\" draggable=\"false\" src=\"https:\/\/s.w.org\/images\/core\/emoji\/16.0.1\/svg\/1f64e-1f3fb-200d-2642-fe0f.svg\" alt=\"\ud83d\ude4e\ud83c\udffb\u200d\u2642\ufe0f\" \/> 12 ans et plus 260 euros<\/strong><\/p>\n<p data-start=\"2228\" data-end=\"2260\"><strong data-start=\"2263\" data-end=\"2280\">\u00a0 \u00a0<img decoding=\"async\" class=\"emoji\" role=\"img\" draggable=\"false\" src=\"https:\/\/s.w.org\/images\/core\/emoji\/16.0.1\/svg\/1f9cd-1f3fb-200d-2640-fe0f.svg\" alt=\"\ud83e\uddcd\ud83c\udffb\u200d\u2640\ufe0f\" \/> 4\/11 ans 150 \u20ac<\/strong><\/p>\n<p data-start=\"2228\" data-end=\"2260\"><strong data-start=\"2327\" data-end=\"2355\">\u00a0 \u00a0<img decoding=\"async\" class=\"emoji\" role=\"img\" draggable=\"false\" src=\"https:\/\/s.w.org\/images\/core\/emoji\/16.0.1\/svg\/1f47c-1f3fc.svg\" alt=\"\ud83d\udc7c\ud83c\udffc\" \/> -4 ans 20 \u20ac<\/strong><\/p>\n<h3 data-start=\"2198\" data-end=\"2225\"><strong data-start=\"2205\" data-end=\"2223\">Le paiement en USD ($ \ud83c\uddfa\ud83c\uddf8) au lieu de l'EUR (\u20ac \ud83c\uddea\ud83c\uddfa) est possible en fonction du taux de change bancaire quotidien.<\/strong><\/h3>\n<p><strong>R\u00e9server par WhatsApp :<\/strong><\/p>\n<p><a href=\"https:\/\/api.whatsapp.com\/send\/?phone=01021058859\" target=\"_blank\" rel=\"noopener\">\u00a0<img decoding=\"async\" class=\"alignnone wp-image-2058\" src=\"https:\/\/poehalisnamiegypt.com\/wp-content\/uploads\/2024\/02\/pngwing.com_-300x300.png\" sizes=\"auto, (max-width: 35px) 100vw, 35px\" srcset=\"https:\/\/poehalisnamiegypt.com\/wp-content\/uploads\/2024\/02\/pngwing.com_-300x300.png 300w, https:\/\/poehalisnamiegypt.com\/wp-content\/uploads\/2024\/02\/pngwing.com_-150x150.png 150w, https:\/\/poehalisnamiegypt.com\/wp-content\/uploads\/2024\/02\/pngwing.com_.png 584w\" alt=\"\" width=\"53\" height=\"53\" \/><\/a><\/p>","protected":false},"excerpt":{"rendered":"<p>\ud83c\udf19 Luxor Overnight Trip \u2013 Two Days of Ancient Wonders &amp; Timeless Charm Uncover the secrets of ancient Egypt with our Luxor Overnight Tour, designed for travelers who wish to experience the treasures of Luxor at a more relaxed pace. This two-day journey allows you to explore the wonders of both the East and West [&hellip;]<\/p>","protected":false},"featured_media":9876,"comment_status":"open","ping_status":"closed","template":"","meta":{"_monsterinsights_skip_tracking":false,"_monsterinsights_sitenote_active":false,"_monsterinsights_sitenote_note":"","_monsterinsights_sitenote_category":0},"product_brand":[],"product_cat":[65],"product_tag":[],"class_list":{"0":"post-9873","1":"product","2":"type-product","3":"status-publish","4":"has-post-thumbnail","6":"product_cat-luxor","8":"first","9":"instock","10":"shipping-taxable","11":"purchasable","12":"product-type-ovabrw_car_rental"},"_links":{"self":[{"href":"https:\/\/redsea-dream-tours.com\/fr\/wp-json\/wp\/v2\/product\/9873","targetHints":{"allow":["GET"]}}],"collection":[{"href":"https:\/\/redsea-dream-tours.com\/fr\/wp-json\/wp\/v2\/product"}],"about":[{"href":"https:\/\/redsea-dream-tours.com\/fr\/wp-json\/wp\/v2\/types\/product"}],"replies":[{"embeddable":true,"href":"https:\/\/redsea-dream-tours.com\/fr\/wp-json\/wp\/v2\/comments?post=9873"}],"wp:featuredmedia":[{"embeddable":true,"href":"https:\/\/redsea-dream-tours.com\/fr\/wp-json\/wp\/v2\/media\/9876"}],"wp:attachment":[{"href":"https:\/\/redsea-dream-tours.com\/fr\/wp-json\/wp\/v2\/media?parent=9873"}],"wp:term":[{"taxonomy":"product_brand","embeddable":true,"href":"https:\/\/redsea-dream-tours.com\/fr\/wp-json\/wp\/v2\/product_brand?post=9873"},{"taxonomy":"product_cat","embeddable":true,"href":"https:\/\/redsea-dream-tours.com\/fr\/wp-json\/wp\/v2\/product_cat?post=9873"},{"taxonomy":"product_tag","embeddable":true,"href":"https:\/\/redsea-dream-tours.com\/fr\/wp-json\/wp\/v2\/product_tag?post=9873"}],"curies":[{"name":"wp","href":"https:\/\/api.w.org\/{rel}","templated":true}]}}