{"id":9871,"date":"2025-09-07T10:54:13","date_gmt":"2025-09-07T10:54:13","guid":{"rendered":"https:\/\/redsea-dream-tours.com\/?post_type=product&#038;p=9871"},"modified":"2025-11-28T15:13:54","modified_gmt":"2025-11-28T15:13:54","slug":"luxor-vip-8-pax","status":"publish","type":"product","link":"https:\/\/redsea-dream-tours.com\/fr\/produit\/luxor-vip-8-pax\/","title":{"rendered":"Visite VIP de Louxor : Luxe priv\u00e9 pour 8 personnes"},"content":{"rendered":"<h3 data-start=\"209\" data-end=\"276\">\ud83d\ude90 <strong data-start=\"216\" data-end=\"274\">Luxor VIP Tour - Exp\u00e9rience priv\u00e9e pour jusqu'\u00e0 8 personnes<\/strong><\/h3>\n<p data-start=\"278\" data-end=\"557\">Laissez-vous tenter par la <strong data-start=\"293\" data-end=\"329\">Voyage de luxe \u00e0 Louxor<\/strong>, L'histoire prend vie au milieu des temples anciens, des tombes royales et des paysages intemporels du Nil. Cette <strong data-start=\"428\" data-end=\"467\">Visite priv\u00e9e VIP pour 8 personnes maximum<\/strong> est con\u00e7u pour les voyageurs qui accordent de l'importance <strong data-start=\"504\" data-end=\"554\">confort, exclusivit\u00e9 et service personnalis\u00e9<\/strong>.<\/p>\n<hr data-start=\"559\" data-end=\"562\" \/>\n<h3 data-start=\"564\" data-end=\"613\">\ud83c\udf05 <strong data-start=\"571\" data-end=\"611\">Prise en charge exclusive et transfert priv\u00e9<\/strong><\/h3>\n<ul data-start=\"614\" data-end=\"895\">\n<li data-start=\"614\" data-end=\"727\">\n<p data-start=\"616\" data-end=\"727\">Profitez d'un <strong data-start=\"624\" data-end=\"643\">ramassage priv\u00e9<\/strong> directement depuis votre h\u00f4tel ou centre de vill\u00e9giature dans un <strong data-start=\"684\" data-end=\"721\">minibus luxueux et climatis\u00e9<\/strong> \ud83d\ude90.<\/p>\n<\/li>\n<li data-start=\"728\" data-end=\"811\">\n<p data-start=\"730\" data-end=\"811\">Se d\u00e9tendre <strong data-start=\"739\" data-end=\"759\">des si\u00e8ges spacieux<\/strong> con\u00e7u pour votre confort tout au long du voyage.<\/p>\n<\/li>\n<li data-start=\"812\" data-end=\"895\">\n<p data-start=\"814\" data-end=\"895\">Gratuit <strong data-start=\"828\" data-end=\"862\">des rafra\u00eechissements et de l'eau en bouteille<\/strong> \ud83d\udca7 sont fournis en cours de route.<\/p>\n<\/li>\n<\/ul>\n<hr data-start=\"897\" data-end=\"900\" \/>\n<h3 data-start=\"902\" data-end=\"950\">\ud83c\udfdc\ufe0f <strong data-start=\"910\" data-end=\"948\">Explorer la rive ouest intemporelle de Louxor<\/strong><\/h3>\n<p data-start=\"951\" data-end=\"1049\">Votre guide \u00e9gyptologue priv\u00e9 vous conduira vers les tr\u00e9sors les plus embl\u00e9matiques de l'\u00c9gypte. <strong data-start=\"1033\" data-end=\"1046\">Cisjordanie<\/strong>:<\/p>\n<ul data-start=\"1050\" data-end=\"1384\">\n<li data-start=\"1050\" data-end=\"1151\">\n<p data-start=\"1052\" data-end=\"1151\"><strong data-start=\"1052\" data-end=\"1075\">Vall\u00e9e des rois<\/strong> \ud83c\udfdb\ufe0f - Explorez les anciennes s\u00e9pultures des pharaons les plus c\u00e9l\u00e8bres d'\u00c9gypte.<\/p>\n<\/li>\n<li data-start=\"1152\" data-end=\"1263\">\n<p data-start=\"1154\" data-end=\"1263\"><strong data-start=\"1154\" data-end=\"1175\">Temple d'Hatchepsout<\/strong> \u26e9\ufe0f - Admirez l'architecture \u00e9l\u00e9gante du temple mortuaire de la seule femme pharaon.<\/p>\n<\/li>\n<li data-start=\"1264\" data-end=\"1384\">\n<p data-start=\"1266\" data-end=\"1384\"><strong data-start=\"1266\" data-end=\"1287\">Colosses de Memnon<\/strong> \ud83d\uddff - Prenez des photos inoubliables \u00e0 c\u00f4t\u00e9 de ces statues colossales qui se dressent depuis des mill\u00e9naires.<\/p>\n<\/li>\n<\/ul>\n<hr data-start=\"1386\" data-end=\"1389\" \/>\n<h3 data-start=\"1391\" data-end=\"1433\">\ud83c\udffa <strong data-start=\"1398\" data-end=\"1431\">Les points forts de la rive est en style<\/strong><\/h3>\n<ul data-start=\"1434\" data-end=\"1664\">\n<li data-start=\"1434\" data-end=\"1539\">\n<p data-start=\"1436\" data-end=\"1539\">Visitez le magnifique <strong data-start=\"1458\" data-end=\"1483\">Complexe du temple de Karnak<\/strong> - l'une des plus grandes structures religieuses jamais construites.<\/p>\n<\/li>\n<li data-start=\"1540\" data-end=\"1664\">\n<p data-start=\"1542\" data-end=\"1664\">Promenez-vous dans d'anciennes avenues parsem\u00e9es de sphinx et de piliers imposants, tandis que votre guide vous livre les secrets fascinants du pass\u00e9.<\/p>\n<\/li>\n<\/ul>\n<hr data-start=\"1666\" data-end=\"1669\" \/>\n<h3 data-start=\"1671\" data-end=\"1704\">\ud83c\udf74 <strong data-start=\"1678\" data-end=\"1702\">D\u00e9jeuner VIP<\/strong><\/h3>\n<p data-start=\"1705\" data-end=\"1880\">Savourez un <strong data-start=\"1713\" data-end=\"1730\">d\u00e9jeuner gastronomique<\/strong> \ud83c\udf7d\ufe0f dans un restaurant soigneusement s\u00e9lectionn\u00e9 au bord du Nil. Savourez une cuisine \u00e9gyptienne authentique tout en profitant d'une vue \u00e0 couper le souffle qui ajoute une touche de magie \u00e0 votre repas.<\/p>\n<hr data-start=\"1882\" data-end=\"1885\" \/>\n<h3 data-start=\"1887\" data-end=\"1931\">\ud83d\udecd\ufe0f <strong data-start=\"1895\" data-end=\"1929\">Exp\u00e9rience d'achat personnalis\u00e9e<\/strong><\/h3>\n<p data-start=\"1932\" data-end=\"2078\">Arr\u00eat dans les boutiques exclusives et les bazars \ud83d\udecd\ufe0f \u00e0 explorer <strong data-start=\"1983\" data-end=\"2053\">souvenirs artisanaux, art de l'alb\u00e2tre et produits \u00e9gyptiens authentiques<\/strong>, Tout cela \u00e0 votre rythme.<\/p>\n<hr data-start=\"2080\" data-end=\"2083\" \/>\n<h3 data-start=\"2085\" data-end=\"2121\">\ud83c\udf07 <strong data-start=\"2092\" data-end=\"2119\">Un voyage de retour sans encombre<\/strong><\/h3>\n<p data-start=\"2122\" data-end=\"2296\">Terminez votre journ\u00e9e par un <strong data-start=\"2142\" data-end=\"2175\">retour confortable en voiture priv\u00e9e<\/strong> \u00e0 votre h\u00f4tel, avec les souvenirs d'un v\u00e9ritable <strong data-start=\"2216\" data-end=\"2269\">un voyage luxueux, sans tracas et inoubliable<\/strong> \u00e0 travers les merveilles de Louxor.<\/p>\n<hr data-start=\"2298\" data-end=\"2301\" \/>\n<h3 data-start=\"493\" data-end=\"529\">\ud83d\udde3\ufe0f <strong data-start=\"501\" data-end=\"527\">Nous parlons votre langue<\/strong><\/h3>\n<ul data-start=\"530\" data-end=\"594\">\n<li>Polonais<\/li>\n<li>Fran\u00e7ais<\/li>\n<li>Anglais<\/li>\n<li>Allemand<\/li>\n<li>Portugais<\/li>\n<li>Espagnol<\/li>\n<li>...et plus encore !<\/li>\n<\/ul>\n<p data-start=\"596\" data-end=\"678\">D'o\u00f9 que vous veniez, nous assurons une communication fluide et une touche personnalis\u00e9e.<\/p>\n<hr data-start=\"2298\" data-end=\"2301\" \/>\n<h3 data-start=\"2303\" data-end=\"2343\"><strong data-start=\"2307\" data-end=\"2341\">Pourquoi choisir l'exp\u00e9rience VIP ?<\/strong><\/h3>\n<ul data-start=\"2344\" data-end=\"2584\">\n<li data-start=\"2344\" data-end=\"2398\">\n<p data-start=\"2346\" data-end=\"2398\">\ud83d\ude90 Transport priv\u00e9 de luxe pour un maximum de 8 passagers<\/p>\n<\/li>\n<li data-start=\"2399\" data-end=\"2446\">\n<p data-start=\"2401\" data-end=\"2446\">\ud83c\udfdb\ufe0f Service de guide \u00e9gyptologue personnalis\u00e9<\/p>\n<\/li>\n<li data-start=\"2447\" data-end=\"2490\">\n<p data-start=\"2449\" data-end=\"2490\">D\u00e9jeuner de luxe dans un restaurant pittoresque<\/p>\n<\/li>\n<li data-start=\"2491\" data-end=\"2538\">\n<p data-start=\"2493\" data-end=\"2538\">\u23f1\ufe0f Horaire flexible adapt\u00e9 \u00e0 votre groupe<\/p>\n<\/li>\n<li data-start=\"2539\" data-end=\"2584\">\n<p data-start=\"2541\" data-end=\"2584\">\ud83d\udecd\ufe0f Arr\u00eats shopping exclusifs sur demande<\/p>\n<\/li>\n<\/ul>\n<hr data-start=\"2298\" data-end=\"2301\" \/>\n<h3 data-start=\"2198\" data-end=\"2225\"><strong data-start=\"2205\" data-end=\"2223\">\ud83e\udd11 Prix de l'excursion<\/strong><\/h3>\n<p data-start=\"2228\" data-end=\"2260\"><strong data-start=\"2233\" data-end=\"2258\">\u00a0 \u00a0<img decoding=\"async\" class=\"emoji\" role=\"img\" draggable=\"false\" src=\"https:\/\/s.w.org\/images\/core\/emoji\/16.0.1\/svg\/1f64e-1f3fb-200d-2642-fe0f.svg\" alt=\"\ud83d\ude4e\ud83c\udffb\u200d\u2642\ufe0f\" \/> 12 ans et plus 80 euros<\/strong><\/p>\n<p data-start=\"2228\" data-end=\"2260\"><strong data-start=\"2263\" data-end=\"2280\">\u00a0 \u00a0<img decoding=\"async\" class=\"emoji\" role=\"img\" draggable=\"false\" src=\"https:\/\/s.w.org\/images\/core\/emoji\/16.0.1\/svg\/1f9cd-1f3fb-200d-2640-fe0f.svg\" alt=\"\ud83e\uddcd\ud83c\udffb\u200d\u2640\ufe0f\" \/> 6\/11 ans 40 \u20ac<\/strong><\/p>\n<p data-start=\"2228\" data-end=\"2260\"><strong data-start=\"2327\" data-end=\"2355\">\u00a0 \u00a0<img decoding=\"async\" class=\"emoji\" role=\"img\" draggable=\"false\" src=\"https:\/\/s.w.org\/images\/core\/emoji\/16.0.1\/svg\/1f47c-1f3fc.svg\" alt=\"\ud83d\udc7c\ud83c\udffc\" \/> - 6 ans 20 \u20ac<\/strong><\/p>\n<h3 data-start=\"2198\" data-end=\"2225\"><strong data-start=\"2205\" data-end=\"2223\">Le paiement en USD ($ \ud83c\uddfa\ud83c\uddf8) au lieu de l'EUR (\u20ac \ud83c\uddea\ud83c\uddfa) est possible en fonction du taux de change bancaire quotidien.<\/strong><\/h3>\n<p data-start=\"2228\" data-end=\"2260\"><strong>\ud83d\ude90\ud83c\udf0a Pour les clients s\u00e9journant en dehors de la ville d'Hurghada (Safaga - Makadi - Sahl Hasheesh - El Gouna), un petit suppl\u00e9ment de transfert vous assure de rejoindre votre aventure en douceur et confortablement.<\/strong><\/p>\n<p><strong>R\u00e9server par WhatsApp :<\/strong><\/p>\n<p><a href=\"https:\/\/api.whatsapp.com\/send\/?phone=01021058859\" target=\"_blank\" rel=\"noopener\">\u00a0<img decoding=\"async\" class=\"alignnone wp-image-2058\" src=\"https:\/\/poehalisnamiegypt.com\/wp-content\/uploads\/2024\/02\/pngwing.com_-300x300.png\" sizes=\"auto, (max-width: 35px) 100vw, 35px\" srcset=\"https:\/\/poehalisnamiegypt.com\/wp-content\/uploads\/2024\/02\/pngwing.com_-300x300.png 300w, https:\/\/poehalisnamiegypt.com\/wp-content\/uploads\/2024\/02\/pngwing.com_-150x150.png 150w, https:\/\/poehalisnamiegypt.com\/wp-content\/uploads\/2024\/02\/pngwing.com_.png 584w\" alt=\"\" width=\"53\" height=\"53\" \/><\/a><\/p>\n<div id=\"gtx-trans\" style=\"position: absolute; left: 299px; top: 3.375px;\">\n<div class=\"gtx-trans-icon\"><\/div>\n<\/div>","protected":false},"excerpt":{"rendered":"<p>\ud83d\ude90 Luxor VIP Tour \u2013 Private Experience for up to 8 Guests Indulge in the ultimate luxury journey to Luxor, where history comes alive among ancient temples, royal tombs, and timeless Nile landscapes. This VIP private tour for up to 8 guests is designed for travelers who value comfort, exclusivity, and personalized service. \ud83c\udf05 Exclusive [&hellip;]<\/p>","protected":false},"featured_media":9868,"comment_status":"open","ping_status":"closed","template":"","meta":{"_monsterinsights_skip_tracking":false,"_monsterinsights_sitenote_active":false,"_monsterinsights_sitenote_note":"","_monsterinsights_sitenote_category":0},"product_brand":[],"product_cat":[65],"product_tag":[],"class_list":{"0":"post-9871","1":"product","2":"type-product","3":"status-publish","4":"has-post-thumbnail","6":"product_cat-luxor","8":"first","9":"instock","10":"shipping-taxable","11":"purchasable","12":"product-type-ovabrw_car_rental"},"_links":{"self":[{"href":"https:\/\/redsea-dream-tours.com\/fr\/wp-json\/wp\/v2\/product\/9871","targetHints":{"allow":["GET"]}}],"collection":[{"href":"https:\/\/redsea-dream-tours.com\/fr\/wp-json\/wp\/v2\/product"}],"about":[{"href":"https:\/\/redsea-dream-tours.com\/fr\/wp-json\/wp\/v2\/types\/product"}],"replies":[{"embeddable":true,"href":"https:\/\/redsea-dream-tours.com\/fr\/wp-json\/wp\/v2\/comments?post=9871"}],"wp:featuredmedia":[{"embeddable":true,"href":"https:\/\/redsea-dream-tours.com\/fr\/wp-json\/wp\/v2\/media\/9868"}],"wp:attachment":[{"href":"https:\/\/redsea-dream-tours.com\/fr\/wp-json\/wp\/v2\/media?parent=9871"}],"wp:term":[{"taxonomy":"product_brand","embeddable":true,"href":"https:\/\/redsea-dream-tours.com\/fr\/wp-json\/wp\/v2\/product_brand?post=9871"},{"taxonomy":"product_cat","embeddable":true,"href":"https:\/\/redsea-dream-tours.com\/fr\/wp-json\/wp\/v2\/product_cat?post=9871"},{"taxonomy":"product_tag","embeddable":true,"href":"https:\/\/redsea-dream-tours.com\/fr\/wp-json\/wp\/v2\/product_tag?post=9871"}],"curies":[{"name":"wp","href":"https:\/\/api.w.org\/{rel}","templated":true}]}}