{"id":9853,"date":"2025-09-07T10:15:10","date_gmt":"2025-09-07T10:15:10","guid":{"rendered":"https:\/\/redsea-dream-tours.com\/?post_type=product&#038;p=9853"},"modified":"2025-11-28T15:21:15","modified_gmt":"2025-11-28T15:21:15","slug":"dolphin-world-trip","status":"publish","type":"product","link":"https:\/\/redsea-dream-tours.com\/fr\/produit\/dolphin-world-trip\/","title":{"rendered":"Spectacle de l'aventure du monde des dauphins"},"content":{"rendered":"<h3 data-start=\"127\" data-end=\"195\">\ud83d\udc2c <strong data-start=\"134\" data-end=\"193\">Bienvenue au Monde des Dauphins - L\u00e0 o\u00f9 la magie rencontre l'oc\u00e9an !<\/strong><\/h3>\n<p data-start=\"197\" data-end=\"314\">Faites l'exp\u00e9rience de l'une des plus modernes <strong data-start=\"231\" data-end=\"259\">delphiniums dans le monde<\/strong> et pr\u00e9parez-vous \u00e0 vivre une aventure marine inoubliable !<\/p>\n<h3 data-start=\"316\" data-end=\"364\">\ud83c\udfad <strong data-start=\"323\" data-end=\"362\">Spectacle de dauphins et d'animaux marins<\/strong><\/h3>\n<p data-start=\"365\" data-end=\"673\">Laissez-vous surprendre par notre incroyable <strong data-start=\"393\" data-end=\"430\">les dauphins, les otaries et les chats de mer<\/strong> en interpr\u00e9tant un \u00e9ventail \u00e9blouissant de <strong data-start=\"467\" data-end=\"495\">se retourne, saute et se tortille<\/strong> - ils ont m\u00eame <em data-start=\"508\" data-end=\"514\">chanter<\/em> et <em data-start=\"519\" data-end=\"525\">parler<\/em>!<br data-start=\"526\" data-end=\"529\" \/>Nos formateurs experts plongeront dans l'action, nageront c\u00f4te \u00e0 c\u00f4te avec ces gracieuses cr\u00e9atures et mettront en \u00e9vidence leur capacit\u00e9 \u00e0 s'adapter \u00e0 l'environnement. <strong data-start=\"639\" data-end=\"670\">tendresse et intelligence<\/strong>.<\/p>\n<h3 data-start=\"675\" data-end=\"713\">\ud83c\udfdb\ufe0f <strong data-start=\"683\" data-end=\"711\">Exp\u00e9rience du th\u00e9\u00e2tre romain<\/strong><\/h3>\n<p data-start=\"714\" data-end=\"948\">Prenez place dans notre <strong data-start=\"736\" data-end=\"770\">Th\u00e9\u00e2tre de style romain de 1 288 places<\/strong> et pr\u00e9parez-vous \u00e0 des \u00e9claboussures, des vagues et de l'\u00e9nergie positive pure !<\/p>\n<p data-start=\"714\" data-end=\"948\">De nombreux visiteurs viennent pour les dauphins, mais ils finissent par tomber amoureux de nos animaux enjou\u00e9s. <strong data-start=\"915\" data-end=\"941\">les otaries et les chats de mer<\/strong> aussi.<\/p>\n<h3 data-start=\"675\" data-end=\"713\"><strong data-start=\"683\" data-end=\"711\">\ud83d\udc2c Capturer un moment m\u00e9morable avec un dauphin<\/strong><\/h3>\n<p data-start=\"86\" data-end=\"91\">Partager un moment unique avec\u00a0<strong>dauphins<\/strong>\u00a0. Vous pouvez profiter d'un\u00a0<strong>s\u00e9ance photo au bord de la piscine<\/strong>\u00a0. Les c\u00e2lins et les baisers seront au rendez-vous. A vous de choisir\u00a0<strong>10 photos<\/strong>\u00a0de l'ensemble de la prise de vue.<\/p>\n<h3 data-start=\"950\" data-end=\"988\">\ud83c\udfca\u200d\u2642\ufe0f <strong data-start=\"960\" data-end=\"986\">Nager avec les dauphins 5 m<\/strong><\/h3>\n<p data-start=\"989\" data-end=\"1213\">Dolphin World est l'un des rares endroits o\u00f9 l'on peut <strong data-start=\"1041\" data-end=\"1063\">nager avec les dauphins<\/strong>!<br data-start=\"1064\" data-end=\"1067\" \/>Dans une eau profonde jusqu'\u00e0 la poitrine, vous sentirez la <strong data-start=\"1113\" data-end=\"1146\">le pouvoir, le jeu et la magie<\/strong> de ces \u00e9tonnants mammif\u00e8res dans le cadre d'une exp\u00e9rience s\u00fbre et inoubliable.<\/p>\n<article class=\"text-token-text-primary w-full focus:outline-none scroll-mt-[calc(var(--header-height)+min(200px,max(70px,20svh)))]\" dir=\"auto\" tabindex=\"-1\" data-turn-id=\"request-68cf1740-f044-8320-b794-7b729d41709a-28\" data-testid=\"conversation-turn-48\" data-scroll-anchor=\"true\" data-turn=\"assistant\">\n<div class=\"text-base my-auto mx-auto pb-10 [--thread-content-margin:--spacing(4)] thread-sm:[--thread-content-margin:--spacing(6)] thread-lg:[--thread-content-margin:--spacing(16)] px-(--thread-content-margin)\">\n<div class=\"[--thread-content-max-width:40rem] thread-lg:[--thread-content-max-width:48rem] mx-auto max-w-(--thread-content-max-width) flex-1 group\/turn-messages focus-visible:outline-hidden relative flex w-full min-w-0 flex-col agent-turn\" tabindex=\"-1\">\n<div class=\"flex max-w-full flex-col grow\">\n<div class=\"min-h-8 text-message relative flex w-full flex-col items-end gap-2 text-start break-words whitespace-normal [.text-message+&amp;]:mt-5\" dir=\"auto\" data-message-author-role=\"assistant\" data-message-id=\"a00ddcf7-a768-4e46-b96f-a3ad63f6293d\" data-message-model-slug=\"gpt-5-mini\">\n<div class=\"flex w-full flex-col gap-1 empty:hidden first:pt-[3px]\">\n<div class=\"markdown prose dark:prose-invert w-full break-words light markdown-new-styling\">\n<p data-start=\"47\" data-end=\"69\" data-is-last-node=\"\" data-is-only-node=\"\"><strong data-start=\"47\" data-end=\"69\" data-is-last-node=\"\">\ud83e\udd11 Prix de l'activit\u00e9 :<\/strong><\/p>\n<\/div>\n<\/div>\n<\/div>\n<\/div>\n<\/div>\n<\/div>\n<\/article>\n<table width=\"433\">\n<tbody>\n<tr>\n<td width=\"126\"><strong>\u00a0\u20ac\u00a0\u00a0\u00a0 40.00<\/strong><\/td>\n<td width=\"307\"><strong>Photo du dauphin<\/strong><\/td>\n<\/tr>\n<tr>\n<td><strong>\u00a0\u20ac\u00a0\u00a0\u00a0 50.00<\/strong><\/td>\n<td width=\"307\"><strong>Nage avec les dauphins<\/strong><\/td>\n<\/tr>\n<tr>\n<td><strong>\u00a0\u20ac\u00a0\u00a0\u00a0 15.00<\/strong><\/td>\n<td width=\"307\"><strong>Spectacle de dauphins<\/strong><\/td>\n<\/tr>\n<tr>\n<td><strong>\u00a0\u20ac\u00a0\u00a0\u00a0 10.00<\/strong><\/td>\n<td width=\"307\"><strong> Compagnon <\/strong><\/td>\n<\/tr>\n<\/tbody>\n<\/table>\n<h3 data-start=\"2198\" data-end=\"2225\"><strong data-start=\"2205\" data-end=\"2223\">Le paiement en USD ($ \ud83c\uddfa\ud83c\uddf8) au lieu de l'EUR (\u20ac \ud83c\uddea\ud83c\uddfa) est possible en fonction du taux de change bancaire quotidien.<\/strong><\/h3>\n<p><strong>R\u00e9server par WhatsApp :<\/strong><\/p>\n<p><a href=\"https:\/\/api.whatsapp.com\/send\/?phone=01021058859\" target=\"_blank\" rel=\"noopener\">\u00a0<img decoding=\"async\" class=\"alignnone wp-image-2058\" src=\"https:\/\/poehalisnamiegypt.com\/wp-content\/uploads\/2024\/02\/pngwing.com_-300x300.png\" sizes=\"auto, (max-width: 35px) 100vw, 35px\" srcset=\"https:\/\/poehalisnamiegypt.com\/wp-content\/uploads\/2024\/02\/pngwing.com_-300x300.png 300w, https:\/\/poehalisnamiegypt.com\/wp-content\/uploads\/2024\/02\/pngwing.com_-150x150.png 150w, https:\/\/poehalisnamiegypt.com\/wp-content\/uploads\/2024\/02\/pngwing.com_.png 584w\" alt=\"\" width=\"53\" height=\"53\" \/><\/a><\/p>\n<div id=\"gtx-trans\" style=\"position: absolute; left: 279px; top: 3.375px;\">\n<div class=\"gtx-trans-icon\"><\/div>\n<\/div>","protected":false},"excerpt":{"rendered":"<p>\ud83d\udc2c Welcome to Dolphin World \u2013 Where Magic Meets the Ocean! Experience one of the most modern delphiniums in the world and get ready for an unforgettable marine adventure! \ud83c\udfad Spectacular Dolphin &amp; Sea Life Show Be amazed by our incredible dolphins, sea lions, and sea cats as they perform a dazzling array of flips, [&hellip;]<\/p>","protected":false},"featured_media":9859,"comment_status":"open","ping_status":"closed","template":"","meta":{"_monsterinsights_skip_tracking":false,"_monsterinsights_sitenote_active":false,"_monsterinsights_sitenote_note":"","_monsterinsights_sitenote_category":0},"product_brand":[],"product_cat":[64],"product_tag":[],"class_list":{"0":"post-9853","1":"product","2":"type-product","3":"status-publish","4":"has-post-thumbnail","6":"product_cat-entertaining","8":"first","9":"instock","10":"shipping-taxable","11":"purchasable","12":"product-type-ovabrw_car_rental"},"_links":{"self":[{"href":"https:\/\/redsea-dream-tours.com\/fr\/wp-json\/wp\/v2\/product\/9853","targetHints":{"allow":["GET"]}}],"collection":[{"href":"https:\/\/redsea-dream-tours.com\/fr\/wp-json\/wp\/v2\/product"}],"about":[{"href":"https:\/\/redsea-dream-tours.com\/fr\/wp-json\/wp\/v2\/types\/product"}],"replies":[{"embeddable":true,"href":"https:\/\/redsea-dream-tours.com\/fr\/wp-json\/wp\/v2\/comments?post=9853"}],"wp:featuredmedia":[{"embeddable":true,"href":"https:\/\/redsea-dream-tours.com\/fr\/wp-json\/wp\/v2\/media\/9859"}],"wp:attachment":[{"href":"https:\/\/redsea-dream-tours.com\/fr\/wp-json\/wp\/v2\/media?parent=9853"}],"wp:term":[{"taxonomy":"product_brand","embeddable":true,"href":"https:\/\/redsea-dream-tours.com\/fr\/wp-json\/wp\/v2\/product_brand?post=9853"},{"taxonomy":"product_cat","embeddable":true,"href":"https:\/\/redsea-dream-tours.com\/fr\/wp-json\/wp\/v2\/product_cat?post=9853"},{"taxonomy":"product_tag","embeddable":true,"href":"https:\/\/redsea-dream-tours.com\/fr\/wp-json\/wp\/v2\/product_tag?post=9853"}],"curies":[{"name":"wp","href":"https:\/\/api.w.org\/{rel}","templated":true}]}}