{"id":9845,"date":"2025-09-07T09:16:55","date_gmt":"2025-09-07T09:16:55","guid":{"rendered":"https:\/\/redsea-dream-tours.com\/?post_type=product&#038;p=9845"},"modified":"2025-11-28T15:21:57","modified_gmt":"2025-11-28T15:21:57","slug":"speed-boot-2-pax","status":"publish","type":"product","link":"https:\/\/redsea-dream-tours.com\/fr\/produit\/speed-boot-2-pax\/","title":{"rendered":"Excursion priv\u00e9e en bateau rapide sur la mer Rouge"},"content":{"rendered":"<h2 data-start=\"90\" data-end=\"148\">\ud83d\udea4 <strong data-start=\"96\" data-end=\"146\">Aventure priv\u00e9e en bateau rapide\u00a0<\/strong><\/h2>\n<p data-start=\"150\" data-end=\"326\">A la recherche d'un <strong data-start=\"165\" data-end=\"203\">une exp\u00e9rience exclusive et passionnante<\/strong> sur la mer Rouge ? Montez \u00e0 bord de notre <strong data-start=\"235\" data-end=\"259\">Bateau rapide 200HP RIB<\/strong> pour un voyage priv\u00e9 con\u00e7u sp\u00e9cialement pour vous et jusqu'\u00e0 <strong data-start=\"311\" data-end=\"323\">7 invit\u00e9s<\/strong>!<\/p>\n<hr data-start=\"328\" data-end=\"331\" \/>\n<h3 data-start=\"333\" data-end=\"367\">\u23f0 <strong data-start=\"339\" data-end=\"365\">Dur\u00e9e flexible du voyage<\/strong><\/h3>\n<ul data-start=\"368\" data-end=\"608\">\n<li data-start=\"368\" data-end=\"485\">\n<p data-start=\"370\" data-end=\"485\"><strong data-start=\"370\" data-end=\"390\">Minimum : 4 heures<\/strong> - Parfait pour explorer les superbes \u00eeles \ud83c\udfdd\ufe0f avec du temps pour nager ou faire de la plong\u00e9e avec masque et tuba.<\/p>\n<\/li>\n<li data-start=\"486\" data-end=\"608\">\n<p data-start=\"488\" data-end=\"608\"><strong data-start=\"488\" data-end=\"515\">Possibilit\u00e9 de trajets plus courts<\/strong> - Id\u00e9al pour un <strong data-start=\"530\" data-end=\"555\">une mont\u00e9e d'adr\u00e9naline rapide<\/strong> ou un <strong data-start=\"561\" data-end=\"589\">courte escapade de plong\u00e9e avec tuba<\/strong> vers des sites proches.<\/p>\n<\/li>\n<\/ul>\n<hr data-start=\"610\" data-end=\"613\" \/>\n<h3 data-start=\"615\" data-end=\"657\">\ud83c\udfca <strong data-start=\"622\" data-end=\"655\">Que comprend votre voyage ?<\/strong><\/h3>\n<ul data-start=\"658\" data-end=\"829\">\n<li data-start=\"658\" data-end=\"718\">\n<p data-start=\"660\" data-end=\"718\"><strong data-start=\"660\" data-end=\"691\">Arr\u00eats de natation et de plong\u00e9e en apn\u00e9e<\/strong> dans des endroits \u00e0 couper le souffle \ud83c\udf0a<\/p>\n<\/li>\n<li data-start=\"719\" data-end=\"767\">\n<p data-start=\"721\" data-end=\"767\"><strong data-start=\"721\" data-end=\"746\">Gilets de sauvetage fournis<\/strong> pour votre s\u00e9curit\u00e9 \ud83e\uddba<\/p>\n<\/li>\n<li data-start=\"768\" data-end=\"829\">\n<p data-start=\"770\" data-end=\"829\"><strong data-start=\"770\" data-end=\"794\">Capitaine professionnel<\/strong> assurer \u00e0 la fois le plaisir et la s\u00e9curit\u00e9 \ud83d\udc68\u200d\u2708\ufe0f<\/p>\n<\/li>\n<\/ul>\n<hr data-start=\"831\" data-end=\"834\" \/>\n<h3 data-start=\"836\" data-end=\"860\">\ud83e\udd6a <strong data-start=\"843\" data-end=\"858\">Alimentation et \u00e9quipement<\/strong><\/h3>\n<ul data-start=\"861\" data-end=\"971\">\n<li data-start=\"861\" data-end=\"917\">\n<p data-start=\"863\" data-end=\"917\">Apportez votre <strong data-start=\"874\" data-end=\"896\">son propre kit de plong\u00e9e avec tuba<\/strong> \ud83e\udd3f (si vous pr\u00e9f\u00e9rez)<\/p>\n<\/li>\n<li data-start=\"918\" data-end=\"971\">\n<p data-start=\"920\" data-end=\"971\">Pr\u00e9parez votre <strong data-start=\"930\" data-end=\"943\">d\u00e9jeuner personnel<\/strong> ou des en-cas pour le voyage \ud83c\udf71<\/p>\n<\/li>\n<\/ul>\n<hr data-start=\"973\" data-end=\"976\" \/>\n<h3 data-start=\"978\" data-end=\"1009\">\ud83d\ude8c <strong data-start=\"985\" data-end=\"1007\">Prise en charge et d\u00e9p\u00f4t<\/strong><\/h3>\n<ul data-start=\"1010\" data-end=\"1116\">\n<li data-start=\"1010\" data-end=\"1066\">\n<p data-start=\"1012\" data-end=\"1066\"><strong data-start=\"1012\" data-end=\"1038\">Prise en charge et retour \u00e0 l'h\u00f4tel<\/strong> \u00e0 l'heure de votre choix \ud83c\udfe8<\/p>\n<\/li>\n<li data-start=\"1067\" data-end=\"1116\">\n<p data-start=\"1069\" data-end=\"1116\">Transfert confortable vers la jet\u00e9e et retour \ud83d\ude90<\/p>\n<\/li>\n<\/ul>\n<hr data-start=\"1118\" data-end=\"1121\" \/>\n<h3 data-start=\"1123\" data-end=\"1163\">\ud83c\udf1f <strong data-start=\"1130\" data-end=\"1161\">Pourquoi choisir cette exp\u00e9rience ?<\/strong><\/h3>\n<ul data-start=\"1164\" data-end=\"1310\">\n<li data-start=\"1164\" data-end=\"1203\">\n<p data-start=\"1166\" data-end=\"1203\">Priv\u00e9 et personnalis\u00e9 - pas de foule !<\/p>\n<\/li>\n<li data-start=\"1204\" data-end=\"1255\">\n<p data-start=\"1206\" data-end=\"1255\">Horaire flexible - votre aventure, vos r\u00e8gles !<\/p>\n<\/li>\n<li data-start=\"1256\" data-end=\"1310\">\n<p data-start=\"1258\" data-end=\"1310\">Parfait pour <strong data-start=\"1270\" data-end=\"1308\">familles, couples ou petits groupes<\/strong><\/p>\n<\/li>\n<\/ul>\n<p><strong>Vitesse \u00e0 l'entr\u00e9e d'une \u00eele. Le prix est ajout\u00e9 \u00e0 chaque personne.<\/strong><\/p>\n<hr data-start=\"1118\" data-end=\"1121\" \/>\n<article class=\"text-token-text-primary w-full focus:outline-none scroll-mt-[calc(var(--header-height)+min(200px,max(70px,20svh)))]\" dir=\"auto\" tabindex=\"-1\" data-turn-id=\"request-WEB:03ee36ad-4c16-45a2-a255-2a64e427af84-13\" data-testid=\"conversation-turn-28\" data-scroll-anchor=\"false\" data-turn=\"assistant\">\n<div class=\"text-base my-auto mx-auto [--thread-content-margin:--spacing(4)] thread-sm:[--thread-content-margin:--spacing(6)] thread-lg:[--thread-content-margin:--spacing(16)] px-(--thread-content-margin)\">\n<div class=\"[--thread-content-max-width:40rem] thread-lg:[--thread-content-max-width:48rem] mx-auto max-w-(--thread-content-max-width) flex-1 group\/turn-messages focus-visible:outline-hidden relative flex w-full min-w-0 flex-col agent-turn\" tabindex=\"-1\">\n<div class=\"flex min-h-[46px] justify-start\">\u2728 <strong data-start=\"73\" data-end=\"113\">Escapades sur les \u00eeles en option (co\u00fbt suppl\u00e9mentaire)<\/strong><\/div>\n<div>\ud83d\udc2c Dolphin House<\/div>\n<\/div>\n<\/div>\n<\/article>\n<div>\ud83c\udfdd\ufe0fEden Entr\u00e9e pour toute la journ\u00e9e sur l'\u00eele + d\u00e9jeuner<\/div>\n<div>\ud83c\udfdd\ufe0fEden Entr\u00e9e \u00e0 la journ\u00e9e sur l'\u00eele (plage uniquement)<\/div>\n<div>\ud83c\udfdd\ufe0fOrange Entr\u00e9e \u00e0 la journ\u00e9e sur l'\u00eele (plage uniquement)<\/div>\n<div>\ud83c\udfdd\ufe0fOzaria Entr\u00e9e pour toute la journ\u00e9e sur l'\u00eele + d\u00e9jeuner<\/div>\n<div>\ud83c\udfdd\ufe0fOzaria Entr\u00e9e \u00e0 la journ\u00e9e sur l'\u00eele (plage uniquement)<\/div>\n<div>\ud83c\udfdd\ufe0fHula Entr\u00e9e \u00e0 la journ\u00e9e \u00e0 Hula Island (plage uniquement)<\/div>\n<div>\n<hr data-start=\"1118\" data-end=\"1121\" \/>\n<\/div>\n<article class=\"text-token-text-primary w-full focus:outline-none scroll-mt-[calc(var(--header-height)+min(200px,max(70px,20svh)))]\" dir=\"auto\" tabindex=\"-1\" data-turn-id=\"request-WEB:03ee36ad-4c16-45a2-a255-2a64e427af84-13\" data-testid=\"conversation-turn-28\" data-scroll-anchor=\"false\" data-turn=\"assistant\">\n<div class=\"text-base my-auto mx-auto [--thread-content-margin:--spacing(4)] thread-sm:[--thread-content-margin:--spacing(6)] thread-lg:[--thread-content-margin:--spacing(16)] px-(--thread-content-margin)\">\n<div class=\"[--thread-content-max-width:40rem] thread-lg:[--thread-content-max-width:48rem] mx-auto max-w-(--thread-content-max-width) flex-1 group\/turn-messages focus-visible:outline-hidden relative flex w-full min-w-0 flex-col agent-turn\" tabindex=\"-1\">\n<div class=\"flex max-w-full flex-col grow\">\n<div class=\"min-h-8 text-message relative flex w-full flex-col items-end gap-2 text-start break-words whitespace-normal [.text-message+&amp;]:mt-5\" dir=\"auto\" data-message-author-role=\"assistant\" data-message-id=\"760e0008-4ee9-469d-a373-6afec52afb60\" data-message-model-slug=\"gpt-5\">\n<div class=\"flex w-full flex-col gap-1 empty:hidden first:pt-[3px]\">\n<div class=\"markdown prose dark:prose-invert w-full break-words light markdown-new-styling\">\n<p data-start=\"35\" data-end=\"59\">\ud83e\udd11 <strong data-start=\"38\" data-end=\"57\">Prix de l'excursion<\/strong><\/p>\n<p data-start=\"61\" data-end=\"126\" data-is-last-node=\"\" data-is-only-node=\"\">\ud83d\ude4e\ud83c\udffb\u200d\u2642\ufe0f <strong data-start=\"69\" data-end=\"82\">2 personnes :<\/strong> \u20ac 140<br data-start=\"87\" data-end=\"90\" \/>\ud83d\udc64 <strong data-start=\"93\" data-end=\"120\">Chaque personne suppl\u00e9mentaire :<\/strong> \u20ac 15<\/p>\n<h3 data-start=\"2198\" data-end=\"2225\"><strong data-start=\"2205\" data-end=\"2223\">Le paiement en USD ($ \ud83c\uddfa\ud83c\uddf8) au lieu de l'EUR (\u20ac \ud83c\uddea\ud83c\uddfa) est possible en fonction du taux de change bancaire quotidien.<\/strong><\/h3>\n<\/div>\n<\/div>\n<\/div>\n<\/div>\n<\/div>\n<\/div>\n<\/article>\n<p><strong>R\u00e9server par WhatsApp :<\/strong><\/p>\n<p><a href=\"https:\/\/api.whatsapp.com\/send\/?phone=01021058859\" target=\"_blank\" rel=\"noopener\">\u00a0<img decoding=\"async\" class=\"alignnone wp-image-2058\" src=\"https:\/\/poehalisnamiegypt.com\/wp-content\/uploads\/2024\/02\/pngwing.com_-300x300.png\" sizes=\"auto, (max-width: 35px) 100vw, 35px\" srcset=\"https:\/\/poehalisnamiegypt.com\/wp-content\/uploads\/2024\/02\/pngwing.com_-300x300.png 300w, https:\/\/poehalisnamiegypt.com\/wp-content\/uploads\/2024\/02\/pngwing.com_-150x150.png 150w, https:\/\/poehalisnamiegypt.com\/wp-content\/uploads\/2024\/02\/pngwing.com_.png 584w\" alt=\"\" width=\"53\" height=\"53\" \/><\/a><\/p>","protected":false},"excerpt":{"rendered":"<p>\ud83d\udea4 Private Speed Boat Adventure\u00a0 Looking for an exclusive and thrilling experience on the Red Sea? Hop aboard our 200HP RIB speed boat for a private trip designed just for you and up to 7 guests! \u23f0 Flexible Trip Duration Minimum: 4 hours \u2013 Perfect to explore the stunning Several islands\u00a0\ud83c\udfdd\ufe0f with time for swimming [&hellip;]<\/p>","protected":false},"featured_media":10912,"comment_status":"open","ping_status":"closed","template":"","meta":{"_monsterinsights_skip_tracking":false,"_monsterinsights_sitenote_active":false,"_monsterinsights_sitenote_note":"","_monsterinsights_sitenote_category":0},"product_brand":[],"product_cat":[68],"product_tag":[],"class_list":{"0":"post-9845","1":"product","2":"type-product","3":"status-publish","4":"has-post-thumbnail","6":"product_cat-sea","8":"first","9":"instock","10":"shipping-taxable","11":"purchasable","12":"product-type-ovabrw_car_rental"},"_links":{"self":[{"href":"https:\/\/redsea-dream-tours.com\/fr\/wp-json\/wp\/v2\/product\/9845","targetHints":{"allow":["GET"]}}],"collection":[{"href":"https:\/\/redsea-dream-tours.com\/fr\/wp-json\/wp\/v2\/product"}],"about":[{"href":"https:\/\/redsea-dream-tours.com\/fr\/wp-json\/wp\/v2\/types\/product"}],"replies":[{"embeddable":true,"href":"https:\/\/redsea-dream-tours.com\/fr\/wp-json\/wp\/v2\/comments?post=9845"}],"wp:featuredmedia":[{"embeddable":true,"href":"https:\/\/redsea-dream-tours.com\/fr\/wp-json\/wp\/v2\/media\/10912"}],"wp:attachment":[{"href":"https:\/\/redsea-dream-tours.com\/fr\/wp-json\/wp\/v2\/media?parent=9845"}],"wp:term":[{"taxonomy":"product_brand","embeddable":true,"href":"https:\/\/redsea-dream-tours.com\/fr\/wp-json\/wp\/v2\/product_brand?post=9845"},{"taxonomy":"product_cat","embeddable":true,"href":"https:\/\/redsea-dream-tours.com\/fr\/wp-json\/wp\/v2\/product_cat?post=9845"},{"taxonomy":"product_tag","embeddable":true,"href":"https:\/\/redsea-dream-tours.com\/fr\/wp-json\/wp\/v2\/product_tag?post=9845"}],"curies":[{"name":"wp","href":"https:\/\/api.w.org\/{rel}","templated":true}]}}