{"id":11081,"date":"2025-10-30T23:05:03","date_gmt":"2025-10-30T23:05:03","guid":{"rendered":"https:\/\/redsea-dream-tours.com\/?post_type=product&#038;p=11081"},"modified":"2025-11-28T14:17:31","modified_gmt":"2025-11-28T14:17:31","slug":"house-riding-marsa-alam","status":"publish","type":"product","link":"https:\/\/redsea-dream-tours.com\/fr\/produit\/house-riding-marsa-alam\/","title":{"rendered":"Promenade \u00e0 cheval sur la plage : coucher de soleil et aventure en mer"},"content":{"rendered":"<article class=\"text-token-text-primary w-full focus:outline-none [--shadow-height:45px] has-data-writing-block:pointer-events-none has-data-writing-block:-mt-(--shadow-height) has-data-writing-block:pt-(--shadow-height) [&amp;:has([data-writing-block])&gt;*]:pointer-events-auto [content-visibility:auto] supports-[content-visibility:auto]:[contain-intrinsic-size:auto_100lvh] scroll-mt-[calc(var(--header-height)+min(200px,max(70px,20svh)))]\" dir=\"auto\" tabindex=\"-1\" data-turn-id=\"request-6903ce85-4168-8327-bdb0-c493d5e00242-8\" data-testid=\"conversation-turn-48\" data-scroll-anchor=\"true\" data-turn=\"assistant\">\n<div class=\"text-base my-auto mx-auto pb-10 [--thread-content-margin:--spacing(4)] thread-sm:[--thread-content-margin:--spacing(6)] thread-lg:[--thread-content-margin:--spacing(16)] px-(--thread-content-margin)\">\n<div class=\"[--thread-content-max-width:40rem] thread-lg:[--thread-content-max-width:48rem] mx-auto max-w-(--thread-content-max-width) flex-1 group\/turn-messages focus-visible:outline-hidden relative flex w-full min-w-0 flex-col agent-turn\" tabindex=\"-1\">\n<div class=\"flex max-w-full flex-col grow\">\n<div class=\"min-h-8 text-message relative flex w-full flex-col items-end gap-2 text-start break-words whitespace-normal [.text-message+&amp;]:mt-1\" dir=\"auto\" data-message-author-role=\"assistant\" data-message-id=\"32b8ca16-bc76-4dec-acc1-042b2c4d31a1\" data-message-model-slug=\"gpt-5\">\n<div class=\"flex w-full flex-col gap-1 empty:hidden first:pt-[1px]\">\n<div class=\"markdown prose dark:prose-invert w-full break-words light markdown-new-styling\">\n<p data-start=\"0\" data-end=\"81\">\ud83c\udf0a\ud83d\udc0e <strong data-start=\"5\" data-end=\"77\">Promenade magique \u00e0 cheval au bord de la mer - La seule \u00e9curie de Marsa Alam en bord de mer !<\/strong> \u2728<\/p>\n<p data-start=\"83\" data-end=\"343\">Mettez-vous en selle pour vivre une exp\u00e9rience inoubliable \u00e0 la <strong data-start=\"132\" data-end=\"185\">seule aventure \u00e9questre directement sur la plage<\/strong>!<br data-start=\"186\" data-end=\"189\" \/>Sentez la douce brise marine, \u00e9coutez le bruit des vagues et roulez librement le long du littoral dor\u00e9 de Marsa Alam - l\u00e0 o\u00f9 le d\u00e9sert rencontre la mer. \ud83d\udc34\ud83d\udca6<\/p>\n<p data-start=\"345\" data-end=\"412\">\ud83d\udccd <strong data-start=\"348\" data-end=\"361\">Localisation :<\/strong> La seule station de chevaux en bord de mer - <em data-start=\"398\" data-end=\"410\">Marsa Alam<\/em><\/p>\n<hr data-start=\"414\" data-end=\"417\" \/>\n<p data-start=\"419\" data-end=\"671\">\u23f1\ufe0f <strong data-start=\"422\" data-end=\"440\">Programme d'une heure<\/strong><br data-start=\"440\" data-end=\"443\" \/>Profitez d'une promenade paisible et pittoresque le long du rivage, en galopant \u00e0 c\u00f4t\u00e9 des vagues cristallines alors que le soleil se couche \u00e0 l'horizon. \ud83c\udf05<br data-start=\"568\" data-end=\"571\" \/>\ud83d\udcab Une exp\u00e9rience vraiment magique et lib\u00e9ratrice qui vous relie \u00e0 la nature et \u00e0 l'esprit de la mer.<\/p>\n<hr data-start=\"673\" data-end=\"676\" \/>\n<p data-start=\"678\" data-end=\"960\">\u23f1\ufe0f <strong data-start=\"681\" data-end=\"699\">Programme de 2 heures<\/strong><br data-start=\"699\" data-end=\"702\" \/>Deux fois plus de temps, deux fois plus de joie !<br data-start=\"734\" data-end=\"737\" \/>Montez votre cheval non seulement le long de la plage, mais aussi \u00e0 l'int\u00e9rieur de celle-ci. <strong data-start=\"787\" data-end=\"814\">dans les eaux peu profondes<\/strong>, o\u00f9 vous cr\u00e9erez des souvenirs - et des photos - qui resteront \u00e0 jamais. \ud83d\udcf8\ud83d\udca6\ud83d\udc0e<br data-start=\"885\" data-end=\"888\" \/>\u2728 Capturez des images \u00e0 couper le souffle pendant que votre cheval s'\u00e9clabousse dans les vagues !<\/p>\n<hr data-start=\"962\" data-end=\"965\" \/>\n<p data-start=\"967\" data-end=\"1097\" data-is-last-node=\"\" data-is-only-node=\"\">\ud83d\udd25 <strong data-start=\"970\" data-end=\"1005\">R\u00e9servez d\u00e8s maintenant votre aventure en bord de mer<\/strong> et laissez l'harmonie de la mer, du sable et des chevaux cr\u00e9er un moment que vous n'oublierez jamais ! \ud83c\udf34\ud83c\udfd6\ufe0f<\/p>\n<\/div>\n<\/div>\n<\/div>\n<\/div>\n<div class=\"z-0 flex min-h-[46px] justify-start\">\n<article class=\"text-token-text-primary w-full focus:outline-none [--shadow-height:45px] has-data-writing-block:pointer-events-none has-data-writing-block:-mt-(--shadow-height) has-data-writing-block:pt-(--shadow-height) [&amp;:has([data-writing-block])&gt;*]:pointer-events-auto [content-visibility:auto] supports-[content-visibility:auto]:[contain-intrinsic-size:auto_100lvh] scroll-mt-[calc(var(--header-height)+min(200px,max(70px,20svh)))]\" dir=\"auto\" tabindex=\"-1\" data-turn-id=\"request-6903ce85-4168-8327-bdb0-c493d5e00242-6\" data-testid=\"conversation-turn-44\" data-scroll-anchor=\"true\" data-turn=\"assistant\">\n<div class=\"text-base my-auto mx-auto pb-10 [--thread-content-margin:--spacing(4)] thread-sm:[--thread-content-margin:--spacing(6)] thread-lg:[--thread-content-margin:--spacing(16)] px-(--thread-content-margin)\">\n<div class=\"[--thread-content-max-width:40rem] thread-lg:[--thread-content-max-width:48rem] mx-auto max-w-(--thread-content-max-width) flex-1 group\/turn-messages focus-visible:outline-hidden relative flex w-full min-w-0 flex-col agent-turn\" tabindex=\"-1\">\n<div class=\"z-0 flex min-h-[46px] justify-start\">\ud83e\udd11 <strong data-start=\"55\" data-end=\"74\">Prix de l'excursion\u00a0<\/strong><br data-start=\"74\" data-end=\"77\" \/>\ud83d\ude4e\ud83c\udffb\u200d\u2642\ufe0f <strong data-start=\"681\" data-end=\"699\">Programme d'une heure<\/strong><strong data-start=\"85\" data-end=\"106\">:<\/strong> \u20ac 35<\/div>\n<div class=\"z-0 flex min-h-[46px] justify-start\">\ud83d\ude4e\ud83c\udffb\u200d\u2642\ufe0f <strong data-start=\"681\" data-end=\"699\">Programme de deux heures<\/strong><strong data-start=\"85\" data-end=\"106\">:<\/strong> \u20ac 50<\/div>\n<\/div>\n<\/div>\n<\/article>\n<div class=\"pointer-events-none h-px w-px\" aria-hidden=\"true\" data-edge=\"true\">\n<h3 data-start=\"2198\" data-end=\"2225\"><strong data-start=\"2205\" data-end=\"2223\">Le paiement en USD ($ \ud83c\uddfa\ud83c\uddf8) au lieu de l'EUR (\u20ac \ud83c\uddea\ud83c\uddfa) est possible en fonction du taux de change bancaire quotidien.<\/strong><\/h3>\n<\/div>\n<\/div>\n<div class=\"mt-3 w-full empty:hidden\">\n<div class=\"text-center\"><\/div>\n<\/div>\n<\/div>\n<\/div>\n<\/article>\n<div class=\"pointer-events-none h-px w-px\" aria-hidden=\"true\" data-edge=\"true\"><\/div>","protected":false},"excerpt":{"rendered":"<p>\ud83c\udf0a\ud83d\udc0e Magical Horse Ride by the Sea \u2013 Marsa Alam\u2019s Only Beachfront Stable! \u2728 Saddle up for an unforgettable experience at the only horse-riding adventure directly on the beach!Feel the gentle sea breeze, listen to the sound of the waves, and ride freely along Marsa Alam\u2019s golden coastline \u2014 where the desert meets the sea. [&hellip;]<\/p>","protected":false},"featured_media":11090,"comment_status":"open","ping_status":"closed","template":"","meta":{"_monsterinsights_skip_tracking":false,"_monsterinsights_sitenote_active":false,"_monsterinsights_sitenote_note":"","_monsterinsights_sitenote_category":0},"product_brand":[],"product_cat":[66],"product_tag":[],"class_list":{"0":"post-11081","1":"product","2":"type-product","3":"status-publish","4":"has-post-thumbnail","6":"product_cat-marsa-alam","8":"first","9":"instock","10":"shipping-taxable","11":"purchasable","12":"product-type-ovabrw_car_rental"},"_links":{"self":[{"href":"https:\/\/redsea-dream-tours.com\/fr\/wp-json\/wp\/v2\/product\/11081","targetHints":{"allow":["GET"]}}],"collection":[{"href":"https:\/\/redsea-dream-tours.com\/fr\/wp-json\/wp\/v2\/product"}],"about":[{"href":"https:\/\/redsea-dream-tours.com\/fr\/wp-json\/wp\/v2\/types\/product"}],"replies":[{"embeddable":true,"href":"https:\/\/redsea-dream-tours.com\/fr\/wp-json\/wp\/v2\/comments?post=11081"}],"wp:featuredmedia":[{"embeddable":true,"href":"https:\/\/redsea-dream-tours.com\/fr\/wp-json\/wp\/v2\/media\/11090"}],"wp:attachment":[{"href":"https:\/\/redsea-dream-tours.com\/fr\/wp-json\/wp\/v2\/media?parent=11081"}],"wp:term":[{"taxonomy":"product_brand","embeddable":true,"href":"https:\/\/redsea-dream-tours.com\/fr\/wp-json\/wp\/v2\/product_brand?post=11081"},{"taxonomy":"product_cat","embeddable":true,"href":"https:\/\/redsea-dream-tours.com\/fr\/wp-json\/wp\/v2\/product_cat?post=11081"},{"taxonomy":"product_tag","embeddable":true,"href":"https:\/\/redsea-dream-tours.com\/fr\/wp-json\/wp\/v2\/product_tag?post=11081"}],"curies":[{"name":"wp","href":"https:\/\/api.w.org\/{rel}","templated":true}]}}