{"id":11067,"date":"2025-10-21T00:38:46","date_gmt":"2025-10-21T00:38:46","guid":{"rendered":"https:\/\/redsea-dream-tours.com\/?post_type=product&#038;p=11067"},"modified":"2025-12-03T17:38:42","modified_gmt":"2025-12-03T17:38:42","slug":"elite-vip-marsa-alam","status":"publish","type":"product","link":"https:\/\/redsea-dream-tours.com\/fr\/produit\/elite-vip-marsa-alam\/","title":{"rendered":"Yacht Elite VIP : Croisi\u00e8re de luxe et plong\u00e9e en apn\u00e9e"},"content":{"rendered":"<p data-start=\"97\" data-end=\"163\"><strong data-start=\"97\" data-end=\"163\">\u2728 Vivez le luxe - Elite VIP Yacht Experience on the Red Sea !<\/strong><\/p>\n<p data-start=\"165\" data-end=\"340\">\u26f5 Montez \u00e0 bord de notre \u00e9l\u00e9gant yacht Elite VIP et sentez la diff\u00e9rence d\u00e8s le premier instant.<br data-start=\"258\" data-end=\"261\" \/>Il ne s'agit pas d'une simple excursion en bateau, mais d'un voyage en bateau. <strong data-start=\"298\" data-end=\"319\">exp\u00e9rience de luxe<\/strong> con\u00e7u pour impressionner.<\/p>\n<p data-start=\"342\" data-end=\"513\">\ud83c\udf64 <strong data-start=\"345\" data-end=\"376\">D\u00e9jeuner\/d\u00eener gastronomique en mer<\/strong><br data-start=\"376\" data-end=\"379\" \/>Profitez d'un buffet tout compris avec des crevettes, du poisson et du poulet fra\u00eechement grill\u00e9s - une exp\u00e9rience gastronomique cinq \u00e9toiles flottant sur des eaux cristallines.<\/p>\n<p data-start=\"515\" data-end=\"684\">\ud83e\udd3f <strong data-start=\"518\" data-end=\"554\">D\u00e9couvrez le paradis sous-marin<\/strong><br data-start=\"554\" data-end=\"557\" \/>Deux arr\u00eats guid\u00e9s de plong\u00e9e avec masque et tuba o\u00f9 vous d\u00e9couvrirez des r\u00e9cifs coralliens \u00e0 couper le souffle et une vie marine color\u00e9e - la mer Rouge sous son meilleur jour.<\/p>\n<p data-start=\"686\" data-end=\"811\">\ud83c\udf05 <strong data-start=\"689\" data-end=\"709\">Une fin magique<\/strong><br data-start=\"709\" data-end=\"712\" \/>Choisissez le programme du coucher de soleil et regardez le ciel devenir dor\u00e9 pendant que vous d\u00eenez dans une atmosph\u00e8re de r\u00eave et de romantisme.<\/p>\n<hr data-start=\"813\" data-end=\"816\" \/>\n<p data-start=\"818\" data-end=\"1035\"><strong data-start=\"818\" data-end=\"837\">\ud83d\udccc Programme de voyage<\/strong><br \/>\n\ud83d\udd58 Deux d\u00e9parts :<br data-start=\"856\" data-end=\"859\" \/>- Matin : 09h00 - 14h00<br data-start=\"883\" data-end=\"886\" \/>- Coucher de soleil : 14:00 - 19:30 (avec vue sur le coucher de soleil)<br data-start=\"932\" data-end=\"935\" \/>\ud83e\udd3f 2 s\u00e9ances de plong\u00e9e en apn\u00e9e<br data-start=\"959\" data-end=\"962\" \/>\ud83c\udfdd\ufe0f Temps libre \u00e0 Port Ghalib<br data-start=\"990\" data-end=\"993\" \/>Vue sur le coucher de soleil (pour le programme de l'apr\u00e8s-midi)<\/p>\n<hr data-start=\"1037\" data-end=\"1040\" \/>\n<p data-start=\"1042\" data-end=\"1171\"><strong data-start=\"1042\" data-end=\"1070\">\ud83d\udc8e Inclus dans le prix<\/strong><br \/>\nH\u00f4tel \u2194 Transferts portuaires<br data-start=\"1095\" data-end=\"1098\" \/>\u2705 \u00c9quipement de plong\u00e9e avec tuba<br data-start=\"1120\" data-end=\"1123\" \/>D\u00e9jeuner ou d\u00eener gastronomique (buffet tout compris)<\/p>\n<hr data-start=\"1173\" data-end=\"1176\" \/>\n<p data-start=\"1178\" data-end=\"1259\">R\u00e9servez d\u00e8s maintenant et laissez la mer Rouge cr\u00e9er <strong data-start=\"1214\" data-end=\"1255\">l'un des meilleurs souvenirs de votre vie<\/strong>!<\/p>\n<h3 data-start=\"56\" data-end=\"80\">Prix de l'excursion<\/h3>\n<ul data-start=\"82\" data-end=\"222\">\n<li data-start=\"82\" data-end=\"129\">\n<p data-start=\"84\" data-end=\"129\">\ud83d\ude4e\ud83c\udffb\u200d\u2642\ufe0f Adultes (11 ans et plus) : <strong data-start=\"120\" data-end=\"127\">80 \u20ac<\/strong><\/p>\n<\/li>\n<li data-start=\"130\" data-end=\"180\">\n<p data-start=\"132\" data-end=\"180\">\ud83e\uddcd\ud83c\udffb\u200d\u2640\ufe0f Enfants (jusqu'\u00e0 11 ans) : <strong data-start=\"171\" data-end=\"178\">40 \u20ac<\/strong><\/p>\n<\/li>\n<li data-start=\"181\" data-end=\"222\">\n<p data-start=\"183\" data-end=\"222\">\ud83d\udc7c\ud83c\udffc Enfants de moins de 5 ans : <strong data-start=\"212\" data-end=\"220\">Gratuit<\/strong><\/p>\n<\/li>\n<\/ul>\n<article class=\"text-token-text-primary w-full focus:outline-none [--shadow-height:45px] has-data-writing-block:pointer-events-none has-data-writing-block:-mt-(--shadow-height) has-data-writing-block:pt-(--shadow-height) [&amp;:has([data-writing-block])&gt;*]:pointer-events-auto scroll-mt-[calc(var(--header-height)+min(200px,max(70px,20svh)))]\" dir=\"auto\" tabindex=\"-1\" data-turn-id=\"request-WEB:199560a9-4006-4083-ad71-35d46ac899d7-2\" data-testid=\"conversation-turn-6\" data-scroll-anchor=\"false\" data-turn=\"assistant\">\n<div class=\"text-base my-auto mx-auto [--thread-content-margin:--spacing(4)] thread-sm:[--thread-content-margin:--spacing(6)] thread-lg:[--thread-content-margin:--spacing(16)] px-(--thread-content-margin)\">\n<div class=\"[--thread-content-max-width:40rem] thread-lg:[--thread-content-max-width:48rem] mx-auto max-w-(--thread-content-max-width) flex-1 group\/turn-messages focus-visible:outline-hidden relative flex w-full min-w-0 flex-col agent-turn\" tabindex=\"-1\">\n<div class=\"flex max-w-full flex-col grow\">\n<div class=\"min-h-8 text-message relative flex w-full flex-col items-end gap-2 text-start break-words whitespace-normal [.text-message+&amp;]:mt-1\" dir=\"auto\" data-message-author-role=\"assistant\" data-message-id=\"d0ca6ef4-29cd-4ac4-bc5c-08d8463cd8f3\" data-message-model-slug=\"gpt-5-1\">\n<div class=\"flex w-full flex-col gap-1 empty:hidden first:pt-[1px]\">\n<div class=\"markdown prose dark:prose-invert w-full break-words light markdown-new-styling\">\n<p data-start=\"38\" data-end=\"179\" data-is-last-node=\"\" data-is-only-node=\"\">\u2728 <strong data-start=\"40\" data-end=\"179\" data-is-last-node=\"\">Un suppl\u00e9ment de 5 \u20ac est appliqu\u00e9 pour la location d'un masque et un autre de 5 \u20ac pour la location de palmes, ce qui vous donne tout ce dont vous avez besoin pour une aventure sous-marine parfaite !<\/strong><\/p>\n<\/div>\n<\/div>\n<\/div>\n<\/div>\n<\/div>\n<\/div>\n<\/article>\n<hr data-start=\"1173\" data-end=\"1176\" \/>\n<h3 data-start=\"2198\" data-end=\"2225\"><strong data-start=\"2205\" data-end=\"2223\">Le paiement en USD ($ \ud83c\uddfa\ud83c\uddf8) au lieu de l'EUR (\u20ac \ud83c\uddea\ud83c\uddfa) est possible en fonction du taux de change bancaire quotidien.<\/strong><\/h3>","protected":false},"excerpt":{"rendered":"<p>\u2728 Live the Luxury \u2014 Elite VIP Yacht Experience on the Red Sea! \u26f5 Step aboard our elegant Elite VIP yacht and feel the difference from the very first moment.This isn\u2019t just a boat trip \u2014 it\u2019s a luxury experience designed to impress. \ud83c\udf64 Gourmet Lunch\/Dinner at SeaEnjoy an all-inclusive buffet with fresh grilled shrimp, [&hellip;]<\/p>","protected":false},"featured_media":11068,"comment_status":"open","ping_status":"closed","template":"","meta":{"_monsterinsights_skip_tracking":false,"_monsterinsights_sitenote_active":false,"_monsterinsights_sitenote_note":"","_monsterinsights_sitenote_category":0},"product_brand":[],"product_cat":[66],"product_tag":[],"class_list":{"0":"post-11067","1":"product","2":"type-product","3":"status-publish","4":"has-post-thumbnail","6":"product_cat-marsa-alam","8":"first","9":"instock","10":"shipping-taxable","11":"purchasable","12":"product-type-ovabrw_car_rental"},"_links":{"self":[{"href":"https:\/\/redsea-dream-tours.com\/fr\/wp-json\/wp\/v2\/product\/11067","targetHints":{"allow":["GET"]}}],"collection":[{"href":"https:\/\/redsea-dream-tours.com\/fr\/wp-json\/wp\/v2\/product"}],"about":[{"href":"https:\/\/redsea-dream-tours.com\/fr\/wp-json\/wp\/v2\/types\/product"}],"replies":[{"embeddable":true,"href":"https:\/\/redsea-dream-tours.com\/fr\/wp-json\/wp\/v2\/comments?post=11067"}],"wp:featuredmedia":[{"embeddable":true,"href":"https:\/\/redsea-dream-tours.com\/fr\/wp-json\/wp\/v2\/media\/11068"}],"wp:attachment":[{"href":"https:\/\/redsea-dream-tours.com\/fr\/wp-json\/wp\/v2\/media?parent=11067"}],"wp:term":[{"taxonomy":"product_brand","embeddable":true,"href":"https:\/\/redsea-dream-tours.com\/fr\/wp-json\/wp\/v2\/product_brand?post=11067"},{"taxonomy":"product_cat","embeddable":true,"href":"https:\/\/redsea-dream-tours.com\/fr\/wp-json\/wp\/v2\/product_cat?post=11067"},{"taxonomy":"product_tag","embeddable":true,"href":"https:\/\/redsea-dream-tours.com\/fr\/wp-json\/wp\/v2\/product_tag?post=11067"}],"curies":[{"name":"wp","href":"https:\/\/api.w.org\/{rel}","templated":true}]}}