{"id":11011,"date":"2025-09-21T22:57:44","date_gmt":"2025-09-21T22:57:44","guid":{"rendered":"https:\/\/redsea-dream-tours.com\/?post_type=product&#038;p=11011"},"modified":"2025-11-28T14:23:27","modified_gmt":"2025-11-28T14:23:27","slug":"mini-safari","status":"publish","type":"product","link":"https:\/\/redsea-dream-tours.com\/fr\/produit\/mini-safari\/","title":{"rendered":"Aventure en quad : Randonn\u00e9e dans le d\u00e9sert et exp\u00e9rience b\u00e9douine"},"content":{"rendered":"<p data-start=\"0\" data-end=\"46\">\ud83c\udfcd\ufe0f <strong data-start=\"4\" data-end=\"41\">Aventure en quad \u00e0 Marsa Alam<\/strong> \ud83c\udf05<\/p>\n<p data-start=\"48\" data-end=\"264\">Pr\u00e9parez-vous \u00e0 vivre une exp\u00e9rience riche en adr\u00e9naline \u00e0 travers les sables dor\u00e9s et le long de la magnifique c\u00f4te de la mer Rouge ! Que vous pr\u00e9f\u00e9riez une courte aventure ou un voyage complet dans le d\u00e9sert - nous avons la balade parfaite pour vous. \ud83c\udfdc\ufe0f\u2728<\/p>\n<hr data-start=\"266\" data-end=\"269\" \/>\n<p data-start=\"271\" data-end=\"315\">\ud83d\udeb4\u200d\u2642\ufe0f <strong data-start=\"277\" data-end=\"313\">Programme 1 : Excursion de 2 heures en quad<\/strong><\/p>\n<p data-start=\"317\" data-end=\"424\">Une exp\u00e9rience rapide et palpitante con\u00e7ue pour les amateurs d'aventure qui veulent ressentir l'esprit sauvage du d\u00e9sert ! \ud83d\udca8<\/p>\n<p data-start=\"426\" data-end=\"841\"><strong data-start=\"426\" data-end=\"447\">Le programme comprend<\/strong><br data-start=\"447\" data-end=\"450\" \/>\u2705 Prise en charge \u00e0 votre h\u00f4tel en v\u00e9hicule climatis\u00e9 (minibus - coaster - jeep - limousine).<br data-start=\"542\" data-end=\"545\" \/>\u2705 Point de rencontre \u00e0 <strong data-start=\"564\" data-end=\"582\">La cour des chameaux<\/strong>.<br data-start=\"583\" data-end=\"586\" \/>\u2705 Randonn\u00e9e en quad \u00e0 travers les dunes du d\u00e9sert et le long de la c\u00f4te de la mer Rouge pendant 2 heures.<br data-start=\"664\" data-end=\"667\" \/>Une halte relaxante dans une tente b\u00e9douine - savourez le th\u00e9 b\u00e9douin traditionnel et profitez de l'ambiance paisible du d\u00e9sert.<br data-start=\"765\" data-end=\"768\" \/>Transfert retour \u00e0 l'h\u00f4tel apr\u00e8s cette excursion passionnante et m\u00e9morable.<\/p>\n<p data-start=\"843\" data-end=\"993\">\ud83d\udca7 <em data-start=\"846\" data-end=\"857\">Comprend :<\/em> 1 bouteille d'eau min\u00e9rale + th\u00e9 b\u00e9douin<br data-start=\"897\" data-end=\"900\" \/>\ud83d\udd52 <em data-start=\"903\" data-end=\"913\">Horaires :<\/em> Matin et apr\u00e8s-midi<br data-start=\"933\" data-end=\"936\" \/>\ud83d\udcc5 <em data-start=\"939\" data-end=\"991\">Disponible tous les jours - Aucun nombre minimum de participants n'est requis<\/em><\/p>\n<hr data-start=\"995\" data-end=\"998\" \/>\n<p data-start=\"1000\" data-end=\"1050\">\ud83c\udfdc\ufe0f <strong data-start=\"1004\" data-end=\"1046\">Programme 2 : 5 heures d'aventure en super quad<\/strong> \u2728<\/p>\n<p data-start=\"1052\" data-end=\"1185\">Allez au-del\u00e0 de l'ordinaire ! Cette aventure prolong\u00e9e m\u00eale adr\u00e9naline, culture b\u00e9douine et coucher de soleil magique dans le d\u00e9sert, sous les \u00e9toiles. \ud83c\udf0c<\/p>\n<p data-start=\"1187\" data-end=\"1669\"><strong data-start=\"1187\" data-end=\"1208\">Le programme comprend<\/strong><br data-start=\"1208\" data-end=\"1211\" \/>\u2705 40 km en quad \u00e0 travers le d\u00e9sert et le long de la c\u00f4te de Marsa Alam.<br data-start=\"1289\" data-end=\"1292\" \/>\ud83d\udc2a Authentique promenade \u00e0 dos de chameau pour une v\u00e9ritable exp\u00e9rience b\u00e9douine.<br data-start=\"1346\" data-end=\"1349\" \/>\ud83c\udf05 Coucher de soleil sur les montagnes du d\u00e9sert oriental.<br data-start=\"1402\" data-end=\"1405\" \/>\ud83c\udf7d\ufe0f D\u00eener b\u00e9douin sous forme de buffet ouvert et sous le ciel \u00e9toil\u00e9.<br data-start=\"1457\" data-end=\"1460\" \/>\ud83c\udfb6 Divertissement en direct avec une danseuse du ventre \ud83d\udc83 et un spectacle de Tanoura \ud83c\udf00.<br data-start=\"1525\" data-end=\"1528\" \/>\u2728 Observation des \u00e9toiles dans la nuit claire du d\u00e9sert.<br data-start=\"1567\" data-end=\"1570\" \/>\ud83d\ude99 Transfert retour \u00e0 votre h\u00f4tel apr\u00e8s une soir\u00e9e inoubliable remplie d'aventures et d'\u00e9merveillement.<\/p>\n<p data-start=\"1671\" data-end=\"1805\" data-is-last-node=\"\" data-is-only-node=\"\">\ud83d\udca7 <em data-start=\"1674\" data-end=\"1685\">Comprend :<\/em> 2 bouteilles d'eau min\u00e9rale + th\u00e9 b\u00e9douin + d\u00eener buffet ouvert<br data-start=\"1747\" data-end=\"1750\" \/>\ud83d\udcc5 <em data-start=\"1753\" data-end=\"1805\" data-is-last-node=\"\">Disponible tous les jours - Aucun nombre minimum de participants n'est requis<\/em><\/p>\n<div class=\"st-highlight\">\n<article class=\"text-token-text-primary w-full focus:outline-none scroll-mt-[calc(var(--header-height)+min(200px,max(70px,20svh)))]\" dir=\"auto\" tabindex=\"-1\" data-turn-id=\"request-WEB:5e64c979-49d4-4b32-829a-7378032eeeb2-11\" data-testid=\"conversation-turn-24\" data-scroll-anchor=\"true\" data-turn=\"assistant\">\n<div class=\"text-base my-auto mx-auto pb-10 [--thread-content-margin:--spacing(4)] thread-sm:[--thread-content-margin:--spacing(6)] thread-lg:[--thread-content-margin:--spacing(16)] px-(--thread-content-margin)\">\n<div class=\"[--thread-content-max-width:40rem] thread-lg:[--thread-content-max-width:48rem] mx-auto max-w-(--thread-content-max-width) flex-1 group\/turn-messages focus-visible:outline-hidden relative flex w-full min-w-0 flex-col agent-turn\" tabindex=\"-1\">\n<div class=\"flex max-w-full flex-col grow\">\n<div class=\"min-h-8 text-message relative flex w-full flex-col items-end gap-2 text-start break-words whitespace-normal [.text-message+&amp;]:mt-5\" dir=\"auto\" data-message-author-role=\"assistant\" data-message-id=\"a753eb81-c995-4692-bb09-97f133a6e4b6\" data-message-model-slug=\"gpt-5-mini\">\n<div class=\"flex w-full flex-col gap-1 empty:hidden first:pt-[3px]\">\n<div class=\"markdown prose dark:prose-invert w-full break-words light markdown-new-styling\">\n<p data-start=\"46\" data-end=\"197\" data-is-last-node=\"\" data-is-only-node=\"\">\ud83e\udd11 <strong data-start=\"49\" data-end=\"68\">Prix des activit\u00e9s Programme Matin Excursion de 2 heures en quad<\/strong><br data-start=\"68\" data-end=\"71\" \/>\ud83d\ude4e\ud83c\udffb\u200d\u2642\ufe0f A partir de 16 ans : 25<br data-start=\"101\" data-end=\"104\" \/>\ud83e\uddcd\ud83c\udffb\u200d\u2640\ufe0f De 5 \u00e0 15 ans : 15 \u20ac (passager seul)<br data-start=\"156\" data-end=\"159\" \/>\ud83d\udc7c\ud83c\udffc Moins de 5 ans : \ud83d\udeab Interdit<\/p>\n<p data-start=\"46\" data-end=\"197\" data-is-last-node=\"\" data-is-only-node=\"\">\ud83e\udd11 <strong data-start=\"49\" data-end=\"68\">Prix de l'activit\u00e9 Programme Soir\u00e9e 5 heures Super Quad Adventure<\/strong><br data-start=\"68\" data-end=\"71\" \/>\ud83d\ude4e\ud83c\udffb\u200d\u2642\ufe0f A partir de 16 ans : 30 \u20ac<br data-start=\"101\" data-end=\"104\" \/>\ud83e\uddcd\ud83c\udffb\u200d\u2640\ufe0f De 5 \u00e0 15 ans : 20 \u20ac (passager seul)<br data-start=\"156\" data-end=\"159\" \/>\ud83d\udc7c\ud83c\udffc Moins de 5 ans : \ud83d\udeab Interdit<\/p>\n<h3 data-start=\"2198\" data-end=\"2225\"><strong data-start=\"2205\" data-end=\"2223\">Le paiement en USD ($ \ud83c\uddfa\ud83c\uddf8) au lieu de l'EUR (\u20ac \ud83c\uddea\ud83c\uddfa) est possible en fonction du taux de change bancaire quotidien.<\/strong><\/h3>\n<\/div>\n<\/div>\n<\/div>\n<\/div>\n<\/div>\n<\/div>\n<\/article>\n<\/div>\n<div class=\"st-hr large\"><\/div>\n<div id=\"gtx-trans\" style=\"position: absolute; left: 224px; top: 47.8px;\">\n<div class=\"gtx-trans-icon\"><\/div>\n<\/div>","protected":false},"excerpt":{"rendered":"<p>\ud83c\udfcd\ufe0f Quad Bike Adventure in Marsa Alam \ud83c\udf05 Get ready for an adrenaline-pumping experience through the golden sands and along the stunning Red Sea coast! Whether you prefer a short adventure or a full desert journey \u2014 we\u2019ve got the perfect ride for you. \ud83c\udfdc\ufe0f\u2728 \ud83d\udeb4\u200d\u2642\ufe0f Program 1: 2-Hour Quad Bike Trip A fast, thrilling [&hellip;]<\/p>","protected":false},"featured_media":11012,"comment_status":"open","ping_status":"closed","template":"","meta":{"_monsterinsights_skip_tracking":false,"_monsterinsights_sitenote_active":false,"_monsterinsights_sitenote_note":"","_monsterinsights_sitenote_category":0},"product_brand":[],"product_cat":[66],"product_tag":[],"class_list":{"0":"post-11011","1":"product","2":"type-product","3":"status-publish","4":"has-post-thumbnail","6":"product_cat-marsa-alam","8":"first","9":"instock","10":"shipping-taxable","11":"purchasable","12":"product-type-ovabrw_car_rental"},"_links":{"self":[{"href":"https:\/\/redsea-dream-tours.com\/fr\/wp-json\/wp\/v2\/product\/11011","targetHints":{"allow":["GET"]}}],"collection":[{"href":"https:\/\/redsea-dream-tours.com\/fr\/wp-json\/wp\/v2\/product"}],"about":[{"href":"https:\/\/redsea-dream-tours.com\/fr\/wp-json\/wp\/v2\/types\/product"}],"replies":[{"embeddable":true,"href":"https:\/\/redsea-dream-tours.com\/fr\/wp-json\/wp\/v2\/comments?post=11011"}],"wp:featuredmedia":[{"embeddable":true,"href":"https:\/\/redsea-dream-tours.com\/fr\/wp-json\/wp\/v2\/media\/11012"}],"wp:attachment":[{"href":"https:\/\/redsea-dream-tours.com\/fr\/wp-json\/wp\/v2\/media?parent=11011"}],"wp:term":[{"taxonomy":"product_brand","embeddable":true,"href":"https:\/\/redsea-dream-tours.com\/fr\/wp-json\/wp\/v2\/product_brand?post=11011"},{"taxonomy":"product_cat","embeddable":true,"href":"https:\/\/redsea-dream-tours.com\/fr\/wp-json\/wp\/v2\/product_cat?post=11011"},{"taxonomy":"product_tag","embeddable":true,"href":"https:\/\/redsea-dream-tours.com\/fr\/wp-json\/wp\/v2\/product_tag?post=11011"}],"curies":[{"name":"wp","href":"https:\/\/api.w.org\/{rel}","templated":true}]}}