{"id":10986,"date":"2025-09-21T22:01:46","date_gmt":"2025-09-21T22:01:46","guid":{"rendered":"https:\/\/redsea-dream-tours.com\/?post_type=product&#038;p=10986"},"modified":"2025-12-17T17:03:16","modified_gmt":"2025-12-17T17:03:16","slug":"sataya-overnight-trip","status":"publish","type":"product","link":"https:\/\/redsea-dream-tours.com\/fr\/produit\/sataya-overnight-trip\/","title":{"rendered":"Sataya Overnight : Dauphins, plong\u00e9e et magie des r\u00e9cifs"},"content":{"rendered":"<h1 data-start=\"147\" data-end=\"187\">\ud83d\udc2c\u2728 Sataya Overnight Trip Report \u2728\ud83d\udc2c\ud83d\udc2c<\/h1>\n<h2 data-start=\"189\" data-end=\"209\">\ud83d\udccd Introduction<\/h2>\n<p data-start=\"210\" data-end=\"465\"><strong data-start=\"210\" data-end=\"225\">R\u00e9cif de Sataya<\/strong>, \u00e9galement connu sous le nom de <strong data-start=\"245\" data-end=\"261\">R\u00e9cif des dauphins<\/strong>L'un des endroits les plus magiques de la mer Rouge, pr\u00e8s de Marsa Alam. Il abrite de grands groupes d'otaries joueuses. <strong data-start=\"364\" data-end=\"387\">dauphins \u00e0 long bec \ud83d\udc2c<\/strong>Des r\u00e9cifs coralliens vibrants \ud83d\udc20, des eaux cristallines et un riche \u00e9cosyst\u00e8me marin.<\/p>\n<p data-start=\"467\" data-end=\"698\">Le <strong data-start=\"471\" data-end=\"491\">Croisi\u00e8re de nuit<\/strong> vous donne l'occasion unique de passer <strong data-start=\"529\" data-end=\"570\">une nuit compl\u00e8te au milieu de la mer<\/strong> \u00e0 bord d'un yacht confortable, combinant plong\u00e9e, snorkeling, d\u00e9tente et divertissements inoubliables sous un ciel \u00e9toil\u00e9. \ud83c\udf0c\u2728<\/p>\n<hr data-start=\"700\" data-end=\"703\" \/>\n<h2 data-start=\"705\" data-end=\"723\">\ud83d\udee5\ufe0f Itin\u00e9raire<\/h2>\n<h3 data-start=\"725\" data-end=\"740\"><strong data-start=\"729\" data-end=\"738\">Jour 1<\/strong><\/h3>\n<ul data-start=\"741\" data-end=\"1687\">\n<li data-start=\"741\" data-end=\"854\">\n<p data-start=\"743\" data-end=\"854\"><strong data-start=\"743\" data-end=\"766\">Prise en charge et transfert :<\/strong> Transfert matinal de votre h\u00f4tel \u00e0 la marina, puis embarquement \u00e0 bord d'un yacht enti\u00e8rement \u00e9quip\u00e9.<\/p>\n<\/li>\n<li data-start=\"855\" data-end=\"931\">\n<p data-start=\"857\" data-end=\"931\"><strong data-start=\"857\" data-end=\"879\">Navigation vers Sataya :<\/strong> Profitez de la travers\u00e9e pittoresque de la mer Rouge en bateau. \ud83d\udea4<\/p>\n<\/li>\n<li data-start=\"932\" data-end=\"1064\">\n<p data-start=\"934\" data-end=\"1064\"><strong data-start=\"934\" data-end=\"955\">S\u00e9ance d'information :<\/strong> Consignes de s\u00e9curit\u00e9, r\u00e8gles de plong\u00e9e et d'apn\u00e9e, pr\u00e9sentation des dauphins et de l'\u00e9cosyst\u00e8me du r\u00e9cif.<\/p>\n<\/li>\n<li data-start=\"1065\" data-end=\"1178\">\n<p data-start=\"1067\" data-end=\"1178\"><strong data-start=\"1067\" data-end=\"1085\">Premi\u00e8re plong\u00e9e \ud83e\udd3f :<\/strong> Explorez le monde sous-marin magique de Sataya - des jardins de coraux color\u00e9s et des poissons tropicaux.<\/p>\n<\/li>\n<li data-start=\"1179\" data-end=\"1283\">\n<p data-start=\"1181\" data-end=\"1283\"><strong data-start=\"1181\" data-end=\"1213\">Plong\u00e9e en apn\u00e9e avec les dauphins \ud83d\udc2c :<\/strong> Nagez et faites de la plong\u00e9e en apn\u00e9e \u00e0 c\u00f4t\u00e9 de groupes de dauphins dans leur habitat naturel.<\/p>\n<\/li>\n<li data-start=\"1284\" data-end=\"1351\">\n<p data-start=\"1286\" data-end=\"1351\"><strong data-start=\"1286\" data-end=\"1308\">D\u00e9jeuner \u00e0 bord \ud83c\udf74 :<\/strong> D\u00e9licieux d\u00e9jeuner buffet avec boissons non alcoolis\u00e9es.<\/p>\n<\/li>\n<li data-start=\"1352\" data-end=\"1459\">\n<p data-start=\"1354\" data-end=\"1459\"><strong data-start=\"1354\" data-end=\"1395\">Deuxi\u00e8me plong\u00e9e ou exploration des r\u00e9cifs \ud83e\udd3f\ud83d\udc20 :<\/strong> Une autre plong\u00e9e sur un site r\u00e9cifal diff\u00e9rent, plein de merveilles marines.<\/p>\n<\/li>\n<li data-start=\"1460\" data-end=\"1583\">\n<p data-start=\"1462\" data-end=\"1583\"><strong data-start=\"1462\" data-end=\"1502\">Soir\u00e9e (Interwa) \ud83c\udfb6\u2728 :<\/strong> Musique, activit\u00e9s ludiques et petite f\u00eate sur le pont en regardant le coucher du soleil. \ud83c\udf05<\/p>\n<\/li>\n<li data-start=\"1584\" data-end=\"1687\">\n<p data-start=\"1586\" data-end=\"1687\"><strong data-start=\"1586\" data-end=\"1614\">D\u00eener et nuit\u00e9e :<\/strong> Profitez d'un d\u00eener confortable, d\u00e9tendez-vous sur le pont ou observez les \u00e9toiles \u00e0 ciel ouvert. \ud83c\udf0c<\/p>\n<\/li>\n<\/ul>\n<h3 data-start=\"1689\" data-end=\"1704\"><strong data-start=\"1693\" data-end=\"1702\">Jour 2<\/strong><\/h3>\n<ul data-start=\"1705\" data-end=\"2024\">\n<li data-start=\"1705\" data-end=\"1768\">\n<p data-start=\"1707\" data-end=\"1768\"><strong data-start=\"1707\" data-end=\"1731\">Petit d\u00e9jeuner \u2615\ud83e\udd50 :<\/strong> Un nouveau d\u00e9part pour une nouvelle aventure.<\/p>\n<\/li>\n<li data-start=\"1769\" data-end=\"1860\">\n<p data-start=\"1771\" data-end=\"1860\"><strong data-start=\"1771\" data-end=\"1791\">Plong\u00e9e matinale \ud83e\udd3f :<\/strong> D\u00e9couvrez un nouveau site de plong\u00e9e \u00e0 Sataya avec des formations coralliennes \u00e9tonnantes.<\/p>\n<\/li>\n<li data-start=\"1861\" data-end=\"1940\">\n<p data-start=\"1863\" data-end=\"1940\"><strong data-start=\"1863\" data-end=\"1895\">Derni\u00e8re s\u00e9ance de plong\u00e9e en apn\u00e9e \ud83d\udc20 :<\/strong> Explorez davantage le r\u00e9cif avant le d\u00e9part.<\/p>\n<\/li>\n<li data-start=\"1941\" data-end=\"2024\">\n<p data-start=\"1943\" data-end=\"2024\"><strong data-start=\"1943\" data-end=\"1975\">Retour \u00e0 la marina et transfert :<\/strong> Retour au port et transfert \u00e0 l'h\u00f4tel.<\/p>\n<\/li>\n<\/ul>\n<hr data-start=\"2026\" data-end=\"2029\" \/>\n<h2 data-start=\"2031\" data-end=\"2060\">\u2728 Points forts du voyage<\/h2>\n<ul data-start=\"2061\" data-end=\"2416\">\n<li data-start=\"2061\" data-end=\"2113\">\n<p data-start=\"2063\" data-end=\"2113\"><strong data-start=\"2063\" data-end=\"2088\">Nuit en mer<\/strong> \u00e0 bord d'un yacht de luxe.<\/p>\n<\/li>\n<li data-start=\"2114\" data-end=\"2161\">\n<p data-start=\"2116\" data-end=\"2161\"><strong data-start=\"2116\" data-end=\"2134\">Plong\u00e9es multiples<\/strong> sur diff\u00e9rents sites r\u00e9cifaux.<\/p>\n<\/li>\n<li data-start=\"2162\" data-end=\"2224\">\n<p data-start=\"2164\" data-end=\"2224\"><strong data-start=\"2164\" data-end=\"2192\">Plong\u00e9e en apn\u00e9e avec les dauphins<\/strong> dans leur environnement naturel.<\/p>\n<\/li>\n<li data-start=\"2225\" data-end=\"2306\">\n<p data-start=\"2227\" data-end=\"2306\"><strong data-start=\"2227\" data-end=\"2263\">Divertissement \u00e0 bord (Interwa)<\/strong> avec de la musique, de la danse et des activit\u00e9s amusantes.<\/p>\n<\/li>\n<li data-start=\"2307\" data-end=\"2416\">\n<p data-start=\"2309\" data-end=\"2416\">Parfait pour <strong data-start=\"2321\" data-end=\"2380\">les couples \ud83d\udc91, les familles \ud83d\udc68\u200d\ud83d\udc69\u200d\ud83d\udc67\u200d\ud83d\udc66, et les groupes d'amis<\/strong> en qu\u00eate d'aventure et de d\u00e9tente.<\/p>\n<\/li>\n<\/ul>\n<hr data-start=\"2418\" data-end=\"2421\" \/>\n<h2 data-start=\"2423\" data-end=\"2442\">\ud83d\udcdd Conseils de voyage<\/h2>\n<ul data-start=\"2443\" data-end=\"2766\">\n<li data-start=\"2443\" data-end=\"2541\">\n<p data-start=\"2445\" data-end=\"2541\">Apportez vos affaires personnelles : lunettes de soleil \ud83d\udd76\ufe0f, cr\u00e8me solaire adapt\u00e9e aux r\u00e9cifs \ud83e\uddf4, et appareil photo \u00e9tanche \ud83d\udcf7.<\/p>\n<\/li>\n<li data-start=\"2542\" data-end=\"2645\">\n<p data-start=\"2544\" data-end=\"2645\">La plong\u00e9e est recommand\u00e9e pour les plongeurs certifi\u00e9s (PADI, NAUI), tandis que le snorkeling est parfait pour les d\u00e9butants.<\/p>\n<\/li>\n<li data-start=\"2646\" data-end=\"2700\">\n<p data-start=\"2648\" data-end=\"2700\">Reposez-vous t\u00f4t pour profiter du lever de soleil magique en mer. \ud83c\udf05<\/p>\n<\/li>\n<li data-start=\"2701\" data-end=\"2766\">\n<p data-start=\"2703\" data-end=\"2766\">Participez au programme de divertissement pour une nuit inoubliable. \ud83c\udfb6<\/p>\n<\/li>\n<\/ul>\n<hr data-start=\"2768\" data-end=\"2771\" \/>\n<h2 data-start=\"2773\" data-end=\"2791\">\ud83c\udf1f Conclusion<\/h2>\n<p data-start=\"2792\" data-end=\"3062\">Le <strong data-start=\"2796\" data-end=\"2823\">Croisi\u00e8re de nuit \u00e0 Sataya<\/strong> est une exp\u00e9rience unique qui combine <strong data-start=\"2873\" data-end=\"2907\">l'aventure, la d\u00e9tente et le plaisir<\/strong>. \ud83d\udc2c\ud83e\udd3f<br data-start=\"2913\" data-end=\"2916\" \/>Nagez avec les dauphins, plongez dans des r\u00e9cifs vibrants, profitez de spectacles et passez une nuit de r\u00eave sous les \u00e9toiles au c\u0153ur de la mer Rouge. \u2728\ud83c\udf0c<\/p>\n<p data-start=\"1518\" data-end=\"1574\">\ud83e\udd11 <strong data-start=\"44\" data-end=\"63\">Prix des activit\u00e9s ( Snorkeling )<\/strong><br data-start=\"63\" data-end=\"66\" \/>\ud83d\udc68\ud83c\udffb\u200d\ud83e\uddb1 Adultes (12 ans et plus) : <strong data-start=\"103\" data-end=\"110\">200 \u20ac<\/strong><br data-start=\"110\" data-end=\"113\" \/>\ud83e\uddcd\ud83c\udffb\u200d\u2640\ufe0f Enfants (jusqu'\u00e0 12 ans) : <strong data-start=\"148\" data-end=\"155\">135 \u20ac<\/strong><\/p>\n<p data-start=\"1518\" data-end=\"1574\">\ud83e\udd11 <strong data-start=\"44\" data-end=\"63\">Prix de l'activit\u00e9 ( Plong\u00e9e Intro )<\/strong><br data-start=\"63\" data-end=\"66\" \/>\ud83d\udc68\ud83c\udffb\u200d\ud83e\uddb1 Adultes : <strong data-start=\"103\" data-end=\"110\">230 \u20ac<\/strong><\/p>\n<p data-start=\"1518\" data-end=\"1574\">\ud83e\udd11 <strong data-start=\"44\" data-end=\"63\">Prix des activit\u00e9s (plong\u00e9e quotidienne)<\/strong><br data-start=\"63\" data-end=\"66\" \/>\ud83d\udc68\ud83c\udffb\u200d\ud83e\uddb1 Adultes : <strong data-start=\"103\" data-end=\"110\">280 \u20ac<\/strong><\/p>\n<h3 data-start=\"2198\" data-end=\"2225\"><strong data-start=\"2205\" data-end=\"2223\">Le paiement en USD ($ \ud83c\uddfa\ud83c\uddf8) au lieu de l'EUR (\u20ac \ud83c\uddea\ud83c\uddfa) est possible en fonction du taux de change bancaire quotidien.<\/strong><\/h3>","protected":false},"excerpt":{"rendered":"<p>\ud83d\udc2c\u2728 Sataya Overnight Trip Report \u2728\ud83d\udc2c \ud83d\udccd Introduction Sataya Reef, also known as the Dolphin Reef, is one of the most magical spots in the Red Sea near Marsa Alam. It is home to large pods of playful spinner dolphins \ud83d\udc2c, vibrant coral reefs \ud83d\udc20, crystal-clear waters, and a rich marine ecosystem. The Overnight Cruise [&hellip;]<\/p>","protected":false},"featured_media":10988,"comment_status":"open","ping_status":"closed","template":"","meta":{"_monsterinsights_skip_tracking":false,"_monsterinsights_sitenote_active":false,"_monsterinsights_sitenote_note":"","_monsterinsights_sitenote_category":0},"product_brand":[],"product_cat":[66],"product_tag":[],"class_list":{"0":"post-10986","1":"product","2":"type-product","3":"status-publish","4":"has-post-thumbnail","6":"product_cat-marsa-alam","8":"first","9":"instock","10":"shipping-taxable","11":"purchasable","12":"product-type-ovabrw_car_rental"},"_links":{"self":[{"href":"https:\/\/redsea-dream-tours.com\/fr\/wp-json\/wp\/v2\/product\/10986","targetHints":{"allow":["GET"]}}],"collection":[{"href":"https:\/\/redsea-dream-tours.com\/fr\/wp-json\/wp\/v2\/product"}],"about":[{"href":"https:\/\/redsea-dream-tours.com\/fr\/wp-json\/wp\/v2\/types\/product"}],"replies":[{"embeddable":true,"href":"https:\/\/redsea-dream-tours.com\/fr\/wp-json\/wp\/v2\/comments?post=10986"}],"wp:featuredmedia":[{"embeddable":true,"href":"https:\/\/redsea-dream-tours.com\/fr\/wp-json\/wp\/v2\/media\/10988"}],"wp:attachment":[{"href":"https:\/\/redsea-dream-tours.com\/fr\/wp-json\/wp\/v2\/media?parent=10986"}],"wp:term":[{"taxonomy":"product_brand","embeddable":true,"href":"https:\/\/redsea-dream-tours.com\/fr\/wp-json\/wp\/v2\/product_brand?post=10986"},{"taxonomy":"product_cat","embeddable":true,"href":"https:\/\/redsea-dream-tours.com\/fr\/wp-json\/wp\/v2\/product_cat?post=10986"},{"taxonomy":"product_tag","embeddable":true,"href":"https:\/\/redsea-dream-tours.com\/fr\/wp-json\/wp\/v2\/product_tag?post=10986"}],"curies":[{"name":"wp","href":"https:\/\/api.w.org\/{rel}","templated":true}]}}