{"id":10786,"date":"2025-09-13T17:19:20","date_gmt":"2025-09-13T17:19:20","guid":{"rendered":"https:\/\/redsea-dream-tours.com\/?post_type=product&#038;p=10786"},"modified":"2025-12-03T17:39:22","modified_gmt":"2025-12-03T17:39:22","slug":"nefertari","status":"publish","type":"product","link":"https:\/\/redsea-dream-tours.com\/fr\/produit\/nefertari\/","title":{"rendered":"Coucher de soleil royal de Nefertari : Plong\u00e9e en apn\u00e9e et vue sur les coraux"},"content":{"rendered":"<ul data-start=\"1304\" data-end=\"1495\">\n<li data-start=\"1432\" data-end=\"1495\"><img decoding=\"async\" class=\"emoji\" role=\"img\" draggable=\"false\" src=\"https:\/\/s.w.org\/images\/core\/emoji\/16.0.1\/svg\/1f305.svg\" alt=\"\ud83c\udf05\" \/>\u00a0Excursion royale au coucher du soleil avec le bateau NefertariUne exp\u00e9rience pharaonique \u00e0 Marsa Mubarak (Tortues de mer et Dugongs)-<img decoding=\"async\" class=\"emoji\" role=\"img\" draggable=\"false\" src=\"https:\/\/s.w.org\/images\/core\/emoji\/16.0.1\/svg\/1f4d6.svg\" alt=\"\ud83d\udcd6\" \/>\u00a0A propos du voyagePartez pour une aventure inoubliable \u00e0 bord du bateau Nefertari, con\u00e7u dans l'esprit des anciens pharaons, o\u00f9 l'histoire rencontre la magie de la mer Rouge.<img decoding=\"async\" class=\"emoji\" role=\"img\" draggable=\"false\" src=\"https:\/\/s.w.org\/images\/core\/emoji\/16.0.1\/svg\/2728.svg\" alt=\"\u2728\" \/>\u00a0\u00c0 travers des fen\u00eatres sous-marines panoramiques, admirez les r\u00e9cifs coralliens color\u00e9s et les poissons tropicaux.<br \/>\n<img decoding=\"async\" class=\"emoji\" role=\"img\" draggable=\"false\" src=\"https:\/\/s.w.org\/images\/core\/emoji\/16.0.1\/svg\/2728.svg\" alt=\"\u2728\" \/>\u00a0Nagez et faites de la plong\u00e9e en apn\u00e9e dans la c\u00e9l\u00e8bre r\u00e9serve naturelle de Marsa Mubarak, qui abrite des tortues de mer et des dugongs.D\u00e9part : Port Ghalib Marina, 14h00Voile : jusqu'au coucher du soleil dans la laguneD\u00eener : D\u00e9licieux repas \u00e0 bord sous les \u00e9toilesApr\u00e8s l'excursion : Temps libre pour explorer la ville de Port Ghalib.<\/p>\n<p><img decoding=\"async\" class=\"emoji\" role=\"img\" draggable=\"false\" src=\"https:\/\/s.w.org\/images\/core\/emoji\/16.0.1\/svg\/1f31f.svg\" alt=\"\ud83c\udf1f\" \/>\u00a0Points forts<\/p>\n<p>Ambiance pharaonique unique \u00e0 bord\u00a0<img decoding=\"async\" class=\"emoji\" role=\"img\" draggable=\"false\" src=\"https:\/\/s.w.org\/images\/core\/emoji\/16.0.1\/svg\/269c.svg\" alt=\"\u269c\" \/><\/p>\n<p>Section climatis\u00e9e \u00e0 fond de verre pour l'observation des coraux\u00a0<img decoding=\"async\" class=\"emoji\" role=\"img\" draggable=\"false\" src=\"https:\/\/s.w.org\/images\/core\/emoji\/16.0.1\/svg\/1f308.svg\" alt=\"\ud83c\udf08\" \/><\/p>\n<p>Plong\u00e9e en apn\u00e9e pour tous les niveaux d'exp\u00e9rience\u00a0<img decoding=\"async\" class=\"emoji\" role=\"img\" draggable=\"false\" src=\"https:\/\/s.w.org\/images\/core\/emoji\/16.0.1\/svg\/1f93f.svg\" alt=\"\ud83e\udd3f\" \/><\/p>\n<p>S\u00e9ance photo de style royal en costumes pharaoniques\u00a0<img decoding=\"async\" class=\"emoji\" role=\"img\" draggable=\"false\" src=\"https:\/\/s.w.org\/images\/core\/emoji\/16.0.1\/svg\/1f4f8.svg\" alt=\"\ud83d\udcf8\" \/><\/p>\n<p>Convient aux familles, aux couples, aux enfants et aux personnes \u00e2g\u00e9es\u00a0<img decoding=\"async\" class=\"emoji\" role=\"img\" draggable=\"false\" src=\"https:\/\/s.w.org\/images\/core\/emoji\/16.0.1\/svg\/1f468-200d-1f469-200d-1f467-200d-1f466.svg\" alt=\"\ud83d\udc68\u200d\ud83d\udc69\u200d\ud83d\udc67\u200d\ud83d\udc66\" \/><\/p>\n<p>&nbsp;<\/p>\n<p>\u2014<\/p>\n<p><img decoding=\"async\" class=\"emoji\" role=\"img\" draggable=\"false\" src=\"https:\/\/s.w.org\/images\/core\/emoji\/16.0.1\/svg\/1f468-200d-1f469-200d-1f467.svg\" alt=\"\ud83d\udc68\u200d\ud83d\udc69\u200d\ud83d\udc67\" \/>\u00a0Familial<\/p>\n<p>Les enfants de 5 \u00e0 12 ans ne paient que la moiti\u00e9 du prix.<\/p>\n<p>S\u00fbr, \u00e9ducatif et amusant pour les enfants<\/li>\n<li data-start=\"1432\" data-end=\"1495\">\n<div class=\"st-highlight\">\n<h2 class=\"st-heading-section\">Programme<\/h2>\n<ul>\n<li>D\u00e9part vers 13h30.<\/li>\n<li>1 heure de Seascope<\/li>\n<li>2 s\u00e9ances de plong\u00e9e en apn\u00e9e<\/li>\n<li>Temps libre \u00e0 Port Ghalib<\/li>\n<li>Coucher de soleil<\/li>\n<\/ul>\n<\/div>\n<div class=\"st-hr large\">\n<h2 class=\"st-heading-section\">Options incluses<\/h2>\n<\/div>\n<div class=\"accordion-item\">\n<div id=\"collapseInExClude\" class=\"accordion-collapse collapse show\" aria-labelledby=\"headingInExClude\" data-bs-parent=\"#headingInExClude\">\n<div class=\"accordion-body\">\n<div class=\"row\">\n<div class=\"col-lg-6\">\n<ul class=\"include\">\n<li>Transfert aller-retour \u00e0 l'h\u00f4tel<\/li>\n<li>D\u00e9jeuner inclus<\/li>\n<li>\u00c9quipement de plong\u00e9e avec tuba\/plong\u00e9e<\/li>\n<\/ul>\n<\/div>\n<\/div>\n<\/div>\n<\/div>\n<\/div>\n<h5><img decoding=\"async\" class=\"emoji\" role=\"img\" draggable=\"false\" src=\"https:\/\/s.w.org\/images\/core\/emoji\/16.0.1\/svg\/1f4dd.svg\" alt=\"\ud83d\udcdd\" \/> Evaluation<\/h5>\n<ul>\n<li><img decoding=\"async\" class=\"emoji\" role=\"img\" draggable=\"false\" src=\"https:\/\/s.w.org\/images\/core\/emoji\/16.0.1\/svg\/26a0.svg\" alt=\"\u26a0\ufe0f\" \/>\u00a0Prix \u00e9tabli \u00e0 partir de Marsa Alam. Un suppl\u00e9ment de transfert est applicable au d\u00e9part d'Hurghada<\/li>\n<\/ul>\n<\/li>\n<\/ul>\n<h3 data-start=\"56\" data-end=\"80\">Prix de l'excursion<\/h3>\n<ul data-start=\"82\" data-end=\"222\">\n<li data-start=\"82\" data-end=\"129\">\n<p data-start=\"84\" data-end=\"129\">\ud83d\ude4e\ud83c\udffb\u200d\u2642\ufe0f Adultes (11 ans et plus) : <strong data-start=\"120\" data-end=\"127\">80 \u20ac<\/strong><\/p>\n<\/li>\n<li data-start=\"130\" data-end=\"180\">\n<p data-start=\"132\" data-end=\"180\">\ud83e\uddcd\ud83c\udffb\u200d\u2640\ufe0f Enfants (jusqu'\u00e0 11 ans) : <strong data-start=\"171\" data-end=\"178\">40\u20ac<\/strong><\/p>\n<\/li>\n<li data-start=\"181\" data-end=\"222\">\n<p data-start=\"183\" data-end=\"222\">\ud83d\udc7c\ud83c\udffc Enfants de moins de 5 ans : <strong data-start=\"212\" data-end=\"220\">Gratuit<\/strong><\/p>\n<\/li>\n<\/ul>\n<article class=\"text-token-text-primary w-full focus:outline-none [--shadow-height:45px] has-data-writing-block:pointer-events-none has-data-writing-block:-mt-(--shadow-height) has-data-writing-block:pt-(--shadow-height) [&amp;:has([data-writing-block])&gt;*]:pointer-events-auto scroll-mt-[calc(var(--header-height)+min(200px,max(70px,20svh)))]\" dir=\"auto\" tabindex=\"-1\" data-turn-id=\"request-WEB:199560a9-4006-4083-ad71-35d46ac899d7-2\" data-testid=\"conversation-turn-6\" data-scroll-anchor=\"false\" data-turn=\"assistant\">\n<div class=\"text-base my-auto mx-auto [--thread-content-margin:--spacing(4)] thread-sm:[--thread-content-margin:--spacing(6)] thread-lg:[--thread-content-margin:--spacing(16)] px-(--thread-content-margin)\">\n<div class=\"[--thread-content-max-width:40rem] thread-lg:[--thread-content-max-width:48rem] mx-auto max-w-(--thread-content-max-width) flex-1 group\/turn-messages focus-visible:outline-hidden relative flex w-full min-w-0 flex-col agent-turn\" tabindex=\"-1\">\n<div class=\"flex max-w-full flex-col grow\">\n<div class=\"min-h-8 text-message relative flex w-full flex-col items-end gap-2 text-start break-words whitespace-normal [.text-message+&amp;]:mt-1\" dir=\"auto\" data-message-author-role=\"assistant\" data-message-id=\"d0ca6ef4-29cd-4ac4-bc5c-08d8463cd8f3\" data-message-model-slug=\"gpt-5-1\">\n<div class=\"flex w-full flex-col gap-1 empty:hidden first:pt-[1px]\">\n<div class=\"markdown prose dark:prose-invert w-full break-words light markdown-new-styling\">\n<p data-start=\"38\" data-end=\"179\" data-is-last-node=\"\" data-is-only-node=\"\">\u2728 <strong data-start=\"40\" data-end=\"179\" data-is-last-node=\"\">Un suppl\u00e9ment de 5 \u20ac est appliqu\u00e9 pour la location d'un masque et un autre de 5 \u20ac pour la location de palmes, ce qui vous donne tout ce dont vous avez besoin pour une aventure sous-marine parfaite !<\/strong><\/p>\n<\/div>\n<\/div>\n<\/div>\n<\/div>\n<div class=\"z-0 flex min-h-[46px] justify-start\"><\/div>\n<\/div>\n<\/div>\n<\/article>\n<h3 data-start=\"2198\" data-end=\"2225\"><strong data-start=\"2205\" data-end=\"2223\">Le paiement en USD ($ \ud83c\uddfa\ud83c\uddf8) au lieu de l'EUR (\u20ac \ud83c\uddea\ud83c\uddfa) est possible en fonction du taux de change bancaire quotidien.<\/strong><\/h3>\n<p><strong>R\u00e9server par WhatsApp :<\/strong><\/p>\n<p><a href=\"https:\/\/wa.me\/201021058859\" target=\"_blank\" rel=\"noopener\"><img decoding=\"async\" class=\"alignnone wp-image-2058\" src=\"https:\/\/poehalisnamiegypt.com\/wp-content\/uploads\/2024\/02\/pngwing.com_-300x300.png\" sizes=\"auto, (max-width: 35px) 100vw, 35px\" srcset=\"https:\/\/poehalisnamiegypt.com\/wp-content\/uploads\/2024\/02\/pngwing.com_-300x300.png 300w, https:\/\/poehalisnamiegypt.com\/wp-content\/uploads\/2024\/02\/pngwing.com_-150x150.png 150w, https:\/\/poehalisnamiegypt.com\/wp-content\/uploads\/2024\/02\/pngwing.com_.png 584w\" alt=\"\" width=\"53\" height=\"53\" \/><\/a><\/p>\n<p>&nbsp;<\/p>\n<div id=\"gtx-trans\" style=\"position: absolute; left: 231px; top: 1.2px;\">\n<div class=\"gtx-trans-icon\"><\/div>\n<\/div>\n<div id=\"gtx-trans\" style=\"position: absolute; left: 231px; top: 1.2px;\">\n<div class=\"gtx-trans-icon\"><\/div>\n<\/div>","protected":false},"excerpt":{"rendered":"<p>\u00a0Royal Sunset Excursion with the Nefertari BoatA Pharaonic Experience in Marsa Mubarak (Sea Turtles &amp; Dugongs)\u2014\u00a0About the TripEmbark on an unforgettable adventure aboard the Nefertari Boat, designed in the spirit of the ancient Pharaohs, where history meets the magic of the Red Sea.\u00a0Through panoramic underwater windows, admire colorful coral reefs and tropical fish. \u00a0Swim and [&hellip;]<\/p>","protected":false},"featured_media":10794,"comment_status":"open","ping_status":"closed","template":"","meta":{"_monsterinsights_skip_tracking":false,"_monsterinsights_sitenote_active":false,"_monsterinsights_sitenote_note":"","_monsterinsights_sitenote_category":0},"product_brand":[],"product_cat":[66],"product_tag":[],"class_list":{"0":"post-10786","1":"product","2":"type-product","3":"status-publish","4":"has-post-thumbnail","6":"product_cat-marsa-alam","8":"first","9":"instock","10":"shipping-taxable","11":"purchasable","12":"product-type-ovabrw_car_rental"},"_links":{"self":[{"href":"https:\/\/redsea-dream-tours.com\/fr\/wp-json\/wp\/v2\/product\/10786","targetHints":{"allow":["GET"]}}],"collection":[{"href":"https:\/\/redsea-dream-tours.com\/fr\/wp-json\/wp\/v2\/product"}],"about":[{"href":"https:\/\/redsea-dream-tours.com\/fr\/wp-json\/wp\/v2\/types\/product"}],"replies":[{"embeddable":true,"href":"https:\/\/redsea-dream-tours.com\/fr\/wp-json\/wp\/v2\/comments?post=10786"}],"wp:featuredmedia":[{"embeddable":true,"href":"https:\/\/redsea-dream-tours.com\/fr\/wp-json\/wp\/v2\/media\/10794"}],"wp:attachment":[{"href":"https:\/\/redsea-dream-tours.com\/fr\/wp-json\/wp\/v2\/media?parent=10786"}],"wp:term":[{"taxonomy":"product_brand","embeddable":true,"href":"https:\/\/redsea-dream-tours.com\/fr\/wp-json\/wp\/v2\/product_brand?post=10786"},{"taxonomy":"product_cat","embeddable":true,"href":"https:\/\/redsea-dream-tours.com\/fr\/wp-json\/wp\/v2\/product_cat?post=10786"},{"taxonomy":"product_tag","embeddable":true,"href":"https:\/\/redsea-dream-tours.com\/fr\/wp-json\/wp\/v2\/product_tag?post=10786"}],"curies":[{"name":"wp","href":"https:\/\/api.w.org\/{rel}","templated":true}]}}