{"id":10780,"date":"2025-09-13T17:03:30","date_gmt":"2025-09-13T17:03:30","guid":{"rendered":"https:\/\/redsea-dream-tours.com\/?post_type=product&#038;p=10780"},"modified":"2025-12-17T17:07:59","modified_gmt":"2025-12-17T17:07:59","slug":"sataya-dolphin-house","status":"publish","type":"product","link":"https:\/\/redsea-dream-tours.com\/fr\/produit\/sataya-dolphin-house\/","title":{"rendered":"Maison des dauphins de Sataya : Plong\u00e9e en apn\u00e9e avec les dauphins"},"content":{"rendered":"<p data-start=\"169\" data-end=\"526\">D\u00e9couvrez la magie de nager aux c\u00f4t\u00e9s de dauphins enjou\u00e9s \u00e0 Sataya, c\u00e9l\u00e8bre pour \u00eatre la \u201cmaison des dauphins\u201d. \ud83c\udf0a<br data-start=\"297\" data-end=\"300\" \/>Ce sanctuaire marin \u00e9tonnant fait partie des r\u00e9cifs prot\u00e9g\u00e9s de la mer Rouge, avec des eaux cristallines, des jardins de coraux vibrants \ud83d\udc20, et une vie marine abondante. C'est une destination de r\u00eave pour les amateurs de plong\u00e9e avec tuba et les amoureux de la nature. \ud83c\udf34<\/p>\n<hr data-start=\"528\" data-end=\"531\" \/>\n<p data-start=\"533\" data-end=\"562\"><strong data-start=\"533\" data-end=\"560\">Points forts du voyage :<\/strong><\/p>\n<ul data-start=\"564\" data-end=\"1217\">\n<li data-start=\"564\" data-end=\"758\">\n<p data-start=\"566\" data-end=\"758\"><strong data-start=\"566\" data-end=\"598\">Plong\u00e9e en apn\u00e9e avec les dauphins \ud83e\udd3f :<\/strong><br data-start=\"598\" data-end=\"601\" \/>Nagez ou flottez pr\u00e8s de groupes de dauphins tourneurs sauvages \ud83d\udc2c dans leur habitat naturel. Le r\u00e9cif regorge de poissons color\u00e9s, de coraux mous et de petites grottes \u00e0 explorer.<\/p>\n<\/li>\n<li data-start=\"760\" data-end=\"900\">\n<p data-start=\"762\" data-end=\"900\"><strong data-start=\"762\" data-end=\"795\">R\u00e9cifs coralliens et vie marine \ud83d\udc20 :<\/strong><br data-start=\"795\" data-end=\"798\" \/>D\u00e9couvrez des coraux \u00e9clatants, des poissons de r\u00e9cif et parfois des tortues qui broutent pr\u00e8s des prairies d'herbes marines.<\/p>\n<\/li>\n<li data-start=\"902\" data-end=\"1060\">\n<p data-start=\"904\" data-end=\"1060\"><strong data-start=\"904\" data-end=\"928\">Promenade en bateau panoramique \ud83d\udea4 :<\/strong><br data-start=\"928\" data-end=\"931\" \/>Profitez de la balade depuis Hamata ou Marsa Alam pour admirer le magnifique littoral et rep\u00e9rer d'autres cr\u00e9atures marines en chemin.<\/p>\n<\/li>\n<li data-start=\"1062\" data-end=\"1217\">\n<p data-start=\"1064\" data-end=\"1217\"><strong data-start=\"1064\" data-end=\"1096\">Photographie et relaxation \ud83d\udcf8 :<\/strong><br data-start=\"1096\" data-end=\"1099\" \/>Capturez des moments inoubliables avec les dauphins et d\u00e9tendez-vous sur le pont pendant que le bateau jette l'ancre dans des endroits calmes pour la plong\u00e9e avec masque et tuba.<\/p>\n<\/li>\n<\/ul>\n<hr data-start=\"1219\" data-end=\"1222\" \/>\n<p data-start=\"1224\" data-end=\"1251\"><strong data-start=\"1224\" data-end=\"1249\">Suggestion d'itin\u00e9raire :<\/strong><\/p>\n<ul data-start=\"1253\" data-end=\"1624\">\n<li data-start=\"1253\" data-end=\"1318\">\n<p data-start=\"1255\" data-end=\"1318\"><strong data-start=\"1255\" data-end=\"1276\">Ramassage du matin \u23f0 :<\/strong> Transfert de votre h\u00f4tel \u00e0 la marina.<\/p>\n<ul>\n<li>D\u00e9part vers 5h30 (approximatif)<\/li>\n<li>Retour vers 16h30 (approximatif)<\/li>\n<\/ul>\n<\/li>\n<li data-start=\"1319\" data-end=\"1381\">\n<p data-start=\"1321\" data-end=\"1381\"><strong data-start=\"1321\" data-end=\"1343\">D\u00e9part du bateau \ud83d\udea4 :<\/strong> Rendez-vous sur le r\u00e9cif de la Dolphin House.<\/p>\n<\/li>\n<li data-start=\"1382\" data-end=\"1473\">\n<p data-start=\"1384\" data-end=\"1473\"><strong data-start=\"1384\" data-end=\"1410\">S\u00e9ance de plong\u00e9e en apn\u00e9e \ud83e\udd3f :<\/strong> Nager avec les dauphins et explorer le r\u00e9cif (environ 2-3 heures).<\/p>\n<\/li>\n<li data-start=\"1474\" data-end=\"1558\">\n<p data-start=\"1476\" data-end=\"1558\"><strong data-start=\"1476\" data-end=\"1498\">D\u00e9jeuner \u00e0 bord \ud83e\udd57 :<\/strong> Profitez d'un repas l\u00e9ger et de boissons tout en admirant la vue.<\/p>\n<\/li>\n<li data-start=\"1559\" data-end=\"1624\">\n<p data-start=\"1561\" data-end=\"1624\"><strong data-start=\"1561\" data-end=\"1575\">Retour \ud83d\udea4 :<\/strong> Retour \u00e0 la marina et transfert \u00e0 l'h\u00f4tel.<\/p>\n<\/li>\n<\/ul>\n<hr data-start=\"1626\" data-end=\"1629\" \/>\n<h5><img decoding=\"async\" class=\"emoji\" role=\"img\" draggable=\"false\" src=\"https:\/\/s.w.org\/images\/core\/emoji\/16.0.1\/svg\/1f4dd.svg\" alt=\"\ud83d\udcdd\" \/>\u00a0Evaluation<\/h5>\n<ul>\n<li><img decoding=\"async\" class=\"emoji\" role=\"img\" draggable=\"false\" src=\"https:\/\/s.w.org\/images\/core\/emoji\/16.0.1\/svg\/26a0.svg\" alt=\"\u26a0\ufe0f\" \/>\u00a0Prix \u00e9tabli \u00e0 partir de Marsa Alam. Un suppl\u00e9ment de transfert est applicable au d\u00e9part d'Hurghada<\/li>\n<\/ul>\n<hr data-start=\"1626\" data-end=\"1629\" \/>\n<p data-start=\"1631\" data-end=\"1658\"><strong data-start=\"1631\" data-end=\"1656\">Conseils pour le voyage \ud83d\udcdd :<\/strong><\/p>\n<ul data-start=\"1660\" data-end=\"1907\">\n<li data-start=\"1660\" data-end=\"1716\">\n<p data-start=\"1662\" data-end=\"1716\">Mettez de la cr\u00e8me solaire \ud83e\uddf4 et un chapeau pour vous prot\u00e9ger du soleil.<\/p>\n<\/li>\n<li data-start=\"1717\" data-end=\"1783\">\n<p data-start=\"1719\" data-end=\"1783\">Apportez un appareil photo \u00e9tanche \ud83d\udcf7 pour immortaliser les rencontres avec les dauphins.<\/p>\n<\/li>\n<li data-start=\"1784\" data-end=\"1835\">\n<p data-start=\"1786\" data-end=\"1835\">Utilisez une cr\u00e8me solaire sans danger pour les r\u00e9cifs afin de prot\u00e9ger la vie marine.<\/p>\n<\/li>\n<li data-start=\"1836\" data-end=\"1907\">\n<p data-start=\"1838\" data-end=\"1907\">Suivez toujours les instructions du guide lorsque vous nagez pr\u00e8s des dauphins.<\/p>\n<hr data-start=\"1626\" data-end=\"1629\" \/>\n<h3 data-start=\"54\" data-end=\"78\">Prix de l'excursion<\/h3>\n<ul data-start=\"79\" data-end=\"219\">\n<li data-start=\"79\" data-end=\"126\">\n<p data-start=\"81\" data-end=\"126\">\ud83d\ude4e\ud83c\udffb\u200d\u2642\ufe0f Adultes (12 ans et plus) : <strong data-start=\"117\" data-end=\"124\">70\u20ac<\/strong><\/p>\n<\/li>\n<li data-start=\"127\" data-end=\"177\">\n<p data-start=\"129\" data-end=\"177\">\ud83e\uddcd\ud83c\udffb\u200d\u2640\ufe0f Enfants (jusqu'\u00e0 12 ans) : 40 <strong data-start=\"168\" data-end=\"175\">\u20ac<\/strong><\/p>\n<\/li>\n<li data-start=\"178\" data-end=\"219\">\n<p data-start=\"180\" data-end=\"219\">\ud83d\udc7c\ud83c\udffc Enfants de moins de 5 ans : <strong data-start=\"209\" data-end=\"217\">Gratuit<\/strong><\/p>\n<\/li>\n<\/ul>\n<\/li>\n<\/ul>\n<h3 data-start=\"2198\" data-end=\"2225\"><strong data-start=\"2205\" data-end=\"2223\">Le paiement en USD ($ \ud83c\uddfa\ud83c\uddf8) au lieu de l'EUR (\u20ac \ud83c\uddea\ud83c\uddfa) est possible en fonction du taux de change bancaire quotidien.<\/strong><\/h3>\n<p><strong>R\u00e9server par WhatsApp :<\/strong><\/p>\n<p><a href=\"https:\/\/wa.me\/201021058859\" target=\"_blank\" rel=\"noopener\"><img decoding=\"async\" class=\"alignnone wp-image-2058\" src=\"https:\/\/poehalisnamiegypt.com\/wp-content\/uploads\/2024\/02\/pngwing.com_-300x300.png\" sizes=\"auto, (max-width: 35px) 100vw, 35px\" srcset=\"https:\/\/poehalisnamiegypt.com\/wp-content\/uploads\/2024\/02\/pngwing.com_-300x300.png 300w, https:\/\/poehalisnamiegypt.com\/wp-content\/uploads\/2024\/02\/pngwing.com_-150x150.png 150w, https:\/\/poehalisnamiegypt.com\/wp-content\/uploads\/2024\/02\/pngwing.com_.png 584w\" alt=\"\" width=\"53\" height=\"53\" \/><\/a><\/p>","protected":false},"excerpt":{"rendered":"<p>Experience the magic of swimming alongside playful dolphins at Sataya, famously known as the &#8220;Dolphin House.&#8221; \ud83c\udf0aThis stunning marine sanctuary is part of the Red Sea\u2019s protected reefs, featuring crystal-clear waters, vibrant coral gardens \ud83d\udc20, and abundant marine life. It\u2019s a dream destination for snorkelers and nature lovers alike. \ud83c\udf34 Highlights of the Trip: Snorkeling [&hellip;]<\/p>","protected":false},"featured_media":10781,"comment_status":"open","ping_status":"closed","template":"","meta":{"_monsterinsights_skip_tracking":false,"_monsterinsights_sitenote_active":false,"_monsterinsights_sitenote_note":"","_monsterinsights_sitenote_category":0},"product_brand":[],"product_cat":[66],"product_tag":[],"class_list":{"0":"post-10780","1":"product","2":"type-product","3":"status-publish","4":"has-post-thumbnail","6":"product_cat-marsa-alam","8":"first","9":"instock","10":"shipping-taxable","11":"purchasable","12":"product-type-ovabrw_car_rental"},"_links":{"self":[{"href":"https:\/\/redsea-dream-tours.com\/fr\/wp-json\/wp\/v2\/product\/10780","targetHints":{"allow":["GET"]}}],"collection":[{"href":"https:\/\/redsea-dream-tours.com\/fr\/wp-json\/wp\/v2\/product"}],"about":[{"href":"https:\/\/redsea-dream-tours.com\/fr\/wp-json\/wp\/v2\/types\/product"}],"replies":[{"embeddable":true,"href":"https:\/\/redsea-dream-tours.com\/fr\/wp-json\/wp\/v2\/comments?post=10780"}],"wp:featuredmedia":[{"embeddable":true,"href":"https:\/\/redsea-dream-tours.com\/fr\/wp-json\/wp\/v2\/media\/10781"}],"wp:attachment":[{"href":"https:\/\/redsea-dream-tours.com\/fr\/wp-json\/wp\/v2\/media?parent=10780"}],"wp:term":[{"taxonomy":"product_brand","embeddable":true,"href":"https:\/\/redsea-dream-tours.com\/fr\/wp-json\/wp\/v2\/product_brand?post=10780"},{"taxonomy":"product_cat","embeddable":true,"href":"https:\/\/redsea-dream-tours.com\/fr\/wp-json\/wp\/v2\/product_cat?post=10780"},{"taxonomy":"product_tag","embeddable":true,"href":"https:\/\/redsea-dream-tours.com\/fr\/wp-json\/wp\/v2\/product_tag?post=10780"}],"curies":[{"name":"wp","href":"https:\/\/api.w.org\/{rel}","templated":true}]}}