{"id":10238,"date":"2025-09-09T11:13:25","date_gmt":"2025-09-09T11:13:25","guid":{"rendered":"https:\/\/redsea-dream-tours.com\/?post_type=product&#038;p=10238"},"modified":"2025-10-20T21:36:50","modified_gmt":"2025-10-20T21:36:50","slug":"safaga-limousine-airport-transfer","status":"publish","type":"product","link":"https:\/\/redsea-dream-tours.com\/fr\/produit\/safaga-limousine-airport-transfer\/","title":{"rendered":"Transfert a\u00e9roport Safaga Limousine"},"content":{"rendered":"<h3 data-start=\"115\" data-end=\"157\">Transfert en limousine de l'a\u00e9roport de Safaga<\/h3>\n<p data-start=\"159\" data-end=\"401\">Voyage en <strong data-start=\"169\" data-end=\"199\">luxe, confort et style<\/strong> entre <strong data-start=\"208\" data-end=\"253\">A\u00e9roport international d'Hurghada et Safaga<\/strong> avec notre prime <strong data-start=\"271\" data-end=\"301\">service de transfert en limousine<\/strong>. Parfait pour les personnes, les couples et les familles qui accordent de l'importance \u00e0 l'environnement. <strong data-start=\"360\" data-end=\"398\">l'\u00e9l\u00e9gance et un voyage sans stress<\/strong>.<\/p>\n<h4 data-start=\"403\" data-end=\"440\">\ud83c\udfc1 Prise en charge et d\u00e9p\u00f4t en continu<\/h4>\n<ul data-start=\"441\" data-end=\"628\">\n<li data-start=\"441\" data-end=\"520\">\n<p data-start=\"443\" data-end=\"520\">\ud83c\udfe8 <strong data-start=\"446\" data-end=\"470\">Service de porte \u00e0 porte<\/strong> \u00e0 partir de votre h\u00f4tel, centre de vill\u00e9giature ou r\u00e9sidence \u00e0 Safaga<\/p>\n<\/li>\n<li data-start=\"521\" data-end=\"572\">\n<p data-start=\"523\" data-end=\"572\">\u2708\ufe0f <strong data-start=\"526\" data-end=\"570\">Transfert direct vers\/depuis l'a\u00e9roport d'Hurghada<\/strong><\/p>\n<\/li>\n<li data-start=\"573\" data-end=\"628\">\n<p data-start=\"575\" data-end=\"628\">\u23f0 <strong data-start=\"577\" data-end=\"600\">Horaires flexibles<\/strong> pour correspondre \u00e0 votre temps de vol<\/p>\n<\/li>\n<\/ul>\n<h4 data-start=\"630\" data-end=\"665\">\ud83d\ude98 Caract\u00e9ristiques de la limousine de luxe<\/h4>\n<ul data-start=\"666\" data-end=\"846\">\n<li data-start=\"666\" data-end=\"719\">\n<p data-start=\"668\" data-end=\"719\">\ud83e\ude91 <strong data-start=\"671\" data-end=\"717\">Si\u00e8ges en cuir de premi\u00e8re qualit\u00e9 offrant un confort suppl\u00e9mentaire<\/strong><\/p>\n<\/li>\n<li data-start=\"720\" data-end=\"784\">\n<p data-start=\"722\" data-end=\"784\">\u2744\ufe0f <strong data-start=\"725\" data-end=\"759\">Int\u00e9rieur enti\u00e8rement climatis\u00e9<\/strong> pour un voyage agr\u00e9able<\/p>\n<\/li>\n<li data-start=\"785\" data-end=\"846\">\n<p data-start=\"787\" data-end=\"846\">\ud83d\udcbc <strong data-start=\"790\" data-end=\"816\">Grande capacit\u00e9 de chargement<\/strong> pour vos valises et sacs<\/p>\n<\/li>\n<\/ul>\n<h4 data-start=\"848\" data-end=\"885\">\ud83d\udee3\ufe0f Id\u00e9al pour tous les besoins de voyage<\/h4>\n<ul data-start=\"886\" data-end=\"1041\">\n<li data-start=\"886\" data-end=\"945\">\n<p data-start=\"888\" data-end=\"945\">\ud83d\udeec <strong data-start=\"891\" data-end=\"943\">Transferts \u00e0 l'arriv\u00e9e avec accueil personnalis\u00e9<\/strong><\/p>\n<\/li>\n<li data-start=\"946\" data-end=\"999\">\n<p data-start=\"948\" data-end=\"999\">\ud83d\udeeb <strong data-start=\"951\" data-end=\"997\">Transferts de d\u00e9part avec d\u00e9pose ponctuelle<\/strong><\/p>\n<\/li>\n<li data-start=\"1000\" data-end=\"1041\">\n<p data-start=\"1002\" data-end=\"1041\">\ud83d\udd04 <strong data-start=\"1005\" data-end=\"1039\">Transferts aller-retour disponibles<\/strong><\/p>\n<\/li>\n<\/ul>\n<h4 data-start=\"1043\" data-end=\"1086\">\ud83e\uddd1\u200d\u2708\ufe0f Service de chauffeur professionnel<\/h4>\n<ul data-start=\"1087\" data-end=\"1207\">\n<li data-start=\"1087\" data-end=\"1148\">\n<p data-start=\"1089\" data-end=\"1148\">\ud83d\udc68\u200d\u2708\ufe0f <strong data-start=\"1095\" data-end=\"1146\">Chauffeurs agr\u00e9\u00e9s, exp\u00e9riment\u00e9s et courtois<\/strong><\/p>\n<\/li>\n<li data-start=\"1149\" data-end=\"1207\">\n<p data-start=\"1151\" data-end=\"1207\">\ud83d\udee1\ufe0f Ax\u00e9 sur <strong data-start=\"1166\" data-end=\"1205\">la s\u00e9curit\u00e9, la ponctualit\u00e9 et la discr\u00e9tion<\/strong><\/p>\n<\/li>\n<\/ul>\n<h4 data-start=\"1209\" data-end=\"1250\">\ud83c\udfc1 Commencez ou terminez votre voyage avec style<\/h4>\n<p data-start=\"1251\" data-end=\"1360\">Commencez vos vacances ou terminez votre voyage par un <strong data-start=\"1302\" data-end=\"1357\">un service de transfert en limousine luxueux et sans souci<\/strong>.<\/p>\n<h3 data-start=\"2198\" data-end=\"2225\"><strong data-start=\"2205\" data-end=\"2223\">Le paiement en USD ($ \ud83c\uddfa\ud83c\uddf8) au lieu de l'EUR (\u20ac \ud83c\uddea\ud83c\uddfa) est possible en fonction du taux de change bancaire quotidien.<\/strong><\/h3>\n<p><strong>R\u00e9server par WhatsApp :<\/strong><\/p>\n<p><a href=\"https:\/\/wa.me\/201021058859\" target=\"_blank\" rel=\"noopener\">\u00a0<img decoding=\"async\" class=\"alignnone wp-image-2058\" src=\"https:\/\/poehalisnamiegypt.com\/wp-content\/uploads\/2024\/02\/pngwing.com_-300x300.png\" sizes=\"auto, (max-width: 35px) 100vw, 35px\" srcset=\"https:\/\/poehalisnamiegypt.com\/wp-content\/uploads\/2024\/02\/pngwing.com_-300x300.png 300w, https:\/\/poehalisnamiegypt.com\/wp-content\/uploads\/2024\/02\/pngwing.com_-150x150.png 150w, https:\/\/poehalisnamiegypt.com\/wp-content\/uploads\/2024\/02\/pngwing.com_.png 584w\" alt=\"\" width=\"53\" height=\"53\" \/><\/a><\/p>","protected":false},"excerpt":{"rendered":"<p>\ud83d\ude96 Safaga Limousine Airport Transfer Travel in luxury, comfort, and style between Hurghada International Airport and Safaga with our premium limousine transfer service. Perfect for individuals, couples, and families who value elegance and a stress-free journey. \ud83c\udfc1 Seamless Pick-Up &amp; Drop-Off \ud83c\udfe8 Door-to-door service from your hotel, resort, or residence in Safaga \u2708\ufe0f Direct transfer [&hellip;]<\/p>","protected":false},"featured_media":10911,"comment_status":"open","ping_status":"closed","template":"","meta":{"_monsterinsights_skip_tracking":false,"_monsterinsights_sitenote_active":false,"_monsterinsights_sitenote_note":"","_monsterinsights_sitenote_category":0},"product_brand":[],"product_cat":[69],"product_tag":[],"class_list":{"0":"post-10238","1":"product","2":"type-product","3":"status-publish","4":"has-post-thumbnail","6":"product_cat-transfer","8":"first","9":"instock","10":"shipping-taxable","11":"purchasable","12":"product-type-ovabrw_car_rental"},"_links":{"self":[{"href":"https:\/\/redsea-dream-tours.com\/fr\/wp-json\/wp\/v2\/product\/10238","targetHints":{"allow":["GET"]}}],"collection":[{"href":"https:\/\/redsea-dream-tours.com\/fr\/wp-json\/wp\/v2\/product"}],"about":[{"href":"https:\/\/redsea-dream-tours.com\/fr\/wp-json\/wp\/v2\/types\/product"}],"replies":[{"embeddable":true,"href":"https:\/\/redsea-dream-tours.com\/fr\/wp-json\/wp\/v2\/comments?post=10238"}],"wp:featuredmedia":[{"embeddable":true,"href":"https:\/\/redsea-dream-tours.com\/fr\/wp-json\/wp\/v2\/media\/10911"}],"wp:attachment":[{"href":"https:\/\/redsea-dream-tours.com\/fr\/wp-json\/wp\/v2\/media?parent=10238"}],"wp:term":[{"taxonomy":"product_brand","embeddable":true,"href":"https:\/\/redsea-dream-tours.com\/fr\/wp-json\/wp\/v2\/product_brand?post=10238"},{"taxonomy":"product_cat","embeddable":true,"href":"https:\/\/redsea-dream-tours.com\/fr\/wp-json\/wp\/v2\/product_cat?post=10238"},{"taxonomy":"product_tag","embeddable":true,"href":"https:\/\/redsea-dream-tours.com\/fr\/wp-json\/wp\/v2\/product_tag?post=10238"}],"curies":[{"name":"wp","href":"https:\/\/api.w.org\/{rel}","templated":true}]}}