{"id":10236,"date":"2025-09-09T11:06:03","date_gmt":"2025-09-09T11:06:03","guid":{"rendered":"https:\/\/redsea-dream-tours.com\/?post_type=product&#038;p=10236"},"modified":"2025-10-20T21:37:39","modified_gmt":"2025-10-20T21:37:39","slug":"external-airport-transfer-el-gouna-makadi-sahl-hasheesh-limousine","status":"publish","type":"product","link":"https:\/\/redsea-dream-tours.com\/fr\/produit\/external-airport-transfer-el-gouna-makadi-sahl-hasheesh-limousine\/","title":{"rendered":"Transfert a\u00e9roport ext\u00e9rieur (El Gouna, Makadi, Sahl Hasheesh) Limousine"},"content":{"rendered":"<h3 data-start=\"144\" data-end=\"225\">\ud83d\ude96 Transfert externe \u00e0 l'a\u00e9roport (El Gouna, Makadi, Sahl Hasheesh) en limousine<\/h3>\n<p data-start=\"227\" data-end=\"517\">Voyage en <strong data-start=\"237\" data-end=\"267\">luxe, style et confort<\/strong> entre <strong data-start=\"276\" data-end=\"310\">A\u00e9roport international d'Hurghada<\/strong> et les principales destinations \u00e0 proximit\u00e9 : <strong data-start=\"344\" data-end=\"387\">El Gouna, Makadi Bay et Sahl Hasheesh<\/strong>. Notre <strong data-start=\"393\" data-end=\"423\">service de transfert en limousine<\/strong> offre une <strong data-start=\"433\" data-end=\"475\">une exp\u00e9rience de voyage transparente et \u00e9l\u00e9gante<\/strong> pour les individus, les couples et les familles.<\/p>\n<h4 data-start=\"519\" data-end=\"558\">\ud83c\udfc1 Prise en charge et d\u00e9p\u00f4t pratiques<\/h4>\n<ul data-start=\"559\" data-end=\"724\">\n<li data-start=\"559\" data-end=\"616\">\n<p data-start=\"561\" data-end=\"616\">\ud83c\udfe8 <strong data-start=\"564\" data-end=\"588\">Service de porte \u00e0 porte<\/strong> depuis votre h\u00f4tel ou centre de vill\u00e9giature<\/p>\n<\/li>\n<li data-start=\"617\" data-end=\"668\">\n<p data-start=\"619\" data-end=\"668\">\u2708\ufe0f <strong data-start=\"622\" data-end=\"666\">Transfert direct vers\/depuis l'a\u00e9roport d'Hurghada<\/strong><\/p>\n<\/li>\n<li data-start=\"669\" data-end=\"724\">\n<p data-start=\"671\" data-end=\"724\">\u23f0 <strong data-start=\"673\" data-end=\"694\">Horaire flexible<\/strong> pour s'adapter aux horaires de votre vol<\/p>\n<\/li>\n<\/ul>\n<h4 data-start=\"726\" data-end=\"761\">\ud83d\ude98 Caract\u00e9ristiques de la limousine de luxe<\/h4>\n<ul data-start=\"762\" data-end=\"937\">\n<li data-start=\"762\" data-end=\"816\">\n<p data-start=\"764\" data-end=\"816\">\ud83e\ude91 <strong data-start=\"767\" data-end=\"814\">Si\u00e8ges en cuir de premi\u00e8re qualit\u00e9 et int\u00e9rieur spacieux<\/strong><\/p>\n<\/li>\n<li data-start=\"817\" data-end=\"878\">\n<p data-start=\"819\" data-end=\"878\">\u2744\ufe0f <strong data-start=\"822\" data-end=\"876\">Cabine enti\u00e8rement climatis\u00e9e pour un voyage agr\u00e9able<\/strong><\/p>\n<\/li>\n<li data-start=\"879\" data-end=\"937\">\n<p data-start=\"881\" data-end=\"937\">\ud83d\udcbc <strong data-start=\"884\" data-end=\"910\">Grande capacit\u00e9 de chargement<\/strong> pour tous vos sacs de voyage<\/p>\n<\/li>\n<\/ul>\n<h4 data-start=\"939\" data-end=\"977\">\ud83d\udee3\ufe0f Au service de stations baln\u00e9aires prestigieuses<\/h4>\n<ul data-start=\"978\" data-end=\"1076\">\n<li data-start=\"978\" data-end=\"1008\">\n<p data-start=\"980\" data-end=\"1008\">\ud83c\udfdd\ufe0f <strong data-start=\"984\" data-end=\"1006\">Transferts d'El Gouna<\/strong><\/p>\n<\/li>\n<li data-start=\"1009\" data-end=\"1041\">\n<p data-start=\"1011\" data-end=\"1041\">\ud83c\udfd6\ufe0f <strong data-start=\"1015\" data-end=\"1039\">Transferts de la baie de Makadi<\/strong><\/p>\n<\/li>\n<li data-start=\"1042\" data-end=\"1076\">\n<p data-start=\"1044\" data-end=\"1076\">\ud83c\udf05 <strong data-start=\"1047\" data-end=\"1074\">Transferts Sahl Hasheesh<\/strong><\/p>\n<\/li>\n<\/ul>\n<h4 data-start=\"1078\" data-end=\"1121\">\ud83e\uddd1\u200d\u2708\ufe0f Service de chauffeur professionnel<\/h4>\n<ul data-start=\"1122\" data-end=\"1248\">\n<li data-start=\"1122\" data-end=\"1184\">\n<p data-start=\"1124\" data-end=\"1184\">\ud83d\udc68\u200d\u2708\ufe0f <strong data-start=\"1130\" data-end=\"1182\">Chauffeurs bien form\u00e9s, agr\u00e9\u00e9s et courtois<\/strong><\/p>\n<\/li>\n<li data-start=\"1185\" data-end=\"1248\">\n<p data-start=\"1187\" data-end=\"1248\">\ud83d\udee1\ufe0f Ax\u00e9 sur <strong data-start=\"1202\" data-end=\"1246\">la s\u00e9curit\u00e9, la ponctualit\u00e9 et un service de qualit\u00e9<\/strong><\/p>\n<\/li>\n<\/ul>\n<h4 data-start=\"1250\" data-end=\"1294\">\ud83c\udfc1 Commencez ou terminez votre voyage avec style<\/h4>\n<p data-start=\"1295\" data-end=\"1414\">Commencez vos vacances avec \u00e9l\u00e9gance ou partez avec un confort durable en choisissant notre <strong data-start=\"1374\" data-end=\"1411\">service de transfert en limousine de luxe<\/strong>.<\/p>\n<h3 data-start=\"2198\" data-end=\"2225\"><strong data-start=\"2205\" data-end=\"2223\">Le paiement en USD ($ \ud83c\uddfa\ud83c\uddf8) au lieu de l'EUR (\u20ac \ud83c\uddea\ud83c\uddfa) est possible en fonction du taux de change bancaire quotidien.<\/strong><\/h3>\n<p><strong>R\u00e9server par WhatsApp :<\/strong><\/p>\n<p><a href=\"https:\/\/wa.me\/201021058859\" target=\"_blank\" rel=\"noopener\">\u00a0<img decoding=\"async\" class=\"alignnone wp-image-2058\" src=\"https:\/\/poehalisnamiegypt.com\/wp-content\/uploads\/2024\/02\/pngwing.com_-300x300.png\" sizes=\"auto, (max-width: 35px) 100vw, 35px\" srcset=\"https:\/\/poehalisnamiegypt.com\/wp-content\/uploads\/2024\/02\/pngwing.com_-300x300.png 300w, https:\/\/poehalisnamiegypt.com\/wp-content\/uploads\/2024\/02\/pngwing.com_-150x150.png 150w, https:\/\/poehalisnamiegypt.com\/wp-content\/uploads\/2024\/02\/pngwing.com_.png 584w\" alt=\"\" width=\"53\" height=\"53\" \/><\/a><\/p>\n<p>&nbsp;<\/p>","protected":false},"excerpt":{"rendered":"<p>\ud83d\ude96 External Airport Transfer (El Gouna, Makadi, Sahl Hasheesh) by Limousine Travel in luxury, style, and comfort between Hurghada International Airport and the top nearby destinations: El Gouna, Makadi Bay, and Sahl Hasheesh. Our limousine transfer service offers a seamless and elegant travel experience for individuals, couples, and families. \ud83c\udfc1 Convenient Pick-Up &amp; Drop-Off \ud83c\udfe8 [&hellip;]<\/p>","protected":false},"featured_media":10907,"comment_status":"open","ping_status":"closed","template":"","meta":{"_monsterinsights_skip_tracking":false,"_monsterinsights_sitenote_active":false,"_monsterinsights_sitenote_note":"","_monsterinsights_sitenote_category":0},"product_brand":[],"product_cat":[69],"product_tag":[],"class_list":{"0":"post-10236","1":"product","2":"type-product","3":"status-publish","4":"has-post-thumbnail","6":"product_cat-transfer","8":"first","9":"instock","10":"shipping-taxable","11":"purchasable","12":"product-type-ovabrw_car_rental"},"_links":{"self":[{"href":"https:\/\/redsea-dream-tours.com\/fr\/wp-json\/wp\/v2\/product\/10236","targetHints":{"allow":["GET"]}}],"collection":[{"href":"https:\/\/redsea-dream-tours.com\/fr\/wp-json\/wp\/v2\/product"}],"about":[{"href":"https:\/\/redsea-dream-tours.com\/fr\/wp-json\/wp\/v2\/types\/product"}],"replies":[{"embeddable":true,"href":"https:\/\/redsea-dream-tours.com\/fr\/wp-json\/wp\/v2\/comments?post=10236"}],"wp:featuredmedia":[{"embeddable":true,"href":"https:\/\/redsea-dream-tours.com\/fr\/wp-json\/wp\/v2\/media\/10907"}],"wp:attachment":[{"href":"https:\/\/redsea-dream-tours.com\/fr\/wp-json\/wp\/v2\/media?parent=10236"}],"wp:term":[{"taxonomy":"product_brand","embeddable":true,"href":"https:\/\/redsea-dream-tours.com\/fr\/wp-json\/wp\/v2\/product_brand?post=10236"},{"taxonomy":"product_cat","embeddable":true,"href":"https:\/\/redsea-dream-tours.com\/fr\/wp-json\/wp\/v2\/product_cat?post=10236"},{"taxonomy":"product_tag","embeddable":true,"href":"https:\/\/redsea-dream-tours.com\/fr\/wp-json\/wp\/v2\/product_tag?post=10236"}],"curies":[{"name":"wp","href":"https:\/\/api.w.org\/{rel}","templated":true}]}}