{"id":10233,"date":"2025-09-09T10:55:27","date_gmt":"2025-09-09T10:55:27","guid":{"rendered":"https:\/\/redsea-dream-tours.com\/?post_type=product&#038;p=10233"},"modified":"2025-10-20T21:38:52","modified_gmt":"2025-10-20T21:38:52","slug":"airport-transfer-within-hurghada-by-hiace-car","status":"publish","type":"product","link":"https:\/\/redsea-dream-tours.com\/fr\/produit\/airport-transfer-within-hurghada-by-hiace-car\/","title":{"rendered":"Transfert \u00e0 l'a\u00e9roport d'Hurghada en voiture Hiace"},"content":{"rendered":"<h3 data-start=\"115\" data-end=\"169\">\u2708\ufe0f Transfert de l'a\u00e9roport \u00e0 Hurghada en voiture Hiace<\/h3>\n<p data-start=\"171\" data-end=\"430\">Faites votre <strong data-start=\"181\" data-end=\"245\">arriv\u00e9e ou d\u00e9part \u00e0 Hurghada sans stress et confortable<\/strong> avec notre syst\u00e8me fiable de <strong data-start=\"264\" data-end=\"305\">Service de transfert a\u00e9roportuaire Toyota Hiace<\/strong>. Que vous voyagiez \u00e0 destination ou en provenance de <strong data-start=\"343\" data-end=\"377\">A\u00e9roport international d'Hurghada<\/strong>, nous assurons une <strong data-start=\"391\" data-end=\"427\">un voyage s\u00fbr, fluide et rapide<\/strong>.<\/p>\n<h4 data-start=\"432\" data-end=\"472\">\ud83c\udfc1 Prise en charge et d\u00e9p\u00f4t sans souci<\/h4>\n<ul data-start=\"473\" data-end=\"596\">\n<li data-start=\"473\" data-end=\"542\">\n<p data-start=\"475\" data-end=\"542\">\ud83c\udfe8 <strong data-start=\"478\" data-end=\"502\">Service de porte \u00e0 porte<\/strong> \u00e0 partir de votre h\u00f4tel, centre de vill\u00e9giature ou r\u00e9sidence<\/p>\n<\/li>\n<li data-start=\"543\" data-end=\"596\">\n<p data-start=\"545\" data-end=\"596\">\u23f0 <strong data-start=\"547\" data-end=\"568\">Horaire flexible<\/strong> en fonction de votre temps de vol<\/p>\n<\/li>\n<\/ul>\n<h4 data-start=\"598\" data-end=\"638\">\ud83d\ude90 V\u00e9hicule spacieux et confortable<\/h4>\n<p data-start=\"639\" data-end=\"682\">Voyagez en toute simplicit\u00e9 dans notre fourgon Hiace moderne :<\/p>\n<ul data-start=\"683\" data-end=\"886\">\n<li data-start=\"683\" data-end=\"757\">\n<p data-start=\"685\" data-end=\"757\">\ud83e\ude91 <strong data-start=\"688\" data-end=\"723\">Jusqu'\u00e0 10 places assises<\/strong> - parfait pour les familles et les groupes<\/p>\n<\/li>\n<li data-start=\"758\" data-end=\"825\">\n<p data-start=\"760\" data-end=\"825\">\u2744\ufe0f <strong data-start=\"763\" data-end=\"794\">Cabine enti\u00e8rement climatis\u00e9e<\/strong> pour un trajet frais et agr\u00e9able<\/p>\n<\/li>\n<li data-start=\"826\" data-end=\"886\">\n<p data-start=\"828\" data-end=\"886\">\ud83d\udcbc <strong data-start=\"831\" data-end=\"854\">Grand espace pour les bagages<\/strong> pour les valises et les sacs de voyage<\/p>\n<\/li>\n<\/ul>\n<h4 data-start=\"888\" data-end=\"930\">\ud83d\udee3\ufe0f Id\u00e9al pour tous les transferts vers l'a\u00e9roport<\/h4>\n<ul data-start=\"931\" data-end=\"1069\">\n<li data-start=\"931\" data-end=\"977\">\n<p data-start=\"933\" data-end=\"977\">\ud83d\udeeb <strong data-start=\"936\" data-end=\"975\">De votre h\u00f4tel \u00e0 l'a\u00e9roport d'Hurghada<\/strong><\/p>\n<\/li>\n<li data-start=\"978\" data-end=\"1027\">\n<p data-start=\"980\" data-end=\"1027\">\ud83d\udeec <strong data-start=\"983\" data-end=\"1025\">De l'a\u00e9roport \u00e0 votre logement<\/strong><\/p>\n<\/li>\n<li data-start=\"1028\" data-end=\"1069\">\n<p data-start=\"1030\" data-end=\"1069\">\ud83d\udd04 <strong data-start=\"1033\" data-end=\"1067\">Transferts aller-retour disponibles<\/strong><\/p>\n<\/li>\n<\/ul>\n<h4 data-start=\"1071\" data-end=\"1113\">\ud83e\uddd1\u200d\u2708\ufe0f Service de transfert professionnel<\/h4>\n<ul data-start=\"1114\" data-end=\"1218\">\n<li data-start=\"1114\" data-end=\"1160\">\n<p data-start=\"1116\" data-end=\"1160\">\ud83d\udc68\u200d\u2708\ufe0f <strong data-start=\"1122\" data-end=\"1158\">Chauffeurs licenci\u00e9s et exp\u00e9riment\u00e9s<\/strong><\/p>\n<\/li>\n<li data-start=\"1161\" data-end=\"1218\">\n<p data-start=\"1163\" data-end=\"1218\">\ud83d\udee1\ufe0f S\u00fbre, ponctuelle et <strong data-start=\"1187\" data-end=\"1216\">pour votre confort<\/strong><\/p>\n<\/li>\n<\/ul>\n<h4 data-start=\"1220\" data-end=\"1266\">\ud83c\udfc1 Commencez ou terminez votre voyage de la bonne fa\u00e7on<\/h4>\n<p data-start=\"1267\" data-end=\"1388\">D\u00e9tendez-vous et profitez d'un transfert sans encombre \u00e0 Hurghada, afin de pouvoir <strong data-start=\"1331\" data-end=\"1385\">se concentrer sur les vacances et non sur les tracas du transport<\/strong>.<\/p>\n<h3 data-start=\"2198\" data-end=\"2225\"><strong data-start=\"2205\" data-end=\"2223\">Le paiement en USD ($ \ud83c\uddfa\ud83c\uddf8) au lieu de l'EUR (\u20ac \ud83c\uddea\ud83c\uddfa) est possible en fonction du taux de change bancaire quotidien.<\/strong><\/h3>\n<p><strong>R\u00e9server par WhatsApp :<\/strong><\/p>\n<p><a href=\"https:\/\/wa.me\/201021058859\" target=\"_blank\" rel=\"noopener\">\u00a0<img decoding=\"async\" class=\"alignnone wp-image-2058\" src=\"https:\/\/poehalisnamiegypt.com\/wp-content\/uploads\/2024\/02\/pngwing.com_-300x300.png\" sizes=\"auto, (max-width: 35px) 100vw, 35px\" srcset=\"https:\/\/poehalisnamiegypt.com\/wp-content\/uploads\/2024\/02\/pngwing.com_-300x300.png 300w, https:\/\/poehalisnamiegypt.com\/wp-content\/uploads\/2024\/02\/pngwing.com_-150x150.png 150w, https:\/\/poehalisnamiegypt.com\/wp-content\/uploads\/2024\/02\/pngwing.com_.png 584w\" alt=\"\" width=\"53\" height=\"53\" \/><\/a><\/p>\n<p>&nbsp;<\/p>","protected":false},"excerpt":{"rendered":"<p>\u2708\ufe0f Airport Transfer within Hurghada by Hiace Car Make your arrival or departure in Hurghada stress-free and comfortable with our reliable Toyota Hiace airport transfer service. Whether you&#8217;re traveling to or from Hurghada International Airport, we ensure a safe, smooth, and timely journey. \ud83c\udfc1 Hassle-Free Pick-Up &amp; Drop-Off \ud83c\udfe8 Door-to-door service from your hotel, resort, [&hellip;]<\/p>","protected":false},"featured_media":10908,"comment_status":"open","ping_status":"closed","template":"","meta":{"_monsterinsights_skip_tracking":false,"_monsterinsights_sitenote_active":false,"_monsterinsights_sitenote_note":"","_monsterinsights_sitenote_category":0},"product_brand":[],"product_cat":[69],"product_tag":[],"class_list":{"0":"post-10233","1":"product","2":"type-product","3":"status-publish","4":"has-post-thumbnail","6":"product_cat-transfer","8":"first","9":"instock","10":"shipping-taxable","11":"purchasable","12":"product-type-ovabrw_car_rental"},"_links":{"self":[{"href":"https:\/\/redsea-dream-tours.com\/fr\/wp-json\/wp\/v2\/product\/10233","targetHints":{"allow":["GET"]}}],"collection":[{"href":"https:\/\/redsea-dream-tours.com\/fr\/wp-json\/wp\/v2\/product"}],"about":[{"href":"https:\/\/redsea-dream-tours.com\/fr\/wp-json\/wp\/v2\/types\/product"}],"replies":[{"embeddable":true,"href":"https:\/\/redsea-dream-tours.com\/fr\/wp-json\/wp\/v2\/comments?post=10233"}],"wp:featuredmedia":[{"embeddable":true,"href":"https:\/\/redsea-dream-tours.com\/fr\/wp-json\/wp\/v2\/media\/10908"}],"wp:attachment":[{"href":"https:\/\/redsea-dream-tours.com\/fr\/wp-json\/wp\/v2\/media?parent=10233"}],"wp:term":[{"taxonomy":"product_brand","embeddable":true,"href":"https:\/\/redsea-dream-tours.com\/fr\/wp-json\/wp\/v2\/product_brand?post=10233"},{"taxonomy":"product_cat","embeddable":true,"href":"https:\/\/redsea-dream-tours.com\/fr\/wp-json\/wp\/v2\/product_cat?post=10233"},{"taxonomy":"product_tag","embeddable":true,"href":"https:\/\/redsea-dream-tours.com\/fr\/wp-json\/wp\/v2\/product_tag?post=10233"}],"curies":[{"name":"wp","href":"https:\/\/api.w.org\/{rel}","templated":true}]}}