{"id":10231,"date":"2025-09-09T10:47:33","date_gmt":"2025-09-09T10:47:33","guid":{"rendered":"https:\/\/redsea-dream-tours.com\/?post_type=product&#038;p=10231"},"modified":"2025-10-20T21:40:26","modified_gmt":"2025-10-20T21:40:26","slug":"transfer-to-marsa-alam-with-overnight-stay-in-a-hiace-car","status":"publish","type":"product","link":"https:\/\/redsea-dream-tours.com\/fr\/produit\/transfer-to-marsa-alam-with-overnight-stay-in-a-hiace-car\/","title":{"rendered":"Transfert \u00e0 Marsa Alam et nuit en voiture Hiace"},"content":{"rendered":"<h3 data-start=\"133\" data-end=\"197\">\ud83d\ude90 Transfert \u00e0 Marsa Alam avec nuit\u00e9e en voiture Hiace<\/h3>\n<p data-start=\"199\" data-end=\"528\">Se rendre \u00e0 Marsa Alam <strong data-start=\"231\" data-end=\"269\">confortable, s\u00fbr et sans stress<\/strong>, m\u00eame sur des trajets de longue dur\u00e9e comprenant une <strong data-start=\"315\" data-end=\"333\">nuit\u00e9e<\/strong>. Notre <strong data-start=\"339\" data-end=\"372\">Service de transfert de la Toyota Hiace<\/strong> est con\u00e7u pour les voyageurs qui pr\u00e9f\u00e8rent une <strong data-start=\"412\" data-end=\"454\">une exp\u00e9rience de voyage d\u00e9tendue et flexible<\/strong>, Vous arrivez donc frais et dispos, pr\u00eat \u00e0 profiter de vos vacances en mer Rouge.<\/p>\n<h4 data-start=\"530\" data-end=\"558\">\ud83c\udfc1 Enl\u00e8vement pratique<\/h4>\n<ul data-start=\"559\" data-end=\"681\">\n<li data-start=\"559\" data-end=\"624\">\n<p data-start=\"561\" data-end=\"624\">\ud83c\udfe8 <strong data-start=\"564\" data-end=\"588\">Service de porte \u00e0 porte<\/strong> depuis votre ville, a\u00e9roport ou h\u00f4tel<\/p>\n<\/li>\n<li data-start=\"625\" data-end=\"681\">\n<p data-start=\"627\" data-end=\"681\">\u23f0 <strong data-start=\"629\" data-end=\"656\">Horaire de d\u00e9part flexible<\/strong> pour s'adapter \u00e0 votre emploi du temps<\/p>\n<\/li>\n<\/ul>\n<h4 data-start=\"683\" data-end=\"718\">\ud83d\ude98 V\u00e9hicule Hiace confortable<\/h4>\n<p data-start=\"719\" data-end=\"746\">Profitez d'une conduite en douceur avec :<\/p>\n<ul data-start=\"747\" data-end=\"892\">\n<li data-start=\"747\" data-end=\"798\">\n<p data-start=\"749\" data-end=\"798\">\ud83e\ude91 <strong data-start=\"752\" data-end=\"796\">Des si\u00e8ges spacieux pouvant accueillir jusqu'\u00e0 10 passagers<\/strong><\/p>\n<\/li>\n<li data-start=\"799\" data-end=\"837\">\n<p data-start=\"801\" data-end=\"837\">\u2744\ufe0f <strong data-start=\"804\" data-end=\"835\">Cabine enti\u00e8rement climatis\u00e9e<\/strong><\/p>\n<\/li>\n<li data-start=\"838\" data-end=\"892\">\n<p data-start=\"840\" data-end=\"892\">\ud83d\udcbc <strong data-start=\"843\" data-end=\"866\">Large espace pour les bagages<\/strong> pour tous vos biens<\/p>\n<\/li>\n<\/ul>\n<h4 data-start=\"894\" data-end=\"928\">\ud83d\udee3\ufe0f Nuit\u00e9e incluse<\/h4>\n<ul data-start=\"929\" data-end=\"1123\">\n<li data-start=\"929\" data-end=\"1000\">\n<p data-start=\"931\" data-end=\"1000\">\ud83c\udfe8 Confortable <strong data-start=\"946\" data-end=\"998\">l'h\u00e9bergement pour la nuit organis\u00e9 le long de l'itin\u00e9raire<\/strong><\/p>\n<\/li>\n<li data-start=\"1001\" data-end=\"1060\">\n<p data-start=\"1003\" data-end=\"1060\">\ud83c\udf7d\ufe0f <strong data-start=\"1007\" data-end=\"1042\">Repas et rafra\u00eechissements facultatifs<\/strong> pendant l'arr\u00eat<\/p>\n<\/li>\n<li data-start=\"1061\" data-end=\"1123\">\n<p data-start=\"1063\" data-end=\"1123\">\u23f3 Parfait pour <strong data-start=\"1077\" data-end=\"1121\">transferts longue distance avec pauses<\/strong><\/p>\n<\/li>\n<\/ul>\n<h4 data-start=\"1125\" data-end=\"1165\">\ud83e\uddd1\u200d\u2708\ufe0f Service professionnel et s\u00fbr<\/h4>\n<ul data-start=\"1166\" data-end=\"1265\">\n<li data-start=\"1166\" data-end=\"1209\">\n<p data-start=\"1168\" data-end=\"1209\">\ud83d\udc68\u200d\u2708\ufe0f <strong data-start=\"1174\" data-end=\"1207\">Conducteurs exp\u00e9riment\u00e9s et titulaires d'un permis de conduire<\/strong><\/p>\n<\/li>\n<li data-start=\"1210\" data-end=\"1265\">\n<p data-start=\"1212\" data-end=\"1265\">\ud83d\udee1\ufe0f Ax\u00e9 sur <strong data-start=\"1227\" data-end=\"1263\">la s\u00e9curit\u00e9, la ponctualit\u00e9 et le confort<\/strong><\/p>\n<\/li>\n<\/ul>\n<h4 data-start=\"1267\" data-end=\"1305\">\ud83c\udfc1 Arriv\u00e9e en douceur \u00e0 Marsa Alam<\/h4>\n<p data-start=\"1306\" data-end=\"1432\">R\u00e9veillez-vous en pleine forme, poursuivez votre voyage et <strong data-start=\"1352\" data-end=\"1400\">arriv\u00e9e \u00e0 l'h\u00f4tel ou au centre de vill\u00e9giature de Marsa Alam<\/strong> pr\u00eat \u00e0 partir en vacances.<\/p>\n<h3 data-start=\"2198\" data-end=\"2225\"><strong data-start=\"2205\" data-end=\"2223\">Le paiement en USD ($ \ud83c\uddfa\ud83c\uddf8) au lieu de l'EUR (\u20ac \ud83c\uddea\ud83c\uddfa) est possible en fonction du taux de change bancaire quotidien.<\/strong><\/h3>\n<p><strong>R\u00e9server par WhatsApp :<\/strong><\/p>\n<p><a href=\"https:\/\/wa.me\/201021058859\" target=\"_blank\" rel=\"noopener\">\u00a0<img decoding=\"async\" class=\"alignnone wp-image-2058\" src=\"https:\/\/poehalisnamiegypt.com\/wp-content\/uploads\/2024\/02\/pngwing.com_-300x300.png\" sizes=\"auto, (max-width: 35px) 100vw, 35px\" srcset=\"https:\/\/poehalisnamiegypt.com\/wp-content\/uploads\/2024\/02\/pngwing.com_-300x300.png 300w, https:\/\/poehalisnamiegypt.com\/wp-content\/uploads\/2024\/02\/pngwing.com_-150x150.png 150w, https:\/\/poehalisnamiegypt.com\/wp-content\/uploads\/2024\/02\/pngwing.com_.png 584w\" alt=\"\" width=\"53\" height=\"53\" \/><\/a><\/p>\n<p>&nbsp;<\/p>","protected":false},"excerpt":{"rendered":"<p>\ud83d\ude90 Transfer to Marsa Alam with Overnight Stay by Hiace Car Make your journey to Marsa Alam comfortable, safe, and stress-free, even on long-distance trips that include an overnight stop. Our Toyota Hiace transfer service is designed for travelers who prefer a relaxed and flexible travel experience, ensuring you arrive refreshed and ready to enjoy [&hellip;]<\/p>","protected":false},"featured_media":10905,"comment_status":"open","ping_status":"closed","template":"","meta":{"_monsterinsights_skip_tracking":false,"_monsterinsights_sitenote_active":false,"_monsterinsights_sitenote_note":"","_monsterinsights_sitenote_category":0},"product_brand":[],"product_cat":[69],"product_tag":[],"class_list":{"0":"post-10231","1":"product","2":"type-product","3":"status-publish","4":"has-post-thumbnail","6":"product_cat-transfer","8":"first","9":"instock","10":"shipping-taxable","11":"purchasable","12":"product-type-ovabrw_car_rental"},"_links":{"self":[{"href":"https:\/\/redsea-dream-tours.com\/fr\/wp-json\/wp\/v2\/product\/10231","targetHints":{"allow":["GET"]}}],"collection":[{"href":"https:\/\/redsea-dream-tours.com\/fr\/wp-json\/wp\/v2\/product"}],"about":[{"href":"https:\/\/redsea-dream-tours.com\/fr\/wp-json\/wp\/v2\/types\/product"}],"replies":[{"embeddable":true,"href":"https:\/\/redsea-dream-tours.com\/fr\/wp-json\/wp\/v2\/comments?post=10231"}],"wp:featuredmedia":[{"embeddable":true,"href":"https:\/\/redsea-dream-tours.com\/fr\/wp-json\/wp\/v2\/media\/10905"}],"wp:attachment":[{"href":"https:\/\/redsea-dream-tours.com\/fr\/wp-json\/wp\/v2\/media?parent=10231"}],"wp:term":[{"taxonomy":"product_brand","embeddable":true,"href":"https:\/\/redsea-dream-tours.com\/fr\/wp-json\/wp\/v2\/product_brand?post=10231"},{"taxonomy":"product_cat","embeddable":true,"href":"https:\/\/redsea-dream-tours.com\/fr\/wp-json\/wp\/v2\/product_cat?post=10231"},{"taxonomy":"product_tag","embeddable":true,"href":"https:\/\/redsea-dream-tours.com\/fr\/wp-json\/wp\/v2\/product_tag?post=10231"}],"curies":[{"name":"wp","href":"https:\/\/api.w.org\/{rel}","templated":true}]}}