{"id":10230,"date":"2025-09-09T10:41:36","date_gmt":"2025-09-09T10:41:36","guid":{"rendered":"https:\/\/redsea-dream-tours.com\/?post_type=product&#038;p=10230"},"modified":"2025-10-20T21:41:11","modified_gmt":"2025-10-20T21:41:11","slug":"external-transfer-to-marsa-alam-by-limousine","status":"publish","type":"product","link":"https:\/\/redsea-dream-tours.com\/fr\/produit\/external-transfer-to-marsa-alam-by-limousine\/","title":{"rendered":"Transfert externe \u00e0 Marsa Alam en limousine"},"content":{"rendered":"<h3 data-start=\"146\" data-end=\"199\">\ud83d\ude96 Transfert externe vers Marsa Alam en limousine<\/h3>\n<p data-start=\"201\" data-end=\"462\">Exp\u00e9rience a <strong data-start=\"214\" data-end=\"251\">voyage luxueux et sans stress<\/strong> \u00e0 Marsa Alam avec notre <strong data-start=\"275\" data-end=\"315\">service exclusif de transfert en limousine<\/strong>. Que vous arriviez d'une autre ville ou d'un autre pays, notre limousine haut de gamme vous assure un service de qualit\u00e9. <strong data-start=\"402\" data-end=\"437\">confort, style et commodit\u00e9<\/strong> \u00e0 chaque \u00e9tape du processus.<\/p>\n<h4 data-start=\"464\" data-end=\"493\">\ud83c\udfc1 Enl\u00e8vement sans souci<\/h4>\n<ul data-start=\"494\" data-end=\"624\">\n<li data-start=\"494\" data-end=\"564\">\n<p data-start=\"496\" data-end=\"564\">\ud83c\udfe8 <strong data-start=\"499\" data-end=\"523\">Service de porte \u00e0 porte<\/strong> depuis votre h\u00f4tel, a\u00e9roport ou r\u00e9sidence<\/p>\n<\/li>\n<li data-start=\"565\" data-end=\"624\">\n<p data-start=\"567\" data-end=\"624\">\u23f0 <strong data-start=\"569\" data-end=\"588\">Un calendrier flexible<\/strong> en fonction de votre calendrier de voyage<\/p>\n<\/li>\n<\/ul>\n<h4 data-start=\"626\" data-end=\"664\">\ud83d\ude98 Conduite luxueuse et confortable<\/h4>\n<p data-start=\"665\" data-end=\"717\">Notre limousine offre la meilleure exp\u00e9rience de voyage :<\/p>\n<ul data-start=\"718\" data-end=\"877\">\n<li data-start=\"718\" data-end=\"775\">\n<p data-start=\"720\" data-end=\"775\">\ud83e\ude91 <strong data-start=\"723\" data-end=\"773\">Si\u00e8ges en cuir de premi\u00e8re qualit\u00e9 pour une d\u00e9tente maximale<\/strong><\/p>\n<\/li>\n<li data-start=\"776\" data-end=\"814\">\n<p data-start=\"778\" data-end=\"814\">\u2744\ufe0f <strong data-start=\"781\" data-end=\"812\">Cabine enti\u00e8rement climatis\u00e9e<\/strong><\/p>\n<\/li>\n<li data-start=\"815\" data-end=\"877\">\n<p data-start=\"817\" data-end=\"877\">\ud83d\udcbc <strong data-start=\"820\" data-end=\"846\">Grande capacit\u00e9 de chargement<\/strong> pour vos sacs et effets personnels<\/p>\n<\/li>\n<\/ul>\n<h4 data-start=\"879\" data-end=\"925\">\ud83d\udee3\ufe0f Parfait pour les transferts longue distance<\/h4>\n<p data-start=\"926\" data-end=\"938\">Id\u00e9al pour :<\/p>\n<ul data-start=\"939\" data-end=\"1071\">\n<li data-start=\"939\" data-end=\"981\">\n<p data-start=\"941\" data-end=\"981\">\u2708\ufe0f <strong data-start=\"944\" data-end=\"979\">Transferts de l'a\u00e9roport \u00e0 Marsa Alam<\/strong><\/p>\n<\/li>\n<li data-start=\"982\" data-end=\"1022\">\n<p data-start=\"984\" data-end=\"1022\">\ud83c\udfd9\ufe0f <strong data-start=\"988\" data-end=\"1020\">Voyages priv\u00e9s de ville \u00e0 station baln\u00e9aire<\/strong><\/p>\n<\/li>\n<li data-start=\"1023\" data-end=\"1071\">\n<p data-start=\"1025\" data-end=\"1071\">\ud83c\udf0d <strong data-start=\"1028\" data-end=\"1069\">Trajets entre villes et entre pays<\/strong><\/p>\n<\/li>\n<\/ul>\n<h4 data-start=\"1073\" data-end=\"1116\">\ud83e\uddd1\u200d\u2708\ufe0f Service de chauffeur professionnel<\/h4>\n<ul data-start=\"1117\" data-end=\"1238\">\n<li data-start=\"1117\" data-end=\"1179\">\n<p data-start=\"1119\" data-end=\"1179\">\ud83d\udc68\u200d\u2708\ufe0f <strong data-start=\"1125\" data-end=\"1177\">Chauffeurs bien form\u00e9s, courtois et titulaires d'un permis de conduire<\/strong><\/p>\n<\/li>\n<li data-start=\"1180\" data-end=\"1238\">\n<p data-start=\"1182\" data-end=\"1238\">\ud83d\udee1\ufe0f Ax\u00e9 sur <strong data-start=\"1197\" data-end=\"1236\">la s\u00e9curit\u00e9, la ponctualit\u00e9 et la discr\u00e9tion<\/strong><\/p>\n<\/li>\n<\/ul>\n<h4 data-start=\"1240\" data-end=\"1278\">\ud83c\udfc1 Arriv\u00e9e en douceur \u00e0 Marsa Alam<\/h4>\n<p data-start=\"1279\" data-end=\"1439\">Arriv\u00e9e \u00e0 l'h\u00f4tel, au centre de vill\u00e9giature ou \u00e0 tout autre endroit souhait\u00e9 \u00e0 Marsa Alam. <strong data-start=\"1347\" data-end=\"1380\">se sentir d\u00e9tendu et rafra\u00eechi<\/strong>, L'h\u00f4tel est situ\u00e9 \u00e0 proximit\u00e9 de l'a\u00e9roport, pr\u00eat \u00e0 partir \u00e0 l'aventure ou \u00e0 se d\u00e9tendre au bord de la mer Rouge.<\/p>\n<h3 data-start=\"2198\" data-end=\"2225\"><strong data-start=\"2205\" data-end=\"2223\">Le paiement en USD ($ \ud83c\uddfa\ud83c\uddf8) au lieu de l'EUR (\u20ac \ud83c\uddea\ud83c\uddfa) est possible en fonction du taux de change bancaire quotidien.<\/strong><\/h3>\n<p><strong>R\u00e9server par WhatsApp :<\/strong><\/p>\n<p><a href=\"https:\/\/wa.me\/201021058859\" target=\"_blank\" rel=\"noopener\">\u00a0<img decoding=\"async\" class=\"alignnone wp-image-2058\" src=\"https:\/\/poehalisnamiegypt.com\/wp-content\/uploads\/2024\/02\/pngwing.com_-300x300.png\" sizes=\"auto, (max-width: 35px) 100vw, 35px\" srcset=\"https:\/\/poehalisnamiegypt.com\/wp-content\/uploads\/2024\/02\/pngwing.com_-300x300.png 300w, https:\/\/poehalisnamiegypt.com\/wp-content\/uploads\/2024\/02\/pngwing.com_-150x150.png 150w, https:\/\/poehalisnamiegypt.com\/wp-content\/uploads\/2024\/02\/pngwing.com_.png 584w\" alt=\"\" width=\"53\" height=\"53\" \/><\/a><\/p>\n<p>&nbsp;<\/p>","protected":false},"excerpt":{"rendered":"<p>\ud83d\ude96 External Transfer to Marsa Alam by Limousine Experience a luxurious and stress-free journey to Marsa Alam with our exclusive limousine transfer service. Whether you are arriving from another city or country, our premium limousine ensures comfort, style, and convenience every step of the way. \ud83c\udfc1 Hassle-Free Pick-Up \ud83c\udfe8 Door-to-door service from your hotel, airport, [&hellip;]<\/p>","protected":false},"featured_media":10907,"comment_status":"open","ping_status":"closed","template":"","meta":{"_monsterinsights_skip_tracking":false,"_monsterinsights_sitenote_active":false,"_monsterinsights_sitenote_note":"","_monsterinsights_sitenote_category":0},"product_brand":[],"product_cat":[69],"product_tag":[],"class_list":{"0":"post-10230","1":"product","2":"type-product","3":"status-publish","4":"has-post-thumbnail","6":"product_cat-transfer","8":"first","9":"instock","10":"shipping-taxable","11":"purchasable","12":"product-type-ovabrw_car_rental"},"_links":{"self":[{"href":"https:\/\/redsea-dream-tours.com\/fr\/wp-json\/wp\/v2\/product\/10230","targetHints":{"allow":["GET"]}}],"collection":[{"href":"https:\/\/redsea-dream-tours.com\/fr\/wp-json\/wp\/v2\/product"}],"about":[{"href":"https:\/\/redsea-dream-tours.com\/fr\/wp-json\/wp\/v2\/types\/product"}],"replies":[{"embeddable":true,"href":"https:\/\/redsea-dream-tours.com\/fr\/wp-json\/wp\/v2\/comments?post=10230"}],"wp:featuredmedia":[{"embeddable":true,"href":"https:\/\/redsea-dream-tours.com\/fr\/wp-json\/wp\/v2\/media\/10907"}],"wp:attachment":[{"href":"https:\/\/redsea-dream-tours.com\/fr\/wp-json\/wp\/v2\/media?parent=10230"}],"wp:term":[{"taxonomy":"product_brand","embeddable":true,"href":"https:\/\/redsea-dream-tours.com\/fr\/wp-json\/wp\/v2\/product_brand?post=10230"},{"taxonomy":"product_cat","embeddable":true,"href":"https:\/\/redsea-dream-tours.com\/fr\/wp-json\/wp\/v2\/product_cat?post=10230"},{"taxonomy":"product_tag","embeddable":true,"href":"https:\/\/redsea-dream-tours.com\/fr\/wp-json\/wp\/v2\/product_tag?post=10230"}],"curies":[{"name":"wp","href":"https:\/\/api.w.org\/{rel}","templated":true}]}}