{"id":10213,"date":"2025-09-09T10:03:55","date_gmt":"2025-09-09T10:03:55","guid":{"rendered":"https:\/\/redsea-dream-tours.com\/?post_type=product&#038;p=10213"},"modified":"2025-10-20T21:45:26","modified_gmt":"2025-10-20T21:45:26","slug":"luxor-to-aswan-transfer-hiace-car","status":"publish","type":"product","link":"https:\/\/redsea-dream-tours.com\/fr\/produit\/luxor-to-aswan-transfer-hiace-car\/","title":{"rendered":"Transfert de Louxor \u00e0 Assouan en voiture Hiace"},"content":{"rendered":"<h3 data-start=\"138\" data-end=\"196\">Transfert de Louxor \u00e0 Assouan en voiture Hiace<\/h3>\n<p data-start=\"198\" data-end=\"487\">Profitez d'un <strong data-start=\"206\" data-end=\"252\">un voyage confortable, s\u00fbr et sans tracas<\/strong> de <strong data-start=\"258\" data-end=\"276\">De Louxor \u00e0 Assouan<\/strong> avec notre service priv\u00e9 <strong data-start=\"294\" data-end=\"331\">Service de transfert de voitures Toyota Hiace<\/strong>. Que vous poursuiviez votre <strong data-start=\"364\" data-end=\"389\">Croisi\u00e8re sur le Nil<\/strong>, en explorant <strong data-start=\"401\" data-end=\"415\">Abou Simbel<\/strong>, ou de vous rendre \u00e0 votre h\u00f4tel, nous faisons en sorte que votre voyage se d\u00e9roule sans encombre et en toute d\u00e9contraction.<\/p>\n<h4 data-start=\"489\" data-end=\"511\">\ud83c\udfc1 Enl\u00e8vement facile<\/h4>\n<ul data-start=\"512\" data-end=\"663\">\n<li data-start=\"512\" data-end=\"608\">\n<p data-start=\"514\" data-end=\"608\">\ud83c\udfe8 <strong data-start=\"517\" data-end=\"541\">Service de porte \u00e0 porte<\/strong> - prise en charge depuis votre h\u00f4tel, votre bateau de croisi\u00e8re ou tout autre lieu \u00e0 Louxor<\/p>\n<\/li>\n<li data-start=\"609\" data-end=\"663\">\n<p data-start=\"611\" data-end=\"663\">\u23f0 <strong data-start=\"613\" data-end=\"641\">Horaires de d\u00e9part flexibles<\/strong> pour r\u00e9pondre \u00e0 vos projets<\/p>\n<\/li>\n<\/ul>\n<h4 data-start=\"665\" data-end=\"700\">\ud83d\ude98 Confortable et moderne<\/h4>\n<p data-start=\"701\" data-end=\"763\">Notre fourgon Hiace haut de gamme est con\u00e7u pour le confort sur de longues distances :<\/p>\n<ul data-start=\"764\" data-end=\"921\">\n<li data-start=\"764\" data-end=\"815\">\n<p data-start=\"766\" data-end=\"815\">\ud83e\ude91 <strong data-start=\"769\" data-end=\"813\">Des si\u00e8ges spacieux pouvant accueillir jusqu'\u00e0 10 passagers<\/strong><\/p>\n<\/li>\n<li data-start=\"816\" data-end=\"872\">\n<p data-start=\"818\" data-end=\"872\">\u2744\ufe0f <strong data-start=\"821\" data-end=\"870\">Climatisation pour une conduite fra\u00eeche et agr\u00e9able<\/strong><\/p>\n<\/li>\n<li data-start=\"873\" data-end=\"921\">\n<p data-start=\"875\" data-end=\"921\">\ud83d\udcbc Ample <strong data-start=\"884\" data-end=\"901\">espace pour les bagages<\/strong> pour tous vos sacs<\/p>\n<\/li>\n<\/ul>\n<h4 data-start=\"923\" data-end=\"957\">\ud83d\udee3\ufe0f Exp\u00e9rience de la route panoramique<\/h4>\n<p data-start=\"958\" data-end=\"1035\">Voyager \u00e0 travers les <strong data-start=\"977\" data-end=\"1014\">Vall\u00e9e du Nil et paysages d\u00e9sertiques<\/strong>, avec des options pour :<\/p>\n<ul data-start=\"1036\" data-end=\"1116\">\n<li data-start=\"1036\" data-end=\"1069\">\n<p data-start=\"1038\" data-end=\"1069\">\u2615 Arr\u00eats pour rafra\u00eechissements<\/p>\n<\/li>\n<li data-start=\"1070\" data-end=\"1116\">\n<p data-start=\"1072\" data-end=\"1116\">\ud83d\udcf8 De courtes opportunit\u00e9s de photos le long de la route<\/p>\n<\/li>\n<\/ul>\n<h4 data-start=\"1118\" data-end=\"1162\">\ud83e\uddd1\u200d\u2708\ufe0f Service fiable et professionnel<\/h4>\n<ul data-start=\"1163\" data-end=\"1265\">\n<li data-start=\"1163\" data-end=\"1221\">\n<p data-start=\"1165\" data-end=\"1221\">\ud83d\udc68\u200d\u2708\ufe0f Exp\u00e9riment\u00e9, courtois et <strong data-start=\"1199\" data-end=\"1219\">conducteurs titulaires d'un permis de conduire<\/strong><\/p>\n<\/li>\n<li data-start=\"1222\" data-end=\"1265\">\n<p data-start=\"1224\" data-end=\"1265\">\ud83d\udee1\ufe0f Se concentrer sur <strong data-start=\"1237\" data-end=\"1263\">s\u00e9curit\u00e9 et ponctualit\u00e9<\/strong><\/p>\n<\/li>\n<\/ul>\n<h4 data-start=\"1267\" data-end=\"1292\">\ud83c\udfc1 D\u00e9barquement en douceur<\/h4>\n<p data-start=\"1293\" data-end=\"1431\">Arriv\u00e9e directe \u00e0 votre <strong data-start=\"1317\" data-end=\"1374\">h\u00f4tel, port de croisi\u00e8re ou destination pr\u00e9f\u00e9r\u00e9e \u00e0 Assouan<\/strong> - d\u00e9tendu et pr\u00eat pour la suite de votre voyage.<\/p>\n<h3 data-start=\"2198\" data-end=\"2225\"><strong data-start=\"2205\" data-end=\"2223\">Le paiement en USD ($ \ud83c\uddfa\ud83c\uddf8) au lieu de l'EUR (\u20ac \ud83c\uddea\ud83c\uddfa) est possible en fonction du taux de change bancaire quotidien.<\/strong><\/h3>\n<p><strong>R\u00e9server par WhatsApp :<\/strong><\/p>\n<p><a href=\"https:\/\/wa.me\/201021058859\" target=\"_blank\" rel=\"noopener\">\u00a0<img decoding=\"async\" class=\"alignnone wp-image-2058\" src=\"https:\/\/poehalisnamiegypt.com\/wp-content\/uploads\/2024\/02\/pngwing.com_-300x300.png\" sizes=\"auto, (max-width: 35px) 100vw, 35px\" srcset=\"https:\/\/poehalisnamiegypt.com\/wp-content\/uploads\/2024\/02\/pngwing.com_-300x300.png 300w, https:\/\/poehalisnamiegypt.com\/wp-content\/uploads\/2024\/02\/pngwing.com_-150x150.png 150w, https:\/\/poehalisnamiegypt.com\/wp-content\/uploads\/2024\/02\/pngwing.com_.png 584w\" alt=\"\" width=\"53\" height=\"53\" \/><\/a><\/p>\n<p>&nbsp;<\/p>","protected":false},"excerpt":{"rendered":"<p>\ud83d\ude90 Transfer from Luxor to Aswan by Hiace Car Enjoy a comfortable, safe, and hassle-free journey from Luxor to Aswan with our private Toyota Hiace car transfer service. Whether you\u2019re continuing your Nile cruise adventure, exploring Abu Simbel, or heading to your hotel, we make your travel seamless and relaxing. \ud83c\udfc1 Easy Pick-Up \ud83c\udfe8 Door-to-door [&hellip;]<\/p>","protected":false},"featured_media":10904,"comment_status":"open","ping_status":"closed","template":"","meta":{"_monsterinsights_skip_tracking":false,"_monsterinsights_sitenote_active":false,"_monsterinsights_sitenote_note":"","_monsterinsights_sitenote_category":0},"product_brand":[],"product_cat":[69],"product_tag":[],"class_list":{"0":"post-10213","1":"product","2":"type-product","3":"status-publish","4":"has-post-thumbnail","6":"product_cat-transfer","8":"first","9":"instock","10":"shipping-taxable","11":"purchasable","12":"product-type-ovabrw_car_rental"},"_links":{"self":[{"href":"https:\/\/redsea-dream-tours.com\/fr\/wp-json\/wp\/v2\/product\/10213","targetHints":{"allow":["GET"]}}],"collection":[{"href":"https:\/\/redsea-dream-tours.com\/fr\/wp-json\/wp\/v2\/product"}],"about":[{"href":"https:\/\/redsea-dream-tours.com\/fr\/wp-json\/wp\/v2\/types\/product"}],"replies":[{"embeddable":true,"href":"https:\/\/redsea-dream-tours.com\/fr\/wp-json\/wp\/v2\/comments?post=10213"}],"wp:featuredmedia":[{"embeddable":true,"href":"https:\/\/redsea-dream-tours.com\/fr\/wp-json\/wp\/v2\/media\/10904"}],"wp:attachment":[{"href":"https:\/\/redsea-dream-tours.com\/fr\/wp-json\/wp\/v2\/media?parent=10213"}],"wp:term":[{"taxonomy":"product_brand","embeddable":true,"href":"https:\/\/redsea-dream-tours.com\/fr\/wp-json\/wp\/v2\/product_brand?post=10213"},{"taxonomy":"product_cat","embeddable":true,"href":"https:\/\/redsea-dream-tours.com\/fr\/wp-json\/wp\/v2\/product_cat?post=10213"},{"taxonomy":"product_tag","embeddable":true,"href":"https:\/\/redsea-dream-tours.com\/fr\/wp-json\/wp\/v2\/product_tag?post=10213"}],"curies":[{"name":"wp","href":"https:\/\/api.w.org\/{rel}","templated":true}]}}