{"id":10210,"date":"2025-09-09T09:56:06","date_gmt":"2025-09-09T09:56:06","guid":{"rendered":"https:\/\/redsea-dream-tours.com\/?post_type=product&#038;p=10210"},"modified":"2025-10-20T21:46:16","modified_gmt":"2025-10-20T21:46:16","slug":"transfer-hurghada-to-aswan-hiace-car","status":"publish","type":"product","link":"https:\/\/redsea-dream-tours.com\/fr\/produit\/transfer-hurghada-to-aswan-hiace-car\/","title":{"rendered":"Transfert Hurghada - Assouan Voiture Hiace"},"content":{"rendered":"<h3 data-start=\"148\" data-end=\"209\">Transfert priv\u00e9 d'Hurghada \u00e0 Assouan en voiture Hiace<\/h3>\n<p data-start=\"211\" data-end=\"470\">Voyager confortablement et sans stress \u00e0 partir de <strong data-start=\"251\" data-end=\"272\">De Hurghada \u00e0 Assouan<\/strong> avec notre syst\u00e8me fiable de <strong data-start=\"291\" data-end=\"329\">service de transfert en voiture priv\u00e9e Hiace<\/strong>. Que vous vous dirigiez vers un <strong data-start=\"360\" data-end=\"419\">un voyage d'affaires, une croisi\u00e8re sur le Nil ou une aventure historique<\/strong>Nous veillons \u00e0 ce que votre voyage se d\u00e9roule sans encombre et de mani\u00e8re agr\u00e9able.<\/p>\n<h4 data-start=\"472\" data-end=\"500\">\ud83c\udfc1 Enl\u00e8vement pratique<\/h4>\n<ul data-start=\"501\" data-end=\"647\">\n<li data-start=\"501\" data-end=\"590\">\n<p data-start=\"503\" data-end=\"590\">\ud83c\udfe8 <strong data-start=\"506\" data-end=\"530\">Service de porte \u00e0 porte<\/strong> - prise en charge \u00e0 l'h\u00f4tel ou \u00e0 l'endroit souhait\u00e9 \u00e0 Hurghada<\/p>\n<\/li>\n<li data-start=\"591\" data-end=\"647\">\n<p data-start=\"593\" data-end=\"647\">\u23f0 <strong data-start=\"595\" data-end=\"623\">Horaires de d\u00e9part flexibles<\/strong> pour s'adapter \u00e0 votre emploi du temps<\/p>\n<\/li>\n<\/ul>\n<h4 data-start=\"649\" data-end=\"686\">\ud83d\ude98 Conduite confortable et spacieuse<\/h4>\n<p data-start=\"687\" data-end=\"728\">Notre modernit\u00e9 <strong data-start=\"698\" data-end=\"718\">Fourgon Toyota Hiace<\/strong> offres :<\/p>\n<ul data-start=\"729\" data-end=\"885\">\n<li data-start=\"729\" data-end=\"780\">\n<p data-start=\"731\" data-end=\"780\">\ud83e\ude91 <strong data-start=\"734\" data-end=\"778\">Des si\u00e8ges spacieux pouvant accueillir jusqu'\u00e0 10 passagers<\/strong><\/p>\n<\/li>\n<li data-start=\"781\" data-end=\"836\">\n<p data-start=\"783\" data-end=\"836\">\u2744\ufe0f <strong data-start=\"786\" data-end=\"814\">Int\u00e9rieur climatis\u00e9<\/strong> pour un voyage relaxant<\/p>\n<\/li>\n<li data-start=\"837\" data-end=\"885\">\n<p data-start=\"839\" data-end=\"885\">\ud83d\udcbc Plenty of <strong data-start=\"852\" data-end=\"869\">espace pour les bagages<\/strong> pour vos sacs<\/p>\n<\/li>\n<\/ul>\n<h4 data-start=\"887\" data-end=\"912\">\ud83d\udee3\ufe0f Voyage pittoresque<\/h4>\n<p data-start=\"913\" data-end=\"1041\">Profitez de la balade pour voyager \u00e0 travers les <strong data-start=\"954\" data-end=\"1006\">des paysages d\u00e9sertiques \u00e9poustouflants et des vues sur la vall\u00e9e du Nil<\/strong>avec des possibilit\u00e9s de s'arr\u00eater :<\/p>\n<ul data-start=\"1042\" data-end=\"1098\">\n<li data-start=\"1042\" data-end=\"1065\">\n<p data-start=\"1044\" data-end=\"1065\">\u2615 De courtes pauses<\/p>\n<\/li>\n<li data-start=\"1066\" data-end=\"1098\">\n<p data-start=\"1068\" data-end=\"1098\">\ud83d\udcf8 Opportunit\u00e9s de photos rapides<\/p>\n<\/li>\n<\/ul>\n<h4 data-start=\"1100\" data-end=\"1133\">\ud83e\uddd1\u200d\u2708\ufe0f Service professionnel<\/h4>\n<ul data-start=\"1134\" data-end=\"1230\">\n<li data-start=\"1134\" data-end=\"1180\">\n<p data-start=\"1136\" data-end=\"1180\">\ud83d\udc68\u200d\u2708\ufe0f Exp\u00e9riment\u00e9 et <strong data-start=\"1158\" data-end=\"1178\">des conducteurs sympathiques<\/strong><\/p>\n<\/li>\n<li data-start=\"1181\" data-end=\"1230\">\n<p data-start=\"1183\" data-end=\"1230\">\ud83d\udea6 S\u00fbr, <strong data-start=\"1192\" data-end=\"1228\">des transferts autoris\u00e9s et ponctuels<\/strong><\/p>\n<\/li>\n<\/ul>\n<h4 data-start=\"1232\" data-end=\"1257\">\ud83c\udfc1 D\u00e9barquement en douceur<\/h4>\n<p data-start=\"1258\" data-end=\"1368\">Arriv\u00e9e confortable \u00e0 votre <strong data-start=\"1285\" data-end=\"1334\">h\u00f4tel, croisi\u00e8re ou destination choisie \u00e0 Assouan<\/strong>L'\u00e9quipe de l'Agence europ\u00e9enne pour la s\u00e9curit\u00e9 et la sant\u00e9 au travail est pr\u00eate \u00e0 commencer l'aventure.<\/p>\n<h3 data-start=\"2198\" data-end=\"2225\"><strong data-start=\"2205\" data-end=\"2223\">Le paiement en USD ($ \ud83c\uddfa\ud83c\uddf8) au lieu de l'EUR (\u20ac \ud83c\uddea\ud83c\uddfa) est possible en fonction du taux de change bancaire quotidien.<\/strong><\/h3>\n<p><strong>R\u00e9server par WhatsApp :<\/strong><\/p>\n<p><a href=\"https:\/\/wa.me\/201021058859\" target=\"_blank\" rel=\"noopener\">\u00a0<img decoding=\"async\" class=\"alignnone wp-image-2058\" src=\"https:\/\/poehalisnamiegypt.com\/wp-content\/uploads\/2024\/02\/pngwing.com_-300x300.png\" sizes=\"auto, (max-width: 35px) 100vw, 35px\" srcset=\"https:\/\/poehalisnamiegypt.com\/wp-content\/uploads\/2024\/02\/pngwing.com_-300x300.png 300w, https:\/\/poehalisnamiegypt.com\/wp-content\/uploads\/2024\/02\/pngwing.com_-150x150.png 150w, https:\/\/poehalisnamiegypt.com\/wp-content\/uploads\/2024\/02\/pngwing.com_.png 584w\" alt=\"\" width=\"53\" height=\"53\" \/><\/a><\/p>\n<p>&nbsp;<\/p>","protected":false},"excerpt":{"rendered":"<p>\ud83d\ude90 Private Transfer from Hurghada to Aswan by Hiace Car Travel comfortably and stress-free from Hurghada to Aswan with our reliable private Hiace car transfer service. Whether you\u2019re heading for a business trip, a Nile cruise, or a historical adventure, we ensure your journey is smooth and enjoyable. \ud83c\udfc1 Convenient Pick-Up \ud83c\udfe8 Door-to-door service \u2013 [&hellip;]<\/p>","protected":false},"featured_media":10910,"comment_status":"open","ping_status":"closed","template":"","meta":{"_monsterinsights_skip_tracking":false,"_monsterinsights_sitenote_active":false,"_monsterinsights_sitenote_note":"","_monsterinsights_sitenote_category":0},"product_brand":[],"product_cat":[69],"product_tag":[],"class_list":{"0":"post-10210","1":"product","2":"type-product","3":"status-publish","4":"has-post-thumbnail","6":"product_cat-transfer","8":"first","9":"instock","10":"shipping-taxable","11":"purchasable","12":"product-type-ovabrw_car_rental"},"_links":{"self":[{"href":"https:\/\/redsea-dream-tours.com\/fr\/wp-json\/wp\/v2\/product\/10210","targetHints":{"allow":["GET"]}}],"collection":[{"href":"https:\/\/redsea-dream-tours.com\/fr\/wp-json\/wp\/v2\/product"}],"about":[{"href":"https:\/\/redsea-dream-tours.com\/fr\/wp-json\/wp\/v2\/types\/product"}],"replies":[{"embeddable":true,"href":"https:\/\/redsea-dream-tours.com\/fr\/wp-json\/wp\/v2\/comments?post=10210"}],"wp:featuredmedia":[{"embeddable":true,"href":"https:\/\/redsea-dream-tours.com\/fr\/wp-json\/wp\/v2\/media\/10910"}],"wp:attachment":[{"href":"https:\/\/redsea-dream-tours.com\/fr\/wp-json\/wp\/v2\/media?parent=10210"}],"wp:term":[{"taxonomy":"product_brand","embeddable":true,"href":"https:\/\/redsea-dream-tours.com\/fr\/wp-json\/wp\/v2\/product_brand?post=10210"},{"taxonomy":"product_cat","embeddable":true,"href":"https:\/\/redsea-dream-tours.com\/fr\/wp-json\/wp\/v2\/product_cat?post=10210"},{"taxonomy":"product_tag","embeddable":true,"href":"https:\/\/redsea-dream-tours.com\/fr\/wp-json\/wp\/v2\/product_tag?post=10210"}],"curies":[{"name":"wp","href":"https:\/\/api.w.org\/{rel}","templated":true}]}}