{"id":10182,"date":"2025-09-09T09:21:40","date_gmt":"2025-09-09T09:21:40","guid":{"rendered":"https:\/\/redsea-dream-tours.com\/?post_type=product&#038;p=10182"},"modified":"2025-11-28T14:34:57","modified_gmt":"2025-11-28T14:34:57","slug":"buggy-2-h-trip","status":"publish","type":"product","link":"https:\/\/redsea-dream-tours.com\/fr\/produit\/buggy-2-h-trip\/","title":{"rendered":"Buggy Double Adventure : Plaisirs du d\u00e9sert et B\u00e9douins"},"content":{"rendered":"<h3 data-start=\"100\" data-end=\"164\">\ud83c\udfdc\ufe0f Buggy Double Desert Adventure - Fun, Culture &amp; Memories<\/h3>\n<p data-start=\"159\" data-end=\"398\">Vous cherchez l'activit\u00e9 familiale id\u00e9ale qui combine <strong data-start=\"213\" data-end=\"266\">aventure, culture et vues \u00e9poustouflantes sur le d\u00e9sert<\/strong>? A <strong data-start=\"270\" data-end=\"291\">voyage en buggy en famille<\/strong> est le meilleur moyen d'explorer le sable dor\u00e9 tout en d\u00e9couvrant la vie traditionnelle des B\u00e9douins.<\/p>\n<h4 data-start=\"400\" data-end=\"441\">\ud83d\ude90 Un d\u00e9part facile pour toute la famille<\/h4>\n<p data-start=\"442\" data-end=\"588\">Commencer par un <strong data-start=\"455\" data-end=\"484\">prise en charge confortable \u00e0 l'h\u00f4tel<\/strong>, Le premier jour, vous serez accueillis chaleureusement et vous d\u00e9couvrirez rapidement les activit\u00e9s de votre \u00e9quipe. <strong data-start=\"546\" data-end=\"585\">buggy familial s\u00fbr et facile \u00e0 conduire<\/strong>.<\/p>\n<ul data-start=\"589\" data-end=\"691\">\n<li data-start=\"589\" data-end=\"646\">\n<p data-start=\"591\" data-end=\"646\">\ud83e\uddd1\u200d\ud83c\udfeb <strong data-start=\"597\" data-end=\"619\">Instructions succinctes<\/strong> par des guides professionnels<\/p>\n<\/li>\n<li data-start=\"647\" data-end=\"691\">\n<p data-start=\"649\" data-end=\"691\">\ud83e\uddba <strong data-start=\"652\" data-end=\"676\">Mat\u00e9riel de s\u00e9curit\u00e9 fourni<\/strong> pour tous<\/p>\n<\/li>\n<\/ul>\n<h4 data-start=\"693\" data-end=\"730\">\ud83c\udf35 Explorer la beaut\u00e9 du d\u00e9sert<\/h4>\n<p data-start=\"731\" data-end=\"769\">Partez pour un voyage passionnant \u00e0 travers.. :<\/p>\n<ul data-start=\"770\" data-end=\"926\">\n<li data-start=\"770\" data-end=\"811\">\n<p data-start=\"772\" data-end=\"811\">\ud83c\udfdc\ufe0f <strong data-start=\"776\" data-end=\"809\">Dunes dor\u00e9es et sentiers rocailleux<\/strong><\/p>\n<\/li>\n<li data-start=\"812\" data-end=\"869\">\n<p data-start=\"814\" data-end=\"869\">\ud83c\udf04 Des vues panoramiques \u00e9poustouflantes, parfaites pour les photos de famille<\/p>\n<\/li>\n<li data-start=\"870\" data-end=\"926\">\n<p data-start=\"872\" data-end=\"926\">\ud83c\udf34 Les chemins cach\u00e9s du d\u00e9sert que peu de voyageurs ont l'occasion de voir<\/p>\n<\/li>\n<\/ul>\n<h4 data-start=\"928\" data-end=\"963\">\ud83c\udfd5\ufe0f D\u00e9couvrir la culture b\u00e9douine<\/h4>\n<p data-start=\"964\" data-end=\"1041\">Votre voyage vous m\u00e8nera dans un <strong data-start=\"1004\" data-end=\"1023\">Village b\u00e9douin<\/strong>, o\u00f9 vous le pouvez :<\/p>\n<ul data-start=\"1042\" data-end=\"1195\">\n<li data-start=\"1042\" data-end=\"1102\">\n<p data-start=\"1044\" data-end=\"1102\">\ud83d\udc2a Rencontrer les habitants et d\u00e9couvrir leur mode de vie <strong data-start=\"1085\" data-end=\"1100\">mode de vie<\/strong><\/p>\n<\/li>\n<li data-start=\"1103\" data-end=\"1141\">\n<p data-start=\"1105\" data-end=\"1141\">\ud83c\udf75 Savourer l'authentique <strong data-start=\"1124\" data-end=\"1139\">Th\u00e9 b\u00e9douin<\/strong><\/p>\n<\/li>\n<li data-start=\"1142\" data-end=\"1195\">\n<p data-start=\"1144\" data-end=\"1195\">\ud83c\udfda\ufe0f Explorer leurs coutumes, leur artisanat et leurs traditions<\/p>\n<\/li>\n<\/ul>\n<h4 data-start=\"1197\" data-end=\"1233\">\ud83d\udc68\u200d\ud83d\udc69\u200d\ud83d\udc67 Parfait pour les familles<\/h4>\n<p data-start=\"1234\" data-end=\"1273\">Cette excursion d'une demi-journ\u00e9e est con\u00e7ue pour \u00eatre :<\/p>\n<ul data-start=\"1274\" data-end=\"1422\">\n<li data-start=\"1274\" data-end=\"1306\">\n<p data-start=\"1276\" data-end=\"1306\">\ud83d\udeb8 <strong data-start=\"1279\" data-end=\"1304\">S\u00fbr et amusant pour les enfants<\/strong><\/p>\n<\/li>\n<li data-start=\"1307\" data-end=\"1360\">\n<p data-start=\"1309\" data-end=\"1360\">\ud83c\udf1f Une exp\u00e9rience \u00e9ducative pour toute la famille<\/p>\n<\/li>\n<li data-start=\"1361\" data-end=\"1422\">\n<p data-start=\"1363\" data-end=\"1422\">\ud83d\udcf8 Une chance de cr\u00e9er <strong data-start=\"1385\" data-end=\"1420\">des souvenirs inoubliables ensemble<\/strong><\/p>\n<\/li>\n<\/ul>\n<p data-start=\"61\" data-end=\"95\">\ud83d\udcdd <strong data-start=\"64\" data-end=\"93\">Classification \/ Conditions d'\u00e2ge<\/strong><\/p>\n<ul data-start=\"97\" data-end=\"197\">\n<li data-start=\"97\" data-end=\"146\">\n<p data-start=\"99\" data-end=\"146\">\ud83d\ude97 <strong data-start=\"102\" data-end=\"113\">Conduite<\/strong>: Autoris\u00e9 \u00e0 partir de <strong data-start=\"128\" data-end=\"144\">16 ans<\/strong><\/p>\n<\/li>\n<li data-start=\"147\" data-end=\"197\">\n<p data-start=\"149\" data-end=\"197\">\ud83d\udc64 <strong data-start=\"152\" data-end=\"165\">Passagers<\/strong>: Autoris\u00e9 \u00e0 partir de <strong data-start=\"180\" data-end=\"195\">6 ans<\/strong><\/p>\n<\/li>\n<\/ul>\n<p data-start=\"58\" data-end=\"88\">\ud83e\udd11 <strong data-start=\"61\" data-end=\"86\">Prix de l'activit\u00e9<\/strong><\/p>\n<p data-start=\"90\" data-end=\"110\"><strong data-start=\"90\" data-end=\"108\">Safari matinal<\/strong><\/p>\n<ul data-start=\"111\" data-end=\"156\">\n<li data-start=\"111\" data-end=\"133\">\n<p data-start=\"113\" data-end=\"133\">\u20ac 95 (1-2 personnes)<\/p>\n<\/li>\n<\/ul>\n<p data-start=\"158\" data-end=\"187\"><strong data-start=\"158\" data-end=\"185\">Safari de l'apr\u00e8s-midi + spectacle<\/strong><\/p>\n<ul data-start=\"188\" data-end=\"233\">\n<li data-start=\"188\" data-end=\"210\">\n<p data-start=\"190\" data-end=\"210\">\u20ac 100 (1-2 personnes)<\/p>\n<\/li>\n<\/ul>\n<p data-start=\"235\" data-end=\"280\">\ud83d\udc7c\ud83c\udffc <strong data-start=\"240\" data-end=\"263\">Enfants de 0 \u00e0 5 ans :<\/strong> \ud83d\udeab Non autoris\u00e9<\/p>\n<h3 data-start=\"2198\" data-end=\"2225\"><strong data-start=\"2205\" data-end=\"2223\">Le paiement en USD ($ \ud83c\uddfa\ud83c\uddf8) au lieu de l'EUR (\u20ac \ud83c\uddea\ud83c\uddfa) est possible en fonction du taux de change bancaire quotidien.<\/strong><\/h3>\n<p><strong>R\u00e9server par WhatsApp :<\/strong><\/p>\n<p><a href=\"https:\/\/wa.me\/201021058859\" target=\"_blank\" rel=\"noopener\">\u00a0<img decoding=\"async\" class=\"alignnone wp-image-2058\" src=\"https:\/\/poehalisnamiegypt.com\/wp-content\/uploads\/2024\/02\/pngwing.com_-300x300.png\" sizes=\"auto, (max-width: 35px) 100vw, 35px\" srcset=\"https:\/\/poehalisnamiegypt.com\/wp-content\/uploads\/2024\/02\/pngwing.com_-300x300.png 300w, https:\/\/poehalisnamiegypt.com\/wp-content\/uploads\/2024\/02\/pngwing.com_-150x150.png 150w, https:\/\/poehalisnamiegypt.com\/wp-content\/uploads\/2024\/02\/pngwing.com_.png 584w\" alt=\"\" width=\"53\" height=\"53\" \/><\/a><\/p>","protected":false},"excerpt":{"rendered":"<p>\ud83c\udfdc\ufe0f Buggy Double Desert Adventure \u2013 Fun, Culture &amp; Memories Looking for the perfect family activity that combines adventure, culture, and breathtaking desert views? A family buggy trip is the ultimate way to explore the golden sands while experiencing the traditional life of the Bedouins. \ud83d\ude90 Easy Start for the Whole Family Begin with a [&hellip;]<\/p>","protected":false},"featured_media":10187,"comment_status":"open","ping_status":"closed","template":"","meta":{"_monsterinsights_skip_tracking":false,"_monsterinsights_sitenote_active":false,"_monsterinsights_sitenote_note":"","_monsterinsights_sitenote_category":0},"product_brand":[],"product_cat":[67],"product_tag":[],"class_list":{"0":"post-10182","1":"product","2":"type-product","3":"status-publish","4":"has-post-thumbnail","6":"product_cat-safari","8":"first","9":"instock","10":"shipping-taxable","11":"purchasable","12":"product-type-ovabrw_car_rental"},"_links":{"self":[{"href":"https:\/\/redsea-dream-tours.com\/fr\/wp-json\/wp\/v2\/product\/10182","targetHints":{"allow":["GET"]}}],"collection":[{"href":"https:\/\/redsea-dream-tours.com\/fr\/wp-json\/wp\/v2\/product"}],"about":[{"href":"https:\/\/redsea-dream-tours.com\/fr\/wp-json\/wp\/v2\/types\/product"}],"replies":[{"embeddable":true,"href":"https:\/\/redsea-dream-tours.com\/fr\/wp-json\/wp\/v2\/comments?post=10182"}],"wp:featuredmedia":[{"embeddable":true,"href":"https:\/\/redsea-dream-tours.com\/fr\/wp-json\/wp\/v2\/media\/10187"}],"wp:attachment":[{"href":"https:\/\/redsea-dream-tours.com\/fr\/wp-json\/wp\/v2\/media?parent=10182"}],"wp:term":[{"taxonomy":"product_brand","embeddable":true,"href":"https:\/\/redsea-dream-tours.com\/fr\/wp-json\/wp\/v2\/product_brand?post=10182"},{"taxonomy":"product_cat","embeddable":true,"href":"https:\/\/redsea-dream-tours.com\/fr\/wp-json\/wp\/v2\/product_cat?post=10182"},{"taxonomy":"product_tag","embeddable":true,"href":"https:\/\/redsea-dream-tours.com\/fr\/wp-json\/wp\/v2\/product_tag?post=10182"}],"curies":[{"name":"wp","href":"https:\/\/api.w.org\/{rel}","templated":true}]}}