{"id":10161,"date":"2025-09-09T08:48:06","date_gmt":"2025-09-09T08:48:06","guid":{"rendered":"https:\/\/redsea-dream-tours.com\/?post_type=product&#038;p=10161"},"modified":"2025-11-28T14:36:25","modified_gmt":"2025-11-28T14:36:25","slug":"horse-sunrise-trip","status":"publish","type":"product","link":"https:\/\/redsea-dream-tours.com\/fr\/produit\/horse-sunrise-trip\/","title":{"rendered":"Promenade \u00e0 cheval au lever du soleil : magie du d\u00e9sert et de la plage"},"content":{"rendered":"<h3 data-start=\"118\" data-end=\"183\">\ud83c\udf05 Promenade \u00e0 cheval au lever du soleil - Une exp\u00e9rience magique dans le d\u00e9sert et sur la plage<\/h3>\n<p data-start=\"185\" data-end=\"424\">Commencez votre journ\u00e9e par un <strong data-start=\"208\" data-end=\"243\">Aventure inoubliable au lever du soleil<\/strong> \u00e0 cheval ! Ce voyage unique combine les <strong data-start=\"288\" data-end=\"317\">s\u00e9r\u00e9nit\u00e9 du petit matin<\/strong> avec la beaut\u00e9 de <strong data-start=\"337\" data-end=\"377\">Le d\u00e9sert d'Hurghada et les rives de la mer Rouge<\/strong>, Vous pouvez ainsi cr\u00e9er un souvenir que vous ch\u00e9rirez \u00e0 jamais.<\/p>\n<h4 data-start=\"426\" data-end=\"464\">\ud83d\udc0e Un d\u00e9part en douceur pour votre voyage<\/h4>\n<p data-start=\"465\" data-end=\"602\">Commencer par un <strong data-start=\"478\" data-end=\"495\">prise en charge \u00e0 l'h\u00f4tel<\/strong> et un accueil chaleureux dans notre \u00e9curie, o\u00f9 vous rencontrerez votre cheval bien entra\u00een\u00e9 et votre guide exp\u00e9riment\u00e9.<\/p>\n<ul data-start=\"603\" data-end=\"722\">\n<li data-start=\"603\" data-end=\"667\">\n<p data-start=\"605\" data-end=\"667\">\ud83e\uddd1\u200d\ud83c\udfeb Br\u00e8ves instructions de conduite pour les d\u00e9butants et les personnes qui se remettent \u00e0 niveau<\/p>\n<\/li>\n<li data-start=\"668\" data-end=\"722\">\n<p data-start=\"670\" data-end=\"722\">\ud83e\uddba Mat\u00e9riel de s\u00e9curit\u00e9 fourni (casque, \u00e9quipement d'\u00e9quitation)<\/p>\n<\/li>\n<\/ul>\n<h4 data-start=\"724\" data-end=\"759\">\ud83c\udf04 Une balade au lever du soleil \u00e0 couper le souffle<\/h4>\n<p data-start=\"760\" data-end=\"828\">D\u00e8s l'aube, montez \u00e0 cheval et d\u00e9couvrez la magie de la nature :<\/p>\n<ul data-start=\"829\" data-end=\"1038\">\n<li data-start=\"829\" data-end=\"898\">\n<p data-start=\"831\" data-end=\"898\">\ud83c\udf05 <strong data-start=\"834\" data-end=\"868\">Regarder les premiers rayons de soleil<\/strong> illuminer les dunes du d\u00e9sert<\/p>\n<\/li>\n<li data-start=\"899\" data-end=\"949\">\n<p data-start=\"901\" data-end=\"949\">\ud83c\udfdc\ufe0f Travers\u00e9e paisible <strong data-start=\"926\" data-end=\"947\">des sables doux et dor\u00e9s<\/strong><\/p>\n<\/li>\n<li data-start=\"950\" data-end=\"1038\">\n<p data-start=\"952\" data-end=\"1038\">\ud83c\udf0a Se promener le long de la <strong data-start=\"975\" data-end=\"1003\">le rivage de la mer Rouge<\/strong>, sentir la brise fra\u00eeche du matin<\/p>\n<\/li>\n<\/ul>\n<h4 data-start=\"1040\" data-end=\"1073\">\ud83e\udd0d Connexion et relaxation<\/h4>\n<p data-start=\"1074\" data-end=\"1119\">Il ne s'agit pas d'une simple balade, mais d'un moment \u00e0 vivre :<\/p>\n<ul data-start=\"1120\" data-end=\"1272\">\n<li data-start=\"1120\" data-end=\"1174\">\n<p data-start=\"1122\" data-end=\"1174\">\ud83d\udc34 S'attacher \u00e0 son cheval et ressentir son doux rythme<\/p>\n<\/li>\n<li data-start=\"1175\" data-end=\"1213\">\n<p data-start=\"1177\" data-end=\"1213\">\ud83d\udcf8 Prendre de superbes photos au lever du soleil<\/p>\n<\/li>\n<li data-start=\"1214\" data-end=\"1272\">\n<p data-start=\"1216\" data-end=\"1272\">\ud83c\udf2c\ufe0f Profiter du calme et de l'immobilit\u00e9 avant de commencer la journ\u00e9e<\/p>\n<\/li>\n<\/ul>\n<h4 data-start=\"1274\" data-end=\"1304\">\ud83c\udfc1 Retourner en toute s\u00e9r\u00e9nit\u00e9<\/h4>\n<p data-start=\"1305\" data-end=\"1442\">Apr\u00e8s la balade, d\u00e9tendez-vous avec une boisson rafra\u00eechissante avant votre transfert de retour \u00e0 l'h\u00f4tel, plein d'\u00e9nergie et d'inspiration pour la journ\u00e9e \u00e0 venir.<\/p>\n<article class=\"text-token-text-primary w-full focus:outline-none scroll-mt-[calc(var(--header-height)+min(200px,max(70px,20svh)))]\" dir=\"auto\" tabindex=\"-1\" data-turn-id=\"request-WEB:03ee36ad-4c16-45a2-a255-2a64e427af84-40\" data-testid=\"conversation-turn-82\" data-scroll-anchor=\"false\" data-turn=\"assistant\">\n<div class=\"text-base my-auto mx-auto [--thread-content-margin:--spacing(4)] thread-sm:[--thread-content-margin:--spacing(6)] thread-lg:[--thread-content-margin:--spacing(16)] px-(--thread-content-margin)\">\n<div class=\"[--thread-content-max-width:40rem] thread-lg:[--thread-content-max-width:48rem] mx-auto max-w-(--thread-content-max-width) flex-1 group\/turn-messages focus-visible:outline-hidden relative flex w-full min-w-0 flex-col agent-turn\" tabindex=\"-1\">\n<div class=\"flex max-w-full flex-col grow\">\n<div class=\"min-h-8 text-message relative flex w-full flex-col items-end gap-2 text-start break-words whitespace-normal [.text-message+&amp;]:mt-5\" dir=\"auto\" data-message-author-role=\"assistant\" data-message-id=\"394ef291-a29c-4b50-aed9-f0ade82908c0\" data-message-model-slug=\"gpt-5-mini\">\n<div class=\"flex w-full flex-col gap-1 empty:hidden first:pt-[3px]\">\n<div class=\"markdown prose dark:prose-invert w-full break-words light markdown-new-styling\">\n<h3 data-start=\"43\" data-end=\"57\">\ud83d\udcdd Notes<\/h3>\n<ul data-start=\"58\" data-end=\"150\">\n<li data-start=\"105\" data-end=\"150\">\n<p data-start=\"107\" data-end=\"150\">Poids maximum autoris\u00e9 par personne : 90 kg.<\/p>\n<\/li>\n<\/ul>\n<hr data-start=\"152\" data-end=\"155\" \/>\n<h3 data-start=\"157\" data-end=\"176\">\ud83e\udd11 Prix du voyage<\/h3>\n<p data-start=\"177\" data-end=\"281\" data-is-last-node=\"\" data-is-only-node=\"\">\ud83d\ude4e\ud83c\udffb\u200d\u2642\ufe0f <strong data-start=\"185\" data-end=\"206\">16 ans et plus :<\/strong> \u20ac 32<br data-start=\"210\" data-end=\"213\" \/>\ud83e\uddcd\ud83c\udffb\u200d\u2640\ufe0f <strong data-start=\"221\" data-end=\"236\">6-15 ans :<\/strong> \u20ac 32<br data-start=\"240\" data-end=\"243\" \/>\ud83d\udc7c\ud83c\udffc <strong data-start=\"248\" data-end=\"266\">Moins de 6 ans :<\/strong> \ud83d\udeab Non autoris\u00e9<\/p>\n<\/div>\n<\/div>\n<\/div>\n<\/div>\n<div class=\"flex min-h-[46px] justify-start\">\n<h3 data-start=\"2198\" data-end=\"2225\"><strong data-start=\"2205\" data-end=\"2223\">Le paiement en USD ($ \ud83c\uddfa\ud83c\uddf8) au lieu de l'EUR (\u20ac \ud83c\uddea\ud83c\uddfa) est possible en fonction du taux de change bancaire quotidien.<\/strong><\/h3>\n<\/div>\n<\/div>\n<\/div>\n<\/article>\n<p><strong>R\u00e9server par WhatsApp :<\/strong><\/p>\n<p><a href=\"https:\/\/wa.me\/201021058859\" target=\"_blank\" rel=\"noopener\">\u00a0<img decoding=\"async\" class=\"alignnone wp-image-2058\" src=\"https:\/\/poehalisnamiegypt.com\/wp-content\/uploads\/2024\/02\/pngwing.com_-300x300.png\" sizes=\"auto, (max-width: 35px) 100vw, 35px\" srcset=\"https:\/\/poehalisnamiegypt.com\/wp-content\/uploads\/2024\/02\/pngwing.com_-300x300.png 300w, https:\/\/poehalisnamiegypt.com\/wp-content\/uploads\/2024\/02\/pngwing.com_-150x150.png 150w, https:\/\/poehalisnamiegypt.com\/wp-content\/uploads\/2024\/02\/pngwing.com_.png 584w\" alt=\"\" width=\"53\" height=\"53\" \/><\/a><\/p>\n<div id=\"gtx-trans\" style=\"position: absolute; left: 187px; top: 53.7125px;\">\n<div class=\"gtx-trans-icon\"><\/div>\n<\/div>\n<div id=\"gtx-trans\" style=\"position: absolute; left: 187px; top: 53.7125px;\">\n<div class=\"gtx-trans-icon\"><\/div>\n<\/div>","protected":false},"excerpt":{"rendered":"<p>\ud83c\udf05 Horse Sunrise Ride \u2013 A Magical Desert &amp; Beach Experience Start your day with an unforgettable sunrise adventure on horseback! This unique trip combines the serenity of early morning with the beauty of Hurghada\u2019s desert and Red Sea shores, creating a memory you will cherish forever. \ud83d\udc0e Gentle Start to Your Journey Begin with [&hellip;]<\/p>","protected":false},"featured_media":10168,"comment_status":"open","ping_status":"closed","template":"","meta":{"_monsterinsights_skip_tracking":false,"_monsterinsights_sitenote_active":false,"_monsterinsights_sitenote_note":"","_monsterinsights_sitenote_category":0},"product_brand":[],"product_cat":[67],"product_tag":[],"class_list":{"0":"post-10161","1":"product","2":"type-product","3":"status-publish","4":"has-post-thumbnail","6":"product_cat-safari","8":"first","9":"instock","10":"shipping-taxable","11":"purchasable","12":"product-type-ovabrw_car_rental"},"_links":{"self":[{"href":"https:\/\/redsea-dream-tours.com\/fr\/wp-json\/wp\/v2\/product\/10161","targetHints":{"allow":["GET"]}}],"collection":[{"href":"https:\/\/redsea-dream-tours.com\/fr\/wp-json\/wp\/v2\/product"}],"about":[{"href":"https:\/\/redsea-dream-tours.com\/fr\/wp-json\/wp\/v2\/types\/product"}],"replies":[{"embeddable":true,"href":"https:\/\/redsea-dream-tours.com\/fr\/wp-json\/wp\/v2\/comments?post=10161"}],"wp:featuredmedia":[{"embeddable":true,"href":"https:\/\/redsea-dream-tours.com\/fr\/wp-json\/wp\/v2\/media\/10168"}],"wp:attachment":[{"href":"https:\/\/redsea-dream-tours.com\/fr\/wp-json\/wp\/v2\/media?parent=10161"}],"wp:term":[{"taxonomy":"product_brand","embeddable":true,"href":"https:\/\/redsea-dream-tours.com\/fr\/wp-json\/wp\/v2\/product_brand?post=10161"},{"taxonomy":"product_cat","embeddable":true,"href":"https:\/\/redsea-dream-tours.com\/fr\/wp-json\/wp\/v2\/product_cat?post=10161"},{"taxonomy":"product_tag","embeddable":true,"href":"https:\/\/redsea-dream-tours.com\/fr\/wp-json\/wp\/v2\/product_tag?post=10161"}],"curies":[{"name":"wp","href":"https:\/\/api.w.org\/{rel}","templated":true}]}}