{"id":10146,"date":"2025-09-09T08:25:20","date_gmt":"2025-09-09T08:25:20","guid":{"rendered":"https:\/\/redsea-dream-tours.com\/?post_type=product&#038;p=10146"},"modified":"2025-11-28T14:37:21","modified_gmt":"2025-11-28T14:37:21","slug":"mini-safari-sunset-trip","status":"publish","type":"product","link":"https:\/\/redsea-dream-tours.com\/fr\/produit\/mini-safari-sunset-trip\/","title":{"rendered":"Safari en quad au coucher du soleil : Randonn\u00e9e dans le d\u00e9sert et nuit b\u00e9douine"},"content":{"rendered":"<h3 data-start=\"100\" data-end=\"171\">Safari dans le d\u00e9sert au coucher du soleil en quad - Aventure, Culture et Magie<\/h3>\n<p data-start=\"173\" data-end=\"425\">Embarquez pour une soir\u00e9e inoubliable en combinant la <strong data-start=\"227\" data-end=\"252\">les sensations fortes d'une promenade en VTT<\/strong> avec la beaut\u00e9 enchanteresse de la <strong data-start=\"287\" data-end=\"315\">D\u00e9sert oriental au coucher du soleil<\/strong>. Cette exp\u00e9rience est parfaite pour ceux qui recherchent l'aventure, la culture et des vues \u00e0 couper le souffle, le tout en un seul voyage !<\/p>\n<h4 data-start=\"427\" data-end=\"459\">\ud83c\udfcd\ufe0f Balade en quad dans le d\u00e9sert<\/h4>\n<p data-start=\"460\" data-end=\"652\">Apr\u00e8s un rapide essai routier pour se mettre \u00e0 l'aise, <strong data-start=\"505\" data-end=\"533\">suivez votre guide expert<\/strong> sur un parcours palpitant <strong data-start=\"549\" data-end=\"576\">Trajet de 32 km (20 miles)<\/strong> \u00e0 travers les sables dor\u00e9s. Le d\u00e9sert s'ouvre devant vous et vous donne des frissons !<\/p>\n<h4 data-start=\"654\" data-end=\"691\">\ud83c\udfdc\ufe0f Exp\u00e9rience dans un village b\u00e9douin<\/h4>\n<p data-start=\"692\" data-end=\"776\">\u00c0 l'arriv\u00e9e dans un <strong data-start=\"722\" data-end=\"741\">Village b\u00e9douin<\/strong>, Le village d'Alba est un endroit id\u00e9al pour d\u00e9couvrir l'authenticit\u00e9 de la vie dans le d\u00e9sert :<\/p>\n<ul data-start=\"777\" data-end=\"954\">\n<li data-start=\"777\" data-end=\"831\">\n<p data-start=\"779\" data-end=\"831\">\ud83d\udc2a <strong data-start=\"782\" data-end=\"796\">Promenade \u00e0 dos de chameau<\/strong> \u00e0 travers les sentiers sereins du d\u00e9sert<\/p>\n<\/li>\n<li data-start=\"832\" data-end=\"892\">\n<p data-start=\"834\" data-end=\"892\">\ud83c\udf04 Watch the <strong data-start=\"847\" data-end=\"890\">le coucher de soleil peint l'horizon en teintes dor\u00e9es<\/strong><\/p>\n<\/li>\n<li data-start=\"893\" data-end=\"954\">\n<p data-start=\"895\" data-end=\"954\">\ud83e\udd1d Rencontrer les habitants et d\u00e9couvrir leur culture<\/p>\n<\/li>\n<\/ul>\n<h4 data-start=\"956\" data-end=\"988\">\ud83c\udf56 D\u00eener et divertissement<\/h4>\n<p data-start=\"989\" data-end=\"1074\">\u00c0 la tomb\u00e9e de la nuit, laissez-vous tenter par un d\u00e9licieux <strong data-start=\"1028\" data-end=\"1047\">d\u00eener barbecue<\/strong> avec des boissons non alcoolis\u00e9es.<\/p>\n<ul data-start=\"1075\" data-end=\"1196\">\n<li data-start=\"1075\" data-end=\"1128\">\n<p data-start=\"1077\" data-end=\"1128\">\ud83c\udfb6 Profiter d'une exp\u00e9rience envo\u00fbtante <strong data-start=\"1100\" data-end=\"1126\">Spectacle de folklore \u00e9gyptien<\/strong><\/p>\n<\/li>\n<li data-start=\"1129\" data-end=\"1196\">\n<p data-start=\"1131\" data-end=\"1196\">\u2b50 Terminez votre soir\u00e9e avec <strong data-start=\"1153\" data-end=\"1167\">observation des \u00e9toiles<\/strong> dans le ciel tranquille du d\u00e9sert<\/p>\n<\/li>\n<\/ul>\n<h4 data-start=\"1198\" data-end=\"1229\">\ud83d\ude90 Transferts sans probl\u00e8me<\/h4>\n<p data-start=\"1230\" data-end=\"1342\">Se d\u00e9tendre avec <strong data-start=\"1241\" data-end=\"1265\">transferts aller-retour<\/strong> de votre h\u00f4tel \u00e0 Hurghada jusqu'\u00e0 la station de base - sans stress et pratique !<\/p>\n<article class=\"text-token-text-primary w-full focus:outline-none scroll-mt-[calc(var(--header-height)+min(200px,max(70px,20svh)))]\" dir=\"auto\" tabindex=\"-1\" data-turn-id=\"request-WEB:03ee36ad-4c16-45a2-a255-2a64e427af84-40\" data-testid=\"conversation-turn-82\" data-scroll-anchor=\"false\" data-turn=\"assistant\">\n<div class=\"text-base my-auto mx-auto [--thread-content-margin:--spacing(4)] thread-sm:[--thread-content-margin:--spacing(6)] thread-lg:[--thread-content-margin:--spacing(16)] px-(--thread-content-margin)\">\n<div class=\"[--thread-content-max-width:40rem] thread-lg:[--thread-content-max-width:48rem] mx-auto max-w-(--thread-content-max-width) flex-1 group\/turn-messages focus-visible:outline-hidden relative flex w-full min-w-0 flex-col agent-turn\" tabindex=\"-1\">\n<div class=\"flex max-w-full flex-col grow\">\n<div class=\"min-h-8 text-message relative flex w-full flex-col items-end gap-2 text-start break-words whitespace-normal [.text-message+&amp;]:mt-5\" dir=\"auto\" data-message-author-role=\"assistant\" data-message-id=\"394ef291-a29c-4b50-aed9-f0ade82908c0\" data-message-model-slug=\"gpt-5-mini\">\n<div class=\"flex w-full flex-col gap-1 empty:hidden first:pt-[3px]\">\n<div class=\"markdown prose dark:prose-invert w-full break-words light markdown-new-styling\">\n<h3 data-start=\"157\" data-end=\"176\">\ud83e\udd11 Prix du voyage<\/h3>\n<p data-start=\"177\" data-end=\"281\" data-is-last-node=\"\" data-is-only-node=\"\">\ud83d\ude4e\ud83c\udffb\u200d\u2642\ufe0f <strong data-start=\"185\" data-end=\"206\">16 ans et plus :<\/strong> \u20ac 27<br data-start=\"210\" data-end=\"213\" \/>\ud83e\uddcd\ud83c\udffb\u200d\u2640\ufe0f <strong data-start=\"221\" data-end=\"236\">6-15 ans :<\/strong> \u20ac 15<br data-start=\"240\" data-end=\"243\" \/>\ud83d\udc7c\ud83c\udffc <strong data-start=\"248\" data-end=\"266\">Moins de 6 ans :<\/strong> \ud83d\udeab Non autoris\u00e9<\/p>\n<h3 data-start=\"2198\" data-end=\"2225\"><strong data-start=\"2205\" data-end=\"2223\">Le paiement en USD ($ \ud83c\uddfa\ud83c\uddf8) au lieu de l'EUR (\u20ac \ud83c\uddea\ud83c\uddfa) est possible en fonction du taux de change bancaire quotidien.<\/strong><\/h3>\n<\/div>\n<\/div>\n<\/div>\n<\/div>\n<\/div>\n<\/div>\n<\/article>\n<p><strong>R\u00e9server par WhatsApp :<\/strong><\/p>\n<p><a href=\"https:\/\/wa.me\/201021058859\" target=\"_blank\" rel=\"noopener\">\u00a0<img decoding=\"async\" class=\"alignnone wp-image-2058\" src=\"https:\/\/poehalisnamiegypt.com\/wp-content\/uploads\/2024\/02\/pngwing.com_-300x300.png\" sizes=\"auto, (max-width: 35px) 100vw, 35px\" srcset=\"https:\/\/poehalisnamiegypt.com\/wp-content\/uploads\/2024\/02\/pngwing.com_-300x300.png 300w, https:\/\/poehalisnamiegypt.com\/wp-content\/uploads\/2024\/02\/pngwing.com_-150x150.png 150w, https:\/\/poehalisnamiegypt.com\/wp-content\/uploads\/2024\/02\/pngwing.com_.png 584w\" alt=\"\" width=\"53\" height=\"53\" \/><\/a><\/p>","protected":false},"excerpt":{"rendered":"<p>\ud83c\udf05 Sunset Desert Safari by Quad Bike \u2013 Adventure, Culture &amp; Magic Embark on an unforgettable evening as you combine the thrill of an ATV ride with the enchanting beauty of the Eastern Desert at sunset. This experience is perfect for those seeking adventure, culture, and breathtaking views \u2013 all in one trip! \ud83c\udfcd\ufe0f Quad [&hellip;]<\/p>","protected":false},"featured_media":10140,"comment_status":"open","ping_status":"closed","template":"","meta":{"_monsterinsights_skip_tracking":false,"_monsterinsights_sitenote_active":false,"_monsterinsights_sitenote_note":"","_monsterinsights_sitenote_category":0},"product_brand":[],"product_cat":[67],"product_tag":[],"class_list":{"0":"post-10146","1":"product","2":"type-product","3":"status-publish","4":"has-post-thumbnail","6":"product_cat-safari","8":"first","9":"instock","10":"shipping-taxable","11":"purchasable","12":"product-type-ovabrw_car_rental"},"_links":{"self":[{"href":"https:\/\/redsea-dream-tours.com\/fr\/wp-json\/wp\/v2\/product\/10146","targetHints":{"allow":["GET"]}}],"collection":[{"href":"https:\/\/redsea-dream-tours.com\/fr\/wp-json\/wp\/v2\/product"}],"about":[{"href":"https:\/\/redsea-dream-tours.com\/fr\/wp-json\/wp\/v2\/types\/product"}],"replies":[{"embeddable":true,"href":"https:\/\/redsea-dream-tours.com\/fr\/wp-json\/wp\/v2\/comments?post=10146"}],"wp:featuredmedia":[{"embeddable":true,"href":"https:\/\/redsea-dream-tours.com\/fr\/wp-json\/wp\/v2\/media\/10140"}],"wp:attachment":[{"href":"https:\/\/redsea-dream-tours.com\/fr\/wp-json\/wp\/v2\/media?parent=10146"}],"wp:term":[{"taxonomy":"product_brand","embeddable":true,"href":"https:\/\/redsea-dream-tours.com\/fr\/wp-json\/wp\/v2\/product_brand?post=10146"},{"taxonomy":"product_cat","embeddable":true,"href":"https:\/\/redsea-dream-tours.com\/fr\/wp-json\/wp\/v2\/product_cat?post=10146"},{"taxonomy":"product_tag","embeddable":true,"href":"https:\/\/redsea-dream-tours.com\/fr\/wp-json\/wp\/v2\/product_tag?post=10146"}],"curies":[{"name":"wp","href":"https:\/\/api.w.org\/{rel}","templated":true}]}}