{"id":10113,"date":"2025-09-08T11:25:13","date_gmt":"2025-09-08T11:25:13","guid":{"rendered":"https:\/\/redsea-dream-tours.com\/?post_type=product&#038;p=10113"},"modified":"2025-11-28T14:59:55","modified_gmt":"2025-11-28T14:59:55","slug":"spa-and-massage","status":"publish","type":"product","link":"https:\/\/redsea-dream-tours.com\/fr\/produit\/spa-and-massage\/","title":{"rendered":"Royal Spa Experience : D\u00e9tendez-vous, rafra\u00eechissez-vous et rajeunissez"},"content":{"rendered":"<p data-start=\"98\" data-end=\"156\"><strong data-start=\"98\" data-end=\"154\">\ud83d\udc86\u200d\u2642\ufe0f Escape to Serenity - Spa &amp; Massage Experience !<\/strong><\/p>\n<p data-start=\"92\" data-end=\"326\"><strong data-start=\"92\" data-end=\"141\">\ud83d\udc86\ud83c\udffb\u200d\u2640\ufe0f Escapade de d\u00e9tente et de bien-\u00eatre ultime<\/strong><br data-start=\"141\" data-end=\"144\" \/>Laissez-vous tenter par notre oasis de bien-\u00eatre serein. Un programme complet con\u00e7u pour rajeunir votre corps et calmer votre esprit, id\u00e9al pour les voyageurs en solo ou les couples en qu\u00eate de pure relaxation.<\/p>\n<p data-start=\"328\" data-end=\"392\"><strong data-start=\"328\" data-end=\"352\">\u2728 Egypt Royal Spa<\/strong><br data-start=\"352\" data-end=\"355\" \/>\ud83e\uddd6\u200d\u2640\ufe0f <strong data-start=\"361\" data-end=\"390\">L'exp\u00e9rience compl\u00e8te comprend<\/strong><\/p>\n<ul data-start=\"393\" data-end=\"571\">\n<li data-start=\"393\" data-end=\"427\">\n<p data-start=\"395\" data-end=\"427\">Sauna et bain de vapeur \/ Grotte de sel<\/p>\n<\/li>\n<li data-start=\"428\" data-end=\"464\">\n<p data-start=\"430\" data-end=\"464\">Exfoliation compl\u00e8te du visage et du corps<\/p>\n<\/li>\n<li data-start=\"465\" data-end=\"489\">\n<p data-start=\"467\" data-end=\"489\">Bain moussant relaxant<\/p>\n<\/li>\n<li data-start=\"490\" data-end=\"535\">\n<p data-start=\"492\" data-end=\"535\">Massage savonneux \/ Jacuzzi avec fruits frais<\/p>\n<\/li>\n<li data-start=\"536\" data-end=\"571\">\n<p data-start=\"538\" data-end=\"571\">Masque facial \/ Massage complet<\/p>\n<\/li>\n<\/ul>\n<p data-start=\"573\" data-end=\"593\">\ud83c\udf1f <strong data-start=\"576\" data-end=\"591\">Faits marquants :<\/strong><\/p>\n<ul data-start=\"594\" data-end=\"714\">\n<li data-start=\"594\" data-end=\"633\">\n<p data-start=\"596\" data-end=\"633\">2\u00bd heures de soins ininterrompus<\/p>\n<\/li>\n<li data-start=\"634\" data-end=\"684\">\n<p data-start=\"636\" data-end=\"684\">Id\u00e9al pour les couples ou les amis souhaitant se d\u00e9tendre<\/p>\n<\/li>\n<li data-start=\"685\" data-end=\"714\">\n<p data-start=\"687\" data-end=\"714\">Soins complets du visage et du corps<\/p>\n<\/li>\n<\/ul>\n<p data-start=\"716\" data-end=\"780\"><strong data-start=\"716\" data-end=\"740\">\u2728 \u00c9gypte Royal VIP\u00a0<\/strong><br data-start=\"740\" data-end=\"743\" \/>\ud83e\uddd6\u200d\u2640\ufe0f <strong data-start=\"749\" data-end=\"778\">L'exp\u00e9rience compl\u00e8te comprend<\/strong><\/p>\n<ul data-start=\"781\" data-end=\"1016\">\n<li data-start=\"781\" data-end=\"830\">\n<p data-start=\"783\" data-end=\"830\">Sauna, bain de vapeur et jacuzzi avec fruits frais<\/p>\n<\/li>\n<li data-start=\"831\" data-end=\"867\">\n<p data-start=\"833\" data-end=\"867\">Grotte de sel \/ Bain moussant relaxant<\/p>\n<\/li>\n<li data-start=\"868\" data-end=\"900\">\n<p data-start=\"870\" data-end=\"900\">Gommage corporel \u00e0 la noix de coco ou au caf\u00e9<\/p>\n<\/li>\n<li data-start=\"901\" data-end=\"918\">\n<p data-start=\"903\" data-end=\"918\">Massage savonneux<\/p>\n<\/li>\n<li data-start=\"919\" data-end=\"965\">\n<p data-start=\"921\" data-end=\"965\">Exfoliation des mains et des pieds au sel de la Mer Morte<\/p>\n<\/li>\n<li data-start=\"966\" data-end=\"994\">\n<p data-start=\"968\" data-end=\"994\">Masque au chocolat \ud83c\udf6b<\/p>\n<\/li>\n<li data-start=\"995\" data-end=\"1016\">\n<p data-start=\"997\" data-end=\"1016\">Massage du corps entier<\/p>\n<\/li>\n<\/ul>\n<p data-start=\"1018\" data-end=\"1038\">\ud83c\udf1f <strong data-start=\"1021\" data-end=\"1036\">Faits marquants :<\/strong><\/p>\n<ul data-start=\"1039\" data-end=\"1109\">\n<li data-start=\"1039\" data-end=\"1079\">\n<p data-start=\"1041\" data-end=\"1079\">2\u00bd heures de plaisir ininterrompu<\/p>\n<\/li>\n<li data-start=\"1080\" data-end=\"1109\">\n<p data-start=\"1082\" data-end=\"1109\">Soins complets du visage et du corps<\/p>\n<\/li>\n<\/ul>\n<p data-start=\"1111\" data-end=\"1135\"><strong data-start=\"1111\" data-end=\"1133\">\ud83d\udcdd Important Info :<\/strong><\/p>\n<ul data-start=\"1136\" data-end=\"1251\">\n<li data-start=\"1136\" data-end=\"1196\">\n<p data-start=\"1138\" data-end=\"1196\">Les m\u00eames programmes sont \u00e9galement disponibles en format priv\u00e9.<\/p>\n<\/li>\n<li data-start=\"1197\" data-end=\"1251\">\n<p data-start=\"1199\" data-end=\"1251\">L'espace spa est mixte et partag\u00e9 ; les massages sont priv\u00e9s.<\/p>\n<\/li>\n<\/ul>\n<p data-start=\"1535\" data-end=\"1557\"><strong data-start=\"1535\" data-end=\"1555\">D\u00e9tails du programme :<\/strong><\/p>\n<ul data-start=\"1558\" data-end=\"1732\">\n<li data-start=\"1558\" data-end=\"1591\">\n<p data-start=\"1560\" data-end=\"1591\">Sessions du matin ou de l'apr\u00e8s-midi<\/p>\n<\/li>\n<li data-start=\"1592\" data-end=\"1627\">\n<p data-start=\"1594\" data-end=\"1627\">Dur\u00e9e : environ 2 heures<\/p>\n<\/li>\n<li data-start=\"1628\" data-end=\"1660\">\n<p data-start=\"1630\" data-end=\"1660\">Hammam, sauna, jacuzzi mixte<\/p>\n<\/li>\n<li data-start=\"1661\" data-end=\"1696\">\n<p data-start=\"1663\" data-end=\"1696\">Massage \u00e0 la mousse, gommage et enveloppement<\/p>\n<\/li>\n<li data-start=\"1697\" data-end=\"1732\">\n<p data-start=\"1699\" data-end=\"1732\">Masque et massage du visage de 30 minutes<\/p>\n<\/li>\n<\/ul>\n<p data-start=\"1734\" data-end=\"1757\"><strong data-start=\"1734\" data-end=\"1755\">Options incluses :<\/strong><\/p>\n<ul data-start=\"1758\" data-end=\"1809\">\n<li data-start=\"1758\" data-end=\"1787\">\n<p data-start=\"1760\" data-end=\"1787\">Transfert aller-retour \u00e0 l'h\u00f4tel<\/p>\n<\/li>\n<li data-start=\"1788\" data-end=\"1809\">\n<p data-start=\"1790\" data-end=\"1809\">Boissons rafra\u00eechissantes<\/p>\n<\/li>\n<\/ul>\n<p data-start=\"1443\" data-end=\"1665\">Que vous cherchiez <strong data-start=\"1460\" data-end=\"1479\">relaxation profonde<\/strong>, <strong data-start=\"1481\" data-end=\"1498\">soulagement du stress<\/strong>, ou tout simplement un moment pour se reconnecter avec soi-m\u00eame, notre <strong data-start=\"1551\" data-end=\"1579\">Exp\u00e9rience de spa et de massage<\/strong> promet de vous faire sentir <strong data-start=\"1610\" data-end=\"1662\">renouvel\u00e9, rafra\u00eechi et compl\u00e8tement revitalis\u00e9 \u2728<\/strong>.<\/p>\n<p data-start=\"1443\" data-end=\"1665\"><strong data-start=\"1253\" data-end=\"1276\">\ud83e\udd11 Prix des activit\u00e9s :<\/strong><\/p>\n<table style=\"height: 108px;\" width=\"795\">\n<tbody>\n<tr>\n<td width=\"126\"><strong>\u00a0\u20ac\u00a0\u00a0\u00a0 30.00<\/strong><\/td>\n<td width=\"307\"><strong>spa royal egypte<\/strong><\/td>\n<\/tr>\n<tr>\n<td><strong>\u00a0\u20ac\u00a0\u00a0\u00a0 35.00<\/strong><\/td>\n<td width=\"307\"><strong>egypte royal vip<\/strong><\/td>\n<\/tr>\n<tr>\n<td><strong>\u00a0\u20ac\u00a0\u00a0\u00a0 80.00<\/strong><\/td>\n<td width=\"307\"><strong>egypt royal spa Private<\/strong><\/td>\n<\/tr>\n<tr>\n<td><strong>\u00a0\u20ac\u00a0\u00a0\u00a090.00<\/strong><\/td>\n<td width=\"307\"><strong>egypte royal vip Priv\u00e9<\/strong><\/td>\n<\/tr>\n<\/tbody>\n<\/table>\n<h3 data-start=\"2198\" data-end=\"2225\"><strong data-start=\"2205\" data-end=\"2223\">Le paiement en USD ($ \ud83c\uddfa\ud83c\uddf8) au lieu de l'EUR (\u20ac \ud83c\uddea\ud83c\uddfa) est possible en fonction du taux de change bancaire quotidien.<\/strong><\/h3>\n<p><strong>R\u00e9server par WhatsApp :<\/strong><\/p>\n<p><a href=\"https:\/\/wa.me\/201021058859\" target=\"_blank\" rel=\"noopener\">\u00a0<img decoding=\"async\" class=\"alignnone wp-image-2058\" src=\"https:\/\/poehalisnamiegypt.com\/wp-content\/uploads\/2024\/02\/pngwing.com_-300x300.png\" sizes=\"auto, (max-width: 35px) 100vw, 35px\" srcset=\"https:\/\/poehalisnamiegypt.com\/wp-content\/uploads\/2024\/02\/pngwing.com_-300x300.png 300w, https:\/\/poehalisnamiegypt.com\/wp-content\/uploads\/2024\/02\/pngwing.com_-150x150.png 150w, https:\/\/poehalisnamiegypt.com\/wp-content\/uploads\/2024\/02\/pngwing.com_.png 584w\" alt=\"\" width=\"53\" height=\"53\" \/><\/a><\/p>\n<p>&nbsp;<\/p>","protected":false},"excerpt":{"rendered":"<p>\ud83d\udc86\u200d\u2642\ufe0f Escape to Serenity \u2013 Spa &amp; Massage Experience! \ud83d\udc86\ud83c\udffb\u200d\u2640\ufe0f Ultimate Relaxation &amp; Wellness EscapeIndulge yourself in our serene wellness oasis. A complete program designed to rejuvenate your body and calm your mind\u2014perfect for solo travelers or couples seeking pure relaxation. \u2728\u00a0 Egypt Royal Spa\ud83e\uddd6\u200d\u2640\ufe0f Full Experience Includes: Sauna &amp; steam bath \/ Salt cave [&hellip;]<\/p>","protected":false},"featured_media":10118,"comment_status":"open","ping_status":"closed","template":"","meta":{"_monsterinsights_skip_tracking":false,"_monsterinsights_sitenote_active":false,"_monsterinsights_sitenote_note":"","_monsterinsights_sitenote_category":0},"product_brand":[],"product_cat":[64],"product_tag":[],"class_list":{"0":"post-10113","1":"product","2":"type-product","3":"status-publish","4":"has-post-thumbnail","6":"product_cat-entertaining","8":"first","9":"instock","10":"shipping-taxable","11":"purchasable","12":"product-type-ovabrw_car_rental"},"_links":{"self":[{"href":"https:\/\/redsea-dream-tours.com\/fr\/wp-json\/wp\/v2\/product\/10113","targetHints":{"allow":["GET"]}}],"collection":[{"href":"https:\/\/redsea-dream-tours.com\/fr\/wp-json\/wp\/v2\/product"}],"about":[{"href":"https:\/\/redsea-dream-tours.com\/fr\/wp-json\/wp\/v2\/types\/product"}],"replies":[{"embeddable":true,"href":"https:\/\/redsea-dream-tours.com\/fr\/wp-json\/wp\/v2\/comments?post=10113"}],"wp:featuredmedia":[{"embeddable":true,"href":"https:\/\/redsea-dream-tours.com\/fr\/wp-json\/wp\/v2\/media\/10118"}],"wp:attachment":[{"href":"https:\/\/redsea-dream-tours.com\/fr\/wp-json\/wp\/v2\/media?parent=10113"}],"wp:term":[{"taxonomy":"product_brand","embeddable":true,"href":"https:\/\/redsea-dream-tours.com\/fr\/wp-json\/wp\/v2\/product_brand?post=10113"},{"taxonomy":"product_cat","embeddable":true,"href":"https:\/\/redsea-dream-tours.com\/fr\/wp-json\/wp\/v2\/product_cat?post=10113"},{"taxonomy":"product_tag","embeddable":true,"href":"https:\/\/redsea-dream-tours.com\/fr\/wp-json\/wp\/v2\/product_tag?post=10113"}],"curies":[{"name":"wp","href":"https:\/\/api.w.org\/{rel}","templated":true}]}}