{"id":10099,"date":"2025-09-08T11:02:07","date_gmt":"2025-09-08T11:02:07","guid":{"rendered":"https:\/\/redsea-dream-tours.com\/?post_type=product&#038;p=10099"},"modified":"2025-11-28T15:00:47","modified_gmt":"2025-11-28T15:00:47","slug":"gouna-karting-trip","status":"publish","type":"product","link":"https:\/\/redsea-dream-tours.com\/fr\/produit\/gouna-karting-trip\/","title":{"rendered":"Karting de Gouna : Plaisir \u00e0 grande vitesse et sensations de course"},"content":{"rendered":"<p data-start=\"110\" data-end=\"186\"><strong data-start=\"110\" data-end=\"184\">\ud83c\udfce\ufe0f Faites le plein d'\u00e9nergie avec le karting de Gouna - L'exp\u00e9rience ultime de la course automobile !<\/strong><\/p>\n<p data-start=\"188\" data-end=\"449\">Pr\u00eat \u00e0 satisfaire votre besoin de vitesse ? <strong data-start=\"226\" data-end=\"243\">Karting de Gouna<\/strong> offre l'une des activit\u00e9s les plus palpitantes en <strong data-start=\"291\" data-end=\"303\">El Gouna<\/strong>, L'aventure et l'adr\u00e9naline sont au rendez-vous ! Que vous soyez d\u00e9butant ou exp\u00e9riment\u00e9, cette exp\u00e9rience est con\u00e7ue pour faire ressortir le champion qui est en vous.<\/p>\n<p data-start=\"451\" data-end=\"492\"><strong data-start=\"451\" data-end=\"490\">\u2728 Qu'est-ce qui vous attend \u00e0 Gouna Karting ?<\/strong><\/p>\n<ul data-start=\"493\" data-end=\"907\">\n<li data-start=\"493\" data-end=\"618\">\n<p data-start=\"495\" data-end=\"618\"><strong data-start=\"495\" data-end=\"527\">Piste de course professionnelle \ud83c\udfc1<\/strong> - L'un des circuits de karting les plus grands et les plus s\u00fbrs d'\u00c9gypte, parfait pour tous les niveaux.<\/p>\n<\/li>\n<li data-start=\"619\" data-end=\"714\">\n<p data-start=\"621\" data-end=\"714\"><strong data-start=\"621\" data-end=\"647\">Kart \u00e0 grande vitesse \ud83d\udea6<\/strong> - Des karts modernes et bien entretenus, con\u00e7us pour le plaisir et la s\u00e9curit\u00e9.<\/p>\n<\/li>\n<li data-start=\"715\" data-end=\"795\">\n<p data-start=\"717\" data-end=\"795\"><strong data-start=\"717\" data-end=\"736\">La s\u00e9curit\u00e9 avant tout \ud83e\uddba<\/strong> - Des casques, des \u00e9quipements et des consignes de s\u00e9curit\u00e9 compl\u00e8tes sont fournis.<\/p>\n<\/li>\n<li data-start=\"796\" data-end=\"907\">\n<p data-start=\"798\" data-end=\"907\"><strong data-start=\"798\" data-end=\"826\">Course contre la montre \u23f1\ufe0f<\/strong> - Affrontez vos amis, votre famille ou d'autres coureurs pour obtenir le meilleur temps au tour !<\/p>\n<\/li>\n<\/ul>\n<p data-start=\"909\" data-end=\"934\"><strong data-start=\"909\" data-end=\"932\">\ud83d\udd52 Points forts du voyage :<\/strong><\/p>\n<ul data-start=\"935\" data-end=\"1223\">\n<li data-start=\"935\" data-end=\"987\">\n<p data-start=\"937\" data-end=\"987\">Emplacement pratique au c\u0153ur d'El Gouna \ud83c\udf34.<\/p>\n<\/li>\n<li data-start=\"988\" data-end=\"1066\">\n<p data-start=\"990\" data-end=\"1066\">Convient aux adultes et aux jeunes coureurs (avec des limites d'\u00e2ge et de taille) \ud83d\udc68\u200d\ud83d\udc69\u200d\ud83d\udc67\u200d\ud83d\udc66.<\/p>\n<\/li>\n<li data-start=\"1067\" data-end=\"1162\">\n<p data-start=\"1069\" data-end=\"1162\">Horaires flexibles - profitez-en en tant qu'aventure autonome ou ajoutez-la \u00e0 votre excursion d'une journ\u00e9e \u00e0 Gouna.<\/p>\n<\/li>\n<li data-start=\"1163\" data-end=\"1223\">\n<p data-start=\"1165\" data-end=\"1223\">Possibilit\u00e9 d'immortaliser vos moments avec des photos ou des vid\u00e9os \ud83d\udcf8.<\/p>\n<\/li>\n<\/ul>\n<p data-start=\"1225\" data-end=\"1246\"><strong data-start=\"1225\" data-end=\"1244\">\ud83d\udcbc Parfait pour :<\/strong><\/p>\n<ul data-start=\"1247\" data-end=\"1394\">\n<li data-start=\"1247\" data-end=\"1298\">\n<p data-start=\"1249\" data-end=\"1298\">Familles \u00e0 la recherche de plaisir et d'action \ud83d\udc68\u200d\ud83d\udc69\u200d\ud83d\udc67\u200d\ud83d\udc66<\/p>\n<\/li>\n<li data-start=\"1299\" data-end=\"1345\">\n<p data-start=\"1301\" data-end=\"1345\">Groupes d'amis pr\u00eats \u00e0 relever un d\u00e9fi \ud83c\udf89<\/p>\n<\/li>\n<li data-start=\"1346\" data-end=\"1394\">\n<p data-start=\"1348\" data-end=\"1394\">Renforcement de l'esprit d'\u00e9quipe au sein de l'entreprise ou \u00e9v\u00e9nements sp\u00e9ciaux \ud83c\udfc6<\/p>\n<\/li>\n<\/ul>\n<p data-start=\"1396\" data-end=\"1701\"><strong data-start=\"1396\" data-end=\"1428\">\ud83c\udf1f Pourquoi choisir Gouna Karting ?<\/strong><br data-start=\"1428\" data-end=\"1431\" \/>Parce qu'il ne s'agit pas d'une simple balade, mais d'un voyage. <strong data-start=\"1470\" data-end=\"1502\">une aventure riche en adr\u00e9naline<\/strong>, combinant <strong data-start=\"1514\" data-end=\"1544\">vitesse, comp\u00e9tence et plaisir pur<\/strong>. Que vous soyez en qu\u00eate de sensations fortes ou simplement \u00e0 la recherche d'une activit\u00e9 unique \u00e0 El Gouna, cette exp\u00e9rience vous garantit <strong data-start=\"1672\" data-end=\"1699\">des souvenirs inoubliables !<\/strong><\/p>\n<h5><img decoding=\"async\" class=\"emoji\" role=\"img\" draggable=\"false\" src=\"https:\/\/s.w.org\/images\/core\/emoji\/16.0.1\/svg\/1f4dd.svg\" alt=\"\ud83d\udcdd\" \/>\u00a0Evaluation<\/h5>\n<ul>\n<li>Conduite \u00e0 partir de 16 ans<\/li>\n<li>S\u00e9ance de 10min ou 15min au choix<\/li>\n<\/ul>\n<p><strong data-start=\"1253\" data-end=\"1276\">\ud83e\udd11 Prix des activit\u00e9s :<\/strong><\/p>\n<table style=\"height: 97px;\" width=\"737\">\n<tbody>\n<tr>\n<td width=\"126\"><strong>\u00a0\u20ac\u00a0\u00a0\u00a0 35.00<\/strong><\/td>\n<td width=\"307\"><strong>Elgouna Karting 15 M<\/strong><\/td>\n<\/tr>\n<tr>\n<td><strong>\u00a0\u20ac\u00a0\u00a0\u00a0 30.00<\/strong><\/td>\n<td width=\"307\"><strong>Elgouna Karting 10 M<\/strong><\/td>\n<\/tr>\n<\/tbody>\n<\/table>\n<h3 data-start=\"2198\" data-end=\"2225\"><strong data-start=\"2205\" data-end=\"2223\">Le paiement en USD ($ \ud83c\uddfa\ud83c\uddf8) au lieu de l'EUR (\u20ac \ud83c\uddea\ud83c\uddfa) est possible en fonction du taux de change bancaire quotidien.<\/strong><\/h3>\n<p><strong>R\u00e9server par WhatsApp :<\/strong><\/p>\n<p><a href=\"https:\/\/wa.me\/201021058859\" target=\"_blank\" rel=\"noopener\">\u00a0<img decoding=\"async\" class=\"alignnone wp-image-2058\" src=\"https:\/\/poehalisnamiegypt.com\/wp-content\/uploads\/2024\/02\/pngwing.com_-300x300.png\" sizes=\"auto, (max-width: 35px) 100vw, 35px\" srcset=\"https:\/\/poehalisnamiegypt.com\/wp-content\/uploads\/2024\/02\/pngwing.com_-300x300.png 300w, https:\/\/poehalisnamiegypt.com\/wp-content\/uploads\/2024\/02\/pngwing.com_-150x150.png 150w, https:\/\/poehalisnamiegypt.com\/wp-content\/uploads\/2024\/02\/pngwing.com_.png 584w\" alt=\"\" width=\"53\" height=\"53\" \/><\/a><\/p>\n<p>&nbsp;<\/p>\n<div id=\"gtx-trans\" style=\"position: absolute; left: 158px; top: 1.2px;\">\n<div class=\"gtx-trans-icon\"><\/div>\n<\/div>","protected":false},"excerpt":{"rendered":"<p>\ud83c\udfce\ufe0f Feel the Rush with Gouna Karting \u2013 The Ultimate Racing Experience! Ready to satisfy your need for speed? Gouna Karting offers one of the most thrilling activities in El Gouna, where adventure meets adrenaline! Whether you\u2019re a beginner or a seasoned racer, this experience is designed to bring out the champion in you. \u2728 [&hellip;]<\/p>","protected":false},"featured_media":10103,"comment_status":"open","ping_status":"closed","template":"","meta":{"_monsterinsights_skip_tracking":false,"_monsterinsights_sitenote_active":false,"_monsterinsights_sitenote_note":"","_monsterinsights_sitenote_category":0},"product_brand":[],"product_cat":[64],"product_tag":[],"class_list":{"0":"post-10099","1":"product","2":"type-product","3":"status-publish","4":"has-post-thumbnail","6":"product_cat-entertaining","8":"first","9":"instock","10":"shipping-taxable","11":"purchasable","12":"product-type-ovabrw_car_rental"},"_links":{"self":[{"href":"https:\/\/redsea-dream-tours.com\/fr\/wp-json\/wp\/v2\/product\/10099","targetHints":{"allow":["GET"]}}],"collection":[{"href":"https:\/\/redsea-dream-tours.com\/fr\/wp-json\/wp\/v2\/product"}],"about":[{"href":"https:\/\/redsea-dream-tours.com\/fr\/wp-json\/wp\/v2\/types\/product"}],"replies":[{"embeddable":true,"href":"https:\/\/redsea-dream-tours.com\/fr\/wp-json\/wp\/v2\/comments?post=10099"}],"wp:featuredmedia":[{"embeddable":true,"href":"https:\/\/redsea-dream-tours.com\/fr\/wp-json\/wp\/v2\/media\/10103"}],"wp:attachment":[{"href":"https:\/\/redsea-dream-tours.com\/fr\/wp-json\/wp\/v2\/media?parent=10099"}],"wp:term":[{"taxonomy":"product_brand","embeddable":true,"href":"https:\/\/redsea-dream-tours.com\/fr\/wp-json\/wp\/v2\/product_brand?post=10099"},{"taxonomy":"product_cat","embeddable":true,"href":"https:\/\/redsea-dream-tours.com\/fr\/wp-json\/wp\/v2\/product_cat?post=10099"},{"taxonomy":"product_tag","embeddable":true,"href":"https:\/\/redsea-dream-tours.com\/fr\/wp-json\/wp\/v2\/product_tag?post=10099"}],"curies":[{"name":"wp","href":"https:\/\/api.w.org\/{rel}","templated":true}]}}