{"id":10033,"date":"2025-09-08T10:02:43","date_gmt":"2025-09-08T10:02:43","guid":{"rendered":"https:\/\/redsea-dream-tours.com\/?post_type=product&#038;p=10033"},"modified":"2025-11-28T15:03:32","modified_gmt":"2025-11-28T15:03:32","slug":"aquarium-trip","status":"publish","type":"product","link":"https:\/\/redsea-dream-tours.com\/fr\/produit\/aquarium-trip\/","title":{"rendered":"Grand Aquarium : Vie marine et merveilles de l'oc\u00e9an"},"content":{"rendered":"<p data-start=\"78\" data-end=\"136\"><strong data-start=\"78\" data-end=\"134\">\ud83d\udc20 Plongez dans les merveilles du Grand Aquarium d'Hurghada !<\/strong><\/p>\n<p data-start=\"138\" data-end=\"483\">Entrez dans un <strong data-start=\"151\" data-end=\"188\">Un monde sous-marin \u00e0 nul autre pareil \ud83c\udf0a<\/strong>, o\u00f9 vous pourrez explorer l'incroyable beaut\u00e9 et le myst\u00e8re de la mer Rouge et d'ailleurs. Les <strong data-start=\"277\" data-end=\"304\">Grand Aquarium d'Hurghada<\/strong> est le si\u00e8ge de <strong data-start=\"316\" data-end=\"348\">plus de 500 animaux marins \ud83d\udc22\ud83d\udc1f\ud83d\udc1f<\/strong>, repr\u00e9sentant <strong data-start=\"363\" data-end=\"388\">plus de 200 esp\u00e8ces<\/strong> \u00e0 travers <strong data-start=\"396\" data-end=\"428\">22 expositions \u00e0 couper le souffle \ud83c\udfdd\ufe0f<\/strong> - chacun d'entre eux offrant une nouvelle et fascinante d\u00e9couverte.<\/p>\n<p data-start=\"485\" data-end=\"516\"><strong data-start=\"485\" data-end=\"514\">\u2728 Qu'est-ce qui vous attend \u00e0 l'int\u00e9rieur ?<\/strong><\/p>\n<ul data-start=\"517\" data-end=\"854\">\n<li data-start=\"517\" data-end=\"612\">\n<p data-start=\"519\" data-end=\"612\"><strong data-start=\"519\" data-end=\"546\">Une vie marine fascinante<\/strong> - des poissons color\u00e9s des r\u00e9cifs coralliens aux raies et requins majestueux \ud83e\udd88.<\/p>\n<\/li>\n<li data-start=\"613\" data-end=\"686\">\n<p data-start=\"615\" data-end=\"686\"><strong data-start=\"615\" data-end=\"637\">Expositions immersives<\/strong> qui vous permettent de d\u00e9couvrir les merveilles de l'oc\u00e9an.<\/p>\n<\/li>\n<li data-start=\"687\" data-end=\"768\">\n<p data-start=\"689\" data-end=\"768\"><strong data-start=\"689\" data-end=\"728\">Programmes d'\u00e9levage et de conservation \ud83c\udf31<\/strong> la protection des esp\u00e8ces marines menac\u00e9es.<\/p>\n<\/li>\n<li data-start=\"769\" data-end=\"854\">\n<p data-start=\"771\" data-end=\"854\"><strong data-start=\"771\" data-end=\"801\">Exp\u00e9riences \u00e9ducatives \ud83c\udf93<\/strong> inspirer l'amour de l'oc\u00e9an et de ses cr\u00e9atures.<\/p>\n<\/li>\n<\/ul>\n<p data-start=\"179\" data-end=\"193\"><strong data-start=\"179\" data-end=\"191\">Programme :<\/strong><\/p>\n<ul data-start=\"194\" data-end=\"414\">\n<li data-start=\"194\" data-end=\"247\">\n<p data-start=\"196\" data-end=\"247\">D\u00e9part vers 10h00, retour vers 12h00<\/p>\n<\/li>\n<li data-start=\"248\" data-end=\"275\">\n<p data-start=\"250\" data-end=\"275\">Dur\u00e9e totale : 2 heures<\/p>\n<\/li>\n<li data-start=\"276\" data-end=\"312\">\n<p data-start=\"278\" data-end=\"312\">Spectacle de requins pendant 1 heure (facultatif)<\/p>\n<\/li>\n<li data-start=\"313\" data-end=\"369\">\n<p data-start=\"315\" data-end=\"369\">Temps libre pour explorer la r\u00e9gion et profiter des expositions<\/p>\n<\/li>\n<li data-start=\"370\" data-end=\"414\">\n<p data-start=\"372\" data-end=\"414\">Transfert retour devant l'aquarium<\/p>\n<\/li>\n<\/ul>\n<p data-start=\"416\" data-end=\"439\"><strong data-start=\"416\" data-end=\"437\">Options incluses :<\/strong><\/p>\n<ul data-start=\"440\" data-end=\"495\">\n<li data-start=\"440\" data-end=\"469\">\n<p data-start=\"442\" data-end=\"469\">Transfert aller-retour \u00e0 l'h\u00f4tel<\/p>\n<\/li>\n<li data-start=\"470\" data-end=\"495\">\n<p data-start=\"472\" data-end=\"495\">Billet d'entr\u00e9e \u00e0 l'aquarium<\/p>\n<\/li>\n<\/ul>\n<p data-start=\"856\" data-end=\"1070\">Que vous soyez un <strong data-start=\"873\" data-end=\"905\">famille avec enfants \ud83d\udc68\u200d\ud83d\udc69\u200d\ud83d\udc67\u200d\ud83d\udc66<\/strong>, Vous \u00eates un passionn\u00e9 de la vie marine ou vous recherchez simplement une activit\u00e9 de loisir ? <strong data-start=\"955\" data-end=\"982\">journ\u00e9e ludique et \u00e9ducative<\/strong>, Le Grand Aquarium d'Hurghada promet <strong data-start=\"1021\" data-end=\"1067\">un voyage inoubliable sous les vagues<\/strong>.<\/p>\n<p data-start=\"71\" data-end=\"95\">\ud83e\udd11 <strong data-start=\"74\" data-end=\"93\">Prix de l'activit\u00e9 :<\/strong><\/p>\n<ul data-start=\"96\" data-end=\"177\">\n<li data-start=\"96\" data-end=\"122\">\n<p data-start=\"98\" data-end=\"122\">A partir de 10 ans : 45 \u20ac<\/p>\n<\/li>\n<li data-start=\"123\" data-end=\"143\">\n<p data-start=\"125\" data-end=\"143\">De 4 \u00e0 9 ans : 25<\/p>\n<\/li>\n<li data-start=\"144\" data-end=\"177\">\n<p data-start=\"146\" data-end=\"177\">Moins de 4 ans : Interdit \ud83d\udeab<\/p>\n<\/li>\n<\/ul>\n<h3 data-start=\"2198\" data-end=\"2225\"><strong data-start=\"2205\" data-end=\"2223\">Le paiement en USD ($ \ud83c\uddfa\ud83c\uddf8) au lieu de l'EUR (\u20ac \ud83c\uddea\ud83c\uddfa) est possible en fonction du taux de change bancaire quotidien.<\/strong><\/h3>\n<p><strong>R\u00e9server par WhatsApp :<\/strong><\/p>\n<p><a href=\"https:\/\/wa.me\/201021058859\" target=\"_blank\" rel=\"noopener\">\u00a0<img decoding=\"async\" class=\"alignnone wp-image-2058\" src=\"https:\/\/poehalisnamiegypt.com\/wp-content\/uploads\/2024\/02\/pngwing.com_-300x300.png\" sizes=\"auto, (max-width: 35px) 100vw, 35px\" srcset=\"https:\/\/poehalisnamiegypt.com\/wp-content\/uploads\/2024\/02\/pngwing.com_-300x300.png 300w, https:\/\/poehalisnamiegypt.com\/wp-content\/uploads\/2024\/02\/pngwing.com_-150x150.png 150w, https:\/\/poehalisnamiegypt.com\/wp-content\/uploads\/2024\/02\/pngwing.com_.png 584w\" alt=\"\" width=\"53\" height=\"53\" \/><\/a><\/p>\n<p>&nbsp;<\/p>\n<div id=\"gtx-trans\" style=\"position: absolute; left: 290px; top: 1.2px;\">\n<div class=\"gtx-trans-icon\"><\/div>\n<\/div>","protected":false},"excerpt":{"rendered":"<p>\ud83d\udc20 Dive into the Wonders of Hurghada Grand Aquarium! Step into an underwater world like no other \ud83c\udf0a, where you can explore the incredible beauty and mystery of the Red Sea and beyond. The Hurghada Grand Aquarium is home to over 500 marine animals \ud83d\udc22\ud83d\udc1f, representing more than 200 species across 22 breathtaking exhibits \ud83c\udfdd\ufe0f [&hellip;]<\/p>","protected":false},"featured_media":10040,"comment_status":"open","ping_status":"closed","template":"","meta":{"_monsterinsights_skip_tracking":false,"_monsterinsights_sitenote_active":false,"_monsterinsights_sitenote_note":"","_monsterinsights_sitenote_category":0},"product_brand":[],"product_cat":[64],"product_tag":[],"class_list":{"0":"post-10033","1":"product","2":"type-product","3":"status-publish","4":"has-post-thumbnail","6":"product_cat-entertaining","8":"first","9":"instock","10":"shipping-taxable","11":"purchasable","12":"product-type-ovabrw_car_rental"},"_links":{"self":[{"href":"https:\/\/redsea-dream-tours.com\/fr\/wp-json\/wp\/v2\/product\/10033","targetHints":{"allow":["GET"]}}],"collection":[{"href":"https:\/\/redsea-dream-tours.com\/fr\/wp-json\/wp\/v2\/product"}],"about":[{"href":"https:\/\/redsea-dream-tours.com\/fr\/wp-json\/wp\/v2\/types\/product"}],"replies":[{"embeddable":true,"href":"https:\/\/redsea-dream-tours.com\/fr\/wp-json\/wp\/v2\/comments?post=10033"}],"wp:featuredmedia":[{"embeddable":true,"href":"https:\/\/redsea-dream-tours.com\/fr\/wp-json\/wp\/v2\/media\/10040"}],"wp:attachment":[{"href":"https:\/\/redsea-dream-tours.com\/fr\/wp-json\/wp\/v2\/media?parent=10033"}],"wp:term":[{"taxonomy":"product_brand","embeddable":true,"href":"https:\/\/redsea-dream-tours.com\/fr\/wp-json\/wp\/v2\/product_brand?post=10033"},{"taxonomy":"product_cat","embeddable":true,"href":"https:\/\/redsea-dream-tours.com\/fr\/wp-json\/wp\/v2\/product_cat?post=10033"},{"taxonomy":"product_tag","embeddable":true,"href":"https:\/\/redsea-dream-tours.com\/fr\/wp-json\/wp\/v2\/product_tag?post=10033"}],"curies":[{"name":"wp","href":"https:\/\/api.w.org\/{rel}","templated":true}]}}