{"id":11106,"date":"2025-11-05T14:58:56","date_gmt":"2025-11-05T14:58:56","guid":{"rendered":"https:\/\/redsea-dream-tours.com\/?page_id=11106"},"modified":"2025-11-05T15:15:13","modified_gmt":"2025-11-05T15:15:13","slug":"change-refund-policy","status":"publish","type":"page","link":"https:\/\/redsea-dream-tours.com\/fr\/change-refund-policy\/","title":{"rendered":"Politique de modification et de remboursement"},"content":{"rendered":"<div data-elementor-type=\"wp-page\" data-elementor-id=\"11106\" class=\"elementor elementor-11106\" data-elementor-post-type=\"page\">\n\t\t\t\t<div class=\"elementor-element elementor-element-6aaa06a e-con-full e-flex e-con e-parent\" data-id=\"6aaa06a\" data-element_type=\"container\" data-settings=\"{&quot;ekit_has_onepagescroll_dot&quot;:&quot;yes&quot;}\">\n\t\t\t\t<div class=\"elementor-element elementor-element-8564bee elementor-widget elementor-widget-html\" data-id=\"8564bee\" data-element_type=\"widget\" data-settings=\"{&quot;ekit_we_effect_on&quot;:&quot;none&quot;}\" data-widget_type=\"html.default\">\n\t\t\t\t\t<!-- Start of Change & Refund Policy Section -->\r\n<style>\r\n.policy-section {\r\n  font-family: 'Poppins', sans-serif;\r\n  background: #f8fbfd;\r\n  color: #333;\r\n  padding: 100px 8%;\r\n  line-height: 1.9;\r\n  width: 100%;\r\n  box-sizing: border-box;\r\n}\r\n\r\n.policy-section .container {\r\n  max-width: 1000px;\r\n  margin: auto;\r\n  background: #fff;\r\n  padding: 60px;\r\n  border-radius: 20px;\r\n  box-shadow: 0 4px 25px rgba(0,0,0,0.08);\r\n  transition: all 0.3s ease;\r\n}\r\n\r\n.policy-section h1 {\r\n  text-align: center;\r\n  color: #45F0E0;\r\n  font-size: 44px;\r\n  margin-bottom: 50px;\r\n  font-weight: 700;\r\n  line-height: 1.3;\r\n}\r\n\r\n.policy-section h3 {\r\n  color: #f47b20;\r\n  margin-top: 50px;\r\n  font-size: 26px;\r\n  font-weight: 600;\r\n}\r\n\r\n.policy-section h4 {\r\n  color: #45F0E0;\r\n  margin-top: 30px;\r\n  font-size: 22px;\r\n  font-weight: 600;\r\n}\r\n\r\n.policy-section ul {\r\n  list-style: none;\r\n  padding-left: 0;\r\n  margin-top: 10px;\r\n}\r\n\r\n.policy-section ul li {\r\n  background: #f1f8ff;\r\n  padding: 15px 20px;\r\n  border-radius: 10px;\r\n  margin-bottom: 10px;\r\n  border-left: 4px solid #45F0E0;\r\n  transition: transform 0.2s ease, box-shadow 0.2s ease;\r\n}\r\n\r\n.policy-section ul li:hover {\r\n  transform: translateY(-2px);\r\n  box-shadow: 0 3px 12px rgba(0,0,0,0.07);\r\n}\r\n\r\n.policy-section a {\r\n  color: #45F0E0;\r\n  text-decoration: none;\r\n  font-weight: 600;\r\n}\r\n.policy-section a:hover {\r\n  text-decoration: underline;\r\n}\r\n\r\n.policy-section p {\r\n  margin-top: 10px;\r\n  font-size: 17px;\r\n}\r\n\r\n\/* ========================\r\n   \u2705 Responsive Styling\r\n======================== *\/\r\n@media (max-width: 1200px) {\r\n  .policy-section {\r\n    padding: 80px 6%;\r\n  }\r\n  .policy-section h1 {\r\n    font-size: 40px;\r\n  }\r\n}\r\n\r\n@media (max-width: 992px) {\r\n  .policy-section {\r\n    padding: 70px 5%;\r\n  }\r\n  .policy-section .container {\r\n    padding: 50px 40px;\r\n  }\r\n  .policy-section h1 {\r\n    font-size: 36px;\r\n  }\r\n  .policy-section h3 {\r\n    font-size: 24px;\r\n  }\r\n}\r\n\r\n@media (max-width: 768px) {\r\n  .policy-section {\r\n    padding: 60px 25px;\r\n  }\r\n  .policy-section .container {\r\n    padding: 35px 25px;\r\n    border-radius: 15px;\r\n  }\r\n  .policy-section h1 {\r\n    font-size: 30px;\r\n    margin-bottom: 35px;\r\n  }\r\n  .policy-section h3 {\r\n    font-size: 22px;\r\n    margin-top: 40px;\r\n  }\r\n  .policy-section h4 {\r\n    font-size: 20px;\r\n  }\r\n  .policy-section p {\r\n    font-size: 16px;\r\n  }\r\n}\r\n\r\n@media (max-width: 480px) {\r\n  .policy-section {\r\n    padding: 50px 15px;\r\n  }\r\n  .policy-section .container {\r\n    padding: 30px 20px;\r\n  }\r\n  .policy-section h1 {\r\n    font-size: 26px;\r\n  }\r\n  .policy-section p {\r\n    font-size: 15.5px;\r\n  }\r\n  .policy-section ul li {\r\n    font-size: 15.5px;\r\n    padding: 12px 15px;\r\n  }\r\n}\r\n<\/style>\r\n\r\n<section class=\"policy-section\">\r\n  <div class=\"container\">\r\n    <h1>Politique de modification et de remboursement<\/h1>\r\n\r\n    <h3>\u270f Modifier l'activit\u00e9<\/h3>\r\n    <p>\r\n      Vous souhaitez reporter votre activit\u00e9 ou la modifier ? Pas de probl\u00e8me !<br>\r\n      Il suffit de nous contacter par WhatsApp \ud83d\udcf1 \u00e0 l'adresse suivante \r\n      <a href=\"https:\/\/wa.me\/201021058859\" target=\"_blank\" rel=\"noopener\">+201021058859<\/a>.<br>\r\n      Votre modification sera confirm\u00e9e sans probl\u00e8me - veillez \u00e0 envoyer la demande au moins une fois par an. <strong>48 heures avant<\/strong> la date de l'activit\u00e9 programm\u00e9e.\r\n    <\/p>\r\n\r\n    <h3>\ud83d\udcb0 Remboursement<\/h3>\r\n    <p>\r\n      Si vous souhaitez annuler une ou plusieurs activit\u00e9s, veuillez nous contacter par WhatsApp \ud83d\udcf1. \r\n      <a href=\"https:\/\/wa.me\/201021058859\" target=\"_blank\" rel=\"noopener\">+201021058859<\/a>.\r\n    <\/p>\r\n\r\n    <h4>Politique de remboursement :<\/h4>\r\n    <ul>\r\n      <li>\ud83d\udc49 Plus de 4 jours avant la date pr\u00e9vue - <strong>Remboursement int\u00e9gral 100%<\/strong><\/li>\r\n      <li>\ud83d\udc49 3 \u00e0 4 jours avant la date pr\u00e9vue - <strong>Remboursement 50%<\/strong><\/li>\r\n      <li>\ud83d\udc49 2 jours avant la date pr\u00e9vue ou en cas d'absence - <strong>Pas de remboursement ni de reprogrammation<\/strong><\/li>\r\n    <\/ul>\r\n\r\n    <h3>\u26a0 Informations importantes<\/h3>\r\n\r\n    <p>\u2fe1 <strong style=\"color:#45F0E0;\">Excursions au Caire et \u00e0 Louxor \ud83c\udfdb<\/strong><br>\r\n    Les excursions au Caire et \u00e0 Louxor peuvent \u00eatre modifi\u00e9es ou annul\u00e9es au moins 48 heures \u00e0 l'avance.<br>\r\n    Pass\u00e9 ce d\u00e9lai, aucune modification ou remboursement ne sera possible - quelle qu'en soit la raison (maladie, \u00e9v\u00e9nement impr\u00e9vu de derni\u00e8re minute, etc.).<\/p>\r\n\r\n    <p>\u2fe2 <strong style=\"color:#45F0E0;\">\"Le Caire en avion \u2708\"<\/strong><br>\r\n    Une fois l'excursion \" Le Caire en avion \u2708 \" r\u00e9serv\u00e9e, elle devient non modifiable et non remboursable - quelles que soient les circonstances (maladie, impr\u00e9vu de derni\u00e8re minute, etc.).<\/p>\r\n\r\n    <p><strong>Merci de votre compr\u00e9hension<\/strong> - ces conditions nous permettent d'organiser des voyages avec le plus haut niveau de qualit\u00e9 et de fiabilit\u00e9. \ud83c\udf1f<\/p>\r\n  <\/div>\r\n<\/section>\r\n<!-- End of Change & Refund Policy Section -->\r\n\t\t\t\t<\/div>\n\t\t\t\t<\/div>\n\t\t\t\t<\/div>","protected":false},"excerpt":{"rendered":"<p>Change &#038; Refund Policy \u270f Edit Activity Would you like to reschedule your activity or change it? No problem! Simply contact us via WhatsApp \ud83d\udcf1 at +201021058859. Your modification will be confirmed smoothly \u2014 just make sure to send the request at least 48 hours before the scheduled activity date. \ud83d\udcb0 Refund If you wish [&hellip;]<\/p>","protected":false},"author":1,"featured_media":0,"parent":0,"menu_order":0,"comment_status":"closed","ping_status":"closed","template":"elementor_header_footer","meta":{"_monsterinsights_skip_tracking":false,"_monsterinsights_sitenote_active":false,"_monsterinsights_sitenote_note":"","_monsterinsights_sitenote_category":0,"footnotes":""},"class_list":["post-11106","page","type-page","status-publish","hentry"],"_hostinger_reach_plugin_has_subscription_block":false,"_hostinger_reach_plugin_is_elementor":false,"_links":{"self":[{"href":"https:\/\/redsea-dream-tours.com\/fr\/wp-json\/wp\/v2\/pages\/11106","targetHints":{"allow":["GET"]}}],"collection":[{"href":"https:\/\/redsea-dream-tours.com\/fr\/wp-json\/wp\/v2\/pages"}],"about":[{"href":"https:\/\/redsea-dream-tours.com\/fr\/wp-json\/wp\/v2\/types\/page"}],"author":[{"embeddable":true,"href":"https:\/\/redsea-dream-tours.com\/fr\/wp-json\/wp\/v2\/users\/1"}],"replies":[{"embeddable":true,"href":"https:\/\/redsea-dream-tours.com\/fr\/wp-json\/wp\/v2\/comments?post=11106"}],"version-history":[{"count":7,"href":"https:\/\/redsea-dream-tours.com\/fr\/wp-json\/wp\/v2\/pages\/11106\/revisions"}],"predecessor-version":[{"id":11115,"href":"https:\/\/redsea-dream-tours.com\/fr\/wp-json\/wp\/v2\/pages\/11106\/revisions\/11115"}],"wp:attachment":[{"href":"https:\/\/redsea-dream-tours.com\/fr\/wp-json\/wp\/v2\/media?parent=11106"}],"curies":[{"name":"wp","href":"https:\/\/api.w.org\/{rel}","templated":true}]}}