{"id":10403,"date":"2025-09-09T20:48:25","date_gmt":"2025-09-09T20:48:25","guid":{"rendered":"https:\/\/redsea-dream-tours.com\/?page_id=10403"},"modified":"2025-11-05T23:07:23","modified_gmt":"2025-11-05T23:07:23","slug":"sea","status":"publish","type":"page","link":"https:\/\/redsea-dream-tours.com\/fr\/sea\/","title":{"rendered":"mer"},"content":{"rendered":"<div data-elementor-type=\"wp-page\" data-elementor-id=\"10403\" class=\"elementor elementor-10403\" data-elementor-post-type=\"page\">\n\t\t\t\t\t\t<section class=\"elementor-section elementor-top-section elementor-element elementor-element-b9b5dab elementor-section-boxed elementor-section-height-default elementor-section-height-default\" data-id=\"b9b5dab\" data-element_type=\"section\" data-settings=\"{&quot;background_background&quot;:&quot;classic&quot;,&quot;ekit_has_onepagescroll_dot&quot;:&quot;yes&quot;}\">\n\t\t\t\t\t\t<div class=\"elementor-container elementor-column-gap-default\">\n\t\t\t\t\t<div class=\"elementor-column elementor-col-100 elementor-top-column elementor-element elementor-element-8fe602b\" data-id=\"8fe602b\" data-element_type=\"column\" data-settings=\"{&quot;background_background&quot;:&quot;gradient&quot;}\">\n\t\t\t<div class=\"elementor-widget-wrap elementor-element-populated\">\n\t\t\t\t\t\t<div class=\"elementor-element elementor-element-66b024a elementor-widget elementor-widget-elementskit-motion-text\" data-id=\"66b024a\" data-element_type=\"widget\" data-settings=\"{&quot;ekit_we_effect_on&quot;:&quot;none&quot;}\" data-widget_type=\"elementskit-motion-text.default\">\n\t\t\t\t<div class=\"elementor-widget-container\">\n\t\t\t\t\t<div class=\"ekit-wid-con\" >\t\t<div class=\"elementskit_motion_text_wraper\">\n\t\t\t\t\t\t<div class=\"ekit_motion_text_inner_wraper\" >\n\t\t\t<h2 class=\"ekit_motion_text_title ekit_animation ekit_char_based ekit_char_based\" data-ekit-animation-delay-s=\"10\" data-animate-class=\"ekit-oaoRotateXIn\"><span class=\"ekit_motion_text\" data-ekit-animation-delay=\"10\">Visites en mer<\/span>\t\t\t\t<\/h2>\t\t\t\t\t\t\t\t\t<\/div>\n\t\t<\/div>\n\n\t\t<\/div>\t\t\t\t<\/div>\n\t\t\t\t<\/div>\n\t\t\t\t<div class=\"elementor-element elementor-element-bc724aa elementor-widget elementor-widget-ovabrw_product_list\" data-id=\"bc724aa\" data-element_type=\"widget\" data-settings=\"{&quot;ekit_we_effect_on&quot;:&quot;none&quot;}\" data-widget_type=\"ovabrw_product_list.default\">\n\t\t\t\t<div class=\"elementor-widget-container\">\n\t\t\t\t\t\n\t\t\t\t\t<div class=\"ova-product-list ova-product-list-template1 column3\">\n\t\t\t\t\t\t\t\t\t\n<div class=\"ova-product product type-product post-9838 status-publish first instock product_cat-sea has-post-thumbnail shipping-taxable purchasable product-type-ovabrw_car_rental\">\n\t\n<div class=\"ova_head_product\">\n\t\t\t\t\t<a href=\"https:\/\/redsea-dream-tours.com\/fr\/produit\/diving-trip\/\" class=\"ova-product-thumbnail\">\n\t\t\t<img fetchpriority=\"high\" decoding=\"async\" width=\"636\" height=\"426\" src=\"https:\/\/redsea-dream-tours.com\/wp-content\/uploads\/2025\/09\/900x600-1-50-c322de4c47adb1105ffc87ddcb85e30e-636x426.jpg\" class=\"attachment-tripgo_product_slider size-tripgo_product_slider\" alt=\"Diving Adventure in Hurghada\" srcset=\"https:\/\/redsea-dream-tours.com\/wp-content\/uploads\/2025\/09\/900x600-1-50-c322de4c47adb1105ffc87ddcb85e30e-636x426.jpg 636w, https:\/\/redsea-dream-tours.com\/wp-content\/uploads\/2025\/09\/900x600-1-50-c322de4c47adb1105ffc87ddcb85e30e-300x200.jpg 300w, https:\/\/redsea-dream-tours.com\/wp-content\/uploads\/2025\/09\/900x600-1-50-c322de4c47adb1105ffc87ddcb85e30e-416x280.jpg 416w\" sizes=\"(max-width: 636px) 100vw, 636px\" \/>\t\t<\/a>\n\t<\/div>\n<div class=\"ova_foot_product\">\n\t<div class=\"ova-product-day-title-location\">\n\t\t\t\t<h2 class=\"ova-product-title\">\n\t\t\t<a href=\"https:\/\/redsea-dream-tours.com\/fr\/produit\/diving-trip\/\">\n\t\t        Aventure de plong\u00e9e \u00e0 Hurghada\t\t    <\/a>\n\t\t<\/h2>\n\t\t\t<\/div>\n    <div class=\"ova-product-review-and-price\">\n    \t\t\t<div class=\"ova-product-wrapper-price\">\n\t\t\t<div class=\"ova-product-price\">\n\t\t\t\t\t\t\t\t\t<span class=\"new-product-price\"><span class=\"woocommerce-Price-amount amount\"><bdi><span class=\"woocommerce-Price-currencySymbol\">\u20ac<\/span>30.00<\/bdi><\/span><\/span>\n\t\t\t    \t\t\t<\/div>\n\t\t\t<a href=\"https:\/\/redsea-dream-tours.com\/fr\/produit\/diving-trip\/\" class=\"btn product-btn-book-now\">\n\t\t\t\t<span>Explorer<\/span>\n\t\t\t<\/a>\n\t\t<\/div>\n    <\/div>\n<\/div><\/div>\t\t\t\t\t\t\t\t\t\n<div class=\"ova-product product type-product post-9845 status-publish instock product_cat-sea has-post-thumbnail shipping-taxable purchasable product-type-ovabrw_car_rental\">\n\t\n<div class=\"ova_head_product\">\n\t\t\t\t\t<a href=\"https:\/\/redsea-dream-tours.com\/fr\/produit\/speed-boot-2-pax\/\" class=\"ova-product-thumbnail\">\n\t\t\t<img decoding=\"async\" width=\"636\" height=\"426\" src=\"https:\/\/redsea-dream-tours.com\/wp-content\/uploads\/2025\/09\/WhatsApp-Image-2025-09-16-at-03.50.36_8cd1dd8d-636x426.jpg\" class=\"attachment-tripgo_product_slider size-tripgo_product_slider\" alt=\"Private Red Sea Speed Boat Trip\" srcset=\"https:\/\/redsea-dream-tours.com\/wp-content\/uploads\/2025\/09\/WhatsApp-Image-2025-09-16-at-03.50.36_8cd1dd8d-636x426.jpg 636w, https:\/\/redsea-dream-tours.com\/wp-content\/uploads\/2025\/09\/WhatsApp-Image-2025-09-16-at-03.50.36_8cd1dd8d-300x200.jpg 300w, https:\/\/redsea-dream-tours.com\/wp-content\/uploads\/2025\/09\/WhatsApp-Image-2025-09-16-at-03.50.36_8cd1dd8d-18x12.jpg 18w, https:\/\/redsea-dream-tours.com\/wp-content\/uploads\/2025\/09\/WhatsApp-Image-2025-09-16-at-03.50.36_8cd1dd8d-416x280.jpg 416w\" sizes=\"(max-width: 636px) 100vw, 636px\" \/>\t\t<\/a>\n\t<\/div>\n<div class=\"ova_foot_product\">\n\t<div class=\"ova-product-day-title-location\">\n\t\t\t\t<h2 class=\"ova-product-title\">\n\t\t\t<a href=\"https:\/\/redsea-dream-tours.com\/fr\/produit\/speed-boot-2-pax\/\">\n\t\t        Excursion priv\u00e9e en bateau rapide sur la mer Rouge\t\t    <\/a>\n\t\t<\/h2>\n\t\t\t<\/div>\n    <div class=\"ova-product-review-and-price\">\n    \t\t\t<div class=\"ova-product-wrapper-price\">\n\t\t\t<div class=\"ova-product-price\">\n\t\t\t\t\t\t\t\t\t<span class=\"new-product-price\"><span class=\"woocommerce-Price-amount amount\"><bdi><span class=\"woocommerce-Price-currencySymbol\">\u20ac<\/span>140.00<\/bdi><\/span><\/span>\n\t\t\t    \t\t\t<\/div>\n\t\t\t<a href=\"https:\/\/redsea-dream-tours.com\/fr\/produit\/speed-boot-2-pax\/\" class=\"btn product-btn-book-now\">\n\t\t\t\t<span>Explorer<\/span>\n\t\t\t<\/a>\n\t\t<\/div>\n    <\/div>\n<\/div><\/div>\t\t\t\t\t\t\t\t\t\n<div class=\"ova-product product type-product post-9917 status-publish instock product_cat-sea has-post-thumbnail shipping-taxable purchasable product-type-ovabrw_car_rental\">\n\t\n<div class=\"ova_head_product\">\n\t\t\t\t\t<a href=\"https:\/\/redsea-dream-tours.com\/fr\/produit\/private-boat-trip\/\" class=\"ova-product-thumbnail\">\n\t\t\t<img decoding=\"async\" width=\"616\" height=\"426\" src=\"https:\/\/redsea-dream-tours.com\/wp-content\/uploads\/2025\/09\/421_private-boat-tour-to-capri-island-616x426.jpg\" class=\"attachment-tripgo_product_slider size-tripgo_product_slider\" alt=\"Private Red Sea Boat: Snorkel, Dolphins &amp; Relax\" \/>\t\t<\/a>\n\t<\/div>\n<div class=\"ova_foot_product\">\n\t<div class=\"ova-product-day-title-location\">\n\t\t\t\t<h2 class=\"ova-product-title\">\n\t\t\t<a href=\"https:\/\/redsea-dream-tours.com\/fr\/produit\/private-boat-trip\/\">\n\t\t        Bateau priv\u00e9 de la mer Rouge : Plong\u00e9e en apn\u00e9e, dauphins et d\u00e9tente\t\t    <\/a>\n\t\t<\/h2>\n\t\t\t<\/div>\n    <div class=\"ova-product-review-and-price\">\n    \t\t\t<div class=\"ova-product-wrapper-price\">\n\t\t\t<div class=\"ova-product-price\">\n\t\t\t\t\t\t\t\t\t<span class=\"new-product-price\"><span class=\"woocommerce-Price-amount amount\"><bdi><span class=\"woocommerce-Price-currencySymbol\">\u20ac<\/span>990.00<\/bdi><\/span><\/span>\n\t\t\t    \t\t\t<\/div>\n\t\t\t<a href=\"https:\/\/redsea-dream-tours.com\/fr\/produit\/private-boat-trip\/\" class=\"btn product-btn-book-now\">\n\t\t\t\t<span>Explorer<\/span>\n\t\t\t<\/a>\n\t\t<\/div>\n    <\/div>\n<\/div><\/div>\t\t\t\t\t\t\t\t\t\n<div class=\"ova-product product type-product post-9925 status-publish last instock product_cat-sea has-post-thumbnail shipping-taxable purchasable product-type-ovabrw_car_rental\">\n\t\n<div class=\"ova_head_product\">\n\t\t\t\t\t<a href=\"https:\/\/redsea-dream-tours.com\/fr\/produit\/orange-bay-trip\/\" class=\"ova-product-thumbnail\">\n\t\t\t<img loading=\"lazy\" decoding=\"async\" width=\"636\" height=\"426\" src=\"https:\/\/redsea-dream-tours.com\/wp-content\/uploads\/2025\/09\/2c-636x426.jpg\" class=\"attachment-tripgo_product_slider size-tripgo_product_slider\" alt=\"Orange Bay: Snorkeling, Beach Relax\" srcset=\"https:\/\/redsea-dream-tours.com\/wp-content\/uploads\/2025\/09\/2c-636x426.jpg 636w, https:\/\/redsea-dream-tours.com\/wp-content\/uploads\/2025\/09\/2c-300x200.jpg 300w, https:\/\/redsea-dream-tours.com\/wp-content\/uploads\/2025\/09\/2c-416x280.jpg 416w\" sizes=\"(max-width: 636px) 100vw, 636px\" \/>\t\t<\/a>\n\t<\/div>\n<div class=\"ova_foot_product\">\n\t<div class=\"ova-product-day-title-location\">\n\t\t\t\t<h2 class=\"ova-product-title\">\n\t\t\t<a href=\"https:\/\/redsea-dream-tours.com\/fr\/produit\/orange-bay-trip\/\">\n\t\t        Baie d'Orange : Plong\u00e9e en apn\u00e9e, d\u00e9tente sur la plage\t\t    <\/a>\n\t\t<\/h2>\n\t\t\t<\/div>\n    <div class=\"ova-product-review-and-price\">\n    \t\t\t<div class=\"ova-product-wrapper-price\">\n\t\t\t<div class=\"ova-product-price\">\n\t\t\t\t\t\t\t\t\t<span class=\"new-product-price\"><span class=\"woocommerce-Price-amount amount\"><bdi><span class=\"woocommerce-Price-currencySymbol\">\u20ac<\/span>30.00<\/bdi><\/span><\/span>\n\t\t\t    \t\t\t<\/div>\n\t\t\t<a href=\"https:\/\/redsea-dream-tours.com\/fr\/produit\/orange-bay-trip\/\" class=\"btn product-btn-book-now\">\n\t\t\t\t<span>Explorer<\/span>\n\t\t\t<\/a>\n\t\t<\/div>\n    <\/div>\n<\/div><\/div>\t\t\t\t\t\t\t\t\t\n<div class=\"ova-product product type-product post-9937 status-publish first instock product_cat-sea has-post-thumbnail shipping-taxable purchasable product-type-ovabrw_car_rental\">\n\t\n<div class=\"ova_head_product\">\n\t\t\t\t\t<a href=\"https:\/\/redsea-dream-tours.com\/fr\/produit\/hula-hula-trip\/\" class=\"ova-product-thumbnail\">\n\t\t\t<img loading=\"lazy\" decoding=\"async\" width=\"636\" height=\"426\" src=\"https:\/\/redsea-dream-tours.com\/wp-content\/uploads\/2025\/09\/3-2-636x426.jpg\" class=\"attachment-tripgo_product_slider size-tripgo_product_slider\" alt=\"Hula Hula Island: Snorkel, Shows\" srcset=\"https:\/\/redsea-dream-tours.com\/wp-content\/uploads\/2025\/09\/3-2-636x426.jpg 636w, https:\/\/redsea-dream-tours.com\/wp-content\/uploads\/2025\/09\/3-2-300x200.jpg 300w, https:\/\/redsea-dream-tours.com\/wp-content\/uploads\/2025\/09\/3-2-416x280.jpg 416w\" sizes=\"(max-width: 636px) 100vw, 636px\" \/>\t\t<\/a>\n\t<\/div>\n<div class=\"ova_foot_product\">\n\t<div class=\"ova-product-day-title-location\">\n\t\t\t\t<h2 class=\"ova-product-title\">\n\t\t\t<a href=\"https:\/\/redsea-dream-tours.com\/fr\/produit\/hula-hula-trip\/\">\n\t\t        L'\u00eele Hula Hula : Plong\u00e9e en apn\u00e9e, spectacles\t\t    <\/a>\n\t\t<\/h2>\n\t\t\t<\/div>\n    <div class=\"ova-product-review-and-price\">\n    \t\t\t<div class=\"ova-product-wrapper-price\">\n\t\t\t<div class=\"ova-product-price\">\n\t\t\t\t\t\t\t\t\t<span class=\"new-product-price\"><span class=\"woocommerce-Price-amount amount\"><bdi><span class=\"woocommerce-Price-currencySymbol\">\u20ac<\/span>30.00<\/bdi><\/span><\/span>\n\t\t\t    \t\t\t<\/div>\n\t\t\t<a href=\"https:\/\/redsea-dream-tours.com\/fr\/produit\/hula-hula-trip\/\" class=\"btn product-btn-book-now\">\n\t\t\t\t<span>Explorer<\/span>\n\t\t\t<\/a>\n\t\t<\/div>\n    <\/div>\n<\/div><\/div>\t\t\t\t\t\t\t\t\t\n<div class=\"ova-product product type-product post-9952 status-publish instock product_cat-sea has-post-thumbnail shipping-taxable purchasable product-type-ovabrw_car_rental\">\n\t\n<div class=\"ova_head_product\">\n\t\t\t\t\t<a href=\"https:\/\/redsea-dream-tours.com\/fr\/produit\/dolphin-house-trip\/\" class=\"ova-product-thumbnail\">\n\t\t\t<img loading=\"lazy\" decoding=\"async\" width=\"636\" height=\"426\" src=\"https:\/\/redsea-dream-tours.com\/wp-content\/uploads\/2025\/09\/Dolphin-House-Snorkeling-Trip-By-Boat-in-Hurghada-3-636x426.webp\" class=\"attachment-tripgo_product_slider size-tripgo_product_slider\" alt=\"Dolphin House: Snorkeling, Dolphins &amp; Sea Fun\" srcset=\"https:\/\/redsea-dream-tours.com\/wp-content\/uploads\/2025\/09\/Dolphin-House-Snorkeling-Trip-By-Boat-in-Hurghada-3-636x426.webp 636w, https:\/\/redsea-dream-tours.com\/wp-content\/uploads\/2025\/09\/Dolphin-House-Snorkeling-Trip-By-Boat-in-Hurghada-3-416x280.webp 416w\" sizes=\"(max-width: 636px) 100vw, 636px\" \/>\t\t<\/a>\n\t<\/div>\n<div class=\"ova_foot_product\">\n\t<div class=\"ova-product-day-title-location\">\n\t\t\t\t<h2 class=\"ova-product-title\">\n\t\t\t<a href=\"https:\/\/redsea-dream-tours.com\/fr\/produit\/dolphin-house-trip\/\">\n\t\t        Maison des dauphins : Plong\u00e9e en apn\u00e9e, dauphins et plaisirs de la mer\t\t    <\/a>\n\t\t<\/h2>\n\t\t\t<\/div>\n    <div class=\"ova-product-review-and-price\">\n    \t\t\t<div class=\"ova-product-wrapper-price\">\n\t\t\t<div class=\"ova-product-price\">\n\t\t\t\t\t\t\t\t\t<span class=\"new-product-price\"><span class=\"woocommerce-Price-amount amount\"><bdi><span class=\"woocommerce-Price-currencySymbol\">\u20ac<\/span>25.00<\/bdi><\/span><\/span>\n\t\t\t    \t\t\t<\/div>\n\t\t\t<a href=\"https:\/\/redsea-dream-tours.com\/fr\/produit\/dolphin-house-trip\/\" class=\"btn product-btn-book-now\">\n\t\t\t\t<span>Explorer<\/span>\n\t\t\t<\/a>\n\t\t<\/div>\n    <\/div>\n<\/div><\/div>\t\t\t\t\t\t\t\t\t\n<div class=\"ova-product product type-product post-9963 status-publish instock product_cat-sea has-post-thumbnail shipping-taxable purchasable product-type-ovabrw_car_rental\">\n\t\n<div class=\"ova_head_product\">\n\t\t\t\t\t<a href=\"https:\/\/redsea-dream-tours.com\/fr\/produit\/sharm-elnaqa-trip\/\" class=\"ova-product-thumbnail\">\n\t\t\t<img loading=\"lazy\" decoding=\"async\" width=\"636\" height=\"426\" src=\"https:\/\/redsea-dream-tours.com\/wp-content\/uploads\/2025\/09\/snorkel-trip-tiran-sharm-9-636x426.jpg\" class=\"attachment-tripgo_product_slider size-tripgo_product_slider\" alt=\"Sharm El Naga: Snorkeling, Beaches &amp; Relaxation\" srcset=\"https:\/\/redsea-dream-tours.com\/wp-content\/uploads\/2025\/09\/snorkel-trip-tiran-sharm-9-636x426.jpg 636w, https:\/\/redsea-dream-tours.com\/wp-content\/uploads\/2025\/09\/snorkel-trip-tiran-sharm-9-416x280.jpg 416w\" sizes=\"(max-width: 636px) 100vw, 636px\" \/>\t\t<\/a>\n\t<\/div>\n<div class=\"ova_foot_product\">\n\t<div class=\"ova-product-day-title-location\">\n\t\t\t\t<h2 class=\"ova-product-title\">\n\t\t\t<a href=\"https:\/\/redsea-dream-tours.com\/fr\/produit\/sharm-elnaqa-trip\/\">\n\t\t        Sharm El Naga : plong\u00e9e en apn\u00e9e, plages et d\u00e9tente\t\t    <\/a>\n\t\t<\/h2>\n\t\t\t<\/div>\n    <div class=\"ova-product-review-and-price\">\n    \t\t\t<div class=\"ova-product-wrapper-price\">\n\t\t\t<div class=\"ova-product-price\">\n\t\t\t\t\t\t\t\t\t<span class=\"new-product-price\"><span class=\"woocommerce-Price-amount amount\"><bdi><span class=\"woocommerce-Price-currencySymbol\">\u20ac<\/span>50.00<\/bdi><\/span><\/span>\n\t\t\t    \t\t\t<\/div>\n\t\t\t<a href=\"https:\/\/redsea-dream-tours.com\/fr\/produit\/sharm-elnaqa-trip\/\" class=\"btn product-btn-book-now\">\n\t\t\t\t<span>Explorer<\/span>\n\t\t\t<\/a>\n\t\t<\/div>\n    <\/div>\n<\/div><\/div>\t\t\t\t\t\t\t\t\t\n<div class=\"ova-product product type-product post-9972 status-publish last instock product_cat-sea has-post-thumbnail shipping-taxable purchasable product-type-ovabrw_car_rental\">\n\t\n<div class=\"ova_head_product\">\n\t\t\t\t\t<a href=\"https:\/\/redsea-dream-tours.com\/fr\/produit\/mahmya-trip\/\" class=\"ova-product-thumbnail\">\n\t\t\t<img loading=\"lazy\" decoding=\"async\" width=\"636\" height=\"360\" src=\"https:\/\/redsea-dream-tours.com\/wp-content\/uploads\/2025\/09\/4-3-636x360.jpg\" class=\"attachment-tripgo_product_slider size-tripgo_product_slider\" alt=\"Mahmya Island: Snorkeling, Beaches &amp; Relaxation\" srcset=\"https:\/\/redsea-dream-tours.com\/wp-content\/uploads\/2025\/09\/4-3-636x360.jpg 636w, https:\/\/redsea-dream-tours.com\/wp-content\/uploads\/2025\/09\/4-3-300x169.jpg 300w\" sizes=\"(max-width: 636px) 100vw, 636px\" \/>\t\t<\/a>\n\t<\/div>\n<div class=\"ova_foot_product\">\n\t<div class=\"ova-product-day-title-location\">\n\t\t\t\t<h2 class=\"ova-product-title\">\n\t\t\t<a href=\"https:\/\/redsea-dream-tours.com\/fr\/produit\/mahmya-trip\/\">\n\t\t        L'\u00eele de Mahmya : Plong\u00e9e en apn\u00e9e, plages et d\u00e9tente\t\t    <\/a>\n\t\t<\/h2>\n\t\t\t<\/div>\n    <div class=\"ova-product-review-and-price\">\n    \t\t\t<div class=\"ova-product-wrapper-price\">\n\t\t\t<div class=\"ova-product-price\">\n\t\t\t\t\t\t\t\t\t<span class=\"new-product-price\"><span class=\"woocommerce-Price-amount amount\"><bdi><span class=\"woocommerce-Price-currencySymbol\">\u20ac<\/span>85.00<\/bdi><\/span><\/span>\n\t\t\t    \t\t\t<\/div>\n\t\t\t<a href=\"https:\/\/redsea-dream-tours.com\/fr\/produit\/mahmya-trip\/\" class=\"btn product-btn-book-now\">\n\t\t\t\t<span>Explorer<\/span>\n\t\t\t<\/a>\n\t\t<\/div>\n    <\/div>\n<\/div><\/div>\t\t\t\t\t\t\t\t\t\n<div class=\"ova-product product type-product post-9982 status-publish first instock product_cat-sea has-post-thumbnail shipping-taxable purchasable product-type-ovabrw_car_rental\">\n\t\n<div class=\"ova_head_product\">\n\t\t\t\t\t<a href=\"https:\/\/redsea-dream-tours.com\/fr\/produit\/eden-island-trip\/\" class=\"ova-product-thumbnail\">\n\t\t\t<img loading=\"lazy\" decoding=\"async\" width=\"360\" height=\"240\" src=\"https:\/\/redsea-dream-tours.com\/wp-content\/uploads\/2025\/09\/c0.jpg\" class=\"attachment-tripgo_product_slider size-tripgo_product_slider\" alt=\"Eden Island: Snorkeling, Relaxation &amp; All-Inclusive\" srcset=\"https:\/\/redsea-dream-tours.com\/wp-content\/uploads\/2025\/09\/c0.jpg 360w, https:\/\/redsea-dream-tours.com\/wp-content\/uploads\/2025\/09\/c0-300x200.jpg 300w\" sizes=\"(max-width: 360px) 100vw, 360px\" \/>\t\t<\/a>\n\t<\/div>\n<div class=\"ova_foot_product\">\n\t<div class=\"ova-product-day-title-location\">\n\t\t\t\t<h2 class=\"ova-product-title\">\n\t\t\t<a href=\"https:\/\/redsea-dream-tours.com\/fr\/produit\/eden-island-trip\/\">\n\t\t        L'\u00eele d'Eden : Plong\u00e9e avec masque et tuba, d\u00e9tente et tout compris\t\t    <\/a>\n\t\t<\/h2>\n\t\t\t<\/div>\n    <div class=\"ova-product-review-and-price\">\n    \t\t\t<div class=\"ova-product-wrapper-price\">\n\t\t\t<div class=\"ova-product-price\">\n\t\t\t\t\t\t\t\t\t<span class=\"new-product-price\"><span class=\"woocommerce-Price-amount amount\"><bdi><span class=\"woocommerce-Price-currencySymbol\">\u20ac<\/span>65.00<\/bdi><\/span><\/span>\n\t\t\t    \t\t\t<\/div>\n\t\t\t<a href=\"https:\/\/redsea-dream-tours.com\/fr\/produit\/eden-island-trip\/\" class=\"btn product-btn-book-now\">\n\t\t\t\t<span>Explorer<\/span>\n\t\t\t<\/a>\n\t\t<\/div>\n    <\/div>\n<\/div><\/div>\t\t\t\t\t\t\t\t\t\n<div class=\"ova-product product type-product post-10761 status-publish instock product_cat-marsa-alam product_cat-sea has-post-thumbnail shipping-taxable purchasable product-type-ovabrw_car_rental\">\n\t\n<div class=\"ova_head_product\">\n\t\t\t\t\t<a href=\"https:\/\/redsea-dream-tours.com\/fr\/produit\/abu-dabbab-beach\/\" class=\"ova-product-thumbnail\">\n\t\t\t<img loading=\"lazy\" decoding=\"async\" width=\"636\" height=\"426\" src=\"https:\/\/redsea-dream-tours.com\/wp-content\/uploads\/2025\/09\/WhatsApp-Image-2025-08-26-at-02.37.24_9461c1e7-636x426.jpg\" class=\"attachment-tripgo_product_slider size-tripgo_product_slider\" alt=\"Abu Dabbab Beach Adventure \u2013 A Paradise in Marsa Alam\" srcset=\"https:\/\/redsea-dream-tours.com\/wp-content\/uploads\/2025\/09\/WhatsApp-Image-2025-08-26-at-02.37.24_9461c1e7-636x426.jpg 636w, https:\/\/redsea-dream-tours.com\/wp-content\/uploads\/2025\/09\/WhatsApp-Image-2025-08-26-at-02.37.24_9461c1e7-416x280.jpg 416w\" sizes=\"(max-width: 636px) 100vw, 636px\" \/>\t\t<\/a>\n\t<\/div>\n<div class=\"ova_foot_product\">\n\t<div class=\"ova-product-day-title-location\">\n\t\t\t\t<h2 class=\"ova-product-title\">\n\t\t\t<a href=\"https:\/\/redsea-dream-tours.com\/fr\/produit\/abu-dabbab-beach\/\">\n\t\t        Abu Dabbab Beach Adventure - Un paradis \u00e0 Marsa Alam\t\t    <\/a>\n\t\t<\/h2>\n\t\t\t<\/div>\n    <div class=\"ova-product-review-and-price\">\n    \t\t\t<div class=\"ova-product-wrapper-price\">\n\t\t\t<div class=\"ova-product-price\">\n\t\t\t\t\t\t\t\t\t<span class=\"new-product-price\"><span class=\"woocommerce-Price-amount amount\"><bdi><span class=\"woocommerce-Price-currencySymbol\">\u20ac<\/span>70.00<\/bdi><\/span><\/span>\n\t\t\t    \t\t\t<\/div>\n\t\t\t<a href=\"https:\/\/redsea-dream-tours.com\/fr\/produit\/abu-dabbab-beach\/\" class=\"btn product-btn-book-now\">\n\t\t\t\t<span>Explorer<\/span>\n\t\t\t<\/a>\n\t\t<\/div>\n    <\/div>\n<\/div><\/div>\t\t\t\t\t\t\t\t\t\n<div class=\"ova-product product type-product post-10795 status-publish instock product_cat-marsa-alam product_cat-sea has-post-thumbnail shipping-taxable purchasable product-type-ovabrw_car_rental\">\n\t\n<div class=\"ova_head_product\">\n\t\t\t\t\t<a href=\"https:\/\/redsea-dream-tours.com\/fr\/produit\/marsa-mubarak\/\" class=\"ova-product-thumbnail\">\n\t\t\t<img loading=\"lazy\" decoding=\"async\" width=\"636\" height=\"426\" src=\"https:\/\/redsea-dream-tours.com\/wp-content\/uploads\/2025\/09\/WhatsApp-Image-2025-08-25-at-22.05.31_a19389e0-636x426.jpg\" class=\"attachment-tripgo_product_slider size-tripgo_product_slider\" alt=\"Marsa Mubarak Adventure \u2013 Red Sea Paradise ( Marsa Alam )\" srcset=\"https:\/\/redsea-dream-tours.com\/wp-content\/uploads\/2025\/09\/WhatsApp-Image-2025-08-25-at-22.05.31_a19389e0-636x426.jpg 636w, https:\/\/redsea-dream-tours.com\/wp-content\/uploads\/2025\/09\/WhatsApp-Image-2025-08-25-at-22.05.31_a19389e0-416x280.jpg 416w\" sizes=\"(max-width: 636px) 100vw, 636px\" \/>\t\t<\/a>\n\t<\/div>\n<div class=\"ova_foot_product\">\n\t<div class=\"ova-product-day-title-location\">\n\t\t\t\t<h2 class=\"ova-product-title\">\n\t\t\t<a href=\"https:\/\/redsea-dream-tours.com\/fr\/produit\/marsa-mubarak\/\">\n\t\t        Marsa Mubarak Adventure - Red Sea Paradise ( Marsa Alam )\t\t    <\/a>\n\t\t<\/h2>\n\t\t\t<\/div>\n    <div class=\"ova-product-review-and-price\">\n    \t\t\t<div class=\"ova-product-wrapper-price\">\n\t\t\t<div class=\"ova-product-price\">\n\t\t\t\t\t\t\t\t\t<span class=\"new-product-price\"><span class=\"woocommerce-Price-amount amount\"><bdi><span class=\"woocommerce-Price-currencySymbol\">\u20ac<\/span>50.00<\/bdi><\/span><\/span>\n\t\t\t    \t\t\t<\/div>\n\t\t\t<a href=\"https:\/\/redsea-dream-tours.com\/fr\/produit\/marsa-mubarak\/\" class=\"btn product-btn-book-now\">\n\t\t\t\t<span>Explorer<\/span>\n\t\t\t<\/a>\n\t\t<\/div>\n    <\/div>\n<\/div><\/div>\t\t\t\t\t\t\t\t\t\n<div class=\"ova-product product type-product post-11254 status-publish last instock product_cat-sea has-post-thumbnail shipping-taxable purchasable product-type-ovabrw_car_rental\">\n\t\n<div class=\"ova_head_product\">\n\t\t\t\t\t<a href=\"https:\/\/redsea-dream-tours.com\/fr\/produit\/nefertari-trip-hurghada-makadi\/\" class=\"ova-product-thumbnail\">\n\t\t\t<img loading=\"lazy\" decoding=\"async\" width=\"636\" height=\"426\" src=\"https:\/\/redsea-dream-tours.com\/wp-content\/uploads\/2025\/11\/ae-636x426.jpg\" class=\"attachment-tripgo_product_slider size-tripgo_product_slider\" alt=\"Nefertari luxury pharaonic yacht in Hurghada Red Sea\" srcset=\"https:\/\/redsea-dream-tours.com\/wp-content\/uploads\/2025\/11\/ae-636x426.jpg 636w, https:\/\/redsea-dream-tours.com\/wp-content\/uploads\/2025\/11\/ae-300x200.jpg 300w, https:\/\/redsea-dream-tours.com\/wp-content\/uploads\/2025\/11\/ae-18x12.jpg 18w, https:\/\/redsea-dream-tours.com\/wp-content\/uploads\/2025\/11\/ae-416x280.jpg 416w\" sizes=\"(max-width: 636px) 100vw, 636px\" \/>\t\t<\/a>\n\t<\/div>\n<div class=\"ova_foot_product\">\n\t<div class=\"ova-product-day-title-location\">\n\t\t\t\t<h2 class=\"ova-product-title\">\n\t\t\t<a href=\"https:\/\/redsea-dream-tours.com\/fr\/produit\/nefertari-trip-hurghada-makadi\/\">\n\t\t        Excursion \u00e0 Nefertari - La meilleure excursion en bateau de luxe \u00e0 Hurghada et dans la baie de Makadi\t\t    <\/a>\n\t\t<\/h2>\n\t\t\t<\/div>\n    <div class=\"ova-product-review-and-price\">\n    \t\t\t<div class=\"ova-product-wrapper-price\">\n\t\t\t<div class=\"ova-product-price\">\n\t\t\t\t\t\t\t\t\t<span class=\"new-product-price\"><span class=\"woocommerce-Price-amount amount\"><bdi><span class=\"woocommerce-Price-currencySymbol\">\u20ac<\/span>75.00<\/bdi><\/span><\/span>\n\t\t\t    \t\t\t<\/div>\n\t\t\t<a href=\"https:\/\/redsea-dream-tours.com\/fr\/produit\/nefertari-trip-hurghada-makadi\/\" class=\"btn product-btn-book-now\">\n\t\t\t\t<span>Explorer<\/span>\n\t\t\t<\/a>\n\t\t<\/div>\n    <\/div>\n<\/div><\/div>\t\t\t\t\t\t\t<\/div>\n\n\t\t\n\t\t\t\t\t\t<\/div>\n\t\t\t\t<\/div>\n\t\t\t\t\t<\/div>\n\t\t<\/div>\n\t\t\t\t\t<\/div>\n\t\t<\/section>\n\t\t\t\t<\/div>","protected":false},"excerpt":{"rendered":"<p>Sea Tours diving trip &euro;25.00 Explore Speed Boat &euro;140.00 Explore Private Boat trip &euro;990.00 Explore Orange Bay trip &euro;25.00 Explore Hula Hula trip &euro;25.00 Explore Dolphin House trip &euro;20.00 Explore Sharm Elnaqa trip &euro;50.00 Explore Mahmya trip &euro;85.00 Explore Eden Island trip &euro;65.00 Explore Abu Dabbab Beach ( Marsa Alam ) &euro;55.00 Explore Marsa Mubarak [&hellip;]<\/p>","protected":false},"author":1,"featured_media":0,"parent":0,"menu_order":0,"comment_status":"closed","ping_status":"closed","template":"elementor_header_footer","meta":{"_monsterinsights_skip_tracking":false,"_monsterinsights_sitenote_active":false,"_monsterinsights_sitenote_note":"","_monsterinsights_sitenote_category":0,"footnotes":""},"class_list":["post-10403","page","type-page","status-publish","hentry"],"_hostinger_reach_plugin_has_subscription_block":false,"_hostinger_reach_plugin_is_elementor":false,"_links":{"self":[{"href":"https:\/\/redsea-dream-tours.com\/fr\/wp-json\/wp\/v2\/pages\/10403","targetHints":{"allow":["GET"]}}],"collection":[{"href":"https:\/\/redsea-dream-tours.com\/fr\/wp-json\/wp\/v2\/pages"}],"about":[{"href":"https:\/\/redsea-dream-tours.com\/fr\/wp-json\/wp\/v2\/types\/page"}],"author":[{"embeddable":true,"href":"https:\/\/redsea-dream-tours.com\/fr\/wp-json\/wp\/v2\/users\/1"}],"replies":[{"embeddable":true,"href":"https:\/\/redsea-dream-tours.com\/fr\/wp-json\/wp\/v2\/comments?post=10403"}],"version-history":[{"count":13,"href":"https:\/\/redsea-dream-tours.com\/fr\/wp-json\/wp\/v2\/pages\/10403\/revisions"}],"predecessor-version":[{"id":11205,"href":"https:\/\/redsea-dream-tours.com\/fr\/wp-json\/wp\/v2\/pages\/10403\/revisions\/11205"}],"wp:attachment":[{"href":"https:\/\/redsea-dream-tours.com\/fr\/wp-json\/wp\/v2\/media?parent=10403"}],"curies":[{"name":"wp","href":"https:\/\/api.w.org\/{rel}","templated":true}]}}