{"id":10388,"date":"2025-09-09T20:17:58","date_gmt":"2025-09-09T20:17:58","guid":{"rendered":"https:\/\/redsea-dream-tours.com\/?page_id=10388"},"modified":"2025-12-16T19:40:45","modified_gmt":"2025-12-16T19:40:45","slug":"luxor","status":"publish","type":"page","link":"https:\/\/redsea-dream-tours.com\/fr\/luxor\/","title":{"rendered":"Louxor"},"content":{"rendered":"<div data-elementor-type=\"wp-page\" data-elementor-id=\"10388\" class=\"elementor elementor-10388\" data-elementor-post-type=\"page\">\n\t\t\t\t\t\t<section class=\"elementor-section elementor-top-section elementor-element elementor-element-847d30b elementor-section-boxed elementor-section-height-default elementor-section-height-default\" data-id=\"847d30b\" data-element_type=\"section\" data-settings=\"{&quot;background_background&quot;:&quot;classic&quot;,&quot;ekit_has_onepagescroll_dot&quot;:&quot;yes&quot;}\">\n\t\t\t\t\t\t<div class=\"elementor-container elementor-column-gap-default\">\n\t\t\t\t\t<div class=\"elementor-column elementor-col-100 elementor-top-column elementor-element elementor-element-30f61eb\" data-id=\"30f61eb\" data-element_type=\"column\" data-settings=\"{&quot;background_background&quot;:&quot;gradient&quot;}\">\n\t\t\t<div class=\"elementor-widget-wrap elementor-element-populated\">\n\t\t\t\t\t\t<div class=\"elementor-element elementor-element-b7ba5a0 elementor-widget elementor-widget-elementskit-motion-text\" data-id=\"b7ba5a0\" data-element_type=\"widget\" data-settings=\"{&quot;ekit_we_effect_on&quot;:&quot;none&quot;}\" data-widget_type=\"elementskit-motion-text.default\">\n\t\t\t\t<div class=\"elementor-widget-container\">\n\t\t\t\t\t<div class=\"ekit-wid-con\" >\t\t<div class=\"elementskit_motion_text_wraper\">\n\t\t\t\t\t\t<div class=\"ekit_motion_text_inner_wraper\" >\n\t\t\t<h2 class=\"ekit_motion_text_title ekit_animation ekit_char_based ekit_char_based\" data-ekit-animation-delay-s=\"10\" data-animate-class=\"ekit-oaoRotateXIn\"><span class=\"ekit_motion_text\" data-ekit-animation-delay=\"10\"> Tours \u00e0 Louxor<\/span>\t\t\t\t<\/h2>\t\t\t\t\t\t\t\t\t<\/div>\n\t\t<\/div>\n\n\t\t<\/div>\t\t\t\t<\/div>\n\t\t\t\t<\/div>\n\t\t\t\t<div class=\"elementor-element elementor-element-a3f0d44 elementor-widget elementor-widget-ovabrw_product_list\" data-id=\"a3f0d44\" data-element_type=\"widget\" data-settings=\"{&quot;ekit_we_effect_on&quot;:&quot;none&quot;}\" data-widget_type=\"ovabrw_product_list.default\">\n\t\t\t\t<div class=\"elementor-widget-container\">\n\t\t\t\t\t\n\t\t\t\t\t<div class=\"ova-product-list ova-product-list-template1 column3\">\n\t\t\t\t\t\t\t\t\t\n<div class=\"ova-product product type-product post-9829 status-publish first instock product_cat-luxor has-post-thumbnail shipping-taxable purchasable product-type-ovabrw_car_rental\">\n\t\n<div class=\"ova_head_product\">\n\t\t\t\t\t<a href=\"https:\/\/redsea-dream-tours.com\/fr\/produit\/one-trip-to-luxor-private\/\" class=\"ova-product-thumbnail\">\n\t\t\t<img fetchpriority=\"high\" decoding=\"async\" width=\"636\" height=\"426\" src=\"https:\/\/redsea-dream-tours.com\/wp-content\/uploads\/2025\/09\/luxor_10835-636x426.jpg\" class=\"attachment-tripgo_product_slider size-tripgo_product_slider\" alt=\"Luxor Full-Day Private Tour\" srcset=\"https:\/\/redsea-dream-tours.com\/wp-content\/uploads\/2025\/09\/luxor_10835-636x426.jpg 636w, https:\/\/redsea-dream-tours.com\/wp-content\/uploads\/2025\/09\/luxor_10835-416x280.jpg 416w\" sizes=\"(max-width: 636px) 100vw, 636px\" \/>\t\t<\/a>\n\t<\/div>\n<div class=\"ova_foot_product\">\n\t<div class=\"ova-product-day-title-location\">\n\t\t\t\t<h2 class=\"ova-product-title\">\n\t\t\t<a href=\"https:\/\/redsea-dream-tours.com\/fr\/produit\/one-trip-to-luxor-private\/\">\n\t\t        Visite priv\u00e9e d'une journ\u00e9e \u00e0 Louxor\t\t    <\/a>\n\t\t<\/h2>\n\t\t\t<\/div>\n    <div class=\"ova-product-review-and-price\">\n    \t\t\t<div class=\"ova-product-wrapper-price\">\n\t\t\t<div class=\"ova-product-price\">\n\t\t\t\t\t\t\t\t\t<span class=\"new-product-price\"><span class=\"woocommerce-Price-amount amount\"><bdi><span class=\"woocommerce-Price-currencySymbol\">\u20ac<\/span>300.00<\/bdi><\/span><\/span>\n\t\t\t    \t\t\t<\/div>\n\t\t\t<a href=\"https:\/\/redsea-dream-tours.com\/fr\/produit\/one-trip-to-luxor-private\/\" class=\"btn product-btn-book-now\">\n\t\t\t\t<span>Explorer<\/span>\n\t\t\t<\/a>\n\t\t<\/div>\n    <\/div>\n<\/div><\/div>\t\t\t\t\t\t\t\t\t\n<div class=\"ova-product product type-product post-9867 status-publish instock product_cat-luxor has-post-thumbnail shipping-taxable purchasable product-type-ovabrw_car_rental\">\n\t\n<div class=\"ova_head_product\">\n\t\t\t\t\t<a href=\"https:\/\/redsea-dream-tours.com\/fr\/produit\/luxor-bus-trip\/\" class=\"ova-product-thumbnail\">\n\t\t\t<img decoding=\"async\" width=\"636\" height=\"426\" src=\"https:\/\/redsea-dream-tours.com\/wp-content\/uploads\/2025\/09\/Best-Time-to-Visit-Luxor-and-Thebes-636x426.webp\" class=\"attachment-tripgo_product_slider size-tripgo_product_slider\" alt=\"Luxor Bus Tour: Kings\u2019 Valley, Karnak &amp; Nile Day\" srcset=\"https:\/\/redsea-dream-tours.com\/wp-content\/uploads\/2025\/09\/Best-Time-to-Visit-Luxor-and-Thebes-636x426.webp 636w, https:\/\/redsea-dream-tours.com\/wp-content\/uploads\/2025\/09\/Best-Time-to-Visit-Luxor-and-Thebes-416x280.webp 416w\" sizes=\"(max-width: 636px) 100vw, 636px\" \/>\t\t<\/a>\n\t<\/div>\n<div class=\"ova_foot_product\">\n\t<div class=\"ova-product-day-title-location\">\n\t\t\t\t<h2 class=\"ova-product-title\">\n\t\t\t<a href=\"https:\/\/redsea-dream-tours.com\/fr\/produit\/luxor-bus-trip\/\">\n\t\t        Excursion en bus \u00e0 Louxor : Vall\u00e9e des Rois, Karnak et Journ\u00e9e du Nil\t\t    <\/a>\n\t\t<\/h2>\n\t\t\t<\/div>\n    <div class=\"ova-product-review-and-price\">\n    \t\t\t<div class=\"ova-product-wrapper-price\">\n\t\t\t<div class=\"ova-product-price\">\n\t\t\t\t\t\t\t\t\t<span class=\"new-product-price\"><span class=\"woocommerce-Price-amount amount\"><bdi><span class=\"woocommerce-Price-currencySymbol\">\u20ac<\/span>55.00<\/bdi><\/span><\/span>\n\t\t\t    \t\t\t<\/div>\n\t\t\t<a href=\"https:\/\/redsea-dream-tours.com\/fr\/produit\/luxor-bus-trip\/\" class=\"btn product-btn-book-now\">\n\t\t\t\t<span>Explorer<\/span>\n\t\t\t<\/a>\n\t\t<\/div>\n    <\/div>\n<\/div><\/div>\t\t\t\t\t\t\t\t\t\n<div class=\"ova-product product type-product post-9871 status-publish instock product_cat-luxor has-post-thumbnail shipping-taxable purchasable product-type-ovabrw_car_rental\">\n\t\n<div class=\"ova_head_product\">\n\t\t\t\t\t<a href=\"https:\/\/redsea-dream-tours.com\/fr\/produit\/luxor-vip-8-pax\/\" class=\"ova-product-thumbnail\">\n\t\t\t<img decoding=\"async\" width=\"636\" height=\"426\" src=\"https:\/\/redsea-dream-tours.com\/wp-content\/uploads\/2025\/09\/6-2-636x426.jpg\" class=\"attachment-tripgo_product_slider size-tripgo_product_slider\" alt=\"Luxor VIP Tour: Private Luxury for 8 Guests\" srcset=\"https:\/\/redsea-dream-tours.com\/wp-content\/uploads\/2025\/09\/6-2-636x426.jpg 636w, https:\/\/redsea-dream-tours.com\/wp-content\/uploads\/2025\/09\/6-2-300x200.jpg 300w, https:\/\/redsea-dream-tours.com\/wp-content\/uploads\/2025\/09\/6-2-416x280.jpg 416w\" sizes=\"(max-width: 636px) 100vw, 636px\" \/>\t\t<\/a>\n\t<\/div>\n<div class=\"ova_foot_product\">\n\t<div class=\"ova-product-day-title-location\">\n\t\t\t\t<h2 class=\"ova-product-title\">\n\t\t\t<a href=\"https:\/\/redsea-dream-tours.com\/fr\/produit\/luxor-vip-8-pax\/\">\n\t\t        Visite VIP de Louxor : Luxe priv\u00e9 pour 8 personnes\t\t    <\/a>\n\t\t<\/h2>\n\t\t\t<\/div>\n    <div class=\"ova-product-review-and-price\">\n    \t\t\t<div class=\"ova-product-wrapper-price\">\n\t\t\t<div class=\"ova-product-price\">\n\t\t\t\t\t\t\t\t\t<span class=\"new-product-price\"><span class=\"woocommerce-Price-amount amount\"><bdi><span class=\"woocommerce-Price-currencySymbol\">\u20ac<\/span>80.00<\/bdi><\/span><\/span>\n\t\t\t    \t\t\t<\/div>\n\t\t\t<a href=\"https:\/\/redsea-dream-tours.com\/fr\/produit\/luxor-vip-8-pax\/\" class=\"btn product-btn-book-now\">\n\t\t\t\t<span>Explorer<\/span>\n\t\t\t<\/a>\n\t\t<\/div>\n    <\/div>\n<\/div><\/div>\t\t\t\t\t\t\t\t\t\n<div class=\"ova-product product type-product post-9873 status-publish last instock product_cat-luxor has-post-thumbnail shipping-taxable purchasable product-type-ovabrw_car_rental\">\n\t\n<div class=\"ova_head_product\">\n\t\t\t\t\t<a href=\"https:\/\/redsea-dream-tours.com\/fr\/produit\/luxor-over-night-trip\/\" class=\"ova-product-thumbnail\">\n\t\t\t<img loading=\"lazy\" decoding=\"async\" width=\"636\" height=\"426\" src=\"https:\/\/redsea-dream-tours.com\/wp-content\/uploads\/2025\/09\/2222-636x426.png\" class=\"attachment-tripgo_product_slider size-tripgo_product_slider\" alt=\"Luxor Overnight: East &amp; West Bank Highlights\" srcset=\"https:\/\/redsea-dream-tours.com\/wp-content\/uploads\/2025\/09\/2222-636x426.png 636w, https:\/\/redsea-dream-tours.com\/wp-content\/uploads\/2025\/09\/2222-416x280.png 416w\" sizes=\"(max-width: 636px) 100vw, 636px\" \/>\t\t<\/a>\n\t<\/div>\n<div class=\"ova_foot_product\">\n\t<div class=\"ova-product-day-title-location\">\n\t\t\t\t<h2 class=\"ova-product-title\">\n\t\t\t<a href=\"https:\/\/redsea-dream-tours.com\/fr\/produit\/luxor-over-night-trip\/\">\n\t\t        Nuit \u00e0 Louxor : Points forts de la Cisjordanie et de la Bande de Gaza\t\t    <\/a>\n\t\t<\/h2>\n\t\t\t<\/div>\n    <div class=\"ova-product-review-and-price\">\n    \t\t\t<div class=\"ova-product-wrapper-price\">\n\t\t\t<div class=\"ova-product-price\">\n\t\t\t\t\t\t\t\t\t<span class=\"new-product-price\"><span class=\"woocommerce-Price-amount amount\"><bdi><span class=\"woocommerce-Price-currencySymbol\">\u20ac<\/span>260.00<\/bdi><\/span><\/span>\n\t\t\t    \t\t\t<\/div>\n\t\t\t<a href=\"https:\/\/redsea-dream-tours.com\/fr\/produit\/luxor-over-night-trip\/\" class=\"btn product-btn-book-now\">\n\t\t\t\t<span>Explorer<\/span>\n\t\t\t<\/a>\n\t\t<\/div>\n    <\/div>\n<\/div><\/div>\t\t\t\t\t\t\t\t\t\n<div class=\"ova-product product type-product post-9880 status-publish first instock product_cat-luxor has-post-thumbnail shipping-taxable purchasable product-type-ovabrw_car_rental\">\n\t\n<div class=\"ova_head_product\">\n\t\t\t\t\t<a href=\"https:\/\/redsea-dream-tours.com\/fr\/produit\/luxor-ballon-trip\/\" class=\"ova-product-thumbnail\">\n\t\t\t<img loading=\"lazy\" decoding=\"async\" width=\"636\" height=\"426\" src=\"https:\/\/redsea-dream-tours.com\/wp-content\/uploads\/2025\/09\/Luxor-Hot-Air-Balloon-1-636x426.jpeg\" class=\"attachment-tripgo_product_slider size-tripgo_product_slider\" alt=\"Luxor Balloon Ride: Sunrise Views &amp; West Bank Tour\" srcset=\"https:\/\/redsea-dream-tours.com\/wp-content\/uploads\/2025\/09\/Luxor-Hot-Air-Balloon-1-636x426.jpeg 636w, https:\/\/redsea-dream-tours.com\/wp-content\/uploads\/2025\/09\/Luxor-Hot-Air-Balloon-1-300x200.jpeg 300w, https:\/\/redsea-dream-tours.com\/wp-content\/uploads\/2025\/09\/Luxor-Hot-Air-Balloon-1-1024x684.jpeg 1024w, https:\/\/redsea-dream-tours.com\/wp-content\/uploads\/2025\/09\/Luxor-Hot-Air-Balloon-1-768x513.jpeg 768w, https:\/\/redsea-dream-tours.com\/wp-content\/uploads\/2025\/09\/Luxor-Hot-Air-Balloon-1-416x280.jpeg 416w, https:\/\/redsea-dream-tours.com\/wp-content\/uploads\/2025\/09\/Luxor-Hot-Air-Balloon-1-600x401.jpeg 600w, https:\/\/redsea-dream-tours.com\/wp-content\/uploads\/2025\/09\/Luxor-Hot-Air-Balloon-1.jpeg 1080w\" sizes=\"(max-width: 636px) 100vw, 636px\" \/>\t\t<\/a>\n\t<\/div>\n<div class=\"ova_foot_product\">\n\t<div class=\"ova-product-day-title-location\">\n\t\t\t\t<h2 class=\"ova-product-title\">\n\t\t\t<a href=\"https:\/\/redsea-dream-tours.com\/fr\/produit\/luxor-ballon-trip\/\">\n\t\t        Vol en montgolfi\u00e8re \u00e0 Louxor : vue sur le lever du soleil et visite de la Cisjordanie\t\t    <\/a>\n\t\t<\/h2>\n\t\t\t<\/div>\n    <div class=\"ova-product-review-and-price\">\n    \t\t\t<div class=\"ova-product-wrapper-price\">\n\t\t\t<div class=\"ova-product-price\">\n\t\t\t\t\t\t\t\t\t<span class=\"new-product-price\"><span class=\"woocommerce-Price-amount amount\"><bdi><span class=\"woocommerce-Price-currencySymbol\">\u20ac<\/span>165.00<\/bdi><\/span><\/span>\n\t\t\t    \t\t\t<\/div>\n\t\t\t<a href=\"https:\/\/redsea-dream-tours.com\/fr\/produit\/luxor-ballon-trip\/\" class=\"btn product-btn-book-now\">\n\t\t\t\t<span>Explorer<\/span>\n\t\t\t<\/a>\n\t\t<\/div>\n    <\/div>\n<\/div><\/div>\t\t\t\t\t\t\t\t\t\n<div class=\"ova-product product type-product post-11184 status-publish instock product_cat-luxor has-post-thumbnail shipping-taxable product-type-ovabrw_car_rental\">\n\t\n<div class=\"ova_head_product\">\n\t\t\t\t\t<a href=\"https:\/\/redsea-dream-tours.com\/fr\/produit\/nile-cruise-aswan-luxor\/\" class=\"ova-product-thumbnail\">\n\t\t\t<img loading=\"lazy\" decoding=\"async\" width=\"400\" height=\"267\" src=\"https:\/\/redsea-dream-tours.com\/wp-content\/uploads\/2025\/11\/\u0645\u0631\u0643\u0628-\u0627\u064a\u0643\u0645\u0627\u0631-400x267-1.jpg\" class=\"attachment-tripgo_product_slider size-tripgo_product_slider\" alt=\"Nile Cruise: Luxor\u2013Aswan Temples &amp; River Magic\" srcset=\"https:\/\/redsea-dream-tours.com\/wp-content\/uploads\/2025\/11\/\u0645\u0631\u0643\u0628-\u0627\u064a\u0643\u0645\u0627\u0631-400x267-1.jpg 400w, https:\/\/redsea-dream-tours.com\/wp-content\/uploads\/2025\/11\/\u0645\u0631\u0643\u0628-\u0627\u064a\u0643\u0645\u0627\u0631-400x267-1-300x200.jpg 300w, https:\/\/redsea-dream-tours.com\/wp-content\/uploads\/2025\/11\/\u0645\u0631\u0643\u0628-\u0627\u064a\u0643\u0645\u0627\u0631-400x267-1-18x12.jpg 18w\" sizes=\"(max-width: 400px) 100vw, 400px\" \/>\t\t<\/a>\n\t<\/div>\n<div class=\"ova_foot_product\">\n\t<div class=\"ova-product-day-title-location\">\n\t\t\t\t<h2 class=\"ova-product-title\">\n\t\t\t<a href=\"https:\/\/redsea-dream-tours.com\/fr\/produit\/nile-cruise-aswan-luxor\/\">\n\t\t        Croisi\u00e8re sur le Nil : Temples de Louxor et d'Assouan et magie du fleuve\t\t    <\/a>\n\t\t<\/h2>\n\t\t\t<\/div>\n    <div class=\"ova-product-review-and-price\">\n    \t\t\t<div class=\"ova-product-wrapper-price\">\n\t\t\t<div class=\"ova-product-price\">\n\t\t\t\t\t\t\t    \t\t\t\t    \t\t<span class=\"no-product-price\">Option Price<\/span>\n\t\t\t    \t\t\t\t\t\t\t\t<\/div>\n\t\t\t<a href=\"https:\/\/redsea-dream-tours.com\/fr\/produit\/nile-cruise-aswan-luxor\/\" class=\"btn product-btn-book-now\">\n\t\t\t\t<span>Explorer<\/span>\n\t\t\t<\/a>\n\t\t<\/div>\n    <\/div>\n<\/div><\/div>\t\t\t\t\t\t\t<\/div>\n\n\t\t\n\t\t\t\t\t\t<\/div>\n\t\t\t\t<\/div>\n\t\t\t\t\t<\/div>\n\t\t<\/div>\n\t\t\t\t\t<\/div>\n\t\t<\/section>\n\t\t\t\t<\/div>","protected":false},"excerpt":{"rendered":"<p>Luxor Tours Luxor Full-Day Private Tour &euro;300.00 Explore Luxor Bus Tour: Kings\u2019 Valley, Karnak &#038; Nile Day &euro;55.00 Explore Luxor VIP Tour: Private Luxury for 8 Guests &euro;80.00 Explore Luxor Overnight: East &#038; West Bank Highlights &euro;290.00 Explore Luxor Balloon Ride: Sunrise Views &#038; West Bank Tour &euro;150.00 Explore Nile Cruise: Luxor\u2013Aswan Temples &#038; River [&hellip;]<\/p>","protected":false},"author":1,"featured_media":0,"parent":0,"menu_order":0,"comment_status":"closed","ping_status":"closed","template":"elementor_header_footer","meta":{"_monsterinsights_skip_tracking":false,"_monsterinsights_sitenote_active":false,"_monsterinsights_sitenote_note":"","_monsterinsights_sitenote_category":0,"footnotes":""},"class_list":["post-10388","page","type-page","status-publish","hentry"],"_hostinger_reach_plugin_has_subscription_block":false,"_hostinger_reach_plugin_is_elementor":false,"_links":{"self":[{"href":"https:\/\/redsea-dream-tours.com\/fr\/wp-json\/wp\/v2\/pages\/10388","targetHints":{"allow":["GET"]}}],"collection":[{"href":"https:\/\/redsea-dream-tours.com\/fr\/wp-json\/wp\/v2\/pages"}],"about":[{"href":"https:\/\/redsea-dream-tours.com\/fr\/wp-json\/wp\/v2\/types\/page"}],"author":[{"embeddable":true,"href":"https:\/\/redsea-dream-tours.com\/fr\/wp-json\/wp\/v2\/users\/1"}],"replies":[{"embeddable":true,"href":"https:\/\/redsea-dream-tours.com\/fr\/wp-json\/wp\/v2\/comments?post=10388"}],"version-history":[{"count":13,"href":"https:\/\/redsea-dream-tours.com\/fr\/wp-json\/wp\/v2\/pages\/10388\/revisions"}],"predecessor-version":[{"id":11301,"href":"https:\/\/redsea-dream-tours.com\/fr\/wp-json\/wp\/v2\/pages\/10388\/revisions\/11301"}],"wp:attachment":[{"href":"https:\/\/redsea-dream-tours.com\/fr\/wp-json\/wp\/v2\/media?parent=10388"}],"curies":[{"name":"wp","href":"https:\/\/api.w.org\/{rel}","templated":true}]}}