{"id":9972,"date":"2025-09-08T08:33:56","date_gmt":"2025-09-08T08:33:56","guid":{"rendered":"https:\/\/redsea-dream-tours.com\/?post_type=product&#038;p=9972"},"modified":"2026-01-02T18:10:16","modified_gmt":"2026-01-02T18:10:16","slug":"mahmya-trip","status":"publish","type":"product","link":"https:\/\/redsea-dream-tours.com\/de\/produkt\/mahmya-trip\/","title":{"rendered":"Insel Mahmya: Schnorcheln, Str\u00e4nde &amp; Entspannung"},"content":{"rendered":"<h3 data-start=\"78\" data-end=\"139\">\ud83c\udf34 <strong data-start=\"85\" data-end=\"137\">Die Insel Mahmya - ein verstecktes Paradies am Roten Meer<\/strong><\/h3>\n<p data-start=\"141\" data-end=\"338\">Trotz seines Namens, <strong data-start=\"159\" data-end=\"201\">Die Insel Mahmya ist keine eigenst\u00e4ndige Insel<\/strong>, sondern ein unber\u00fchrter Abschnitt der <strong data-start=\"229\" data-end=\"250\">Gro\u00dfe Giftun-Insel<\/strong> in der ber\u00fchmten <strong data-start=\"265\" data-end=\"295\">Archipel der Giftun-Inseln<\/strong> von der atemberaubenden <strong data-start=\"313\" data-end=\"335\">Hurghadas K\u00fcstenlinie<\/strong>.<\/p>\n<p data-start=\"340\" data-end=\"488\">\ud83c\udfd6\ufe0f <strong data-start=\"344\" data-end=\"375\">Entspannen an weichen Sandstr\u00e4nden<\/strong><br data-start=\"375\" data-end=\"378\" \/>Entspannen Sie sich an den sonnenverw\u00f6hnten Str\u00e4nden, sp\u00fcren Sie den goldenen Sand unter Ihren F\u00fc\u00dfen und genie\u00dfen Sie die warme \u00e4gyptische Sonne.<\/p>\n<p data-start=\"490\" data-end=\"673\">\ud83e\udd3f <strong data-start=\"493\" data-end=\"517\">Schnorchel-Abenteuer<\/strong><br data-start=\"517\" data-end=\"520\" \/>Lebendig entdecken <strong data-start=\"537\" data-end=\"552\">Korallenb\u00e4nke<\/strong> und farbenfrohes Meeresleben entweder <strong data-start=\"585\" data-end=\"609\">direkt am Strand<\/strong> oder durch Beitritt zu einer <strong data-start=\"626\" data-end=\"650\">Schnorchelausflug<\/strong> zu den nahe gelegenen Riffen.<\/p>\n<p data-start=\"675\" data-end=\"848\">\ud83d\udea4 <strong data-start=\"678\" data-end=\"712\">Einzigartiges Erlebnis mit Glasboden<\/strong><br data-start=\"712\" data-end=\"715\" \/>Mieten Sie eine lustige und innovative <strong data-start=\"741\" data-end=\"778\">\u201cSea-Spi\u201d Glasboden-Wasserfahrzeug<\/strong>, So k\u00f6nnen Sie die Unterwasserwelt erkunden, ohne nass zu werden!<\/p>\n<p data-start=\"850\" data-end=\"995\">\ud83c\udf79 <strong data-start=\"853\" data-end=\"871\">Dine &amp; Refresh<\/strong><br data-start=\"871\" data-end=\"874\" \/>Genie\u00dfen Sie k\u00f6stliche Mahlzeiten und erfrischende Getr\u00e4nke in den Restaurants und Bars der Insel, w\u00e4hrend Sie den atemberaubenden Blick aufs Meer genie\u00dfen.<\/p>\n<p data-start=\"997\" data-end=\"1148\">\u2728 <strong data-start=\"999\" data-end=\"1023\">Perfekt f\u00fcr alle Altersgruppen<\/strong><br data-start=\"1023\" data-end=\"1026\" \/>Ob Sie einen romantischen Urlaub, einen Familienausflug oder einen abenteuerlichen Schnorchelausflug suchen, Mahmya bietet Ihnen alles.<\/p>\n<p data-start=\"73\" data-end=\"94\"><strong data-start=\"73\" data-end=\"92\">\ud83d\uddd3\ufe0f Tagesprogramm<\/strong><\/p>\n<ul data-start=\"95\" data-end=\"346\">\n<li data-start=\"95\" data-end=\"143\">\n<p data-start=\"97\" data-end=\"143\"><strong data-start=\"97\" data-end=\"111\">Abreise:<\/strong> 8:30 AM | <strong data-start=\"122\" data-end=\"133\">R\u00fcckkehr:<\/strong> 16:30 UHR<\/p>\n<\/li>\n<li data-start=\"144\" data-end=\"238\">\n<p data-start=\"146\" data-end=\"238\"><strong data-start=\"146\" data-end=\"163\">Entspannen und Schwimmen:<\/strong> Entspannen Sie sich an den unber\u00fchrten Str\u00e4nden und nehmen Sie ein erfrischendes Bad im Roten Meer.<\/p>\n<\/li>\n<li data-start=\"239\" data-end=\"346\">\n<p data-start=\"241\" data-end=\"346\"><strong data-start=\"241\" data-end=\"266\">Schnorchel-Abenteuer:<\/strong> Erkunden Sie lebendige Korallenriffe und farbenfrohe Meeresbewohner in kristallklarem Wasser.<\/p>\n<\/li>\n<\/ul>\n<p data-start=\"348\" data-end=\"372\"><strong data-start=\"348\" data-end=\"370\">\u2728 Enthaltene Optionen<\/strong><\/p>\n<ul data-start=\"373\" data-end=\"546\">\n<li data-start=\"373\" data-end=\"402\">\n<p data-start=\"375\" data-end=\"402\">Hoteltransfer (Hin- und R\u00fcckfahrt)<\/p>\n<\/li>\n<li data-start=\"403\" data-end=\"427\">\n<p data-start=\"405\" data-end=\"427\">Eintrittsgelder f\u00fcr die Insel<\/p>\n<\/li>\n<li data-start=\"428\" data-end=\"451\">\n<p data-start=\"430\" data-end=\"451\">Bootstransport<\/p>\n<\/li>\n<li data-start=\"452\" data-end=\"476\">\n<p data-start=\"454\" data-end=\"476\">Schnorchelausr\u00fcstung<\/p>\n<\/li>\n<li data-start=\"477\" data-end=\"514\">\n<p data-start=\"479\" data-end=\"514\">All-you-can-eat-Buffet f\u00fcr 1 Stunde<\/p>\n<\/li>\n<li data-start=\"515\" data-end=\"546\">\n<p data-start=\"517\" data-end=\"546\">Unbegrenzte Getr\u00e4nke f\u00fcr 1 Stunde<\/p>\n<\/li>\n<\/ul>\n<h3 data-start=\"2198\" data-end=\"2225\"><strong data-start=\"2205\" data-end=\"2223\">\ud83e\udd11 Preis der Exkursion<\/strong><\/h3>\n<p data-start=\"2228\" data-end=\"2260\"><strong data-start=\"2233\" data-end=\"2258\">\u00a0 \u00a0<img decoding=\"async\" class=\"emoji\" role=\"img\" draggable=\"false\" src=\"https:\/\/s.w.org\/images\/core\/emoji\/16.0.1\/svg\/1f64e-1f3fb-200d-2642-fe0f.svg\" alt=\"\ud83d\ude4e\ud83c\udffb\u200d\u2642\ufe0f\" \/> 12 Jahre und \u00e4lter 85 \u20ac<\/strong><\/p>\n<p data-start=\"2228\" data-end=\"2260\"><strong data-start=\"2263\" data-end=\"2280\">\u00a0 \u00a0<img decoding=\"async\" class=\"emoji\" role=\"img\" draggable=\"false\" src=\"https:\/\/s.w.org\/images\/core\/emoji\/16.0.1\/svg\/1f9cd-1f3fb-200d-2640-fe0f.svg\" alt=\"\ud83e\uddcd\ud83c\udffb\u200d\u2640\ufe0f\" \/> 3\/11 Jahre alt 45 \u20ac<\/strong><\/p>\n<p data-start=\"2228\" data-end=\"2260\"><strong data-start=\"2327\" data-end=\"2355\">\u00a0 \u00a0<img decoding=\"async\" class=\"emoji\" role=\"img\" draggable=\"false\" src=\"https:\/\/s.w.org\/images\/core\/emoji\/16.0.1\/svg\/1f47c-1f3fc.svg\" alt=\"\ud83d\udc7c\ud83c\udffc\" \/> -3 Jahre alt Frei<\/strong><\/p>\n<h3 data-start=\"2198\" data-end=\"2225\"><strong data-start=\"2205\" data-end=\"2223\">Die Zahlung in USD ($ \ud83c\uddfa\ud83c\uddf8) anstelle von EUR (\ud83c\uddea\ud83c\uddfa) ist je nach Tageskurs der Bank m\u00f6glich.<\/strong><\/h3>\n<p><strong>Buchen Sie \u00fcber WhatsApp:<\/strong><\/p>\n<p><a href=\"https:\/\/api.whatsapp.com\/send\/?phone=01024021616\" target=\"_blank\" rel=\"noopener\">\u00a0<img decoding=\"async\" class=\"alignnone wp-image-2058\" src=\"https:\/\/poehalisnamiegypt.com\/wp-content\/uploads\/2024\/02\/pngwing.com_-300x300.png\" sizes=\"auto, (max-width: 35px) 100vw, 35px\" srcset=\"https:\/\/poehalisnamiegypt.com\/wp-content\/uploads\/2024\/02\/pngwing.com_-300x300.png 300w, https:\/\/poehalisnamiegypt.com\/wp-content\/uploads\/2024\/02\/pngwing.com_-150x150.png 150w, https:\/\/poehalisnamiegypt.com\/wp-content\/uploads\/2024\/02\/pngwing.com_.png 584w\" alt=\"\" width=\"53\" height=\"53\" \/><\/a><\/p>","protected":false},"excerpt":{"rendered":"<p>\ud83c\udf34 Mahmya Island \u2013 A Hidden Paradise on the Red Sea Despite its name, Mahmya Island is not a separate island, but a pristine section of Big Giftun Island in the famous Giftun Islands archipelago off the stunning Hurghada coastline. \ud83c\udfd6\ufe0f Relax on Soft Sandy BeachesUnwind on the sun-kissed shores, feel the golden sands beneath [&hellip;]<\/p>","protected":false},"featured_media":9976,"comment_status":"open","ping_status":"closed","template":"","meta":{"_monsterinsights_skip_tracking":false,"_monsterinsights_sitenote_active":false,"_monsterinsights_sitenote_note":"","_monsterinsights_sitenote_category":0},"product_brand":[],"product_cat":[68],"product_tag":[],"class_list":{"0":"post-9972","1":"product","2":"type-product","3":"status-publish","4":"has-post-thumbnail","6":"product_cat-sea","8":"first","9":"instock","10":"shipping-taxable","11":"purchasable","12":"product-type-ovabrw_car_rental"},"_links":{"self":[{"href":"https:\/\/redsea-dream-tours.com\/de\/wp-json\/wp\/v2\/product\/9972","targetHints":{"allow":["GET"]}}],"collection":[{"href":"https:\/\/redsea-dream-tours.com\/de\/wp-json\/wp\/v2\/product"}],"about":[{"href":"https:\/\/redsea-dream-tours.com\/de\/wp-json\/wp\/v2\/types\/product"}],"replies":[{"embeddable":true,"href":"https:\/\/redsea-dream-tours.com\/de\/wp-json\/wp\/v2\/comments?post=9972"}],"wp:featuredmedia":[{"embeddable":true,"href":"https:\/\/redsea-dream-tours.com\/de\/wp-json\/wp\/v2\/media\/9976"}],"wp:attachment":[{"href":"https:\/\/redsea-dream-tours.com\/de\/wp-json\/wp\/v2\/media?parent=9972"}],"wp:term":[{"taxonomy":"product_brand","embeddable":true,"href":"https:\/\/redsea-dream-tours.com\/de\/wp-json\/wp\/v2\/product_brand?post=9972"},{"taxonomy":"product_cat","embeddable":true,"href":"https:\/\/redsea-dream-tours.com\/de\/wp-json\/wp\/v2\/product_cat?post=9972"},{"taxonomy":"product_tag","embeddable":true,"href":"https:\/\/redsea-dream-tours.com\/de\/wp-json\/wp\/v2\/product_tag?post=9972"}],"curies":[{"name":"wp","href":"https:\/\/api.w.org\/{rel}","templated":true}]}}