{"id":9963,"date":"2025-09-08T08:12:24","date_gmt":"2025-09-08T08:12:24","guid":{"rendered":"https:\/\/redsea-dream-tours.com\/?post_type=product&#038;p=9963"},"modified":"2025-11-28T15:06:47","modified_gmt":"2025-11-28T15:06:47","slug":"sharm-elnaqa-trip","status":"publish","type":"product","link":"https:\/\/redsea-dream-tours.com\/de\/produkt\/sharm-elnaqa-trip\/","title":{"rendered":"Sharm El Naga: Schnorcheln, Str\u00e4nde und Entspannung"},"content":{"rendered":"<h2 data-start=\"123\" data-end=\"191\">\ud83c\udf0a <strong data-start=\"129\" data-end=\"189\">Unvergessliche Sharm El Naga Schnorchel- und Entspannungsreise<\/strong><\/h2>\n<p data-start=\"193\" data-end=\"377\">Begeben Sie sich auf eine Reise nach <strong data-start=\"216\" data-end=\"233\">Scharm El Naga<\/strong>, einer der atemberaubendsten K\u00fcstensch\u00e4tze \u00c4gyptens, wo <strong data-start=\"293\" data-end=\"364\">kristallklares Wasser, lebendige Korallenriffe und goldene Sandstr\u00e4nde<\/strong> warten auf Sie!<\/p>\n<h3 data-start=\"379\" data-end=\"420\">\ud83c\udfdd <strong data-start=\"386\" data-end=\"418\">Ein Paradies von nat\u00fcrlicher Sch\u00f6nheit<\/strong><\/h3>\n<p data-start=\"421\" data-end=\"673\">Sharm El Naga ist bekannt f\u00fcr seine <strong data-start=\"455\" data-end=\"487\">unber\u00fchrte Natur<\/strong>, weit weg von den \u00fcberf\u00fcllten Touristenorten. Mit seinem ruhigen, t\u00fcrkisfarbenen Meer und den unber\u00fchrten Koralleng\u00e4rten bietet es eine einzigartige Gelegenheit, sich mit der Natur zu verbinden und den ruhigen Charme des Roten Meeres zu genie\u00dfen.<\/p>\n<h3 data-start=\"675\" data-end=\"719\">\ud83e\udd3f <strong data-start=\"682\" data-end=\"717\">Schnorcheln &amp; Unterwasserwunder<\/strong><\/h3>\n<p data-start=\"720\" data-end=\"767\">Tauchen Sie ein in ein Unterwasserparadies voller:<\/p>\n<ul data-start=\"768\" data-end=\"870\">\n<li data-start=\"768\" data-end=\"797\">\n<p data-start=\"770\" data-end=\"797\">\ud83d\udc20 Bunte tropische Fische<\/p>\n<\/li>\n<li data-start=\"798\" data-end=\"828\">\n<p data-start=\"800\" data-end=\"828\">\ud83e\udeb8 Spektakul\u00e4re Korallenriffe<\/p>\n<\/li>\n<\/ul>\n<p data-start=\"872\" data-end=\"1011\">Egal, ob Sie ein Anf\u00e4nger oder ein erfahrener Schnorchler sind, <strong data-start=\"928\" data-end=\"951\">professionelle Guides<\/strong> wird Ihnen ein sicheres und unvergessliches Erlebnis garantieren.<\/p>\n<h3 data-start=\"1013\" data-end=\"1046\">\ud83c\udf1e <strong data-start=\"1020\" data-end=\"1044\">Entspannung &amp; Komfort<\/strong><\/h3>\n<p data-start=\"1047\" data-end=\"1152\">Nach Ihrem Schnorchelabenteuer entspannen Sie sich auf dem <strong data-start=\"1094\" data-end=\"1114\">weicher Sandstrand<\/strong> unter der warmen \u00e4gyptischen Sonne. Genie\u00dfen Sie:<\/p>\n<ul data-start=\"1153\" data-end=\"1269\">\n<li data-start=\"1153\" data-end=\"1191\">\n<p data-start=\"1155\" data-end=\"1191\">\ud83e\ude91 Bequeme Liegest\u00fchle und Sonnenschirme<\/p>\n<\/li>\n<li data-start=\"1192\" data-end=\"1216\">\n<p data-start=\"1194\" data-end=\"1216\">\ud83c\udf79 Erfrischende Getr\u00e4nke<\/p>\n<\/li>\n<li data-start=\"1217\" data-end=\"1269\">\n<p data-start=\"1219\" data-end=\"1269\">\ud83c\udf74 Leckeres Mittagsbuffet mit lokalen Spezialit\u00e4ten<\/p>\n<\/li>\n<\/ul>\n<h3 data-start=\"1271\" data-end=\"1300\">\ud83d\udea4 <strong data-start=\"1278\" data-end=\"1298\">Problemlose Reise<\/strong><\/h3>\n<p data-start=\"1301\" data-end=\"1325\">Ihre Reise umfasst:<\/p>\n<ul data-start=\"1326\" data-end=\"1439\">\n<li data-start=\"1326\" data-end=\"1367\">\n<p data-start=\"1328\" data-end=\"1367\">\ud83d\ude8c Abholung und R\u00fccktransport von Ihrem Hotel<\/p>\n<\/li>\n<li data-start=\"1368\" data-end=\"1398\">\n<p data-start=\"1370\" data-end=\"1398\">\ud83e\udded Erfahrene Reiseleiter<\/p>\n<\/li>\n<li data-start=\"1399\" data-end=\"1439\">\n<p data-start=\"1401\" data-end=\"1439\">\ud83e\udd64 Kostenlose alkoholfreie Getr\u00e4nke und Wasser<\/p>\n<\/li>\n<\/ul>\n<h3 data-start=\"1441\" data-end=\"1480\">\ud83c\udfb5 <strong data-start=\"1448\" data-end=\"1478\">Ein Tag voller Spa\u00df und Ruhe<\/strong><\/h3>\n<p data-start=\"1481\" data-end=\"1645\">Entspannen Sie sich am Meer oder erkunden Sie die lebendige Unterwasserwelt und genie\u00dfen Sie einen Tag voller <strong data-start=\"1570\" data-end=\"1609\">Spa\u00df, Entspannung und atemberaubende Aussichten<\/strong> die bleibende Erinnerungen hinterlassen werden.<\/p>\n<h3 data-start=\"2198\" data-end=\"2225\"><strong data-start=\"2205\" data-end=\"2223\">\ud83e\udd11 Preis der Exkursion<\/strong><\/h3>\n<p data-start=\"2228\" data-end=\"2260\"><strong data-start=\"2233\" data-end=\"2258\">\u00a0 \u00a0<img decoding=\"async\" class=\"emoji\" role=\"img\" draggable=\"false\" src=\"https:\/\/s.w.org\/images\/core\/emoji\/16.0.1\/svg\/1f64e-1f3fb-200d-2642-fe0f.svg\" alt=\"\ud83d\ude4e\ud83c\udffb\u200d\u2642\ufe0f\" \/> 10 Jahre und \u00fcber 50 \u20ac<\/strong><\/p>\n<p data-start=\"2228\" data-end=\"2260\"><strong data-start=\"2263\" data-end=\"2280\">\u00a0 \u00a0<img decoding=\"async\" class=\"emoji\" role=\"img\" draggable=\"false\" src=\"https:\/\/s.w.org\/images\/core\/emoji\/16.0.1\/svg\/1f9cd-1f3fb-200d-2640-fe0f.svg\" alt=\"\ud83e\uddcd\ud83c\udffb\u200d\u2640\ufe0f\" \/> 6\/9 Jahre alt 25 \u20ac<\/strong><\/p>\n<p data-start=\"2228\" data-end=\"2260\"><strong data-start=\"2327\" data-end=\"2355\">\u00a0 \u00a0<img decoding=\"async\" class=\"emoji\" role=\"img\" draggable=\"false\" src=\"https:\/\/s.w.org\/images\/core\/emoji\/16.0.1\/svg\/1f47c-1f3fc.svg\" alt=\"\ud83d\udc7c\ud83c\udffc\" \/> -5 Jahre alt Frei\u00a0<\/strong><\/p>\n<h3 data-start=\"2198\" data-end=\"2225\"><strong data-start=\"2205\" data-end=\"2223\">Die Zahlung in USD ($ \ud83c\uddfa\ud83c\uddf8) anstelle von EUR (\ud83c\uddea\ud83c\uddfa) ist je nach Tageskurs der Bank m\u00f6glich.<\/strong><\/h3>\n<p><strong>Buchen Sie \u00fcber WhatsApp:<\/strong><\/p>\n<p><a href=\"https:\/\/api.whatsapp.com\/send\/?phone=01021058859\" target=\"_blank\" rel=\"noopener\">\u00a0<img decoding=\"async\" class=\"alignnone wp-image-2058\" src=\"https:\/\/poehalisnamiegypt.com\/wp-content\/uploads\/2024\/02\/pngwing.com_-300x300.png\" sizes=\"auto, (max-width: 35px) 100vw, 35px\" srcset=\"https:\/\/poehalisnamiegypt.com\/wp-content\/uploads\/2024\/02\/pngwing.com_-300x300.png 300w, https:\/\/poehalisnamiegypt.com\/wp-content\/uploads\/2024\/02\/pngwing.com_-150x150.png 150w, https:\/\/poehalisnamiegypt.com\/wp-content\/uploads\/2024\/02\/pngwing.com_.png 584w\" alt=\"\" width=\"53\" height=\"53\" \/><\/a><\/p>","protected":false},"excerpt":{"rendered":"<p>\ud83c\udf0a Unforgettable Sharm El Naga Snorkeling &amp; Relaxation Trip Embark on a journey to Sharm El Naga, one of Egypt\u2019s most breathtaking coastal treasures, where crystal-clear waters, vibrant coral reefs, and golden sandy beaches await you! \ud83c\udfdd A Paradise of Natural Beauty Sharm El Naga is renowned for its pristine natural environment, far from the [&hellip;]<\/p>","protected":false},"featured_media":9971,"comment_status":"open","ping_status":"closed","template":"","meta":{"_monsterinsights_skip_tracking":false,"_monsterinsights_sitenote_active":false,"_monsterinsights_sitenote_note":"","_monsterinsights_sitenote_category":0},"product_brand":[],"product_cat":[68],"product_tag":[],"class_list":{"0":"post-9963","1":"product","2":"type-product","3":"status-publish","4":"has-post-thumbnail","6":"product_cat-sea","8":"first","9":"instock","10":"shipping-taxable","11":"purchasable","12":"product-type-ovabrw_car_rental"},"_links":{"self":[{"href":"https:\/\/redsea-dream-tours.com\/de\/wp-json\/wp\/v2\/product\/9963","targetHints":{"allow":["GET"]}}],"collection":[{"href":"https:\/\/redsea-dream-tours.com\/de\/wp-json\/wp\/v2\/product"}],"about":[{"href":"https:\/\/redsea-dream-tours.com\/de\/wp-json\/wp\/v2\/types\/product"}],"replies":[{"embeddable":true,"href":"https:\/\/redsea-dream-tours.com\/de\/wp-json\/wp\/v2\/comments?post=9963"}],"wp:featuredmedia":[{"embeddable":true,"href":"https:\/\/redsea-dream-tours.com\/de\/wp-json\/wp\/v2\/media\/9971"}],"wp:attachment":[{"href":"https:\/\/redsea-dream-tours.com\/de\/wp-json\/wp\/v2\/media?parent=9963"}],"wp:term":[{"taxonomy":"product_brand","embeddable":true,"href":"https:\/\/redsea-dream-tours.com\/de\/wp-json\/wp\/v2\/product_brand?post=9963"},{"taxonomy":"product_cat","embeddable":true,"href":"https:\/\/redsea-dream-tours.com\/de\/wp-json\/wp\/v2\/product_cat?post=9963"},{"taxonomy":"product_tag","embeddable":true,"href":"https:\/\/redsea-dream-tours.com\/de\/wp-json\/wp\/v2\/product_tag?post=9963"}],"curies":[{"name":"wp","href":"https:\/\/api.w.org\/{rel}","templated":true}]}}