{"id":9906,"date":"2025-09-07T11:52:00","date_gmt":"2025-09-07T11:52:00","guid":{"rendered":"https:\/\/redsea-dream-tours.com\/?post_type=product&#038;p=9906"},"modified":"2025-11-29T14:47:57","modified_gmt":"2025-11-29T14:47:57","slug":"cairo-over-night-trip","status":"publish","type":"product","link":"https:\/\/redsea-dream-tours.com\/de\/produkt\/cairo-over-night-trip\/","title":{"rendered":"Kairo \u00dcbernachtung : Pyramiden, Museum &amp; Alt-Kairo"},"content":{"rendered":"<h3 data-start=\"149\" data-end=\"222\">\ud83c\udf0d <strong data-start=\"156\" data-end=\"220\">Entdecken Sie \u00c4gypten mit un\u00fcbertroffener Qualit\u00e4t und pers\u00f6nlichem Service<\/strong><\/h3>\n<p data-start=\"224\" data-end=\"486\">Unter <strong data-start=\"227\" data-end=\"252\">Kairo-\u00dcbernachtungstouren<\/strong>, glauben wir, dass <strong data-start=\"270\" data-end=\"319\">Hervorragende Qualit\u00e4t sollte nie beeintr\u00e4chtigt werden<\/strong>. Mit \u00fcber <strong data-start=\"331\" data-end=\"381\">20 Jahre Erfahrung in der Tourismusbranche<\/strong>, Unser Ziel ist es, Ihnen Folgendes zu bieten <strong data-start=\"418\" data-end=\"483\">einzigartige, authentische und unvergessliche Erlebnisse in ganz \u00c4gypten<\/strong>.<\/p>\n<p data-start=\"224\" data-end=\"486\">\u2728 An Ihrem ersten Tag,<\/p>\n<p data-start=\"224\" data-end=\"486\">Bestaunen Sie die legend\u00e4ren Pyramiden von Gizeh und die zeitlose Sphinx und entdecken Sie anschlie\u00dfend unbezahlbare Sch\u00e4tze im \u00c4gyptischen Museum. Genie\u00dfen Sie bei Sonnenuntergang einen ruhigen Spaziergang am Nil, bevor Sie in Ihrem Hotel einchecken. Der Abend endet mit einem k\u00f6stlichen traditionellen Abendessen und dem pulsierenden Charme des Khan El Khalili Bazars.<\/p>\n<p data-start=\"224\" data-end=\"486\">\ud83c\udf05 Am n\u00e4chsten Morgen,<\/p>\n<p data-start=\"224\" data-end=\"486\">Nach einem herzhaften Fr\u00fchst\u00fcck erkunden Sie die majest\u00e4tische Zitadelle von Salah El-Din, bevor Sie Ihr Abenteuer an der glitzernden K\u00fcste von Hurghada fortsetzen.<\/p>\n<hr data-start=\"488\" data-end=\"491\" \/>\n<h3 data-start=\"493\" data-end=\"529\">\ud83d\udde3\ufe0f <strong data-start=\"501\" data-end=\"527\">Wir sprechen Ihre Sprache<\/strong><\/h3>\n<ul data-start=\"530\" data-end=\"594\">\n<li>Polnisch<\/li>\n<li>Franz\u00f6sisch<\/li>\n<li>Englisch<\/li>\n<li>Deutsch<\/li>\n<li>Portugiesisch<\/li>\n<li>Spanisch<\/li>\n<li>...und mehr!<\/li>\n<\/ul>\n<p data-start=\"596\" data-end=\"678\">Woher Sie auch kommen, wir sorgen f\u00fcr eine reibungslose Kommunikation und eine pers\u00f6nliche Note.<\/p>\n<hr data-start=\"680\" data-end=\"683\" \/>\n<h3 data-start=\"685\" data-end=\"719\">\ud83c\udfdb\ufe0f <strong data-start=\"693\" data-end=\"717\">Unsere Touren &amp; Pakete<\/strong><\/h3>\n<ul data-start=\"720\" data-end=\"1005\">\n<li data-start=\"720\" data-end=\"797\">\n<p data-start=\"722\" data-end=\"797\"><strong data-start=\"722\" data-end=\"747\">Zwischenstopps &amp; t\u00e4gliche Touren<\/strong>: Von 5-st\u00fcndigen Ausfl\u00fcgen bis zu ganzt\u00e4gigen Abenteuern.<\/p>\n<\/li>\n<li data-start=\"798\" data-end=\"903\">\n<p data-start=\"800\" data-end=\"903\"><strong data-start=\"800\" data-end=\"822\">Mehrt\u00e4gige Pakete<\/strong>: Erkunden Sie die Sch\u00e4tze \u00c4gyptens in wenigen Tagen mit sorgf\u00e4ltig ausgearbeiteten Reisepl\u00e4nen.<\/p>\n<\/li>\n<li data-start=\"904\" data-end=\"1005\">\n<p data-start=\"906\" data-end=\"1005\"><strong data-start=\"906\" data-end=\"932\">Ma\u00dfgeschneiderte Erlebnisse<\/strong>: Gesch\u00e4ftsreisen, medizinischer Beistand oder private Touren, die speziell auf Sie zugeschnitten sind.<\/p>\n<\/li>\n<\/ul>\n<hr data-start=\"1007\" data-end=\"1010\" \/>\n<h3 data-start=\"1012\" data-end=\"1057\">\ud83d\udd0e <strong data-start=\"1019\" data-end=\"1055\">Entdecken Sie die verborgenen Juwelen \u00c4gyptens<\/strong><\/h3>\n<ul data-start=\"1058\" data-end=\"1248\">\n<li data-start=\"1058\" data-end=\"1122\">\n<p data-start=\"1060\" data-end=\"1122\">Spaziergang durch die <strong data-start=\"1071\" data-end=\"1087\">Nebenstra\u00dfen<\/strong> und entdecken Sie faszinierende Sehensw\u00fcrdigkeiten.<\/p>\n<\/li>\n<li data-start=\"1123\" data-end=\"1175\">\n<p data-start=\"1125\" data-end=\"1175\">Erleben Sie <strong data-start=\"1136\" data-end=\"1172\">Lokales Essen, Kultur und Traditionen<\/strong>.<\/p>\n<\/li>\n<li data-start=\"1176\" data-end=\"1248\">\n<p data-start=\"1178\" data-end=\"1248\">Engagieren Sie sich mit <strong data-start=\"1190\" data-end=\"1204\">Leben vor Ort<\/strong> auf eine Art und Weise, wie sie nur echte Insider zeigen k\u00f6nnen.<\/p>\n<\/li>\n<\/ul>\n<hr data-start=\"1250\" data-end=\"1253\" \/>\n<h3 data-start=\"1255\" data-end=\"1292\">\ud83e\udd1d <strong data-start=\"1262\" data-end=\"1290\">Ma\u00dfgeschneidert nur f\u00fcr Sie<\/strong><\/h3>\n<p data-start=\"1293\" data-end=\"1486\">Konnten Sie die gesuchte Tour nicht finden? <strong data-start=\"1344\" data-end=\"1367\">Kontaktieren Sie uns jederzeit!<\/strong><br data-start=\"1367\" data-end=\"1370\" \/>Unsere engagierten Fachleute werden eng mit Ihnen zusammenarbeiten, um <strong data-start=\"1426\" data-end=\"1469\">Ihre Reiseroute anpassen, erg\u00e4nzen oder umgestalten<\/strong> die zu Ihnen passen:<\/p>\n<ul data-start=\"1487\" data-end=\"1554\">\n<li data-start=\"1487\" data-end=\"1508\">\n<p data-start=\"1489\" data-end=\"1508\"><strong data-start=\"1489\" data-end=\"1503\">Zeitlicher Rahmen<\/strong> \u23f1\ufe0f<\/p>\n<\/li>\n<li data-start=\"1509\" data-end=\"1526\">\n<p data-start=\"1511\" data-end=\"1526\"><strong data-start=\"1511\" data-end=\"1521\">Haushalt<\/strong> \ud83d\udcb0<\/p>\n<\/li>\n<li data-start=\"1527\" data-end=\"1554\">\n<p data-start=\"1529\" data-end=\"1554\"><strong data-start=\"1529\" data-end=\"1549\">Besondere Anfragen<\/strong> \ud83d\udcdd<\/p>\n<\/li>\n<\/ul>\n<p data-start=\"1556\" data-end=\"1649\">Wir garantieren eine Antwort innerhalb von <strong data-start=\"1587\" data-end=\"1599\">24 Stunden<\/strong> f\u00fcr einen reibungslosen Ablauf Ihrer Urlaubs- oder Gesch\u00e4ftsreise.<\/p>\n<hr data-start=\"1651\" data-end=\"1654\" \/>\n<h3 data-start=\"1656\" data-end=\"1682\">\ud83d\ude90 <strong data-start=\"1663\" data-end=\"1680\">Was wir anbieten<\/strong><\/h3>\n<ul data-start=\"1683\" data-end=\"1886\">\n<li data-start=\"1683\" data-end=\"1716\">\n<p data-start=\"1685\" data-end=\"1716\">Halb- und ganzt\u00e4gige private Touren<\/p>\n<\/li>\n<li data-start=\"1717\" data-end=\"1750\">\n<p data-start=\"1719\" data-end=\"1750\">Gesch\u00e4ftliche und medizinische Unterst\u00fctzung<\/p>\n<\/li>\n<li data-start=\"1751\" data-end=\"1818\">\n<p data-start=\"1753\" data-end=\"1818\">Qualifiziert, ehrlich und informativ <strong data-start=\"1788\" data-end=\"1816\">private Reisef\u00fchrer &amp; Fahrer<\/strong><\/p>\n<\/li>\n<li data-start=\"1819\" data-end=\"1886\">\n<p data-start=\"1821\" data-end=\"1886\">Flexible Reiserouten - auch <strong data-start=\"1849\" data-end=\"1884\">\u00c4nderungen in letzter Minute sind willkommen<\/strong><\/p>\n<\/li>\n<\/ul>\n<hr data-start=\"1888\" data-end=\"1891\" \/>\n<h3 data-start=\"1893\" data-end=\"1917\">\u2764\ufe0f <strong data-start=\"1900\" data-end=\"1915\">Unser Versprechen<\/strong><\/h3>\n<p data-start=\"1918\" data-end=\"2065\">Sie haben hart gearbeitet und davon getr\u00e4umt, \u00c4gypten zu besuchen - wir sind hier, um <strong data-start=\"1986\" data-end=\"2015\">Verwirklichen Sie Ihren Traum<\/strong>. Egal, ob es sich um eine Freizeit- oder Gesch\u00e4ftsreise handelt, wir werden:<\/p>\n<ul data-start=\"2066\" data-end=\"2191\">\n<li data-start=\"2066\" data-end=\"2083\">\n<p data-start=\"2068\" data-end=\"2083\">Begleiten Sie<\/p>\n<\/li>\n<li data-start=\"2084\" data-end=\"2108\">\n<p data-start=\"2086\" data-end=\"2108\">Navigieren und \u00fcbersetzen<\/p>\n<\/li>\n<li data-start=\"2109\" data-end=\"2191\">\n<p data-start=\"2111\" data-end=\"2191\">Stellen Sie sicher, dass Ihr Erlebnis <strong data-start=\"2137\" data-end=\"2189\">st\u00f6rungsfrei, privilegiert und wirklich personalisiert<\/strong><\/p>\n<\/li>\n<\/ul>\n<hr data-start=\"2193\" data-end=\"2196\" \/>\n<h3 data-start=\"2198\" data-end=\"2225\">\ud83c\udf1f <strong data-start=\"2205\" data-end=\"2223\">Warum uns w\u00e4hlen?<\/strong><\/h3>\n<ul data-start=\"2226\" data-end=\"2413\">\n<li data-start=\"2226\" data-end=\"2260\">\n<p data-start=\"2228\" data-end=\"2260\">\u00dcber <strong data-start=\"2233\" data-end=\"2258\">20 Jahre Erfahrung<\/strong><\/p>\n<\/li>\n<li data-start=\"2261\" data-end=\"2309\">\n<p data-start=\"2263\" data-end=\"2309\"><strong data-start=\"2263\" data-end=\"2280\">Lokale Einblicke<\/strong> von vertrauensw\u00fcrdigen Fachleuten<\/p>\n<\/li>\n<li data-start=\"2310\" data-end=\"2357\">\n<p data-start=\"2312\" data-end=\"2357\">Touren, die passen <strong data-start=\"2327\" data-end=\"2355\">Ihren Zeitplan und Ihr Budget<\/strong><\/p>\n<\/li>\n<li data-start=\"2358\" data-end=\"2413\">\n<p data-start=\"2360\" data-end=\"2413\">Engagement f\u00fcr Ihr <strong data-start=\"2386\" data-end=\"2411\">unvergesslicher Urlaub<\/strong><\/p>\n<\/li>\n<\/ul>\n<hr data-start=\"2193\" data-end=\"2196\" \/>\n<h3 data-start=\"2198\" data-end=\"2225\"><strong data-start=\"2205\" data-end=\"2223\">\ud83e\udd11 Preis der Exkursion<\/strong><\/h3>\n<ul data-start=\"2226\" data-end=\"2413\">\n<li data-start=\"2226\" data-end=\"2260\">\n<p data-start=\"2228\" data-end=\"2260\"><strong data-start=\"2233\" data-end=\"2258\"><img decoding=\"async\" class=\"emoji\" role=\"img\" draggable=\"false\" src=\"https:\/\/s.w.org\/images\/core\/emoji\/16.0.1\/svg\/1f64e-1f3fb-200d-2642-fe0f.svg\" alt=\"\ud83d\ude4e\ud83c\udffb\u200d\u2642\ufe0f\" \/> 12 Jahre und \u00e4lter 240 \u20ac<\/strong><\/p>\n<\/li>\n<li data-start=\"2261\" data-end=\"2309\">\n<p data-start=\"2263\" data-end=\"2309\"><strong data-start=\"2263\" data-end=\"2280\"><img decoding=\"async\" class=\"emoji\" role=\"img\" draggable=\"false\" src=\"https:\/\/s.w.org\/images\/core\/emoji\/16.0.1\/svg\/1f9cd-1f3fb-200d-2640-fe0f.svg\" alt=\"\ud83e\uddcd\ud83c\udffb\u200d\u2640\ufe0f\" \/> 6\/11 Jahre alt 120 \u20ac<\/strong><\/p>\n<\/li>\n<li data-start=\"2310\" data-end=\"2357\">\n<p data-start=\"2312\" data-end=\"2357\"><strong data-start=\"2327\" data-end=\"2355\"><img decoding=\"async\" class=\"emoji\" role=\"img\" draggable=\"false\" src=\"https:\/\/s.w.org\/images\/core\/emoji\/16.0.1\/svg\/1f47c-1f3fc.svg\" alt=\"\ud83d\udc7c\ud83c\udffc\" \/> - 6 Jahre alt 20 \u20ac<\/strong><\/p>\n<\/li>\n<\/ul>\n<h3 data-start=\"2198\" data-end=\"2225\"><strong data-start=\"2205\" data-end=\"2223\">Die Zahlung in USD ($ \ud83c\uddfa\ud83c\uddf8) anstelle von EUR (\ud83c\uddea\ud83c\uddfa) ist je nach Tageskurs der Bank m\u00f6glich.<\/strong><\/h3>\n<p>\u00c4gypten - <strong data-start=\"2423\" data-end=\"2446\">das Herz von Afrika<\/strong> - ruft an. <strong data-start=\"2461\" data-end=\"2489\">Sind Sie bereit zu antworten?<\/strong><\/p>\n<p><strong>Buchen Sie \u00fcber WhatsApp:<\/strong><\/p>\n<p><a href=\"https:\/\/wa.me\/201021058859\" target=\"_blank\" rel=\"noopener\">\u00a0<img decoding=\"async\" class=\"alignnone wp-image-2058\" src=\"https:\/\/poehalisnamiegypt.com\/wp-content\/uploads\/2024\/02\/pngwing.com_-300x300.png\" sizes=\"auto, (max-width: 35px) 100vw, 35px\" srcset=\"https:\/\/poehalisnamiegypt.com\/wp-content\/uploads\/2024\/02\/pngwing.com_-300x300.png 300w, https:\/\/poehalisnamiegypt.com\/wp-content\/uploads\/2024\/02\/pngwing.com_-150x150.png 150w, https:\/\/poehalisnamiegypt.com\/wp-content\/uploads\/2024\/02\/pngwing.com_.png 584w\" alt=\"\" width=\"53\" height=\"53\" \/><\/a><\/p>\n<div id=\"gtx-trans\" style=\"position: absolute; left: 243px; top: 3.9125px;\">\n<div class=\"gtx-trans-icon\"><\/div>\n<\/div>\n<div id=\"gtx-trans\" style=\"position: absolute; left: 243px; top: 3.9125px;\">\n<div class=\"gtx-trans-icon\"><\/div>\n<\/div>","protected":false},"excerpt":{"rendered":"<p>\ud83c\udf0d Discover Egypt with Unmatched Quality &amp; Personalized Service At Cairo-Overnight Tours, we believe that excellent quality should never be compromised. With over 20 years of experience in the tourism industry, our mission is to provide you with unique, authentic, and unforgettable experiences across Egypt. \u2728 On your first day, stand in awe before the [&hellip;]<\/p>","protected":false},"featured_media":9912,"comment_status":"open","ping_status":"closed","template":"","meta":{"_monsterinsights_skip_tracking":false,"_monsterinsights_sitenote_active":false,"_monsterinsights_sitenote_note":"","_monsterinsights_sitenote_category":0},"product_brand":[],"product_cat":[63],"product_tag":[],"class_list":{"0":"post-9906","1":"product","2":"type-product","3":"status-publish","4":"has-post-thumbnail","6":"product_cat-cairo","8":"first","9":"instock","10":"shipping-taxable","11":"purchasable","12":"product-type-ovabrw_car_rental"},"_links":{"self":[{"href":"https:\/\/redsea-dream-tours.com\/de\/wp-json\/wp\/v2\/product\/9906","targetHints":{"allow":["GET"]}}],"collection":[{"href":"https:\/\/redsea-dream-tours.com\/de\/wp-json\/wp\/v2\/product"}],"about":[{"href":"https:\/\/redsea-dream-tours.com\/de\/wp-json\/wp\/v2\/types\/product"}],"replies":[{"embeddable":true,"href":"https:\/\/redsea-dream-tours.com\/de\/wp-json\/wp\/v2\/comments?post=9906"}],"wp:featuredmedia":[{"embeddable":true,"href":"https:\/\/redsea-dream-tours.com\/de\/wp-json\/wp\/v2\/media\/9912"}],"wp:attachment":[{"href":"https:\/\/redsea-dream-tours.com\/de\/wp-json\/wp\/v2\/media?parent=9906"}],"wp:term":[{"taxonomy":"product_brand","embeddable":true,"href":"https:\/\/redsea-dream-tours.com\/de\/wp-json\/wp\/v2\/product_brand?post=9906"},{"taxonomy":"product_cat","embeddable":true,"href":"https:\/\/redsea-dream-tours.com\/de\/wp-json\/wp\/v2\/product_cat?post=9906"},{"taxonomy":"product_tag","embeddable":true,"href":"https:\/\/redsea-dream-tours.com\/de\/wp-json\/wp\/v2\/product_tag?post=9906"}],"curies":[{"name":"wp","href":"https:\/\/api.w.org\/{rel}","templated":true}]}}