{"id":9895,"date":"2025-09-07T11:31:51","date_gmt":"2025-09-07T11:31:51","guid":{"rendered":"https:\/\/redsea-dream-tours.com\/?post_type=product&#038;p=9895"},"modified":"2025-11-28T15:12:08","modified_gmt":"2025-11-28T15:12:08","slug":"cairo-plane-2-pax-trip","status":"publish","type":"product","link":"https:\/\/redsea-dream-tours.com\/de\/produkt\/cairo-plane-2-pax-trip\/","title":{"rendered":"Kairo-Flugzeug-Tour: Privater Luxus f\u00fcr zwei"},"content":{"rendered":"<h3 data-start=\"245\" data-end=\"308\">\u2708\ufe0f <strong data-start=\"252\" data-end=\"306\">Flugreise nach Kairo - Privates Erlebnis f\u00fcr 2 G\u00e4ste<\/strong><\/h3>\n<p data-start=\"310\" data-end=\"605\">Entdecken Sie die Sch\u00e4tze von Kairo mit einer <strong data-start=\"349\" data-end=\"381\">luxuri\u00f6se Reise mit dem Privatflugzeug<\/strong>, perfekt geeignet f\u00fcr zwei Menschen, die Wert auf <strong data-start=\"427\" data-end=\"472\">Komfort, Exklusivit\u00e4t und Zeiteffizienz<\/strong>. \u00dcberspringen Sie die lange Busfahrt und schweben Sie \u00fcber \u00c4gyptens Landschaft. <strong data-start=\"545\" data-end=\"602\">mehr Zeit, um die Wunder der antiken Welt zu erkunden<\/strong>.<\/p>\n<hr data-start=\"607\" data-end=\"610\" \/>\n<h3 data-start=\"493\" data-end=\"529\">\ud83d\udde3\ufe0f <strong data-start=\"501\" data-end=\"527\">Wir sprechen Ihre Sprache<\/strong><\/h3>\n<ul data-start=\"530\" data-end=\"594\">\n<li>Polnisch<\/li>\n<li>Franz\u00f6sisch<\/li>\n<li>Englisch<\/li>\n<li>Deutsch<\/li>\n<li>Portugiesisch<\/li>\n<li>Spanisch<\/li>\n<li>...und mehr!<\/li>\n<\/ul>\n<p data-start=\"596\" data-end=\"678\">Woher Sie auch kommen, wir sorgen f\u00fcr eine reibungslose Kommunikation und eine pers\u00f6nliche Note.<\/p>\n<hr data-start=\"607\" data-end=\"610\" \/>\n<h3 data-start=\"612\" data-end=\"661\">\ud83c\udf05 <strong data-start=\"619\" data-end=\"659\">Exklusive Abholung &amp; Flughafentransfer<\/strong><\/h3>\n<ul data-start=\"662\" data-end=\"912\">\n<li data-start=\"662\" data-end=\"781\">\n<p data-start=\"664\" data-end=\"781\"><strong data-start=\"664\" data-end=\"683\">Private Abholung<\/strong> \ud83d\ude90: Beginnen Sie Ihren Tag mit einem komfortablen, klimatisierten Transfer von Ihrem Hotel zum Flughafen.<\/p>\n<\/li>\n<li data-start=\"782\" data-end=\"912\">\n<p data-start=\"784\" data-end=\"912\"><strong data-start=\"784\" data-end=\"822\">Unterst\u00fctzung bei den Flugformalit\u00e4ten<\/strong> \ud83d\udeeb: Unser Team sorgt f\u00fcr einen reibungslosen Check-in-Prozess f\u00fcr Ihren Inlandsflug nach Kairo.<\/p>\n<\/li>\n<\/ul>\n<hr data-start=\"914\" data-end=\"917\" \/>\n<h3 data-start=\"919\" data-end=\"961\">\ud83c\udfdb\ufe0f <strong data-start=\"927\" data-end=\"959\">Pyramiden von Gizeh und Gro\u00dfe Sphinx<\/strong><\/h3>\n<ul data-start=\"962\" data-end=\"1211\">\n<li data-start=\"962\" data-end=\"1065\">\n<p data-start=\"964\" data-end=\"1065\">Stehen Sie vor der legend\u00e4ren <strong data-start=\"991\" data-end=\"1011\">Pyramiden von Gizeh<\/strong>einer der <strong data-start=\"1024\" data-end=\"1062\">Sieben Weltwunder der Antike<\/strong>.<\/p>\n<\/li>\n<li data-start=\"1066\" data-end=\"1132\">\n<p data-start=\"1068\" data-end=\"1132\">Bewundern Sie die <strong data-start=\"1079\" data-end=\"1095\">Gro\u00dfe Sphinx<\/strong> \ud83e\udd81, ein Symbol des Geheimnisses und der Macht.<\/p>\n<\/li>\n<li data-start=\"1133\" data-end=\"1211\">\n<p data-start=\"1135\" data-end=\"1211\">Optional: Betreten Sie eine der antiken Pyramiden (zus\u00e4tzliches Ticket erforderlich).<\/p>\n<\/li>\n<\/ul>\n<hr data-start=\"1213\" data-end=\"1216\" \/>\n<h3 data-start=\"1218\" data-end=\"1261\">\ud83c\udffa <strong data-start=\"1225\" data-end=\"1259\">\u00c4gyptisches Museum f\u00fcr Altert\u00fcmer<\/strong><\/h3>\n<ul data-start=\"1262\" data-end=\"1488\">\n<li data-start=\"1262\" data-end=\"1378\">\n<p data-start=\"1264\" data-end=\"1378\">Erkunden Sie das Museum <strong data-start=\"1285\" data-end=\"1313\">Sch\u00e4tze des Tutanchamun<\/strong>, k\u00f6nigliche Mumien, und mehr als <strong data-start=\"1344\" data-end=\"1375\">120.000 unsch\u00e4tzbare Artefakte<\/strong>.<\/p>\n<\/li>\n<li data-start=\"1379\" data-end=\"1488\">\n<p data-start=\"1381\" data-end=\"1488\">Ihr privater \u00c4gyptologe wird Ihnen fesselnde Geschichten \u00fcber die alten Pharaonen und ihre Hinterlassenschaften erz\u00e4hlen.<\/p>\n<\/li>\n<\/ul>\n<hr data-start=\"1490\" data-end=\"1493\" \/>\n<h3 data-start=\"1495\" data-end=\"1528\">\ud83c\udf74 <strong data-start=\"1502\" data-end=\"1526\">VIP-Lunch-Erlebnis<\/strong><\/h3>\n<ul data-start=\"1529\" data-end=\"1650\">\n<li data-start=\"1529\" data-end=\"1650\">\n<p data-start=\"1531\" data-end=\"1650\">Genie\u00dfen Sie eine <strong data-start=\"1539\" data-end=\"1565\">\u00c4gyptisches Gourmet-Mittagessen<\/strong> \ud83c\udf7d\ufe0f , das eine ruhige Atmosph\u00e4re und authentische Geschmacksrichtungen bietet.<\/p>\n<\/li>\n<\/ul>\n<hr data-start=\"1652\" data-end=\"1655\" \/>\n<h3 data-start=\"1657\" data-end=\"1704\">\ud83d\udecd\ufe0f <strong data-start=\"1665\" data-end=\"1702\">Private Shopping- und Kulturstopps<\/strong><\/h3>\n<ul data-start=\"1705\" data-end=\"1825\">\n<li data-start=\"1705\" data-end=\"1825\">\n<p data-start=\"1707\" data-end=\"1825\">Spaziergang durch eine <strong data-start=\"1724\" data-end=\"1765\">traditioneller Basar oder Papyrusgalerie<\/strong> \ud83d\udecd\ufe0f in Ihrem eigenen Tempo, gef\u00fchrt zu ausgew\u00e4hlten authentischen Gesch\u00e4ften.<\/p>\n<\/li>\n<\/ul>\n<hr data-start=\"1827\" data-end=\"1830\" \/>\n<h3 data-start=\"1832\" data-end=\"1868\">\ud83c\udf07 <strong data-start=\"1839\" data-end=\"1866\">R\u00fcckreise mit dem Flugzeug<\/strong><\/h3>\n<ul data-start=\"1869\" data-end=\"2013\">\n<li data-start=\"1869\" data-end=\"1949\">\n<p data-start=\"1871\" data-end=\"1949\">Nach einem Tag voller Entdeckungen kehren Sie zum Flughafen zur\u00fcck, um Ihren R\u00fcckflug anzutreten.<\/p>\n<\/li>\n<li data-start=\"1950\" data-end=\"2013\">\n<p data-start=\"1952\" data-end=\"2013\"><strong data-start=\"1952\" data-end=\"1972\">Privater Transfer<\/strong> \ud83d\ude90 erwartet Sie, um Sie zu Ihrem Hotel zu begleiten.<\/p>\n<\/li>\n<\/ul>\n<hr data-start=\"2015\" data-end=\"2018\" \/>\n<h3 data-start=\"2020\" data-end=\"2068\"><strong data-start=\"2024\" data-end=\"2066\">Warum die Flugreise nach Kairo f\u00fcr 2 Personen?<\/strong><\/h3>\n<ul data-start=\"2069\" data-end=\"2369\">\n<li data-start=\"2069\" data-end=\"2134\">\n<p data-start=\"2071\" data-end=\"2134\">\u2708\ufe0f <strong data-start=\"2074\" data-end=\"2102\">Schnell und bequem reisen<\/strong> - Maximieren Sie Ihre Zeit in Kairo<\/p>\n<\/li>\n<li data-start=\"2135\" data-end=\"2195\">\n<p data-start=\"2137\" data-end=\"2195\">\ud83c\udfdb\ufe0f Private gef\u00fchrte Tour zu den bekanntesten Sehensw\u00fcrdigkeiten \u00c4gyptens<\/p>\n<\/li>\n<li data-start=\"2196\" data-end=\"2248\">\n<p data-start=\"2198\" data-end=\"2248\">\ud83c\udf74 <strong data-start=\"2201\" data-end=\"2230\">Erstklassiges Speiseerlebnis<\/strong><\/p>\n<\/li>\n<li data-start=\"2249\" data-end=\"2316\">\n<p data-start=\"2251\" data-end=\"2316\">\ud83e\uddd1\u200d\ud83e\udd1d\u200d\ud83e\uddd1 Perfekt f\u00fcr Paare, Flitterw\u00f6chner oder Luxusreisende<\/p>\n<\/li>\n<li data-start=\"2317\" data-end=\"2369\">\n<p data-start=\"2319\" data-end=\"2369\">\ud83d\udecd\ufe0f Ma\u00dfgeschneiderte Einkaufsstopps &amp; flexible Reiseroute<\/p>\n<\/li>\n<li>\ud83d\udea4 Und das Beste daran - die Reise beinhaltet eine unvergessliche Nilkreuzfahrt!<\/li>\n<\/ul>\n<article class=\"text-token-text-primary w-full focus:outline-none scroll-mt-(--header-height)\" dir=\"auto\" tabindex=\"-1\" data-turn-id=\"307d3d07-6d21-424c-bca4-db7c002607fb\" data-testid=\"conversation-turn-13\" data-scroll-anchor=\"false\" data-turn=\"user\">\n<div class=\"text-base my-auto mx-auto pt-12 [--thread-content-margin:--spacing(4)] thread-sm:[--thread-content-margin:--spacing(6)] thread-lg:[--thread-content-margin:--spacing(16)] px-(--thread-content-margin)\">\n<div class=\"[--thread-content-max-width:40rem] thread-lg:[--thread-content-max-width:48rem] mx-auto max-w-(--thread-content-max-width) flex-1 group\/turn-messages focus-visible:outline-hidden relative flex w-full min-w-0 flex-col\" tabindex=\"-1\">\n<div class=\"flex max-w-full flex-col grow\"><\/div>\n<\/div>\n<\/div>\n<\/article>\n<hr data-start=\"2015\" data-end=\"2018\" \/>\n<article class=\"text-token-text-primary w-full focus:outline-none scroll-mt-(--header-height)\" dir=\"auto\" tabindex=\"-1\" data-turn-id=\"307d3d07-6d21-424c-bca4-db7c002607fb\" data-testid=\"conversation-turn-13\" data-scroll-anchor=\"false\" data-turn=\"user\">\n<div class=\"text-base my-auto mx-auto pt-12 [--thread-content-margin:--spacing(4)] thread-sm:[--thread-content-margin:--spacing(6)] thread-lg:[--thread-content-margin:--spacing(16)] px-(--thread-content-margin)\">\n<div class=\"[--thread-content-max-width:40rem] thread-lg:[--thread-content-max-width:48rem] mx-auto max-w-(--thread-content-max-width) flex-1 group\/turn-messages focus-visible:outline-hidden relative flex w-full min-w-0 flex-col\" tabindex=\"-1\">\n<div class=\"flex max-w-full flex-col grow\">\n<div class=\"min-h-8 text-message relative flex w-full flex-col items-end gap-2 text-start break-words whitespace-normal [.text-message+&amp;]:mt-5\" dir=\"auto\" data-message-author-role=\"user\" data-message-id=\"307d3d07-6d21-424c-bca4-db7c002607fb\">\n<div class=\"flex w-full flex-col gap-1 empty:hidden items-end rtl:items-start\">\n<div class=\"user-message-bubble-color relative rounded-[18px] px-4 py-1.5 data-[multiline]:py-3 max-w-[var(--user-chat-width,70%)]\">\n<div>\n<article class=\"text-token-text-primary w-full focus:outline-none scroll-mt-(--header-height)\" dir=\"auto\" tabindex=\"-1\" data-turn-id=\"307d3d07-6d21-424c-bca4-db7c002607fb\" data-testid=\"conversation-turn-13\" data-scroll-anchor=\"false\" data-turn=\"user\">\n<div class=\"text-base my-auto mx-auto pt-12 [--thread-content-margin:--spacing(4)] thread-sm:[--thread-content-margin:--spacing(6)] thread-lg:[--thread-content-margin:--spacing(16)] px-(--thread-content-margin)\">\n<div class=\"[--thread-content-max-width:40rem] thread-lg:[--thread-content-max-width:48rem] mx-auto max-w-(--thread-content-max-width) flex-1 group\/turn-messages focus-visible:outline-hidden relative flex w-full min-w-0 flex-col\" tabindex=\"-1\">\n<div><strong data-start=\"56\" data-end=\"76\">\u26a0\ufe0f\u201dWichtiger Hinweis\u201d<\/strong><\/div>\n<\/div>\n<\/div>\n<\/article>\n<div><strong data-start=\"56\" data-end=\"76\">\u201cDiese Reise kann unter keinen Umst\u00e4nden zur\u00fcckerstattet werden (Krankheit, Reise oder Nichtanreise).\u201d<\/strong><\/div>\n<\/div>\n<div class=\"whitespace-pre-wrap\"><strong data-start=\"927\" data-end=\"959\">\ud83e\udd11Exkursionspreis<\/strong><\/div>\n<\/div>\n<\/div>\n<\/div>\n<\/div>\n<div class=\"flex justify-end\">\ud83d\ude4e\ud83c\udffb\u200d\u2642\ufe0f 12 Jahre und \u00e4lter 240 \u20ac<\/div>\n<div><strong><img decoding=\"async\" class=\"emoji\" role=\"img\" draggable=\"false\" src=\"https:\/\/s.w.org\/images\/core\/emoji\/16.0.1\/svg\/1f9cd-1f3fb-200d-2640-fe0f.svg\" alt=\"\ud83e\uddcd\ud83c\udffb\u200d\u2640\ufe0f\" \/><\/strong>\u00a0 2\/11 Jahre alt 180 \u20ac<\/div>\n<div><strong><img decoding=\"async\" class=\"emoji\" role=\"img\" draggable=\"false\" src=\"https:\/\/s.w.org\/images\/core\/emoji\/16.0.1\/svg\/1f47c-1f3fc.svg\" alt=\"\ud83d\udc7c\ud83c\udffc\" \/><\/strong> \u00a0 -2 Jahre alt 40 \u20ac<\/div>\n<\/div>\n<\/div>\n<\/article>\n<div>\n<h3 data-start=\"2198\" data-end=\"2225\"><strong data-start=\"2205\" data-end=\"2223\">Die Zahlung in USD ($ \ud83c\uddfa\ud83c\uddf8) anstelle von EUR (\ud83c\uddea\ud83c\uddfa) ist je nach Tageskurs der Bank m\u00f6glich.<\/strong><\/h3>\n<\/div>\n<article class=\"text-token-text-primary w-full focus:outline-none scroll-mt-(--header-height)\" dir=\"auto\" tabindex=\"-1\" data-turn-id=\"307d3d07-6d21-424c-bca4-db7c002607fb\" data-testid=\"conversation-turn-13\" data-scroll-anchor=\"false\" data-turn=\"user\">\n<div class=\"text-base my-auto mx-auto pt-12 [--thread-content-margin:--spacing(4)] thread-sm:[--thread-content-margin:--spacing(6)] thread-lg:[--thread-content-margin:--spacing(16)] px-(--thread-content-margin)\">\n<div class=\"[--thread-content-max-width:40rem] thread-lg:[--thread-content-max-width:48rem] mx-auto max-w-(--thread-content-max-width) flex-1 group\/turn-messages focus-visible:outline-hidden relative flex w-full min-w-0 flex-col\" tabindex=\"-1\">\n<div>\n<hr data-start=\"2015\" data-end=\"2018\" \/>\n<\/div>\n<div><strong>Buchen Sie \u00fcber WhatsApp:<\/strong><\/div>\n<\/div>\n<\/div>\n<\/article>\n<p><a href=\"https:\/\/api.whatsapp.com\/send\/?phone=01021058859\" target=\"_blank\" rel=\"noopener\">\u00a0<img decoding=\"async\" class=\"alignnone wp-image-2058\" src=\"https:\/\/poehalisnamiegypt.com\/wp-content\/uploads\/2024\/02\/pngwing.com_-300x300.png\" sizes=\"auto, (max-width: 35px) 100vw, 35px\" srcset=\"https:\/\/poehalisnamiegypt.com\/wp-content\/uploads\/2024\/02\/pngwing.com_-300x300.png 300w, https:\/\/poehalisnamiegypt.com\/wp-content\/uploads\/2024\/02\/pngwing.com_-150x150.png 150w, https:\/\/poehalisnamiegypt.com\/wp-content\/uploads\/2024\/02\/pngwing.com_.png 584w\" alt=\"\" width=\"53\" height=\"53\" \/><\/a><\/p>","protected":false},"excerpt":{"rendered":"<p>\u2708\ufe0f Cairo Plane Trip \u2013 Private Experience for 2 Guests Discover the treasures of Cairo with a luxurious private plane trip, perfectly designed for two people who value comfort, exclusivity, and time efficiency. Skip the long bus journey and soar above Egypt\u2019s landscape, giving you more time to explore the wonders of the ancient world. [&hellip;]<\/p>","protected":false},"featured_media":9897,"comment_status":"open","ping_status":"closed","template":"","meta":{"_monsterinsights_skip_tracking":false,"_monsterinsights_sitenote_active":false,"_monsterinsights_sitenote_note":"","_monsterinsights_sitenote_category":0},"product_brand":[],"product_cat":[63],"product_tag":[],"class_list":{"0":"post-9895","1":"product","2":"type-product","3":"status-publish","4":"has-post-thumbnail","6":"product_cat-cairo","8":"first","9":"instock","10":"shipping-taxable","11":"purchasable","12":"product-type-ovabrw_car_rental"},"_links":{"self":[{"href":"https:\/\/redsea-dream-tours.com\/de\/wp-json\/wp\/v2\/product\/9895","targetHints":{"allow":["GET"]}}],"collection":[{"href":"https:\/\/redsea-dream-tours.com\/de\/wp-json\/wp\/v2\/product"}],"about":[{"href":"https:\/\/redsea-dream-tours.com\/de\/wp-json\/wp\/v2\/types\/product"}],"replies":[{"embeddable":true,"href":"https:\/\/redsea-dream-tours.com\/de\/wp-json\/wp\/v2\/comments?post=9895"}],"wp:featuredmedia":[{"embeddable":true,"href":"https:\/\/redsea-dream-tours.com\/de\/wp-json\/wp\/v2\/media\/9897"}],"wp:attachment":[{"href":"https:\/\/redsea-dream-tours.com\/de\/wp-json\/wp\/v2\/media?parent=9895"}],"wp:term":[{"taxonomy":"product_brand","embeddable":true,"href":"https:\/\/redsea-dream-tours.com\/de\/wp-json\/wp\/v2\/product_brand?post=9895"},{"taxonomy":"product_cat","embeddable":true,"href":"https:\/\/redsea-dream-tours.com\/de\/wp-json\/wp\/v2\/product_cat?post=9895"},{"taxonomy":"product_tag","embeddable":true,"href":"https:\/\/redsea-dream-tours.com\/de\/wp-json\/wp\/v2\/product_tag?post=9895"}],"curies":[{"name":"wp","href":"https:\/\/api.w.org\/{rel}","templated":true}]}}