{"id":9880,"date":"2025-09-07T11:07:34","date_gmt":"2025-09-07T11:07:34","guid":{"rendered":"https:\/\/redsea-dream-tours.com\/?post_type=product&#038;p=9880"},"modified":"2026-01-02T17:50:50","modified_gmt":"2026-01-02T17:50:50","slug":"luxor-ballon-trip","status":"publish","type":"product","link":"https:\/\/redsea-dream-tours.com\/de\/produkt\/luxor-ballon-trip\/","title":{"rendered":"Luxor Ballonfahrt: Sonnenaufgang Ansichten &amp; West Bank Tour"},"content":{"rendered":"<h3 data-start=\"212\" data-end=\"291\">\ud83c\udf88 <strong data-start=\"219\" data-end=\"289\">Luxor Hei\u00dfluftballonfahrt - Eine magische Reise \u00fcber das alte \u00c4gypten<\/strong><\/h3>\n<p data-start=\"293\" data-end=\"599\">Erleben Sie die <strong data-start=\"308\" data-end=\"341\">Ultimatives Abenteuer bei Sonnenaufgang<\/strong> mit einem atemberaubenden <strong data-start=\"362\" data-end=\"397\">Hei\u00dfluftballonfahrt \u00fcber Luxor<\/strong>, dem gr\u00f6\u00dften Freilichtmuseum der Welt. Schweben Sie lautlos \u00fcber die zeitlosen Landschaften, in denen einst die m\u00e4chtigen Pharaonen herrschten, und erleben Sie die <strong data-start=\"535\" data-end=\"596\">Nil, Tempel und T\u00e4ler in goldenes Morgenlicht getaucht<\/strong>.<\/p>\n<hr data-start=\"601\" data-end=\"604\" \/>\n<h3 data-start=\"606\" data-end=\"659\"><strong data-start=\"610\" data-end=\"657\">Start am fr\u00fchen Morgen - der perfekte Beginn<\/strong><\/h3>\n<ul data-start=\"660\" data-end=\"959\">\n<li data-start=\"660\" data-end=\"773\">\n<p data-start=\"662\" data-end=\"773\"><strong data-start=\"662\" data-end=\"681\">Abholservice<\/strong> \ud83d\ude90: Beginnen Sie Ihren Tag mit einer fr\u00fchmorgendlichen Abholung von Ihrem Hotel oder Kreuzfahrtschiff in Luxor.<\/p>\n<\/li>\n<li data-start=\"774\" data-end=\"853\">\n<p data-start=\"776\" data-end=\"853\"><strong data-start=\"776\" data-end=\"798\">Leichte Erfrischungen<\/strong> \u2615: Genie\u00dfen Sie einen Tee oder Kaffee, bevor Ihr Abenteuer beginnt.<\/p>\n<\/li>\n<li data-start=\"854\" data-end=\"959\">\n<p data-start=\"856\" data-end=\"959\"><strong data-start=\"856\" data-end=\"878\">Nilboot-Transfer<\/strong> \u26f4\ufe0f: \u00dcberqueren Sie den friedlichen Nil zum Westjordanland, wo Ihr Ballon auf Sie wartet.<\/p>\n<\/li>\n<\/ul>\n<hr data-start=\"961\" data-end=\"964\" \/>\n<h3 data-start=\"966\" data-end=\"997\"><strong data-start=\"970\" data-end=\"995\">Das Flugerlebnis<\/strong><\/h3>\n<ul data-start=\"998\" data-end=\"1430\">\n<li data-start=\"998\" data-end=\"1132\">\n<p data-start=\"1000\" data-end=\"1132\"><strong data-start=\"1000\" data-end=\"1023\">Abflug bei Sonnenaufgang<\/strong> \ud83c\udf05: Wenn die ersten Sonnenstrahlen den Horizont erhellen, beginnt Ihr Ballon sanft in den Himmel zu steigen.<\/p>\n<\/li>\n<li data-start=\"1133\" data-end=\"1295\">\n<p data-start=\"1135\" data-end=\"1295\"><strong data-start=\"1135\" data-end=\"1157\">Atemberaubende Aussichten<\/strong> \ud83c\udfdc\ufe0f: Gleiten Sie \u00fcber ikonische Wahrzeichen wie die <strong data-start=\"1203\" data-end=\"1226\">Tal der K\u00f6nige<\/strong>, <strong data-start=\"1228\" data-end=\"1249\">Hatschepsut-Tempel<\/strong>, und das \u00fcppige Ackerland des Niltals.<\/p>\n<\/li>\n<li data-start=\"1296\" data-end=\"1430\">\n<p data-start=\"1298\" data-end=\"1430\"><strong data-start=\"1298\" data-end=\"1324\">Experten Piloten &amp; Sicherheit<\/strong> \ud83e\uddd1\u200d\u2708\ufe0f: Fliegen Sie mit erfahrenen, lizenzierten Piloten, die sowohl Ihre Sicherheit als auch ein unvergessliches Erlebnis garantieren.<\/p>\n<\/li>\n<\/ul>\n<hr data-start=\"1432\" data-end=\"1435\" \/>\n<h3 data-start=\"1437\" data-end=\"1466\"><strong data-start=\"1441\" data-end=\"1464\">Dauer &amp; Erinnerungen<\/strong><\/h3>\n<ul data-start=\"1467\" data-end=\"1798\">\n<li data-start=\"1467\" data-end=\"1571\">\n<p data-start=\"1469\" data-end=\"1571\"><strong data-start=\"1469\" data-end=\"1484\">Flugzeit<\/strong> \u23f1\ufe0f: Die Fahrt dauert etwa 45 Minuten bis 1 Stunde, je nach Windverh\u00e4ltnissen.<\/p>\n<\/li>\n<li data-start=\"1572\" data-end=\"1707\">\n<p data-start=\"1574\" data-end=\"1707\"><strong data-start=\"1574\" data-end=\"1596\">Fotografie-Himmel<\/strong> \ud83d\udcf8: Erleben Sie einmalige Ausblicke auf antike Tempel, den gewundenen Nil und die goldene W\u00fcste von Luxor.<\/p>\n<\/li>\n<li data-start=\"1708\" data-end=\"1798\">\n<p data-start=\"1710\" data-end=\"1798\"><strong data-start=\"1710\" data-end=\"1730\">Landezeremonie<\/strong> \ud83c\udf89: Feiern Sie Ihren Flug mit einer traditionellen Landebescheinigung.<\/p>\n<\/li>\n<\/ul>\n<hr data-start=\"1800\" data-end=\"1803\" \/>\n<h3 data-start=\"902\" data-end=\"950\">\ud83c\udfdc\ufe0f <strong data-start=\"910\" data-end=\"948\">Erkunden Sie nach Ihrer Ballonfahrt das zeitlose Westufer von Luxor\u00a0 \u00a0\u00a0<\/strong><\/h3>\n<p data-start=\"951\" data-end=\"1049\">Ihr privater \u00c4gyptologe f\u00fchrt Sie zu den ber\u00fchmtesten Sch\u00e4tzen der <strong data-start=\"1033\" data-end=\"1046\">Westjordanland<\/strong>:<\/p>\n<ul data-start=\"1050\" data-end=\"1384\">\n<li data-start=\"1050\" data-end=\"1151\">\n<p data-start=\"1052\" data-end=\"1151\"><strong data-start=\"1052\" data-end=\"1075\">Tal der K\u00f6nige<\/strong> \ud83c\udfdb\ufe0f - Erkunden Sie die antiken Grabst\u00e4tten der ber\u00fchmtesten Pharaonen \u00c4gyptens.<\/p>\n<\/li>\n<li data-start=\"1152\" data-end=\"1263\">\n<p data-start=\"1154\" data-end=\"1263\"><strong data-start=\"1154\" data-end=\"1175\">Hatschepsut-Tempel<\/strong> \u26e9\ufe0f - Bestaunen Sie die elegante Architektur des einzigen Totentempels eines weiblichen Pharaos.<\/p>\n<\/li>\n<li data-start=\"1264\" data-end=\"1384\">\n<p data-start=\"1266\" data-end=\"1384\"><strong data-start=\"1266\" data-end=\"1287\">Kolosse von Memnon<\/strong> \ud83d\uddff - Halten Sie unvergessliche Fotos neben diesen kolossalen Statuen fest, die seit Jahrtausenden stehen.<\/p>\n<\/li>\n<\/ul>\n<hr data-start=\"1386\" data-end=\"1389\" \/>\n<h3 data-start=\"1391\" data-end=\"1433\">\ud83c\udffa <strong data-start=\"1398\" data-end=\"1431\">East Bank Highlights mit Stil<\/strong><\/h3>\n<ul data-start=\"1434\" data-end=\"1664\">\n<li data-start=\"1434\" data-end=\"1539\">\n<p data-start=\"1436\" data-end=\"1539\">Besuchen Sie das pr\u00e4chtige <strong data-start=\"1458\" data-end=\"1483\">Karnak-Tempel-Komplex<\/strong> - eines der gr\u00f6\u00dften jemals errichteten religi\u00f6sen Bauwerke.<\/p>\n<\/li>\n<li data-start=\"1540\" data-end=\"1664\">\n<p data-start=\"1542\" data-end=\"1664\">Schlendern Sie durch antike Alleen mit Sphinxen und hoch aufragenden S\u00e4ulen, w\u00e4hrend Ihr Reisef\u00fchrer faszinierende Geheimnisse der Vergangenheit erz\u00e4hlt.<\/p>\n<\/li>\n<\/ul>\n<hr data-start=\"1386\" data-end=\"1389\" \/>\n<h3 data-start=\"1805\" data-end=\"1831\"><strong data-start=\"1809\" data-end=\"1829\">Nach dem Flug<\/strong><\/h3>\n<ul data-start=\"1832\" data-end=\"2012\">\n<li data-start=\"1832\" data-end=\"1915\">\n<p data-start=\"1834\" data-end=\"1915\"><strong data-start=\"1834\" data-end=\"1853\">R\u00fcck\u00fcberweisung<\/strong> \ud83d\ude90: Entspannen Sie sich, w\u00e4hrend wir Sie zu Ihrem Hotel oder Kreuzfahrtschiff zur\u00fcckbringen.<\/p>\n<\/li>\n<li data-start=\"1916\" data-end=\"2012\">\n<p data-start=\"1918\" data-end=\"2012\"><strong data-start=\"1918\" data-end=\"1940\">Optionales Fr\u00fchst\u00fcck<\/strong> \ud83c\udf74: Ein herzhaftes \u00e4gyptisches Fr\u00fchst\u00fcck rundet Ihren magischen Morgen ab.<\/p>\n<\/li>\n<\/ul>\n<hr data-start=\"2014\" data-end=\"2017\" \/>\n<h3 data-start=\"2019\" data-end=\"2072\"><strong data-start=\"2023\" data-end=\"2070\">Warum eine Fahrt mit dem Hei\u00dfluftballon in Luxor?<\/strong><\/h3>\n<ul data-start=\"2073\" data-end=\"2354\">\n<li data-start=\"2073\" data-end=\"2146\">\n<p data-start=\"2075\" data-end=\"2146\">\ud83c\udf88 Einzigartiger Blick aus der Luft auf die ber\u00fchmtesten arch\u00e4ologischen St\u00e4tten der Welt<\/p>\n<\/li>\n<li data-start=\"2147\" data-end=\"2194\">\n<p data-start=\"2149\" data-end=\"2194\">\ud83c\udf05 Spektakul\u00e4rer Sonnenaufgang \u00fcber dem Niltal<\/p>\n<\/li>\n<li data-start=\"2195\" data-end=\"2249\">\n<p data-start=\"2197\" data-end=\"2249\">\ud83e\uddd1\u200d\u2708\ufe0f Professionelle Piloten und h\u00f6chste Sicherheitsstandards<\/p>\n<\/li>\n<li data-start=\"2250\" data-end=\"2309\">\n<p data-start=\"2252\" data-end=\"2309\">\ud83d\udcf8 Perfekt f\u00fcr Fotoliebhaber und besondere Anl\u00e4sse<\/p>\n<\/li>\n<li data-start=\"2310\" data-end=\"2354\">\n<p data-start=\"2312\" data-end=\"2354\">\ud83d\ude90 Bequeme Abholung und R\u00fcckgabe im Hotel<\/p>\n<\/li>\n<\/ul>\n<hr data-start=\"2014\" data-end=\"2017\" \/>\n<h3 data-start=\"493\" data-end=\"529\">\ud83d\udde3\ufe0f <strong data-start=\"501\" data-end=\"527\">Wir sprechen Ihre Sprache<\/strong><\/h3>\n<ul data-start=\"530\" data-end=\"594\">\n<li>Polnisch<\/li>\n<li>Franz\u00f6sisch<\/li>\n<li>Englisch<\/li>\n<li>Deutsch<\/li>\n<li>Portugiesisch<\/li>\n<li>Spanisch<\/li>\n<li>...und mehr!<\/li>\n<\/ul>\n<p data-start=\"596\" data-end=\"678\">Woher Sie auch kommen, wir sorgen f\u00fcr eine reibungslose Kommunikation und eine pers\u00f6nliche Note.<\/p>\n<hr data-start=\"2014\" data-end=\"2017\" \/>\n<h3 data-start=\"2198\" data-end=\"2225\"><strong data-start=\"2205\" data-end=\"2223\">\ud83e\udd11 Preis der Exkursion<\/strong><\/h3>\n<table style=\"height: 189px;\" width=\"596\">\n<tbody>\n<tr>\n<td width=\"64\"><strong>pax<\/strong><\/td>\n<td width=\"66\"><strong><img decoding=\"async\" class=\"emoji\" role=\"img\" draggable=\"false\" src=\"https:\/\/s.w.org\/images\/core\/emoji\/16.0.1\/svg\/1f64e-1f3fb-200d-2642-fe0f.svg\" alt=\"\ud83d\ude4e\ud83c\udffb\u200d\u2642\ufe0f\" \/> 12 Jahre und \u00e4lter<\/strong><\/td>\n<td width=\"80\"><strong><img decoding=\"async\" class=\"emoji\" role=\"img\" draggable=\"false\" src=\"https:\/\/s.w.org\/images\/core\/emoji\/16.0.1\/svg\/1f9cd-1f3fb-200d-2640-fe0f.svg\" alt=\"\ud83e\uddcd\ud83c\udffb\u200d\u2640\ufe0f\" \/> 6\/11 Jahre alt<\/strong><\/td>\n<\/tr>\n<tr>\n<td style=\"text-align: center;\"><strong>2<\/strong><\/td>\n<td style=\"text-align: center;\"><strong>\u00a0\u20ac\u00a0\u00a0 230.00<\/strong><\/td>\n<td style=\"text-align: center;\"><strong>\u00a0\u20ac\u00a0\u00a0\u00a0\u00a0\u00a0\u00a0\u00a0\u00a0\u00a0\u00a0\u00a0\u00a0 130<\/strong><\/td>\n<\/tr>\n<tr>\n<td style=\"text-align: center;\"><strong>3<\/strong><\/td>\n<td style=\"text-align: center;\"><strong>\u00a0\u20ac\u00a0\u00a0 210.00<\/strong><\/td>\n<td style=\"text-align: center;\"><strong>\u00a0\u20ac\u00a0\u00a0\u00a0\u00a0\u00a0\u00a0\u00a0\u00a0\u00a0\u00a0\u00a0\u00a0 130<\/strong><\/td>\n<\/tr>\n<tr>\n<td style=\"text-align: center;\"><strong>4<\/strong><\/td>\n<td style=\"text-align: center;\"><strong>\u00a0\u20ac\u00a0\u00a0 185.00<\/strong><\/td>\n<td style=\"text-align: center;\"><strong>\u00a0\u20ac\u00a0\u00a0\u00a0\u00a0\u00a0\u00a0\u00a0\u00a0\u00a0\u00a0\u00a0\u00a0 130<\/strong><\/td>\n<\/tr>\n<tr>\n<td style=\"text-align: center;\"><strong>5<\/strong><\/td>\n<td style=\"text-align: center;\"><strong>\u00a0\u20ac\u00a0\u00a0 175.00<\/strong><\/td>\n<td style=\"text-align: center;\"><strong>\u00a0\u20ac\u00a0\u00a0\u00a0\u00a0\u00a0\u00a0\u00a0\u00a0\u00a0\u00a0\u00a0\u00a0 130<\/strong><\/td>\n<\/tr>\n<tr>\n<td style=\"text-align: center;\"><strong>6<\/strong><\/td>\n<td style=\"text-align: center;\"><strong>\u00a0\u20ac\u00a0\u00a0 165.00<\/strong><\/td>\n<td style=\"text-align: center;\"><strong>\u00a0\u20ac\u00a0\u00a0\u00a0\u00a0\u00a0\u00a0\u00a0\u00a0\u00a0\u00a0\u00a0\u00a0 130<\/strong><\/td>\n<\/tr>\n<\/tbody>\n<\/table>\n<p data-start=\"2228\" data-end=\"2260\"><strong data-start=\"2327\" data-end=\"2355\"> \u00a0<img decoding=\"async\" class=\"emoji\" role=\"img\" draggable=\"false\" src=\"https:\/\/s.w.org\/images\/core\/emoji\/16.0.1\/svg\/1f47c-1f3fc.svg\" alt=\"\ud83d\udc7c\ud83c\udffc\" \/> -5 Jahre alt Verboten<\/strong><\/p>\n<h3 data-start=\"2198\" data-end=\"2225\"><strong data-start=\"2205\" data-end=\"2223\">Die Zahlung in USD ($ \ud83c\uddfa\ud83c\uddf8) anstelle von EUR (\ud83c\uddea\ud83c\uddfa) ist je nach Tageskurs der Bank m\u00f6glich.<\/strong><\/h3>\n<p><strong>Buchen Sie \u00fcber WhatsApp:<\/strong><\/p>\n<p><a href=\"https:\/\/api.whatsapp.com\/send\/?phone=01021058859\" target=\"_blank\" rel=\"noopener\">\u00a0<img decoding=\"async\" class=\"alignnone wp-image-2058\" src=\"https:\/\/poehalisnamiegypt.com\/wp-content\/uploads\/2024\/02\/pngwing.com_-300x300.png\" sizes=\"auto, (max-width: 35px) 100vw, 35px\" srcset=\"https:\/\/poehalisnamiegypt.com\/wp-content\/uploads\/2024\/02\/pngwing.com_-300x300.png 300w, https:\/\/poehalisnamiegypt.com\/wp-content\/uploads\/2024\/02\/pngwing.com_-150x150.png 150w, https:\/\/poehalisnamiegypt.com\/wp-content\/uploads\/2024\/02\/pngwing.com_.png 584w\" alt=\"\" width=\"53\" height=\"53\" \/><\/a><\/p>\n<div id=\"gtx-trans\" style=\"position: absolute; left: 297px; top: 3.375px;\">\n<div class=\"gtx-trans-icon\"><\/div>\n<\/div>","protected":false},"excerpt":{"rendered":"<p>\ud83c\udf88 Luxor Hot Air Balloon Ride \u2013 A Magical Journey Above Ancient Egypt Experience the ultimate adventure at sunrise with a breathtaking hot air balloon ride over Luxor, the world\u2019s largest open-air museum. Float silently above the timeless landscapes where the mighty pharaohs once ruled, and witness the Nile, temples, and valleys bathed in golden [&hellip;]<\/p>","protected":false},"featured_media":9887,"comment_status":"open","ping_status":"closed","template":"","meta":{"_monsterinsights_skip_tracking":false,"_monsterinsights_sitenote_active":false,"_monsterinsights_sitenote_note":"","_monsterinsights_sitenote_category":0},"product_brand":[],"product_cat":[65],"product_tag":[],"class_list":{"0":"post-9880","1":"product","2":"type-product","3":"status-publish","4":"has-post-thumbnail","6":"product_cat-luxor","8":"first","9":"instock","10":"shipping-taxable","11":"purchasable","12":"product-type-ovabrw_car_rental"},"_links":{"self":[{"href":"https:\/\/redsea-dream-tours.com\/de\/wp-json\/wp\/v2\/product\/9880","targetHints":{"allow":["GET"]}}],"collection":[{"href":"https:\/\/redsea-dream-tours.com\/de\/wp-json\/wp\/v2\/product"}],"about":[{"href":"https:\/\/redsea-dream-tours.com\/de\/wp-json\/wp\/v2\/types\/product"}],"replies":[{"embeddable":true,"href":"https:\/\/redsea-dream-tours.com\/de\/wp-json\/wp\/v2\/comments?post=9880"}],"wp:featuredmedia":[{"embeddable":true,"href":"https:\/\/redsea-dream-tours.com\/de\/wp-json\/wp\/v2\/media\/9887"}],"wp:attachment":[{"href":"https:\/\/redsea-dream-tours.com\/de\/wp-json\/wp\/v2\/media?parent=9880"}],"wp:term":[{"taxonomy":"product_brand","embeddable":true,"href":"https:\/\/redsea-dream-tours.com\/de\/wp-json\/wp\/v2\/product_brand?post=9880"},{"taxonomy":"product_cat","embeddable":true,"href":"https:\/\/redsea-dream-tours.com\/de\/wp-json\/wp\/v2\/product_cat?post=9880"},{"taxonomy":"product_tag","embeddable":true,"href":"https:\/\/redsea-dream-tours.com\/de\/wp-json\/wp\/v2\/product_tag?post=9880"}],"curies":[{"name":"wp","href":"https:\/\/api.w.org\/{rel}","templated":true}]}}