{"id":9873,"date":"2025-09-07T11:01:15","date_gmt":"2025-09-07T11:01:15","guid":{"rendered":"https:\/\/redsea-dream-tours.com\/?post_type=product&#038;p=9873"},"modified":"2025-12-28T17:53:56","modified_gmt":"2025-12-28T17:53:56","slug":"luxor-over-night-trip","status":"publish","type":"product","link":"https:\/\/redsea-dream-tours.com\/de\/produkt\/luxor-over-night-trip\/","title":{"rendered":"Luxor \u00fcber Nacht: H\u00f6hepunkte im Ost- und Westjordanland"},"content":{"rendered":"<h3 data-start=\"176\" data-end=\"256\">\ud83c\udf19 <strong data-start=\"183\" data-end=\"254\">Luxor Overnight Trip - Zwei Tage voller antiker Wunder und zeitlosem Charme<\/strong><\/h3>\n<p data-start=\"258\" data-end=\"629\">Entdecken Sie die Geheimnisse des alten \u00c4gyptens mit unserem <strong data-start=\"304\" data-end=\"328\">Luxor \u00dcbernachtungstour<\/strong>f\u00fcr Reisende, die die Sch\u00e4tze von Luxor zu einem g\u00fcnstigen Preis erleben m\u00f6chten. <strong data-start=\"404\" data-end=\"425\">entspannteres Tempo<\/strong>. Auf dieser zweit\u00e4gigen Reise k\u00f6nnen Sie die Wunder des Ost- und des Westufers erkunden, authentische \u00e4gyptische Gastfreundschaft genie\u00dfen und in die bezaubernde Atmosph\u00e4re dieses Freilichtmuseums eintauchen.<\/p>\n<hr data-start=\"631\" data-end=\"634\" \/>\n<h3 data-start=\"636\" data-end=\"693\"><strong data-start=\"640\" data-end=\"691\">Tag 1: Fahrt nach Luxor und Erkundung des Ostufers<\/strong><\/h3>\n<h4 data-start=\"695\" data-end=\"729\">\ud83d\ude90 <strong data-start=\"703\" data-end=\"727\">Bequemer Transfer<\/strong><\/h4>\n<ul data-start=\"730\" data-end=\"888\">\n<li data-start=\"730\" data-end=\"820\">\n<p data-start=\"732\" data-end=\"820\">Beginnen Sie mit einer <strong data-start=\"745\" data-end=\"764\">morgendliche Abholung<\/strong> von Ihrem Hotel aus in einem modernen, klimatisierten Fahrzeug.<\/p>\n<\/li>\n<li data-start=\"821\" data-end=\"888\">\n<p data-start=\"823\" data-end=\"888\">Genie\u00dfen Sie die Aussicht auf die W\u00fcste und das Niltal auf Ihrem Weg nach Luxor.<\/p>\n<\/li>\n<\/ul>\n<h4 data-start=\"890\" data-end=\"926\">\ud83c\udfdb\ufe0f <strong data-start=\"899\" data-end=\"924\">Karnak-Tempel-Komplex<\/strong><\/h4>\n<ul data-start=\"927\" data-end=\"1148\">\n<li data-start=\"927\" data-end=\"1054\">\n<p data-start=\"929\" data-end=\"1054\">Erkunden Sie die beeindruckende <strong data-start=\"955\" data-end=\"972\">Karnak-Tempel<\/strong> \u26e9\ufe0f, eine der gr\u00f6\u00dften und wichtigsten religi\u00f6sen St\u00e4tten der antiken Welt.<\/p>\n<\/li>\n<li data-start=\"1055\" data-end=\"1148\">\n<p data-start=\"1057\" data-end=\"1148\">Gehen Sie durch die gro\u00dfe Hypostylhalle und bestaunen Sie die kolossalen S\u00e4ulen und den heiligen See.<\/p>\n<\/li>\n<\/ul>\n<h4 data-start=\"1150\" data-end=\"1181\">\ud83c\udf74 <strong data-start=\"1158\" data-end=\"1179\">Mittagessen mit Aussicht<\/strong><\/h4>\n<ul data-start=\"1182\" data-end=\"1277\">\n<li data-start=\"1182\" data-end=\"1277\">\n<p data-start=\"1184\" data-end=\"1277\">Genie\u00dfen Sie ein k\u00f6stliches <strong data-start=\"1203\" data-end=\"1221\">\u00c4gyptisches Mittagessen<\/strong> \ud83c\udf7d\ufe0f in einem traditionellen Restaurant mit Blick auf den Nil.<\/p>\n<\/li>\n<\/ul>\n<h4 data-start=\"1660\" data-end=\"1694\">\ud83c\udfdc\ufe0f <strong data-start=\"1669\" data-end=\"1692\">Tal der K\u00f6nige<\/strong><\/h4>\n<ul data-start=\"1695\" data-end=\"1798\">\n<li data-start=\"1695\" data-end=\"1798\">\n<p data-start=\"1697\" data-end=\"1798\">Entdecken Sie die antiken Gr\u00e4ber der legend\u00e4ren Pharaonen \u00c4gyptens, darunter das ber\u00fchmte Grab von Tutanchamun.<\/p>\n<\/li>\n<\/ul>\n<h4 data-start=\"1800\" data-end=\"1840\">\u26e9\ufe0f <strong data-start=\"1808\" data-end=\"1838\">Tempel der K\u00f6nigin Hatschepsut<\/strong><\/h4>\n<ul data-start=\"1841\" data-end=\"1924\">\n<li data-start=\"1841\" data-end=\"1924\">\n<p data-start=\"1843\" data-end=\"1924\">Bewundern Sie die einzigartige Architektur und Geschichte dieses pr\u00e4chtigen Totentempels.<\/p>\n<\/li>\n<\/ul>\n<h4 data-start=\"1926\" data-end=\"1957\"><strong data-start=\"1934\" data-end=\"1955\">\ud83c\udfdb\ufe0f Luxor-Tempel\u00a0<\/strong><\/h4>\n<ul data-start=\"1958\" data-end=\"2076\">\n<li data-start=\"1958\" data-end=\"2076\">\n<p data-start=\"1960\" data-end=\"2076\">Einer der sch\u00f6nsten Tempel des alten \u00c4gyptens, erbaut f\u00fcr den Gott Amun und ber\u00fchmt f\u00fcr seine majest\u00e4tische Architektur am Nil \u2728<\/p>\n<\/li>\n<\/ul>\n<h4 data-start=\"1926\" data-end=\"1957\">\ud83d\uddff <strong data-start=\"1934\" data-end=\"1955\">Kolosse von Memnon<\/strong><\/h4>\n<ul data-start=\"1958\" data-end=\"2076\">\n<li data-start=\"1958\" data-end=\"2076\">\n<p data-start=\"1960\" data-end=\"2076\">Machen Sie unvergessliche Fotos neben diesen ikonischen Statuen, die die thebanische Nekropole seit \u00fcber 3.000 Jahren bewachen.<\/p>\n<\/li>\n<\/ul>\n<h4 data-start=\"1279\" data-end=\"1316\">\ud83c\udfe8 <strong data-start=\"1287\" data-end=\"1314\">\u00dcbernachtung in Luxor<\/strong><\/h4>\n<ul data-start=\"1317\" data-end=\"1482\">\n<li data-start=\"1317\" data-end=\"1369\">\n<p data-start=\"1319\" data-end=\"1369\">Einchecken in eine <strong data-start=\"1333\" data-end=\"1363\">komfortables 4\u2605 oder 5\u2605 Hotel<\/strong> \ud83c\udfe8.<\/p>\n<\/li>\n<li data-start=\"1370\" data-end=\"1482\">\n<p data-start=\"1372\" data-end=\"1482\">Genie\u00dfen Sie die freie Zeit, um entlang der Nilk\u00fcste zu schlendern, die lokalen M\u00e4rkte zu besuchen \ud83d\udecd\ufe0f oder in Ihrem Hotel zu entspannen.<\/p>\n<\/li>\n<\/ul>\n<hr data-start=\"1484\" data-end=\"1487\" \/>\n<h3 data-start=\"1489\" data-end=\"1536\"><strong data-start=\"1493\" data-end=\"1534\">Tag 2: Erkundung des Westjordanlandes und R\u00fcckkehr<\/strong><\/h3>\n<h4 data-start=\"1538\" data-end=\"1569\">\ud83c\udf04 <strong data-start=\"1546\" data-end=\"1567\">Abenteuer am Morgen<\/strong><\/h4>\n<ul data-start=\"1570\" data-end=\"1658\">\n<li data-start=\"1570\" data-end=\"1658\">\n<p data-start=\"1572\" data-end=\"1658\">Nach dem Fr\u00fchst\u00fcck \u2615 \u00fcberqueren Sie den Nil und erkunden die faszinierende <strong data-start=\"1633\" data-end=\"1655\">Westufer von Luxor mit Ballon <\/strong>.<\/p>\n<\/li>\n<\/ul>\n<h4 data-start=\"2179\" data-end=\"2208\">\ud83d\ude90 <strong data-start=\"2187\" data-end=\"2206\">R\u00fcck\u00fcberweisung<\/strong><\/h4>\n<ul data-start=\"2209\" data-end=\"2297\">\n<li data-start=\"2209\" data-end=\"2297\">\n<p data-start=\"2211\" data-end=\"2297\">Kehren Sie mit unvergesslichen Erinnerungen an die Geschichte und Sch\u00f6nheit von Luxor zu Ihrem Hotel zur\u00fcck.<\/p>\n<\/li>\n<\/ul>\n<hr data-start=\"2299\" data-end=\"2302\" \/>\n<h3 data-start=\"2304\" data-end=\"2329\"><strong data-start=\"2308\" data-end=\"2327\">H\u00f6hepunkte der Tour<\/strong><\/h3>\n<ul data-start=\"2330\" data-end=\"2581\">\n<li data-start=\"2330\" data-end=\"2394\">\n<p data-start=\"2332\" data-end=\"2394\">Hin- und R\u00fccktransfer in einem modernen, klimatisierten Fahrzeug<\/p>\n<\/li>\n<li data-start=\"2395\" data-end=\"2448\">\n<p data-start=\"2397\" data-end=\"2448\">\ud83c\udfdb\ufe0f Gef\u00fchrte Touren mit einem professionellen \u00c4gyptologen<\/p>\n<\/li>\n<li data-start=\"2449\" data-end=\"2494\">\n<p data-start=\"2451\" data-end=\"2494\">\ud83c\udf74 2 Mittagessen in guten lokalen Restaurants<\/p>\n<\/li>\n<li data-start=\"2495\" data-end=\"2545\">\n<p data-start=\"2497\" data-end=\"2545\">\ud83c\udfe8 \u00dcbernachtung in Luxor (4\u2605 oder 5\u2605)<\/p>\n<\/li>\n<li data-start=\"2546\" data-end=\"2581\">\n<p data-start=\"2548\" data-end=\"2581\">\u26f4\ufe0f Nil\u00fcberquerung inklusive<\/p>\n<\/li>\n<\/ul>\n<hr data-start=\"2299\" data-end=\"2302\" \/>\n<h3 data-start=\"493\" data-end=\"529\">\ud83d\udde3\ufe0f <strong data-start=\"501\" data-end=\"527\">Wir sprechen Ihre Sprache<\/strong><\/h3>\n<ul data-start=\"530\" data-end=\"594\">\n<li>Polnisch<\/li>\n<li>Franz\u00f6sisch<\/li>\n<li>Englisch<\/li>\n<li>Deutsch<\/li>\n<li>Portugiesisch<\/li>\n<li>Spanisch<\/li>\n<li>...und mehr!<\/li>\n<\/ul>\n<p data-start=\"596\" data-end=\"678\">Woher Sie auch kommen, wir sorgen f\u00fcr eine reibungslose Kommunikation und eine pers\u00f6nliche Note.<\/p>\n<hr data-start=\"2299\" data-end=\"2302\" \/>\n<h3 data-start=\"2198\" data-end=\"2225\"><strong data-start=\"2205\" data-end=\"2223\">\ud83e\udd11 Preis der Exkursion<\/strong><\/h3>\n<p data-start=\"2228\" data-end=\"2260\"><strong data-start=\"2233\" data-end=\"2258\">\u00a0 \u00a0<img decoding=\"async\" class=\"emoji\" role=\"img\" draggable=\"false\" src=\"https:\/\/s.w.org\/images\/core\/emoji\/16.0.1\/svg\/1f64e-1f3fb-200d-2642-fe0f.svg\" alt=\"\ud83d\ude4e\ud83c\udffb\u200d\u2642\ufe0f\" \/> 12 Jahre und \u00e4lter 260 \u20ac<\/strong><\/p>\n<p data-start=\"2228\" data-end=\"2260\"><strong data-start=\"2263\" data-end=\"2280\">\u00a0 \u00a0<img decoding=\"async\" class=\"emoji\" role=\"img\" draggable=\"false\" src=\"https:\/\/s.w.org\/images\/core\/emoji\/16.0.1\/svg\/1f9cd-1f3fb-200d-2640-fe0f.svg\" alt=\"\ud83e\uddcd\ud83c\udffb\u200d\u2640\ufe0f\" \/> 4\/11 Jahre alt 150 \u20ac<\/strong><\/p>\n<p data-start=\"2228\" data-end=\"2260\"><strong data-start=\"2327\" data-end=\"2355\">\u00a0 \u00a0<img decoding=\"async\" class=\"emoji\" role=\"img\" draggable=\"false\" src=\"https:\/\/s.w.org\/images\/core\/emoji\/16.0.1\/svg\/1f47c-1f3fc.svg\" alt=\"\ud83d\udc7c\ud83c\udffc\" \/> -4 Jahre alt 20 \u20ac<\/strong><\/p>\n<h3 data-start=\"2198\" data-end=\"2225\"><strong data-start=\"2205\" data-end=\"2223\">Die Zahlung in USD ($ \ud83c\uddfa\ud83c\uddf8) anstelle von EUR (\ud83c\uddea\ud83c\uddfa) ist je nach Tageskurs der Bank m\u00f6glich.<\/strong><\/h3>\n<p><strong>Buchen Sie \u00fcber WhatsApp:<\/strong><\/p>\n<p><a href=\"https:\/\/api.whatsapp.com\/send\/?phone=01021058859\" target=\"_blank\" rel=\"noopener\">\u00a0<img decoding=\"async\" class=\"alignnone wp-image-2058\" src=\"https:\/\/poehalisnamiegypt.com\/wp-content\/uploads\/2024\/02\/pngwing.com_-300x300.png\" sizes=\"auto, (max-width: 35px) 100vw, 35px\" srcset=\"https:\/\/poehalisnamiegypt.com\/wp-content\/uploads\/2024\/02\/pngwing.com_-300x300.png 300w, https:\/\/poehalisnamiegypt.com\/wp-content\/uploads\/2024\/02\/pngwing.com_-150x150.png 150w, https:\/\/poehalisnamiegypt.com\/wp-content\/uploads\/2024\/02\/pngwing.com_.png 584w\" alt=\"\" width=\"53\" height=\"53\" \/><\/a><\/p>","protected":false},"excerpt":{"rendered":"<p>\ud83c\udf19 Luxor Overnight Trip \u2013 Two Days of Ancient Wonders &amp; Timeless Charm Uncover the secrets of ancient Egypt with our Luxor Overnight Tour, designed for travelers who wish to experience the treasures of Luxor at a more relaxed pace. This two-day journey allows you to explore the wonders of both the East and West [&hellip;]<\/p>","protected":false},"featured_media":9876,"comment_status":"open","ping_status":"closed","template":"","meta":{"_monsterinsights_skip_tracking":false,"_monsterinsights_sitenote_active":false,"_monsterinsights_sitenote_note":"","_monsterinsights_sitenote_category":0},"product_brand":[],"product_cat":[65],"product_tag":[],"class_list":{"0":"post-9873","1":"product","2":"type-product","3":"status-publish","4":"has-post-thumbnail","6":"product_cat-luxor","8":"first","9":"instock","10":"shipping-taxable","11":"purchasable","12":"product-type-ovabrw_car_rental"},"_links":{"self":[{"href":"https:\/\/redsea-dream-tours.com\/de\/wp-json\/wp\/v2\/product\/9873","targetHints":{"allow":["GET"]}}],"collection":[{"href":"https:\/\/redsea-dream-tours.com\/de\/wp-json\/wp\/v2\/product"}],"about":[{"href":"https:\/\/redsea-dream-tours.com\/de\/wp-json\/wp\/v2\/types\/product"}],"replies":[{"embeddable":true,"href":"https:\/\/redsea-dream-tours.com\/de\/wp-json\/wp\/v2\/comments?post=9873"}],"wp:featuredmedia":[{"embeddable":true,"href":"https:\/\/redsea-dream-tours.com\/de\/wp-json\/wp\/v2\/media\/9876"}],"wp:attachment":[{"href":"https:\/\/redsea-dream-tours.com\/de\/wp-json\/wp\/v2\/media?parent=9873"}],"wp:term":[{"taxonomy":"product_brand","embeddable":true,"href":"https:\/\/redsea-dream-tours.com\/de\/wp-json\/wp\/v2\/product_brand?post=9873"},{"taxonomy":"product_cat","embeddable":true,"href":"https:\/\/redsea-dream-tours.com\/de\/wp-json\/wp\/v2\/product_cat?post=9873"},{"taxonomy":"product_tag","embeddable":true,"href":"https:\/\/redsea-dream-tours.com\/de\/wp-json\/wp\/v2\/product_tag?post=9873"}],"curies":[{"name":"wp","href":"https:\/\/api.w.org\/{rel}","templated":true}]}}