{"id":9871,"date":"2025-09-07T10:54:13","date_gmt":"2025-09-07T10:54:13","guid":{"rendered":"https:\/\/redsea-dream-tours.com\/?post_type=product&#038;p=9871"},"modified":"2025-11-28T15:13:54","modified_gmt":"2025-11-28T15:13:54","slug":"luxor-vip-8-pax","status":"publish","type":"product","link":"https:\/\/redsea-dream-tours.com\/de\/produkt\/luxor-vip-8-pax\/","title":{"rendered":"Luxor VIP Tour: Privater Luxus f\u00fcr 8 G\u00e4ste"},"content":{"rendered":"<h3 data-start=\"209\" data-end=\"276\">\ud83d\ude90 <strong data-start=\"216\" data-end=\"274\">Luxor VIP Tour - Privates Erlebnis f\u00fcr bis zu 8 G\u00e4ste<\/strong><\/h3>\n<p data-start=\"278\" data-end=\"557\">Verw\u00f6hnen Sie sich mit dem <strong data-start=\"293\" data-end=\"329\">ultimative Luxusreise nach Luxor<\/strong>wo die Geschichte zwischen alten Tempeln, K\u00f6nigsgr\u00e4bern und zeitlosen Nillandschaften lebendig wird. Diese <strong data-start=\"428\" data-end=\"467\">VIP-Privatf\u00fchrung f\u00fcr bis zu 8 G\u00e4ste<\/strong> ist f\u00fcr Reisende gedacht, die Wert auf <strong data-start=\"504\" data-end=\"554\">Komfort, Exklusivit\u00e4t und individueller Service<\/strong>.<\/p>\n<hr data-start=\"559\" data-end=\"562\" \/>\n<h3 data-start=\"564\" data-end=\"613\">\ud83c\udf05 <strong data-start=\"571\" data-end=\"611\">Exklusive Abholung &amp; Privattransfer<\/strong><\/h3>\n<ul data-start=\"614\" data-end=\"895\">\n<li data-start=\"614\" data-end=\"727\">\n<p data-start=\"616\" data-end=\"727\">Genie\u00dfen Sie eine <strong data-start=\"624\" data-end=\"643\">private Abholung<\/strong> direkt von Ihrem Hotel oder Urlaubsort in einem <strong data-start=\"684\" data-end=\"721\">luxuri\u00f6ser klimatisierter Kleinbus<\/strong> \ud83d\ude90.<\/p>\n<\/li>\n<li data-start=\"728\" data-end=\"811\">\n<p data-start=\"730\" data-end=\"811\">Entspannen in <strong data-start=\"739\" data-end=\"759\">ger\u00e4umige Sitzgelegenheiten<\/strong> die f\u00fcr Ihren Komfort w\u00e4hrend der gesamten Reise ausgelegt sind.<\/p>\n<\/li>\n<li data-start=\"812\" data-end=\"895\">\n<p data-start=\"814\" data-end=\"895\">Kostenloses <strong data-start=\"828\" data-end=\"862\">Erfrischungen und Wasser in Flaschen<\/strong> \ud83d\udca7 werden auf dem Weg zur Verf\u00fcgung gestellt.<\/p>\n<\/li>\n<\/ul>\n<hr data-start=\"897\" data-end=\"900\" \/>\n<h3 data-start=\"902\" data-end=\"950\">\ud83c\udfdc\ufe0f <strong data-start=\"910\" data-end=\"948\">Erkunden Sie das zeitlose Westjordanland von Luxor<\/strong><\/h3>\n<p data-start=\"951\" data-end=\"1049\">Ihr privater \u00c4gyptologe f\u00fchrt Sie zu den ber\u00fchmtesten Sch\u00e4tzen der <strong data-start=\"1033\" data-end=\"1046\">Westjordanland<\/strong>:<\/p>\n<ul data-start=\"1050\" data-end=\"1384\">\n<li data-start=\"1050\" data-end=\"1151\">\n<p data-start=\"1052\" data-end=\"1151\"><strong data-start=\"1052\" data-end=\"1075\">Tal der K\u00f6nige<\/strong> \ud83c\udfdb\ufe0f - Erkunden Sie die antiken Grabst\u00e4tten der ber\u00fchmtesten Pharaonen \u00c4gyptens.<\/p>\n<\/li>\n<li data-start=\"1152\" data-end=\"1263\">\n<p data-start=\"1154\" data-end=\"1263\"><strong data-start=\"1154\" data-end=\"1175\">Hatschepsut-Tempel<\/strong> \u26e9\ufe0f - Bestaunen Sie die elegante Architektur des einzigen Totentempels eines weiblichen Pharaos.<\/p>\n<\/li>\n<li data-start=\"1264\" data-end=\"1384\">\n<p data-start=\"1266\" data-end=\"1384\"><strong data-start=\"1266\" data-end=\"1287\">Kolosse von Memnon<\/strong> \ud83d\uddff - Halten Sie unvergessliche Fotos neben diesen kolossalen Statuen fest, die seit Jahrtausenden stehen.<\/p>\n<\/li>\n<\/ul>\n<hr data-start=\"1386\" data-end=\"1389\" \/>\n<h3 data-start=\"1391\" data-end=\"1433\">\ud83c\udffa <strong data-start=\"1398\" data-end=\"1431\">East Bank Highlights mit Stil<\/strong><\/h3>\n<ul data-start=\"1434\" data-end=\"1664\">\n<li data-start=\"1434\" data-end=\"1539\">\n<p data-start=\"1436\" data-end=\"1539\">Besuchen Sie das pr\u00e4chtige <strong data-start=\"1458\" data-end=\"1483\">Karnak-Tempel-Komplex<\/strong> - eines der gr\u00f6\u00dften jemals errichteten religi\u00f6sen Bauwerke.<\/p>\n<\/li>\n<li data-start=\"1540\" data-end=\"1664\">\n<p data-start=\"1542\" data-end=\"1664\">Schlendern Sie durch antike Alleen mit Sphinxen und hoch aufragenden S\u00e4ulen, w\u00e4hrend Ihr Reisef\u00fchrer faszinierende Geheimnisse der Vergangenheit erz\u00e4hlt.<\/p>\n<\/li>\n<\/ul>\n<hr data-start=\"1666\" data-end=\"1669\" \/>\n<h3 data-start=\"1671\" data-end=\"1704\">\ud83c\udf74 <strong data-start=\"1678\" data-end=\"1702\">VIP-Lunch-Erlebnis<\/strong><\/h3>\n<p data-start=\"1705\" data-end=\"1880\">Genie\u00dfen Sie ein <strong data-start=\"1713\" data-end=\"1730\">Gourmet-Mittagessen<\/strong> \ud83c\udf7d\ufe0f in einem sorgf\u00e4ltig ausgew\u00e4hlten Restaurant direkt am Nil. Genie\u00dfen Sie authentische \u00e4gyptische K\u00fcche mit einem atemberaubenden Blick, der Ihrem Essen einen Hauch von Magie verleiht.<\/p>\n<hr data-start=\"1882\" data-end=\"1885\" \/>\n<h3 data-start=\"1887\" data-end=\"1931\">\ud83d\udecd\ufe0f <strong data-start=\"1895\" data-end=\"1929\">Individuelles Einkaufserlebnis<\/strong><\/h3>\n<p data-start=\"1932\" data-end=\"2078\">Halten Sie in exklusiven Gesch\u00e4ften und Basaren \ud83d\udecd\ufe0f an, um sie zu erkunden. <strong data-start=\"1983\" data-end=\"2053\">handgefertigte Souvenirs, Alabasterkunst und authentische \u00e4gyptische Waren<\/strong>und das alles in Ihrem eigenen Tempo.<\/p>\n<hr data-start=\"2080\" data-end=\"2083\" \/>\n<h3 data-start=\"2085\" data-end=\"2121\">\ud83c\udf07 <strong data-start=\"2092\" data-end=\"2119\">Nahtlose R\u00fcckreise<\/strong><\/h3>\n<p data-start=\"2122\" data-end=\"2296\">Beenden Sie Ihren Tag mit einem <strong data-start=\"2142\" data-end=\"2175\">bequeme Privatfahrt zur\u00fcck<\/strong> zu Ihrem Hotel, mit Erinnerungen an ein wahres <strong data-start=\"2216\" data-end=\"2269\">luxuri\u00f6se, problemlose und unvergessliche Reise<\/strong> durch die Wunder von Luxor.<\/p>\n<hr data-start=\"2298\" data-end=\"2301\" \/>\n<h3 data-start=\"493\" data-end=\"529\">\ud83d\udde3\ufe0f <strong data-start=\"501\" data-end=\"527\">Wir sprechen Ihre Sprache<\/strong><\/h3>\n<ul data-start=\"530\" data-end=\"594\">\n<li>Polnisch<\/li>\n<li>Franz\u00f6sisch<\/li>\n<li>Englisch<\/li>\n<li>Deutsch<\/li>\n<li>Portugiesisch<\/li>\n<li>Spanisch<\/li>\n<li>...und mehr!<\/li>\n<\/ul>\n<p data-start=\"596\" data-end=\"678\">Woher Sie auch kommen, wir sorgen f\u00fcr eine reibungslose Kommunikation und eine pers\u00f6nliche Note.<\/p>\n<hr data-start=\"2298\" data-end=\"2301\" \/>\n<h3 data-start=\"2303\" data-end=\"2343\"><strong data-start=\"2307\" data-end=\"2341\">Warum das VIP-Erlebnis?<\/strong><\/h3>\n<ul data-start=\"2344\" data-end=\"2584\">\n<li data-start=\"2344\" data-end=\"2398\">\n<p data-start=\"2346\" data-end=\"2398\">\ud83d\ude90 Privater Luxus-Transport f\u00fcr bis zu 8 Personen<\/p>\n<\/li>\n<li data-start=\"2399\" data-end=\"2446\">\n<p data-start=\"2401\" data-end=\"2446\">\ud83c\udfdb\ufe0f Pers\u00f6nlicher \u00c4gyptologe-F\u00fchrer-Service<\/p>\n<\/li>\n<li data-start=\"2447\" data-end=\"2490\">\n<p data-start=\"2449\" data-end=\"2490\">Premium-Mittagessen in einem malerischen Restaurant<\/p>\n<\/li>\n<li data-start=\"2491\" data-end=\"2538\">\n<p data-start=\"2493\" data-end=\"2538\">\u23f1\ufe0f Flexibler, auf Ihre Gruppe zugeschnittener Zeitplan<\/p>\n<\/li>\n<li data-start=\"2539\" data-end=\"2584\">\n<p data-start=\"2541\" data-end=\"2584\">\ud83d\udecd\ufe0f Exklusive Einkaufsstopps auf Anfrage<\/p>\n<\/li>\n<\/ul>\n<hr data-start=\"2298\" data-end=\"2301\" \/>\n<h3 data-start=\"2198\" data-end=\"2225\"><strong data-start=\"2205\" data-end=\"2223\">\ud83e\udd11 Preis der Exkursion<\/strong><\/h3>\n<p data-start=\"2228\" data-end=\"2260\"><strong data-start=\"2233\" data-end=\"2258\">\u00a0 \u00a0<img decoding=\"async\" class=\"emoji\" role=\"img\" draggable=\"false\" src=\"https:\/\/s.w.org\/images\/core\/emoji\/16.0.1\/svg\/1f64e-1f3fb-200d-2642-fe0f.svg\" alt=\"\ud83d\ude4e\ud83c\udffb\u200d\u2642\ufe0f\" \/> 12 Jahre und mehr 80 \u20ac<\/strong><\/p>\n<p data-start=\"2228\" data-end=\"2260\"><strong data-start=\"2263\" data-end=\"2280\">\u00a0 \u00a0<img decoding=\"async\" class=\"emoji\" role=\"img\" draggable=\"false\" src=\"https:\/\/s.w.org\/images\/core\/emoji\/16.0.1\/svg\/1f9cd-1f3fb-200d-2640-fe0f.svg\" alt=\"\ud83e\uddcd\ud83c\udffb\u200d\u2640\ufe0f\" \/> 6\/11 Jahre alt 40 \u20ac<\/strong><\/p>\n<p data-start=\"2228\" data-end=\"2260\"><strong data-start=\"2327\" data-end=\"2355\">\u00a0 \u00a0<img decoding=\"async\" class=\"emoji\" role=\"img\" draggable=\"false\" src=\"https:\/\/s.w.org\/images\/core\/emoji\/16.0.1\/svg\/1f47c-1f3fc.svg\" alt=\"\ud83d\udc7c\ud83c\udffc\" \/> - 6 Jahre alt 20 \u20ac<\/strong><\/p>\n<h3 data-start=\"2198\" data-end=\"2225\"><strong data-start=\"2205\" data-end=\"2223\">Die Zahlung in USD ($ \ud83c\uddfa\ud83c\uddf8) anstelle von EUR (\ud83c\uddea\ud83c\uddfa) ist je nach Tageskurs der Bank m\u00f6glich.<\/strong><\/h3>\n<p data-start=\"2228\" data-end=\"2260\"><strong>\ud83d\ude90\ud83c\udf0a F\u00fcr G\u00e4ste, die au\u00dferhalb von Hurghada-Stadt wohnen (Safaga - Makadi - Sahl Hasheesh - El Gouna), wird eine kleine zus\u00e4tzliche Transfergeb\u00fchr erhoben, damit Sie Ihr Abenteuer reibungslos und bequem erreichen.<\/strong><\/p>\n<p><strong>Buchen Sie \u00fcber WhatsApp:<\/strong><\/p>\n<p><a href=\"https:\/\/api.whatsapp.com\/send\/?phone=01021058859\" target=\"_blank\" rel=\"noopener\">\u00a0<img decoding=\"async\" class=\"alignnone wp-image-2058\" src=\"https:\/\/poehalisnamiegypt.com\/wp-content\/uploads\/2024\/02\/pngwing.com_-300x300.png\" sizes=\"auto, (max-width: 35px) 100vw, 35px\" srcset=\"https:\/\/poehalisnamiegypt.com\/wp-content\/uploads\/2024\/02\/pngwing.com_-300x300.png 300w, https:\/\/poehalisnamiegypt.com\/wp-content\/uploads\/2024\/02\/pngwing.com_-150x150.png 150w, https:\/\/poehalisnamiegypt.com\/wp-content\/uploads\/2024\/02\/pngwing.com_.png 584w\" alt=\"\" width=\"53\" height=\"53\" \/><\/a><\/p>\n<div id=\"gtx-trans\" style=\"position: absolute; left: 299px; top: 3.375px;\">\n<div class=\"gtx-trans-icon\"><\/div>\n<\/div>","protected":false},"excerpt":{"rendered":"<p>\ud83d\ude90 Luxor VIP Tour \u2013 Private Experience for up to 8 Guests Indulge in the ultimate luxury journey to Luxor, where history comes alive among ancient temples, royal tombs, and timeless Nile landscapes. This VIP private tour for up to 8 guests is designed for travelers who value comfort, exclusivity, and personalized service. \ud83c\udf05 Exclusive [&hellip;]<\/p>","protected":false},"featured_media":9868,"comment_status":"open","ping_status":"closed","template":"","meta":{"_monsterinsights_skip_tracking":false,"_monsterinsights_sitenote_active":false,"_monsterinsights_sitenote_note":"","_monsterinsights_sitenote_category":0},"product_brand":[],"product_cat":[65],"product_tag":[],"class_list":{"0":"post-9871","1":"product","2":"type-product","3":"status-publish","4":"has-post-thumbnail","6":"product_cat-luxor","8":"first","9":"instock","10":"shipping-taxable","11":"purchasable","12":"product-type-ovabrw_car_rental"},"_links":{"self":[{"href":"https:\/\/redsea-dream-tours.com\/de\/wp-json\/wp\/v2\/product\/9871","targetHints":{"allow":["GET"]}}],"collection":[{"href":"https:\/\/redsea-dream-tours.com\/de\/wp-json\/wp\/v2\/product"}],"about":[{"href":"https:\/\/redsea-dream-tours.com\/de\/wp-json\/wp\/v2\/types\/product"}],"replies":[{"embeddable":true,"href":"https:\/\/redsea-dream-tours.com\/de\/wp-json\/wp\/v2\/comments?post=9871"}],"wp:featuredmedia":[{"embeddable":true,"href":"https:\/\/redsea-dream-tours.com\/de\/wp-json\/wp\/v2\/media\/9868"}],"wp:attachment":[{"href":"https:\/\/redsea-dream-tours.com\/de\/wp-json\/wp\/v2\/media?parent=9871"}],"wp:term":[{"taxonomy":"product_brand","embeddable":true,"href":"https:\/\/redsea-dream-tours.com\/de\/wp-json\/wp\/v2\/product_brand?post=9871"},{"taxonomy":"product_cat","embeddable":true,"href":"https:\/\/redsea-dream-tours.com\/de\/wp-json\/wp\/v2\/product_cat?post=9871"},{"taxonomy":"product_tag","embeddable":true,"href":"https:\/\/redsea-dream-tours.com\/de\/wp-json\/wp\/v2\/product_tag?post=9871"}],"curies":[{"name":"wp","href":"https:\/\/api.w.org\/{rel}","templated":true}]}}