{"id":11254,"date":"2025-11-21T16:18:27","date_gmt":"2025-11-21T16:18:27","guid":{"rendered":"https:\/\/redsea-dream-tours.com\/?post_type=product&#038;p=11254"},"modified":"2026-02-26T04:03:16","modified_gmt":"2026-02-26T04:03:16","slug":"nefertari-trip-hurghada-makadi","status":"publish","type":"product","link":"https:\/\/redsea-dream-tours.com\/de\/produkt\/nefertari-trip-hurghada-makadi\/","title":{"rendered":"Nefertari Trip - Die beste Luxus-Bootsfahrt in Hurghada &amp; Makadi Bay"},"content":{"rendered":"<h1 data-path-to-node=\"3\" data-rm-block-id=\"block-1\"><b data-path-to-node=\"3\" data-index-in-node=\"0\">Nefertari Trip - Die beste Luxus-Bootsfahrt in Hurghada &amp; Makadi Bay<\/b> \ud83d\udee5\ufe0f\ud83c\udf0a<\/h1>\n<p data-path-to-node=\"4\" data-rm-block-id=\"block-2\">Erleben Sie die ultimative <b data-path-to-node=\"4\" data-index-in-node=\"24\">Ausfl\u00fcge zum Roten Meer<\/b> mit dem ber\u00fchmten <b data-path-to-node=\"4\" data-index-in-node=\"59\">Nefertari-Reise<\/b>. Ob Sie nun in <b data-path-to-node=\"4\" data-index-in-node=\"102\">Makadi-Bucht<\/b> oder <b data-path-to-node=\"4\" data-index-in-node=\"116\">Hurghada<\/b>, Diese einzigartige Kreuzfahrt bietet zweimal am Tag eine Mischung aus Luxus und Abenteuer:<\/p>\n<ul data-path-to-node=\"5\">\n<li>\n<p data-path-to-node=\"5,0,0\" data-rm-block-id=\"block-3\"><b data-path-to-node=\"5,0,0\" data-index-in-node=\"0\">Ausflug am Morgen:<\/b> 9:00 - 13:30 UHR \ud83c\udf05<\/p>\n<\/li>\n<li>\n<p data-path-to-node=\"5,1,0\" data-rm-block-id=\"block-4\"><b data-path-to-node=\"5,1,0\" data-index-in-node=\"0\">Ausflug am Nachmittag:<\/b> 14:00 - 18:00 UHR \ud83c\udf07<\/p>\n<\/li>\n<\/ul>\n<h3 data-path-to-node=\"6\" data-rm-block-id=\"block-5\"><b data-path-to-node=\"6\" data-index-in-node=\"0\">Warum die Nefertari Yacht Experience w\u00e4hlen?<\/b> \u2728<\/h3>\n<p data-path-to-node=\"7\" data-rm-block-id=\"block-6\"><b data-path-to-node=\"7\" data-index-in-node=\"0\">1\ufe0f\u20e3 Segeln zum ersten Spot (30 min)<\/b> Starten Sie Ihre Reise vom Yachthafen aus und genie\u00dfen Sie eine ruhige Fahrt auf den meisten <b data-path-to-node=\"7\" data-index-in-node=\"110\">luxuri\u00f6se Jacht<\/b> in der Region. Entspannen Sie sich und genie\u00dfen Sie die atemberaubende Aussicht auf die <b data-path-to-node=\"7\" data-index-in-node=\"185\">Rotes Meer<\/b> K\u00fcstenlinie.<\/p>\n<p data-path-to-node=\"8\" data-rm-block-id=\"block-7\"><b data-path-to-node=\"8\" data-index-in-node=\"0\">2\ufe0f\u20e3 Semi-U-Boot-Erlebnis (45 min)<\/b> Erforsche die Unterwasserwelt, ohne nass zu werden! Unser <b data-path-to-node=\"8\" data-index-in-node=\"93\">U-Boot-Tour<\/b> erm\u00f6glicht es Ihnen, lebendig zu sehen <b data-path-to-node=\"8\" data-index-in-node=\"134\">Korallenb\u00e4nke<\/b> und exotische Meeresbewohner durch gro\u00dfe Panoramafenster. Es ist eine der besten <b data-path-to-node=\"8\" data-index-in-node=\"222\">Dinge zu tun in Hurghada<\/b> f\u00fcr Familien.<\/p>\n<p data-path-to-node=\"9\" data-rm-block-id=\"block-8\"><b data-path-to-node=\"9\" data-index-in-node=\"0\">3\ufe0f\u20e3 Pharaonische Kost\u00fcme &amp; Fotosession (45 min)<\/b> Betreten Sie unseren Salon an Bord, ziehen Sie authentische <b data-path-to-node=\"9\" data-index-in-node=\"94\">Pharaonische Kost\u00fcme<\/b>, und genie\u00dfen Sie ein unvergessliches Fotoshooting. Diese k\u00f6nigliche Erfahrung macht es zu einem einzigartigen <b data-path-to-node=\"9\" data-index-in-node=\"200\">Seereise<\/b> in \u00c4gypten.<\/p>\n<p data-path-to-node=\"10\" data-rm-block-id=\"block-9\"><b data-path-to-node=\"10\" data-index-in-node=\"0\">4\ufe0f\u20e3 Schnorcheln im Roten Meer (45 min)<\/b> Wir bringen Sie zum <b data-path-to-node=\"10\" data-index-in-node=\"58\">beste Schnorchelpl\u00e4tze<\/b> in der N\u00e4he von Hurghada. Tauchen Sie in kristallklarem Wasser, um zwischen bunten Fischen zu schwimmen und die Sch\u00f6nheit der <b data-path-to-node=\"10\" data-index-in-node=\"184\">Rotes Meer<\/b> aus erster Hand. \ud83e\udd3f\ud83d\udc1f<\/p>\n<p data-path-to-node=\"11\" data-rm-block-id=\"block-10\"><b data-path-to-node=\"11\" data-index-in-node=\"0\">5\ufe0f\u20e3 Gourmet Meeresfr\u00fcchte Mittag- oder Abendessen<\/b> Genie\u00dfen Sie ein k\u00f6stliches Men\u00fc, das frisch an Bord serviert wird. W\u00e4hlen Sie zwischen:<\/p>\n<ul data-path-to-node=\"12\">\n<li>\n<p data-path-to-node=\"12,0,0\" data-rm-block-id=\"block-11\">\ud83c\udf64 <b data-path-to-node=\"12,0,0\" data-index-in-node=\"3\">Frische Meeresfr\u00fcchte<\/b> (Sehr zu empfehlen!)<\/p>\n<\/li>\n<li>\n<p data-path-to-node=\"12,1,0\" data-rm-block-id=\"block-12\">\ud83c\udf57 Gegrilltes H\u00e4hnchen Eine s\u00e4ttigende Mahlzeit ist das Markenzeichen unserer <b data-path-to-node=\"12,1,0\" data-index-in-node=\"60\">Luxus-Bootsfahrten<\/b>.<\/p>\n<\/li>\n<\/ul>\n<p data-path-to-node=\"13\" data-rm-block-id=\"block-13\"><b data-path-to-node=\"13\" data-index-in-node=\"0\">6\ufe0f\u20e3 Entspanntes Segeln zur\u00fcck zur Marina<\/b> Beenden Sie Ihr <b data-path-to-node=\"13\" data-index-in-node=\"46\">Tagestour<\/b> mit einer ruhigen R\u00fcckfahrt, bei der Sie die perfekte Meeresbrise und Atmosph\u00e4re genie\u00dfen k\u00f6nnen. \ud83c\udf24\ufe0f\ud83d\udee5\ufe0f<\/p>\n<hr data-path-to-node=\"14\" data-rm-block-id=\"block-14\" \/>\n<h3 data-path-to-node=\"15\" data-rm-block-id=\"block-15\"><b data-path-to-node=\"15\" data-index-in-node=\"0\">\ud83e\udd11 Exkursion Preis &amp; Buchung<\/b><\/h3>\n<p data-path-to-node=\"16\" data-rm-block-id=\"block-16\">Wenn Sie auf der Suche nach dem besten <b data-path-to-node=\"16\" data-index-in-node=\"32\">\u00c4gypten Tour Angebote<\/b>, bietet die Nefertari-Reise ein hervorragendes Preis-Leistungs-Verh\u00e4ltnis:<\/p>\n<ul data-path-to-node=\"17\">\n<li>\n<p data-path-to-node=\"17,0,0\" data-rm-block-id=\"block-17\"><b data-path-to-node=\"17,0,0\" data-index-in-node=\"0\">Erwachsene (ab 11 Jahren):<\/b> 75 \u20ac<\/p>\n<\/li>\n<li>\n<p data-path-to-node=\"17,1,0\" data-rm-block-id=\"block-18\"><b data-path-to-node=\"17,1,0\" data-index-in-node=\"0\">Kinder (5-11 Jahre):<\/b> 40 \u20ac<\/p>\n<\/li>\n<li>\n<p data-path-to-node=\"17,2,0\" data-rm-block-id=\"block-19\"><b data-path-to-node=\"17,2,0\" data-index-in-node=\"0\">Kleinkinder (unter 5 Jahren):<\/b> <b data-path-to-node=\"17,2,0\" data-index-in-node=\"19\">Kostenlos<\/b><\/p>\n<\/li>\n<\/ul>\n<p data-path-to-node=\"18\" data-rm-block-id=\"block-20\"><i data-path-to-node=\"18\" data-index-in-node=\"0\">Hinweis: Maske und Flossen k\u00f6nnen gegen einen Aufpreis von 5 \u20ac pro St\u00fcck f\u00fcr Ihr Unterwasserabenteuer ausgeliehen werden!<\/i><\/p>\n<p data-path-to-node=\"19\" data-rm-block-id=\"block-21\"><i data-path-to-node=\"19\" data-index-in-node=\"0\">Die Zahlung kann in USD ($ \ud83c\uddfa\ud83c\uddf8) oder EUR (\ud83c\uddea\ud83c\uddfa) erfolgen, je nach Tageskurs der Bank.<\/i><\/p>\n<p data-path-to-node=\"19\" data-rm-block-id=\"block-21\"><img fetchpriority=\"high\" decoding=\"async\" class=\"alignnone size-medium wp-image-11263\" src=\"https:\/\/redsea-dream-tours.com\/wp-content\/uploads\/2025\/11\/ae-300x200.jpg\" alt=\"Nefertari luxury pharaonic yacht in Hurghada Red Sea\" width=\"300\" height=\"200\" srcset=\"https:\/\/redsea-dream-tours.com\/wp-content\/uploads\/2025\/11\/ae-300x200.jpg 300w, https:\/\/redsea-dream-tours.com\/wp-content\/uploads\/2025\/11\/ae-18x12.jpg 18w, https:\/\/redsea-dream-tours.com\/wp-content\/uploads\/2025\/11\/ae-636x426.jpg 636w, https:\/\/redsea-dream-tours.com\/wp-content\/uploads\/2025\/11\/ae-600x400.jpg 600w, https:\/\/redsea-dream-tours.com\/wp-content\/uploads\/2025\/11\/ae.jpg 669w\" sizes=\"(max-width: 300px) 100vw, 300px\" \/><\/p>","protected":false},"excerpt":{"rendered":"<p>Book the Nefertari trip Hurghada &amp; Makadi! Enjoy a luxury yacht cruise with a submarine experience, Pharaonic photoshoot, snorkeling &amp; fresh seafood lunch<\/p>","protected":false},"featured_media":11263,"comment_status":"open","ping_status":"closed","template":"","meta":{"_monsterinsights_skip_tracking":false,"_monsterinsights_sitenote_active":false,"_monsterinsights_sitenote_note":"","_monsterinsights_sitenote_category":0},"product_brand":[],"product_cat":[68],"product_tag":[],"class_list":{"0":"post-11254","1":"product","2":"type-product","3":"status-publish","4":"has-post-thumbnail","6":"product_cat-sea","8":"first","9":"instock","10":"shipping-taxable","11":"purchasable","12":"product-type-ovabrw_car_rental"},"_links":{"self":[{"href":"https:\/\/redsea-dream-tours.com\/de\/wp-json\/wp\/v2\/product\/11254","targetHints":{"allow":["GET"]}}],"collection":[{"href":"https:\/\/redsea-dream-tours.com\/de\/wp-json\/wp\/v2\/product"}],"about":[{"href":"https:\/\/redsea-dream-tours.com\/de\/wp-json\/wp\/v2\/types\/product"}],"replies":[{"embeddable":true,"href":"https:\/\/redsea-dream-tours.com\/de\/wp-json\/wp\/v2\/comments?post=11254"}],"wp:featuredmedia":[{"embeddable":true,"href":"https:\/\/redsea-dream-tours.com\/de\/wp-json\/wp\/v2\/media\/11263"}],"wp:attachment":[{"href":"https:\/\/redsea-dream-tours.com\/de\/wp-json\/wp\/v2\/media?parent=11254"}],"wp:term":[{"taxonomy":"product_brand","embeddable":true,"href":"https:\/\/redsea-dream-tours.com\/de\/wp-json\/wp\/v2\/product_brand?post=11254"},{"taxonomy":"product_cat","embeddable":true,"href":"https:\/\/redsea-dream-tours.com\/de\/wp-json\/wp\/v2\/product_cat?post=11254"},{"taxonomy":"product_tag","embeddable":true,"href":"https:\/\/redsea-dream-tours.com\/de\/wp-json\/wp\/v2\/product_tag?post=11254"}],"curies":[{"name":"wp","href":"https:\/\/api.w.org\/{rel}","templated":true}]}}