{"id":11184,"date":"2025-11-05T21:41:45","date_gmt":"2025-11-05T21:41:45","guid":{"rendered":"https:\/\/redsea-dream-tours.com\/?post_type=product&#038;p=11184"},"modified":"2025-11-28T14:17:03","modified_gmt":"2025-11-28T14:17:03","slug":"nile-cruise-aswan-luxor","status":"publish","type":"product","link":"https:\/\/redsea-dream-tours.com\/de\/produkt\/nile-cruise-aswan-luxor\/","title":{"rendered":"Nil-Kreuzfahrt: Luxor-Aswan-Tempel &amp; Flussmagie"},"content":{"rendered":"<p data-start=\"122\" data-end=\"224\">\ud83d\udea2\u2728 <strong data-start=\"126\" data-end=\"218\">Nilkreuzfahrt zwischen Assuan &amp; Luxor - Eine Reise durch die Geschichte und den Zauber des Nils!<\/strong> \u2728\ud83c\udf05<\/p>\n<p data-start=\"226\" data-end=\"414\">Begeben Sie sich auf eines der bezauberndsten Erlebnisse in \u00c4gypten - eine <strong data-start=\"283\" data-end=\"333\">luxuri\u00f6se Reise entlang des zeitlosen Nils<\/strong>, wo Geschichte, Kultur und Eleganz in perfekter Harmonie zusammenflie\u00dfen. \ud83c\udf0a\ud83c\uddea\ud83c\uddec<\/p>\n<p data-start=\"416\" data-end=\"730\">Steigen Sie an Bord eines <strong data-start=\"430\" data-end=\"455\">schwimmendes Luxushotel<\/strong> \ud83d\udef3\ufe0f und wachen jeden Morgen mit einem atemberaubenden Blick auf den <strong data-start=\"514\" data-end=\"537\">goldene W\u00fcstenh\u00fcgel<\/strong>, <strong data-start=\"539\" data-end=\"558\">\u00fcppige Palmen<\/strong>und die <strong data-start=\"568\" data-end=\"597\">die ruhigen Gew\u00e4sser des Nils<\/strong> \ud83c\udf34\u2600\ufe0f.<br data-start=\"603\" data-end=\"606\" \/>W\u00e4hrend der Fahrt werden Sie Zeuge von Tempeln und Monumenten, die seit Jahrtausenden stehen - stille W\u00e4chter der glorreichen Vergangenheit \u00c4gyptens. \ud83c\udfdb\ufe0f\u2728<\/p>\n<hr data-start=\"732\" data-end=\"735\" \/>\n<h3 data-start=\"493\" data-end=\"529\">\ud83d\udde3\ufe0f <strong data-start=\"501\" data-end=\"527\">Wir sprechen Ihre Sprache<\/strong><\/h3>\n<ul data-start=\"530\" data-end=\"594\">\n<li>Polnisch<\/li>\n<li>Franz\u00f6sisch<\/li>\n<li>Englisch<\/li>\n<li>Deutsch<\/li>\n<li>Portugiesisch<\/li>\n<li>Spanisch<\/li>\n<li>...und mehr!<\/li>\n<\/ul>\n<p data-start=\"596\" data-end=\"678\">Woher Sie auch kommen, wir sorgen f\u00fcr eine reibungslose Kommunikation und eine pers\u00f6nliche Note.<\/p>\n<hr data-start=\"732\" data-end=\"735\" \/>\n<h3 data-start=\"737\" data-end=\"769\">\ud83d\udd50 <strong data-start=\"744\" data-end=\"767\">Vorgeschlagene Reiseroute<\/strong><\/h3>\n<p data-start=\"770\" data-end=\"824\"><em data-start=\"770\" data-end=\"822\">(Vollst\u00e4ndig anpassbar nach Ihren W\u00fcnschen)<\/em><\/p>\n<p data-start=\"826\" data-end=\"846\">\ud83d\udd39 <strong data-start=\"829\" data-end=\"841\">In Luxor<\/strong> \ud83c\udf07<\/p>\n<ul data-start=\"847\" data-end=\"1574\">\n<li data-start=\"847\" data-end=\"950\">\n<p data-start=\"849\" data-end=\"950\"><strong data-start=\"849\" data-end=\"866\">Karnak-Tempel<\/strong> - Die gr\u00f6\u00dfte Tempelanlage der Welt, ein Meisterwerk der antiken Architektur.<\/p>\n<\/li>\n<li data-start=\"951\" data-end=\"1033\">\n<p data-start=\"953\" data-end=\"1033\"><strong data-start=\"953\" data-end=\"969\">Luxor-Tempel<\/strong> - Ein pr\u00e4chtiges Denkmal, das bei Nacht wundersch\u00f6n beleuchtet ist \ud83c\udf19.<\/p>\n<\/li>\n<li data-start=\"1034\" data-end=\"1141\">\n<p data-start=\"1036\" data-end=\"1141\"><strong data-start=\"1036\" data-end=\"1059\">Tal der K\u00f6nige<\/strong> - Ewige Ruhest\u00e4tte der gr\u00f6\u00dften Pharaonen \u00c4gyptens, darunter Tutanchamun \ud83d\udc51.<\/p>\n<\/li>\n<li data-start=\"1142\" data-end=\"1229\">\n<p data-start=\"1144\" data-end=\"1229\"><strong data-start=\"1144\" data-end=\"1168\">Tal der K\u00f6niginnen<\/strong> - Erkunden Sie die elegant geschm\u00fcckten Gr\u00e4ber der k\u00f6niglichen Frauen \ud83d\udcab.<\/p>\n<\/li>\n<li data-start=\"1230\" data-end=\"1361\">\n<p data-start=\"1232\" data-end=\"1361\"><strong data-start=\"1232\" data-end=\"1256\">Hatschepsut-Tempel<\/strong> - Das majest\u00e4tische Heiligtum von \u00c4gyptens m\u00e4chtigster K\u00f6nigin, das in die Felsen von Deir el-Bahari gehauen wurde \ud83c\udfdc\ufe0f.<\/p>\n<\/li>\n<li data-start=\"1362\" data-end=\"1468\">\n<p data-start=\"1364\" data-end=\"1468\"><strong data-start=\"1364\" data-end=\"1385\">Kolosse von Memnon<\/strong> - Die beiden riesigen W\u00e4chter, die die thebanische Nekropole seit Jahrtausenden bewachen.<\/p>\n<\/li>\n<li data-start=\"1469\" data-end=\"1574\">\n<p data-start=\"1471\" data-end=\"1574\"><strong data-start=\"1471\" data-end=\"1493\">Alabaster-Werkstatt<\/strong> - Beobachten Sie, wie geschickte Handwerker diesen uralten Stein so bearbeiten, wie es ihre Vorfahren einst taten.<\/p>\n<\/li>\n<\/ul>\n<p data-start=\"1576\" data-end=\"1703\">\ud83c\udf88 <strong data-start=\"1579\" data-end=\"1603\">Hei\u00dfluftballon-Fahrt<\/strong> - Schweben Sie bei Sonnenaufgang \u00fcber den Tempeln von Luxor und dem Nil und erleben Sie einen magischen, einmaligen Ausblick! \u2600\ufe0f\ud83c\udf88<\/p>\n<p data-start=\"1705\" data-end=\"1725\">\ud83d\udd39 <strong data-start=\"1708\" data-end=\"1720\">In Assuan<\/strong> \ud83c\udf34<\/p>\n<ul data-start=\"1726\" data-end=\"2178\">\n<li data-start=\"1726\" data-end=\"1808\">\n<p data-start=\"1728\" data-end=\"1808\"><strong data-start=\"1728\" data-end=\"1745\">Philae-Tempel<\/strong> - Der Inseltempel der Liebe und Verehrung der G\u00f6ttin Isis \ud83d\udc95.<\/p>\n<\/li>\n<li data-start=\"1809\" data-end=\"1885\">\n<p data-start=\"1811\" data-end=\"1885\"><strong data-start=\"1811\" data-end=\"1823\">Hoher Damm<\/strong> - Ein Symbol des modernen \u00c4gyptens und ein Triumph der Ingenieurskunst \u2699\ufe0f.<\/p>\n<\/li>\n<li data-start=\"1886\" data-end=\"1988\">\n<p data-start=\"1888\" data-end=\"1988\"><strong data-start=\"1888\" data-end=\"1910\">Abu Simbel-Tempel<\/strong> - Das kolossale Meisterwerk von Ramses II., das in den Berghang gehauen wurde \ud83c\udfd4\ufe0f\u2728.<\/p>\n<\/li>\n<li data-start=\"1989\" data-end=\"2084\">\n<p data-start=\"1991\" data-end=\"2084\"><strong data-start=\"1991\" data-end=\"2010\">Kom Ombo-Tempel<\/strong> - Ein seltener Doppeltempel, der zwei G\u00f6ttern gewidmet ist, perfekt symmetrisch \u2696\ufe0f.<\/p>\n<\/li>\n<li data-start=\"2085\" data-end=\"2178\">\n<p data-start=\"2087\" data-end=\"2178\"><strong data-start=\"2087\" data-end=\"2102\">Edfu-Tempel<\/strong> - Der Horus-Tempel, eines der besterhaltenen Heiligt\u00fcmer \u00c4gyptens \ud83e\udd85.<\/p>\n<\/li>\n<\/ul>\n<hr data-start=\"2180\" data-end=\"2183\" \/>\n<h3 data-start=\"2185\" data-end=\"2213\">\ud83c\udf1f <strong data-start=\"2192\" data-end=\"2211\">H\u00f6hepunkte der Reise<\/strong><\/h3>\n<ul data-start=\"2214\" data-end=\"2639\">\n<li data-start=\"2214\" data-end=\"2302\">\n<p data-start=\"2216\" data-end=\"2302\">\u2728 Vollst\u00e4ndig <strong data-start=\"2224\" data-end=\"2249\">anpassbare Programme<\/strong> - w\u00e4hlen Sie Ihre Route (Luxor \u279d Assuan oder umgekehrt).<\/p>\n<\/li>\n<li data-start=\"2303\" data-end=\"2384\">\n<p data-start=\"2305\" data-end=\"2384\">\ud83d\udcb0 Der Preis variiert je nach <strong data-start=\"2330\" data-end=\"2381\">Dauer, Kreuzfahrtkategorie und eingeschlossene Tempel<\/strong>.<\/p>\n<\/li>\n<li data-start=\"2385\" data-end=\"2468\">\n<p data-start=\"2387\" data-end=\"2468\">\ud83e\udded Gef\u00fchrt von einem <strong data-start=\"2402\" data-end=\"2431\">professioneller \u00c4gyptologe<\/strong>und erweckt die Geschichte lebendig zum Leben.<\/p>\n<\/li>\n<li data-start=\"2469\" data-end=\"2558\">\n<p data-start=\"2471\" data-end=\"2558\">\ud83c\udf7d\ufe0f <strong data-start=\"2475\" data-end=\"2510\">Luxusunterkunft mit Vollpension<\/strong>mit internationalen und orientalischen Gerichten.<\/p>\n<\/li>\n<li data-start=\"2559\" data-end=\"2639\">\n<p data-start=\"2561\" data-end=\"2639\">\ud83c\udfb6 <strong data-start=\"2564\" data-end=\"2589\">Abendunterhaltung<\/strong> mit nubischer Musik und orientalischen Folklorevorf\u00fchrungen \ud83d\udc83.<\/p>\n<\/li>\n<\/ul>\n<hr data-start=\"2641\" data-end=\"2644\" \/>\n<p data-start=\"2646\" data-end=\"2916\">\ud83c\udf05 <strong data-start=\"2649\" data-end=\"2690\">Die Nilkreuzfahrt ist nicht nur eine Reise...<\/strong><br data-start=\"2690\" data-end=\"2693\" \/>Es ist ein <strong data-start=\"2700\" data-end=\"2736\">Reise zwischen Vergangenheit und Gegenwart<\/strong>wo jeder Sonnenaufgang die Geschichte zum Leben erweckt und jeder Sonnenuntergang die Geschichten der Pharaonen fl\u00fcstert.<br data-start=\"2835\" data-end=\"2838\" \/>\ud83d\udc9b Sp\u00fcre den Rhythmus des Nils - <strong data-start=\"2871\" data-end=\"2908\">ewig, majest\u00e4tisch, unvergesslich.<\/strong> \ud83c\uddea\ud83c\uddec\u2728<\/p>\n<hr data-start=\"2641\" data-end=\"2644\" \/>\n<p data-start=\"2646\" data-end=\"2916\"><strong data-start=\"50\" data-end=\"59\">\ud83e\udd11 Exkursionspreis<\/strong><br data-start=\"59\" data-end=\"62\" \/>Der Preis h\u00e4ngt vom Programm ab, das der Gast gew\u00e4hlt hat, davon, ob es Tempelbesuche beinhaltet oder von der Art der Kabine auf der Kreuzfahrt.<\/p>\n<hr data-start=\"2641\" data-end=\"2644\" \/>\n<h3 data-start=\"2198\" data-end=\"2225\"><strong data-start=\"2205\" data-end=\"2223\">Die Zahlung in USD ($ \ud83c\uddfa\ud83c\uddf8) anstelle von EUR (\ud83c\uddea\ud83c\uddfa) ist je nach Tageskurs der Bank m\u00f6glich.<\/strong><\/h3>\n<div id=\"gtx-trans\" style=\"position: absolute; left: 230px; top: 47.8px;\">\n<div class=\"gtx-trans-icon\"><\/div>\n<\/div>\n<div id=\"gtx-trans\" style=\"position: absolute; left: 230px; top: 47.8px;\">\n<div class=\"gtx-trans-icon\"><\/div>\n<\/div>","protected":false},"excerpt":{"rendered":"<p>\ud83d\udea2\u2728 Nile Cruise between Aswan &amp; Luxor \u2013 A Journey Through History and the Magic of the Nile! \u2728\ud83c\udf05 Embark on one of Egypt\u2019s most enchanting experiences \u2014 a luxurious voyage along the timeless Nile River, where history, culture, and elegance flow together in perfect harmony. \ud83c\udf0a\ud83c\uddea\ud83c\uddec Step aboard a deluxe floating hotel \ud83d\udef3\ufe0f and [&hellip;]<\/p>","protected":false},"featured_media":11178,"comment_status":"open","ping_status":"closed","template":"","meta":{"_monsterinsights_skip_tracking":false,"_monsterinsights_sitenote_active":false,"_monsterinsights_sitenote_note":"","_monsterinsights_sitenote_category":0},"product_brand":[],"product_cat":[65],"product_tag":[],"class_list":{"0":"post-11184","1":"product","2":"type-product","3":"status-publish","4":"has-post-thumbnail","6":"product_cat-luxor","8":"first","9":"instock","10":"shipping-taxable","11":"product-type-ovabrw_car_rental"},"_links":{"self":[{"href":"https:\/\/redsea-dream-tours.com\/de\/wp-json\/wp\/v2\/product\/11184","targetHints":{"allow":["GET"]}}],"collection":[{"href":"https:\/\/redsea-dream-tours.com\/de\/wp-json\/wp\/v2\/product"}],"about":[{"href":"https:\/\/redsea-dream-tours.com\/de\/wp-json\/wp\/v2\/types\/product"}],"replies":[{"embeddable":true,"href":"https:\/\/redsea-dream-tours.com\/de\/wp-json\/wp\/v2\/comments?post=11184"}],"wp:featuredmedia":[{"embeddable":true,"href":"https:\/\/redsea-dream-tours.com\/de\/wp-json\/wp\/v2\/media\/11178"}],"wp:attachment":[{"href":"https:\/\/redsea-dream-tours.com\/de\/wp-json\/wp\/v2\/media?parent=11184"}],"wp:term":[{"taxonomy":"product_brand","embeddable":true,"href":"https:\/\/redsea-dream-tours.com\/de\/wp-json\/wp\/v2\/product_brand?post=11184"},{"taxonomy":"product_cat","embeddable":true,"href":"https:\/\/redsea-dream-tours.com\/de\/wp-json\/wp\/v2\/product_cat?post=11184"},{"taxonomy":"product_tag","embeddable":true,"href":"https:\/\/redsea-dream-tours.com\/de\/wp-json\/wp\/v2\/product_tag?post=11184"}],"curies":[{"name":"wp","href":"https:\/\/api.w.org\/{rel}","templated":true}]}}