{"id":11011,"date":"2025-09-21T22:57:44","date_gmt":"2025-09-21T22:57:44","guid":{"rendered":"https:\/\/redsea-dream-tours.com\/?post_type=product&#038;p=11011"},"modified":"2025-11-28T14:23:27","modified_gmt":"2025-11-28T14:23:27","slug":"mini-safari","status":"publish","type":"product","link":"https:\/\/redsea-dream-tours.com\/de\/produkt\/mini-safari\/","title":{"rendered":"Quad-Abenteuer: W\u00fcstenfahrt &amp; Beduinenerlebnis"},"content":{"rendered":"<p data-start=\"0\" data-end=\"46\">\ud83c\udfcd\ufe0f <strong data-start=\"4\" data-end=\"41\">Quad-Bike-Abenteuer in Marsa Alam<\/strong> \ud83c\udf05<\/p>\n<p data-start=\"48\" data-end=\"264\">Machen Sie sich bereit f\u00fcr ein adrenalingeladenes Erlebnis durch den goldenen Sand und entlang der atemberaubenden K\u00fcste des Roten Meeres! Ob Sie ein kurzes Abenteuer oder eine komplette W\u00fcstenreise bevorzugen - wir haben die perfekte Fahrt f\u00fcr Sie. \ud83c\udfdc\ufe0f\u2728<\/p>\n<hr data-start=\"266\" data-end=\"269\" \/>\n<p data-start=\"271\" data-end=\"315\">\ud83d\udeb4\u200d\u2642\ufe0f <strong data-start=\"277\" data-end=\"313\">Programm 1: 2-st\u00fcndige Quad-Tour<\/strong><\/p>\n<p data-start=\"317\" data-end=\"424\">Ein rasantes, aufregendes Erlebnis f\u00fcr Abenteuerlustige, die den wilden Geist der W\u00fcste sp\u00fcren wollen! \ud83d\udca8<\/p>\n<p data-start=\"426\" data-end=\"841\"><strong data-start=\"426\" data-end=\"447\">Das Programm umfasst:<\/strong><br data-start=\"447\" data-end=\"450\" \/>Abholung von Ihrem Hotel mit einem klimatisierten Fahrzeug (Minibus - Achterbahn - Jeep - Limousine).<br data-start=\"542\" data-end=\"545\" \/>\u2705 Treffpunkt am <strong data-start=\"564\" data-end=\"582\">Die Kamelwerft<\/strong>.<br data-start=\"583\" data-end=\"586\" \/>Quadfahren \u00fcber die W\u00fcstend\u00fcnen und entlang der K\u00fcste des Roten Meeres (2 Stunden).<br data-start=\"664\" data-end=\"667\" \/>Ein entspannender Aufenthalt in einem Beduinenzelt - genie\u00dfen Sie den traditionellen Beduinentee und die friedliche W\u00fcstenatmosph\u00e4re.<br data-start=\"765\" data-end=\"768\" \/>R\u00fccktransfer zu Ihrem Hotel nach dieser aufregenden und unvergesslichen Fahrt.<\/p>\n<p data-start=\"843\" data-end=\"993\">\ud83d\udca7 <em data-start=\"846\" data-end=\"857\">Enth\u00e4lt:<\/em> 1 Flasche Mineralwasser + Beduinentee<br data-start=\"897\" data-end=\"900\" \/>\ud83d\udd52 <em data-start=\"903\" data-end=\"913\">Zeitplan:<\/em> Morgens und Nachmittags<br data-start=\"933\" data-end=\"936\" \/>\ud83d\udcc5 <em data-start=\"939\" data-end=\"991\">T\u00e4glich verf\u00fcgbar - keine Mindestteilnehmerzahl erforderlich<\/em><\/p>\n<hr data-start=\"995\" data-end=\"998\" \/>\n<p data-start=\"1000\" data-end=\"1050\">\ud83c\udfdc\ufe0f <strong data-start=\"1004\" data-end=\"1046\">Programm 2: 5-st\u00fcndiges Super-Quad-Abenteuer<\/strong> \u2728<\/p>\n<p data-start=\"1052\" data-end=\"1185\">Gehen Sie \u00fcber das Gew\u00f6hnliche hinaus! Dieses ausgedehnte Abenteuer ist eine Mischung aus Adrenalin, Beduinenkultur und einem magischen Sonnenuntergang in der W\u00fcste unter den Sternen. \ud83c\udf0c<\/p>\n<p data-start=\"1187\" data-end=\"1669\"><strong data-start=\"1187\" data-end=\"1208\">Das Programm umfasst:<\/strong><br data-start=\"1208\" data-end=\"1211\" \/>Quadfahren auf 40 km durch die W\u00fcste und entlang der K\u00fcste von Marsa Alam.<br data-start=\"1289\" data-end=\"1292\" \/>Ein authentischer Kamelritt f\u00fcr ein echtes Beduinenerlebnis.<br data-start=\"1346\" data-end=\"1349\" \/>\ud83c\udf05 Sonnenuntergang \u00fcber den Bergen der \u00f6stlichen W\u00fcste.<br data-start=\"1402\" data-end=\"1405\" \/>\ud83c\udf7d\ufe0f Offenes Buffet Beduinen-Abendessen unter dem Sternenhimmel.<br data-start=\"1457\" data-end=\"1460\" \/>\ud83c\udfb6 Live-Unterhaltung mit einer Baucht\u00e4nzerin \ud83d\udc83 und Tanoura-Show \ud83c\udf00.<br data-start=\"1525\" data-end=\"1528\" \/>\u2728 Sternenbeobachtung in der klaren W\u00fcstennacht.<br data-start=\"1567\" data-end=\"1570\" \/>\ud83d\ude99 Nach einem unvergesslichen Abend voller Abenteuer und Wunder erfolgt der R\u00fccktransfer zu Ihrem Hotel.<\/p>\n<p data-start=\"1671\" data-end=\"1805\" data-is-last-node=\"\" data-is-only-node=\"\">\ud83d\udca7 <em data-start=\"1674\" data-end=\"1685\">Enth\u00e4lt:<\/em> 2 Flaschen Mineralwasser + Beduinentee + Offenes Buffet zum Abendessen<br data-start=\"1747\" data-end=\"1750\" \/>\ud83d\udcc5 <em data-start=\"1753\" data-end=\"1805\" data-is-last-node=\"\">T\u00e4glich verf\u00fcgbar - keine Mindestteilnehmerzahl erforderlich<\/em><\/p>\n<div class=\"st-highlight\">\n<article class=\"text-token-text-primary w-full focus:outline-none scroll-mt-[calc(var(--header-height)+min(200px,max(70px,20svh)))]\" dir=\"auto\" tabindex=\"-1\" data-turn-id=\"request-WEB:5e64c979-49d4-4b32-829a-7378032eeeb2-11\" data-testid=\"conversation-turn-24\" data-scroll-anchor=\"true\" data-turn=\"assistant\">\n<div class=\"text-base my-auto mx-auto pb-10 [--thread-content-margin:--spacing(4)] thread-sm:[--thread-content-margin:--spacing(6)] thread-lg:[--thread-content-margin:--spacing(16)] px-(--thread-content-margin)\">\n<div class=\"[--thread-content-max-width:40rem] thread-lg:[--thread-content-max-width:48rem] mx-auto max-w-(--thread-content-max-width) flex-1 group\/turn-messages focus-visible:outline-hidden relative flex w-full min-w-0 flex-col agent-turn\" tabindex=\"-1\">\n<div class=\"flex max-w-full flex-col grow\">\n<div class=\"min-h-8 text-message relative flex w-full flex-col items-end gap-2 text-start break-words whitespace-normal [.text-message+&amp;]:mt-5\" dir=\"auto\" data-message-author-role=\"assistant\" data-message-id=\"a753eb81-c995-4692-bb09-97f133a6e4b6\" data-message-model-slug=\"gpt-5-mini\">\n<div class=\"flex w-full flex-col gap-1 empty:hidden first:pt-[3px]\">\n<div class=\"markdown prose dark:prose-invert w-full break-words light markdown-new-styling\">\n<p data-start=\"46\" data-end=\"197\" data-is-last-node=\"\" data-is-only-node=\"\">\ud83e\udd11 <strong data-start=\"49\" data-end=\"68\">Aktivit\u00e4tspreise Programm Vormittag 2-st\u00fcndige Quad-Tour<\/strong><br data-start=\"68\" data-end=\"71\" \/>\ud83d\ude4e\ud83c\udffb\u200d\u2642\ufe0f Ab 16 Jahren: 25 \u20ac<br data-start=\"101\" data-end=\"104\" \/>\ud83e\uddcd\ud83c\udffb\u200d\u2640\ufe0f Von 5 bis 15 Jahre alt: 15 \u20ac (nur Passagier)<br data-start=\"156\" data-end=\"159\" \/>\ud83d\udc7c\ud83c\udffc Unter 5 Jahre alt: \ud83d\udeab Nicht erlaubt<\/p>\n<p data-start=\"46\" data-end=\"197\" data-is-last-node=\"\" data-is-only-node=\"\">\ud83e\udd11 <strong data-start=\"49\" data-end=\"68\">Aktivit\u00e4ten Preise Programm Abend 5-Stunden-Super-Quad-Abenteuer<\/strong><br data-start=\"68\" data-end=\"71\" \/>\ud83d\ude4e\ud83c\udffb\u200d\u2642\ufe0f Ab 16 Jahren: 30 \u20ac<br data-start=\"101\" data-end=\"104\" \/>\ud83e\uddcd\ud83c\udffb\u200d\u2640\ufe0f Von 5 bis 15 Jahre alt: 20 \u20ac (nur Passagier)<br data-start=\"156\" data-end=\"159\" \/>\ud83d\udc7c\ud83c\udffc Unter 5 Jahre alt: \ud83d\udeab Nicht erlaubt<\/p>\n<h3 data-start=\"2198\" data-end=\"2225\"><strong data-start=\"2205\" data-end=\"2223\">Die Zahlung in USD ($ \ud83c\uddfa\ud83c\uddf8) anstelle von EUR (\ud83c\uddea\ud83c\uddfa) ist je nach Tageskurs der Bank m\u00f6glich.<\/strong><\/h3>\n<\/div>\n<\/div>\n<\/div>\n<\/div>\n<\/div>\n<\/div>\n<\/article>\n<\/div>\n<div class=\"st-hr large\"><\/div>\n<div id=\"gtx-trans\" style=\"position: absolute; left: 224px; top: 47.8px;\">\n<div class=\"gtx-trans-icon\"><\/div>\n<\/div>","protected":false},"excerpt":{"rendered":"<p>\ud83c\udfcd\ufe0f Quad Bike Adventure in Marsa Alam \ud83c\udf05 Get ready for an adrenaline-pumping experience through the golden sands and along the stunning Red Sea coast! Whether you prefer a short adventure or a full desert journey \u2014 we\u2019ve got the perfect ride for you. \ud83c\udfdc\ufe0f\u2728 \ud83d\udeb4\u200d\u2642\ufe0f Program 1: 2-Hour Quad Bike Trip A fast, thrilling [&hellip;]<\/p>","protected":false},"featured_media":11012,"comment_status":"open","ping_status":"closed","template":"","meta":{"_monsterinsights_skip_tracking":false,"_monsterinsights_sitenote_active":false,"_monsterinsights_sitenote_note":"","_monsterinsights_sitenote_category":0},"product_brand":[],"product_cat":[66],"product_tag":[],"class_list":{"0":"post-11011","1":"product","2":"type-product","3":"status-publish","4":"has-post-thumbnail","6":"product_cat-marsa-alam","8":"first","9":"instock","10":"shipping-taxable","11":"purchasable","12":"product-type-ovabrw_car_rental"},"_links":{"self":[{"href":"https:\/\/redsea-dream-tours.com\/de\/wp-json\/wp\/v2\/product\/11011","targetHints":{"allow":["GET"]}}],"collection":[{"href":"https:\/\/redsea-dream-tours.com\/de\/wp-json\/wp\/v2\/product"}],"about":[{"href":"https:\/\/redsea-dream-tours.com\/de\/wp-json\/wp\/v2\/types\/product"}],"replies":[{"embeddable":true,"href":"https:\/\/redsea-dream-tours.com\/de\/wp-json\/wp\/v2\/comments?post=11011"}],"wp:featuredmedia":[{"embeddable":true,"href":"https:\/\/redsea-dream-tours.com\/de\/wp-json\/wp\/v2\/media\/11012"}],"wp:attachment":[{"href":"https:\/\/redsea-dream-tours.com\/de\/wp-json\/wp\/v2\/media?parent=11011"}],"wp:term":[{"taxonomy":"product_brand","embeddable":true,"href":"https:\/\/redsea-dream-tours.com\/de\/wp-json\/wp\/v2\/product_brand?post=11011"},{"taxonomy":"product_cat","embeddable":true,"href":"https:\/\/redsea-dream-tours.com\/de\/wp-json\/wp\/v2\/product_cat?post=11011"},{"taxonomy":"product_tag","embeddable":true,"href":"https:\/\/redsea-dream-tours.com\/de\/wp-json\/wp\/v2\/product_tag?post=11011"}],"curies":[{"name":"wp","href":"https:\/\/api.w.org\/{rel}","templated":true}]}}