{"id":10994,"date":"2025-09-21T22:23:43","date_gmt":"2025-09-21T22:23:43","guid":{"rendered":"https:\/\/redsea-dream-tours.com\/?post_type=product&#038;p=10994"},"modified":"2025-11-28T14:24:10","modified_gmt":"2025-11-28T14:24:10","slug":"coral-garden-trip","status":"publish","type":"product","link":"https:\/\/redsea-dream-tours.com\/de\/produkt\/coral-garden-trip\/","title":{"rendered":"Korallengarten: Schnorcheln, Tauchen &amp; Magie des Roten Meeres"},"content":{"rendered":"<hr data-start=\"76\" data-end=\"79\" \/>\n<h1 data-start=\"81\" data-end=\"140\">\ud83d\udc20\u2728 Coral Garden - das Unterwasserparadies von Marsa Alam \u2728\ud83d\udc20<\/h1>\n<p data-start=\"142\" data-end=\"258\">Tauchen Sie ein in die lebendige Welt der <strong data-start=\"173\" data-end=\"189\">Korallengarten<\/strong>einer der sch\u00f6nsten Schnorchel- und Tauchspots von Marsa Alam! \ud83c\udf0a<\/p>\n<p data-start=\"260\" data-end=\"442\">Mit <strong data-start=\"265\" data-end=\"299\">kristallklares t\u00fcrkisfarbenes Wasser<\/strong>, <strong data-start=\"301\" data-end=\"325\">bunte Korallenriffe<\/strong>und einer F\u00fclle von tropischen Fischen \ud83d\udc1f ist der Coral Garden ein Traumziel f\u00fcr Unterwasserforscher aller Stufen.<\/p>\n<h3 data-start=\"444\" data-end=\"463\">\u2728 H\u00f6hepunkte:<\/h3>\n<ul data-start=\"464\" data-end=\"947\">\n<li data-start=\"464\" data-end=\"566\">\n<p data-start=\"466\" data-end=\"566\"><strong data-start=\"466\" data-end=\"494\">Schnorchelabenteuer \ud83e\udd3f:<\/strong> Schwimmen Sie zwischen lebhaften Korallen und exotischen Fischen nur wenige Meter vom Ufer entfernt.<\/p>\n<\/li>\n<li data-start=\"567\" data-end=\"685\">\n<p data-start=\"569\" data-end=\"685\"><strong data-start=\"569\" data-end=\"591\">Scuba Diving \ud83e\udd3f\ud83d\udc20:<\/strong> Erforschen Sie die magischen Korallenformationen und entdecken Sie das reiche marine \u00d6kosystem des Roten Meeres.<\/p>\n<\/li>\n<li data-start=\"686\" data-end=\"785\">\n<p data-start=\"688\" data-end=\"785\"><strong data-start=\"688\" data-end=\"724\">Familienfreundlicher Spa\u00df \ud83d\udc68\u200d\ud83d\udc69\u200d\ud83d\udc67\u200d\ud83d\udc66:<\/strong> Sichere, flache Bereiche machen ihn perfekt f\u00fcr Anf\u00e4nger und Kinder.<\/p>\n<\/li>\n<li data-start=\"786\" data-end=\"862\">\n<p data-start=\"788\" data-end=\"862\"><strong data-start=\"788\" data-end=\"818\">Fotografie und Erinnerungen \ud83d\udcf8:<\/strong> Halten Sie unvergessliche Unterwassermomente fest.<\/p>\n<\/li>\n<li data-start=\"863\" data-end=\"947\">\n<p data-start=\"865\" data-end=\"947\"><strong data-start=\"865\" data-end=\"896\">Entspannung am Strand \ud83c\udf1e:<\/strong> Weicher Sand, sanfte Wellen und eine atemberaubende Aussicht.<\/p>\n<\/li>\n<\/ul>\n<h3 data-start=\"949\" data-end=\"975\">\ud83c\udf1f Warum Coral Garden?<\/h3>\n<p data-start=\"976\" data-end=\"1180\">Ob Sie ein <strong data-start=\"993\" data-end=\"1039\">Taucher, Schnorchler oder einfach ein Naturliebhaber<\/strong>Coral Garden in Marsa Alam verspricht <strong data-start=\"1077\" data-end=\"1139\">ein magischer Tag voller Abenteuer, Entdeckungen und Entspannung<\/strong>. Das sollten Sie nicht verpassen <strong data-start=\"1157\" data-end=\"1172\">Juwel des Roten Meeres<\/strong>! \ud83d\udc22\ud83d\udc20<\/p>\n<div class=\"st-highlight\">\n<h2 class=\"st-heading-section\">Programm<\/h2>\n<ul>\n<li>Abreise gegen 7:30 Uhr (ungef\u00e4hr)<\/li>\n<li>R\u00fcckkehr gegen 16:00 Uhr (ungef\u00e4hr)<\/li>\n<li>2 Schnorchelausfl\u00fcge<\/li>\n<\/ul>\n<\/div>\n<div class=\"accordion-item\">\n<h2 class=\"st-heading-section\">Inklusive Optionen<\/h2>\n<div id=\"collapseInExClude\" class=\"accordion-collapse collapse show\" aria-labelledby=\"headingInExClude\" data-bs-parent=\"#headingInExClude\">\n<div class=\"accordion-body\">\n<div class=\"row\">\n<div class=\"col-lg-6\">\n<ul class=\"include\">\n<li>Hoteltransfer - Aktivit\u00e4t<\/li>\n<li>Schnorchel-\/Tauchausr\u00fcstung<\/li>\n<li>Mittagessen + Erfrischungsgetr\u00e4nk<\/li>\n<\/ul>\n<\/div>\n<p data-start=\"1518\" data-end=\"1574\">\ud83e\udd11 <strong data-start=\"44\" data-end=\"63\">Aktivit\u00e4t Preise\u00a0<\/strong><br data-start=\"63\" data-end=\"66\" \/>\ud83d\udc68\ud83c\udffb\u200d\ud83e\uddb1 Erwachsene (12 Jahre und \u00e4lter): <strong data-start=\"103\" data-end=\"110\">50 \u20ac<\/strong><br data-start=\"110\" data-end=\"113\" \/>\ud83e\uddcd\ud83c\udffb\u200d\u2640\ufe0f Kinder (bis zu 12 Jahren): <strong data-start=\"148\" data-end=\"155\">25 \u20ac<\/strong><br data-start=\"155\" data-end=\"158\" \/>\ud83d\udc7c\ud83c\udffc Kinder (bis zu 5 Jahren): <strong data-start=\"189\" data-end=\"197\">Kostenlos<\/strong><\/p>\n<p data-start=\"1518\" data-end=\"1574\">\ud83e\udd11 <strong data-start=\"44\" data-end=\"63\">Preise f\u00fcr Aktivit\u00e4ten ( Tauchen Intro )<\/strong><br data-start=\"63\" data-end=\"66\" \/>\ud83d\udc68\ud83c\udffb\u200d\ud83e\uddb1 Erwachsene : <strong data-start=\"103\" data-end=\"110\">70 \u20ac<\/strong><\/p>\n<p data-start=\"1518\" data-end=\"1574\">\ud83e\udd11 <strong data-start=\"44\" data-end=\"63\">Preise f\u00fcr Aktivit\u00e4ten ( Tauchen t\u00e4glich )<\/strong><br data-start=\"63\" data-end=\"66\" \/>\ud83d\udc68\ud83c\udffb\u200d\ud83e\uddb1 Erwachsene : <strong data-start=\"103\" data-end=\"110\">95 \u20ac<\/strong><\/p>\n<h3 data-start=\"2198\" data-end=\"2225\"><strong data-start=\"2205\" data-end=\"2223\">Die Zahlung in USD ($ \ud83c\uddfa\ud83c\uddf8) anstelle von EUR (\ud83c\uddea\ud83c\uddfa) ist je nach Tageskurs der Bank m\u00f6glich.<\/strong><\/h3>\n<\/div>\n<\/div>\n<\/div>\n<\/div>\n<div id=\"gtx-trans\" style=\"position: absolute; left: 202px; top: 18.6375px;\">\n<div class=\"gtx-trans-icon\"><\/div>\n<\/div>\n<div id=\"gtx-trans\" style=\"position: absolute; left: 202px; top: 18.6375px;\">\n<div class=\"gtx-trans-icon\"><\/div>\n<\/div>","protected":false},"excerpt":{"rendered":"<p>\ud83d\udc20\u2728 Coral Garden \u2013 Marsa Alam\u2019s Underwater Paradise \u2728\ud83d\udc20 Dive into the vibrant world of Coral Garden, one of Marsa Alam\u2019s most stunning snorkeling and diving spots! \ud83c\udf0a With crystal-clear turquoise waters, colorful coral reefs, and an abundance of tropical fish \ud83d\udc1f, Coral Garden is a dream destination for underwater explorers of all levels. \u2728 [&hellip;]<\/p>","protected":false},"featured_media":10995,"comment_status":"open","ping_status":"closed","template":"","meta":{"_monsterinsights_skip_tracking":false,"_monsterinsights_sitenote_active":false,"_monsterinsights_sitenote_note":"","_monsterinsights_sitenote_category":0},"product_brand":[],"product_cat":[66],"product_tag":[],"class_list":{"0":"post-10994","1":"product","2":"type-product","3":"status-publish","4":"has-post-thumbnail","6":"product_cat-marsa-alam","8":"first","9":"instock","10":"shipping-taxable","11":"purchasable","12":"product-type-ovabrw_car_rental"},"_links":{"self":[{"href":"https:\/\/redsea-dream-tours.com\/de\/wp-json\/wp\/v2\/product\/10994","targetHints":{"allow":["GET"]}}],"collection":[{"href":"https:\/\/redsea-dream-tours.com\/de\/wp-json\/wp\/v2\/product"}],"about":[{"href":"https:\/\/redsea-dream-tours.com\/de\/wp-json\/wp\/v2\/types\/product"}],"replies":[{"embeddable":true,"href":"https:\/\/redsea-dream-tours.com\/de\/wp-json\/wp\/v2\/comments?post=10994"}],"wp:featuredmedia":[{"embeddable":true,"href":"https:\/\/redsea-dream-tours.com\/de\/wp-json\/wp\/v2\/media\/10995"}],"wp:attachment":[{"href":"https:\/\/redsea-dream-tours.com\/de\/wp-json\/wp\/v2\/media?parent=10994"}],"wp:term":[{"taxonomy":"product_brand","embeddable":true,"href":"https:\/\/redsea-dream-tours.com\/de\/wp-json\/wp\/v2\/product_brand?post=10994"},{"taxonomy":"product_cat","embeddable":true,"href":"https:\/\/redsea-dream-tours.com\/de\/wp-json\/wp\/v2\/product_cat?post=10994"},{"taxonomy":"product_tag","embeddable":true,"href":"https:\/\/redsea-dream-tours.com\/de\/wp-json\/wp\/v2\/product_tag?post=10994"}],"curies":[{"name":"wp","href":"https:\/\/api.w.org\/{rel}","templated":true}]}}