{"id":10986,"date":"2025-09-21T22:01:46","date_gmt":"2025-09-21T22:01:46","guid":{"rendered":"https:\/\/redsea-dream-tours.com\/?post_type=product&#038;p=10986"},"modified":"2025-12-17T17:03:16","modified_gmt":"2025-12-17T17:03:16","slug":"sataya-overnight-trip","status":"publish","type":"product","link":"https:\/\/redsea-dream-tours.com\/de\/produkt\/sataya-overnight-trip\/","title":{"rendered":"Sataya \u00dcbernachtung: Delfine, Tauchen &amp; Riffzauber"},"content":{"rendered":"<h1 data-start=\"147\" data-end=\"187\">\ud83d\udc2c\u2728 Sataya \u00dcbernachtungsreise Bericht \u2728\ud83d\udc2c<\/h1>\n<h2 data-start=\"189\" data-end=\"209\">\ud83d\udccd Einleitung<\/h2>\n<p data-start=\"210\" data-end=\"465\"><strong data-start=\"210\" data-end=\"225\">Sataya Riff<\/strong>, auch bekannt als die <strong data-start=\"245\" data-end=\"261\">Delphin-Riff<\/strong>ist einer der magischsten Orte im Roten Meer in der N\u00e4he von Marsa Alam. Er beherbergt gro\u00dfe Scharen von verspielten <strong data-start=\"364\" data-end=\"387\">Spinnerdelfine \ud83d\udc2c<\/strong>Die Insel bietet ein reichhaltiges \u00d6kosystem, lebendige Korallenriffe \ud83d\udc20, kristallklares Wasser und ein reiches marines \u00d6kosystem.<\/p>\n<p data-start=\"467\" data-end=\"698\">Die <strong data-start=\"471\" data-end=\"491\">Kreuzfahrt mit \u00dcbernachtung<\/strong> bietet Ihnen die einmalige Gelegenheit, die <strong data-start=\"529\" data-end=\"570\">eine ganze Nacht mitten auf dem Meer<\/strong> an Bord einer komfortablen Yacht, die Tauchen, Schnorcheln, Entspannung und unvergessliche Unterhaltung unter dem Sternenhimmel verbindet. \ud83c\udf0c\u2728<\/p>\n<hr data-start=\"700\" data-end=\"703\" \/>\n<h2 data-start=\"705\" data-end=\"723\">\ud83d\udee5\ufe0f Reiseroute<\/h2>\n<h3 data-start=\"725\" data-end=\"740\"><strong data-start=\"729\" data-end=\"738\">Tag 1<\/strong><\/h3>\n<ul data-start=\"741\" data-end=\"1687\">\n<li data-start=\"741\" data-end=\"854\">\n<p data-start=\"743\" data-end=\"854\"><strong data-start=\"743\" data-end=\"766\">Abholung und Transfer:<\/strong> Morgens Transfer von Ihrem Hotel zum Yachthafen, dann Einsteigen in eine voll ausgestattete Yacht.<\/p>\n<\/li>\n<li data-start=\"855\" data-end=\"931\">\n<p data-start=\"857\" data-end=\"931\"><strong data-start=\"857\" data-end=\"879\">Segeln nach Sataya:<\/strong> Genie\u00dfen Sie die malerische Bootsfahrt \u00fcber das Rote Meer. \ud83d\udea4<\/p>\n<\/li>\n<li data-start=\"932\" data-end=\"1064\">\n<p data-start=\"934\" data-end=\"1064\"><strong data-start=\"934\" data-end=\"955\">Briefing-Sitzung:<\/strong> Sicherheitsanweisungen, Richtlinien zum Tauchen und Schnorcheln sowie eine Einf\u00fchrung in die Delfine und das \u00d6kosystem des Riffs.<\/p>\n<\/li>\n<li data-start=\"1065\" data-end=\"1178\">\n<p data-start=\"1067\" data-end=\"1178\"><strong data-start=\"1067\" data-end=\"1085\">Erster Tauchgang \ud83e\udd3f:<\/strong> Erkunden Sie die magische Unterwasserwelt von Sataya - bunte Koralleng\u00e4rten und tropische Fische.<\/p>\n<\/li>\n<li data-start=\"1179\" data-end=\"1283\">\n<p data-start=\"1181\" data-end=\"1283\"><strong data-start=\"1181\" data-end=\"1213\">Schnorcheln mit Delfinen \ud83d\udc2c:<\/strong> Schwimmen und schnorcheln Sie in der N\u00e4he von Delfinherden in ihrem nat\u00fcrlichen Lebensraum.<\/p>\n<\/li>\n<li data-start=\"1284\" data-end=\"1351\">\n<p data-start=\"1286\" data-end=\"1351\"><strong data-start=\"1286\" data-end=\"1308\">Mittagessen an Bord \ud83c\udf74:<\/strong> Leckeres Mittagsbuffet mit alkoholfreien Getr\u00e4nken.<\/p>\n<\/li>\n<li data-start=\"1352\" data-end=\"1459\">\n<p data-start=\"1354\" data-end=\"1459\"><strong data-start=\"1354\" data-end=\"1395\">Zweiter Tauchgang oder Riff-Erkundung \ud83e\udd3f\ud83d\udc20:<\/strong> Ein weiterer Tauchgang an einem anderen Riffplatz voller Meereswunder.<\/p>\n<\/li>\n<li data-start=\"1460\" data-end=\"1583\">\n<p data-start=\"1462\" data-end=\"1583\"><strong data-start=\"1462\" data-end=\"1502\">Abendunterhaltung (Interwa) \ud83c\udfb6\u2728:<\/strong> Musik, lustige Aktivit\u00e4ten und eine kleine Party an Deck, w\u00e4hrend Sie den Sonnenuntergang beobachten. \ud83c\udf05<\/p>\n<\/li>\n<li data-start=\"1584\" data-end=\"1687\">\n<p data-start=\"1586\" data-end=\"1687\"><strong data-start=\"1586\" data-end=\"1614\">Abendessen und \u00dcbernachtung:<\/strong> Genie\u00dfen Sie ein gem\u00fctliches Abendessen, entspannen Sie sich an Deck oder beobachten Sie die Sterne unter dem freien Himmel. \ud83c\udf0c<\/p>\n<\/li>\n<\/ul>\n<h3 data-start=\"1689\" data-end=\"1704\"><strong data-start=\"1693\" data-end=\"1702\">Tag 2<\/strong><\/h3>\n<ul data-start=\"1705\" data-end=\"2024\">\n<li data-start=\"1705\" data-end=\"1768\">\n<p data-start=\"1707\" data-end=\"1768\"><strong data-start=\"1707\" data-end=\"1731\">Fr\u00fches Fr\u00fchst\u00fcck \u2615\ud83e\udd50:<\/strong> Ein neuer Anfang f\u00fcr ein neues Abenteuer.<\/p>\n<\/li>\n<li data-start=\"1769\" data-end=\"1860\">\n<p data-start=\"1771\" data-end=\"1860\"><strong data-start=\"1771\" data-end=\"1791\">Morgentauchgang \ud83e\udd3f:<\/strong> Entdecken Sie einen neuen Tauchplatz bei Sataya mit atemberaubenden Korallenformationen.<\/p>\n<\/li>\n<li data-start=\"1861\" data-end=\"1940\">\n<p data-start=\"1863\" data-end=\"1940\"><strong data-start=\"1863\" data-end=\"1895\">Letzte Schnorchel-Session \ud83d\udc20:<\/strong> Erkunden Sie vor der Abreise noch mehr vom Riff.<\/p>\n<\/li>\n<li data-start=\"1941\" data-end=\"2024\">\n<p data-start=\"1943\" data-end=\"2024\"><strong data-start=\"1943\" data-end=\"1975\">R\u00fcckkehr zum Yachthafen und Transfer:<\/strong> Zur\u00fcck zum Hafen und Transfer zu Ihrem Hotel.<\/p>\n<\/li>\n<\/ul>\n<hr data-start=\"2026\" data-end=\"2029\" \/>\n<h2 data-start=\"2031\" data-end=\"2060\">\u2728 H\u00f6hepunkte der Reise<\/h2>\n<ul data-start=\"2061\" data-end=\"2416\">\n<li data-start=\"2061\" data-end=\"2113\">\n<p data-start=\"2063\" data-end=\"2113\"><strong data-start=\"2063\" data-end=\"2088\">\u00dcbernachtung auf See<\/strong> an Bord einer Luxusyacht.<\/p>\n<\/li>\n<li data-start=\"2114\" data-end=\"2161\">\n<p data-start=\"2116\" data-end=\"2161\"><strong data-start=\"2116\" data-end=\"2134\">Mehrere Tauchg\u00e4nge<\/strong> an verschiedenen Riffstandorten.<\/p>\n<\/li>\n<li data-start=\"2162\" data-end=\"2224\">\n<p data-start=\"2164\" data-end=\"2224\"><strong data-start=\"2164\" data-end=\"2192\">Schnorcheln mit Delfinen<\/strong> in ihrer nat\u00fcrlichen Umgebung.<\/p>\n<\/li>\n<li data-start=\"2225\" data-end=\"2306\">\n<p data-start=\"2227\" data-end=\"2306\"><strong data-start=\"2227\" data-end=\"2263\">Bordseitige Unterhaltung (Interwa)<\/strong> mit Musik, Tanz und lustigen Aktivit\u00e4ten.<\/p>\n<\/li>\n<li data-start=\"2307\" data-end=\"2416\">\n<p data-start=\"2309\" data-end=\"2416\">Perfekt f\u00fcr <strong data-start=\"2321\" data-end=\"2380\">Paare \ud83d\udc91, Familien \ud83d\udc68\u200d\ud83d\udc69\u200d\ud83d\udc67\u200d\ud83d\udc66 und Gruppen von Freunden<\/strong> auf der Suche nach Abenteuer und Entspannung.<\/p>\n<\/li>\n<\/ul>\n<hr data-start=\"2418\" data-end=\"2421\" \/>\n<h2 data-start=\"2423\" data-end=\"2442\">\ud83d\udcdd Reisetipps<\/h2>\n<ul data-start=\"2443\" data-end=\"2766\">\n<li data-start=\"2443\" data-end=\"2541\">\n<p data-start=\"2445\" data-end=\"2541\">Bringen Sie pers\u00f6nliche Dinge mit: Sonnenbrille \ud83d\udd76\ufe0f, riffsichere Sonnencreme \ud83e\uddf4 und eine wasserdichte Kamera \ud83d\udcf7.<\/p>\n<\/li>\n<li data-start=\"2542\" data-end=\"2645\">\n<p data-start=\"2544\" data-end=\"2645\">Das Tauchen wird f\u00fcr zertifizierte Taucher (PADI, NAUI) empfohlen, w\u00e4hrend das Schnorcheln f\u00fcr Anf\u00e4nger geeignet ist.<\/p>\n<\/li>\n<li data-start=\"2646\" data-end=\"2700\">\n<p data-start=\"2648\" data-end=\"2700\">Ruhen Sie sich fr\u00fch aus, um den magischen Sonnenaufgang auf dem Meer zu genie\u00dfen. \ud83c\udf05<\/p>\n<\/li>\n<li data-start=\"2701\" data-end=\"2766\">\n<p data-start=\"2703\" data-end=\"2766\">Nehmen Sie am Unterhaltungsprogramm teil und erleben Sie einen unvergesslichen Abend. \ud83c\udfb6<\/p>\n<\/li>\n<\/ul>\n<hr data-start=\"2768\" data-end=\"2771\" \/>\n<h2 data-start=\"2773\" data-end=\"2791\">\ud83c\udf1f Schlussfolgerung<\/h2>\n<p data-start=\"2792\" data-end=\"3062\">Die <strong data-start=\"2796\" data-end=\"2823\">Sataya Kreuzfahrt mit \u00dcbernachtung<\/strong> ist ein einmaliges Erlebnis, das eine Kombination aus <strong data-start=\"2873\" data-end=\"2907\">Abenteuer, Entspannung und Spa\u00df<\/strong>. \ud83d\udc2c\ud83e\udd3f<br data-start=\"2913\" data-end=\"2916\" \/>Schwimmen Sie mit Delfinen, tauchen Sie in den pulsierenden Riffen, genie\u00dfen Sie Live-Unterhaltung und verbringen Sie eine traumhafte Nacht unter dem Sternenhimmel im Herzen des Roten Meeres. \u2728\ud83c\udf0c<\/p>\n<p data-start=\"1518\" data-end=\"1574\">\ud83e\udd11 <strong data-start=\"44\" data-end=\"63\">Preise f\u00fcr Aktivit\u00e4ten ( Schnorcheln )<\/strong><br data-start=\"63\" data-end=\"66\" \/>\ud83d\udc68\ud83c\udffb\u200d\ud83e\uddb1 Erwachsene (12 Jahre und \u00e4lter): <strong data-start=\"103\" data-end=\"110\">200 \u20ac<\/strong><br data-start=\"110\" data-end=\"113\" \/>\ud83e\uddcd\ud83c\udffb\u200d\u2640\ufe0f Kinder (bis zu 12 Jahren): <strong data-start=\"148\" data-end=\"155\">135 \u20ac<\/strong><\/p>\n<p data-start=\"1518\" data-end=\"1574\">\ud83e\udd11 <strong data-start=\"44\" data-end=\"63\">Preise f\u00fcr Aktivit\u00e4ten ( Tauchen Intro )<\/strong><br data-start=\"63\" data-end=\"66\" \/>\ud83d\udc68\ud83c\udffb\u200d\ud83e\uddb1 Erwachsene : <strong data-start=\"103\" data-end=\"110\">230 \u20ac<\/strong><\/p>\n<p data-start=\"1518\" data-end=\"1574\">\ud83e\udd11 <strong data-start=\"44\" data-end=\"63\">Preise f\u00fcr Aktivit\u00e4ten (Tauchen t\u00e4glich)<\/strong><br data-start=\"63\" data-end=\"66\" \/>\ud83d\udc68\ud83c\udffb\u200d\ud83e\uddb1 Erwachsene : <strong data-start=\"103\" data-end=\"110\">280 \u20ac<\/strong><\/p>\n<h3 data-start=\"2198\" data-end=\"2225\"><strong data-start=\"2205\" data-end=\"2223\">Die Zahlung in USD ($ \ud83c\uddfa\ud83c\uddf8) anstelle von EUR (\ud83c\uddea\ud83c\uddfa) ist je nach Tageskurs der Bank m\u00f6glich.<\/strong><\/h3>","protected":false},"excerpt":{"rendered":"<p>\ud83d\udc2c\u2728 Sataya Overnight Trip Report \u2728\ud83d\udc2c \ud83d\udccd Introduction Sataya Reef, also known as the Dolphin Reef, is one of the most magical spots in the Red Sea near Marsa Alam. It is home to large pods of playful spinner dolphins \ud83d\udc2c, vibrant coral reefs \ud83d\udc20, crystal-clear waters, and a rich marine ecosystem. The Overnight Cruise [&hellip;]<\/p>","protected":false},"featured_media":10988,"comment_status":"open","ping_status":"closed","template":"","meta":{"_monsterinsights_skip_tracking":false,"_monsterinsights_sitenote_active":false,"_monsterinsights_sitenote_note":"","_monsterinsights_sitenote_category":0},"product_brand":[],"product_cat":[66],"product_tag":[],"class_list":{"0":"post-10986","1":"product","2":"type-product","3":"status-publish","4":"has-post-thumbnail","6":"product_cat-marsa-alam","8":"first","9":"instock","10":"shipping-taxable","11":"purchasable","12":"product-type-ovabrw_car_rental"},"_links":{"self":[{"href":"https:\/\/redsea-dream-tours.com\/de\/wp-json\/wp\/v2\/product\/10986","targetHints":{"allow":["GET"]}}],"collection":[{"href":"https:\/\/redsea-dream-tours.com\/de\/wp-json\/wp\/v2\/product"}],"about":[{"href":"https:\/\/redsea-dream-tours.com\/de\/wp-json\/wp\/v2\/types\/product"}],"replies":[{"embeddable":true,"href":"https:\/\/redsea-dream-tours.com\/de\/wp-json\/wp\/v2\/comments?post=10986"}],"wp:featuredmedia":[{"embeddable":true,"href":"https:\/\/redsea-dream-tours.com\/de\/wp-json\/wp\/v2\/media\/10988"}],"wp:attachment":[{"href":"https:\/\/redsea-dream-tours.com\/de\/wp-json\/wp\/v2\/media?parent=10986"}],"wp:term":[{"taxonomy":"product_brand","embeddable":true,"href":"https:\/\/redsea-dream-tours.com\/de\/wp-json\/wp\/v2\/product_brand?post=10986"},{"taxonomy":"product_cat","embeddable":true,"href":"https:\/\/redsea-dream-tours.com\/de\/wp-json\/wp\/v2\/product_cat?post=10986"},{"taxonomy":"product_tag","embeddable":true,"href":"https:\/\/redsea-dream-tours.com\/de\/wp-json\/wp\/v2\/product_tag?post=10986"}],"curies":[{"name":"wp","href":"https:\/\/api.w.org\/{rel}","templated":true}]}}