{"id":10811,"date":"2025-09-13T18:12:03","date_gmt":"2025-09-13T18:12:03","guid":{"rendered":"https:\/\/redsea-dream-tours.com\/?post_type=product&#038;p=10811"},"modified":"2025-12-17T17:30:35","modified_gmt":"2025-12-17T17:30:35","slug":"el-qulan-sharm-el-luli-beach","status":"publish","type":"product","link":"https:\/\/redsea-dream-tours.com\/de\/produkt\/el-qulan-sharm-el-luli-beach\/","title":{"rendered":"Sharm El Luli Strand Reise"},"content":{"rendered":"<p data-start=\"0\" data-end=\"110\"><strong data-start=\"0\" data-end=\"37\">\ud83c\udfd6\ufe0f Sharm El Luli Reise<\/strong><br data-start=\"37\" data-end=\"40\" \/>\u2728 Genie\u00dfen Sie einen der sch\u00f6nsten Str\u00e4nde der Welt in <strong data-start=\"93\" data-end=\"107\">Marsa Alam<\/strong>!<\/p>\n<p data-start=\"112\" data-end=\"445\">\ud83c\udf0a Begleiten Sie uns auf einen unvergesslichen Ausflug nach <strong data-start=\"156\" data-end=\"179\">Scharm El Luli Strand<\/strong>, gew\u00e4hlt unter den \ud83c\udf0d. <em data-start=\"200\" data-end=\"237\">die sch\u00f6nsten Str\u00e4nde der Welt<\/em> f\u00fcr drei aufeinanderfolgende Jahre.<br data-start=\"266\" data-end=\"269\" \/>\ud83d\udc8e Entspannen Sie sich auf dem <strong data-start=\"285\" data-end=\"305\">weicher wei\u00dfer Sand<\/strong>, schwimmen im <strong data-start=\"319\" data-end=\"353\">kristallklares t\u00fcrkisfarbenes Wasser<\/strong>und entdecken Sie die atemberaubende Sch\u00f6nheit der Natur, die Sharm El Luli zu einem wahren Juwel macht.<\/p>\n<p data-start=\"447\" data-end=\"780\">\ud83d\udccd <strong data-start=\"450\" data-end=\"475\">Standort und Hintergrund<\/strong><br data-start=\"475\" data-end=\"478\" \/>Sharm El Luli Beach befindet sich etwa <strong data-start=\"515\" data-end=\"544\">50 km s\u00fcdlich von Marsa Alam<\/strong>auf halbem Weg zwischen <strong data-start=\"562\" data-end=\"587\">Marsa Alam und Hamata<\/strong>und ist der gr\u00f6\u00dfte Strand innerhalb des <strong data-start=\"625\" data-end=\"656\">Wadi El-Gamal-Nationalpark<\/strong>.<br data-start=\"657\" data-end=\"660\" \/>Dieser unber\u00fchrte Strand, der von den \u00e4gyptischen Naturreservaten verwaltet wird, beherbergt bunte Meeresbewohner und unber\u00fchrte Korallenriffe.<\/p>\n<p data-start=\"782\" data-end=\"1216\">\ud83d\udcab <strong data-start=\"785\" data-end=\"823\">Warum die Reise nach Sharm El Luli?<\/strong><br data-start=\"823\" data-end=\"826\" \/>\ud83c\udfdd\ufe0f Sharm El Luli ist ber\u00fchmt f\u00fcr seine <strong data-start=\"862\" data-end=\"924\">ausgedehnte K\u00fcsten, weicher wei\u00dfer Sand und bunte Korallenriffe<\/strong> voll von Meereslebewesen.<br data-start=\"945\" data-end=\"948\" \/>\ud83c\udf05 Die atemberaubende Landschaft f\u00fcgt sich perfekt in die <strong data-start=\"989\" data-end=\"1007\">Meer und W\u00fcste<\/strong>und schaffen einen magischen Anblick, der jeden Besucher in seinen Bann zieht.<br data-start=\"1063\" data-end=\"1066\" \/>\ud83e\udd3f Sie k\u00f6nnen <strong data-start=\"1077\" data-end=\"1109\">Schnorcheln zwischen schillernden Riffen<\/strong>, <strong data-start=\"1111\" data-end=\"1133\">am Strand entspannen<\/strong>, oder <strong data-start=\"1138\" data-end=\"1162\">einen ruhigen Spaziergang machen<\/strong> mit Familie und Freunden in einer ruhigen, nat\u00fcrlichen Umgebung.<\/p>\n<p data-start=\"1218\" data-end=\"1239\">\ud83d\udd52 <strong data-start=\"1221\" data-end=\"1237\">Details zur Reise<\/strong><\/p>\n<ul data-start=\"1240\" data-end=\"1466\">\n<li data-start=\"1240\" data-end=\"1330\">\n<p data-start=\"1242\" data-end=\"1330\"><strong data-start=\"1242\" data-end=\"1255\">Dauer:<\/strong> Halbtagesausflug - von \u23f0 8:30 Uhr bis 13:00 Uhr (dreimal w\u00f6chentlich verf\u00fcgbar)<\/p>\n<\/li>\n<li data-start=\"1331\" data-end=\"1466\">\n<p data-start=\"1333\" data-end=\"1466\"><strong data-start=\"1333\" data-end=\"1346\">Standort:<\/strong><br data-start=\"1346\" data-end=\"1349\" \/>\ud83d\udccc 50 km von Marsa Alam entfernt<br data-start=\"1375\" data-end=\"1378\" \/>\ud83d\udccc 80 km vom internationalen Flughafen Marsa Alam entfernt<br data-start=\"1426\" data-end=\"1429\" \/>160 km n\u00f6rdlich von El Quseir City<\/p>\n<\/li>\n<\/ul>\n<p data-start=\"1468\" data-end=\"1705\">\ud83d\udcbc <strong data-start=\"1471\" data-end=\"1499\">Im Programm enthalten:<\/strong><br data-start=\"1499\" data-end=\"1502\" \/>\u2705 Transfer zum Hotel und zur\u00fcck<br data-start=\"1530\" data-end=\"1533\" \/>\u2705 Zertifizierter Schnorchelf\u00fchrer<br data-start=\"1561\" data-end=\"1564\" \/>\u2705 \ud83c\udf7d\ufe0f Leckeres Mittagessen an Bord<br data-start=\"1594\" data-end=\"1597\" \/>\u2705 \u2615 Hei\u00dfe und kalte Getr\u00e4nke den ganzen Tag \u00fcber<br data-start=\"1637\" data-end=\"1640\" data-is-only-node=\"\" \/>\u2705 \ud83c\udf9f\ufe0f Eintrittspreise f\u00fcr den Nationalpark<br data-start=\"1670\" data-end=\"1673\" \/>\u2705 \ud83e\udd3f Vollst\u00e4ndige Schnorchelausr\u00fcstung<\/p>\n<p data-start=\"1707\" data-end=\"2009\" data-is-last-node=\"\" data-is-only-node=\"\">\ud83c\udf1e <strong data-start=\"1710\" data-end=\"1772\">Machen Sie sich bereit f\u00fcr ein fantastisches Abenteuer am Sharm El Luli Beach!<\/strong><br data-start=\"1772\" data-end=\"1775\" \/>Genie\u00dfen Sie einen Tag voller <strong data-start=\"1795\" data-end=\"1829\">Entspannung, Spa\u00df und Entdeckung<\/strong> in einem der sch\u00f6nsten Naturgebiete von Marsa Alam.<br data-start=\"1881\" data-end=\"1884\" \/>Ob Sie lieber <strong data-start=\"1903\" data-end=\"1943\">Schnorcheln, Sonnenbaden oder Erkunden<\/strong>verspricht diese Reise ein wahres <strong data-start=\"1972\" data-end=\"2008\">besonderes und unvergessliches Erlebnis<\/strong>.<\/p>\n<p data-start=\"1556\" data-end=\"1583\"><strong data-start=\"1556\" data-end=\"1581\">Tipps f\u00fcr die Reise \ud83d\udcdd:<\/strong><\/p>\n<ul data-start=\"1585\" data-end=\"1789\">\n<li data-start=\"1585\" data-end=\"1635\">\n<p data-start=\"1587\" data-end=\"1635\">Bringen Sie Sonnenschutzmittel \ud83e\uddf4, eine Sonnenbrille \ud83d\udd76\ufe0f und einen Hut mit.<\/p>\n<\/li>\n<li data-start=\"1636\" data-end=\"1668\">\n<p data-start=\"1638\" data-end=\"1668\">Nehmen Sie eine wasserdichte Kamera mit \ud83d\udcf7.<\/p>\n<\/li>\n<li data-start=\"1669\" data-end=\"1726\">\n<p data-start=\"1671\" data-end=\"1726\">Tragen Sie bequeme Schuhe f\u00fcr einen Spaziergang um die Lagune.<\/p>\n<\/li>\n<li data-start=\"1727\" data-end=\"1789\">\n<p data-start=\"1729\" data-end=\"1789\">Respektieren Sie die nat\u00fcrliche Umwelt, insbesondere die Mangroven.<\/p>\n<\/li>\n<\/ul>\n<p>\ud83e\udd11 <strong data-start=\"44\" data-end=\"63\">Aktivit\u00e4t Preise Ganzer Tag\u00a0<\/strong><br data-start=\"63\" data-end=\"66\" \/>\ud83d\udc68\ud83c\udffb\u200d\ud83e\uddb1 Erwachsene (12 Jahre und \u00e4lter): <strong data-start=\"103\" data-end=\"110\">60 \u20ac<\/strong><br data-start=\"110\" data-end=\"113\" \/>\ud83e\uddcd\ud83c\udffb\u200d\u2640\ufe0f Kinder (bis zu 12 Jahren): <strong data-start=\"148\" data-end=\"155\">35 \u20ac<\/strong><br data-start=\"155\" data-end=\"158\" \/>\ud83d\udc7c\ud83c\udffc Kinder (bis zu 5 Jahren): <strong data-start=\"189\" data-end=\"197\">Kostenlos<\/strong><\/p>\n<p>\ud83e\udd11 <strong data-start=\"44\" data-end=\"63\">Preise Aktivit\u00e4ten Halbtag\u00a0<\/strong><br data-start=\"63\" data-end=\"66\" \/>\ud83d\udc68\ud83c\udffb\u200d\ud83e\uddb1 Erwachsene (12 Jahre und \u00e4lter): <strong data-start=\"103\" data-end=\"110\">45 \u20ac<\/strong><br data-start=\"110\" data-end=\"113\" \/>\ud83e\uddcd\ud83c\udffb\u200d\u2640\ufe0f Kinder (bis zu 12 Jahren): <strong data-start=\"148\" data-end=\"155\">30 \u20ac<\/strong><br data-start=\"155\" data-end=\"158\" \/>\ud83d\udc7c\ud83c\udffc Kinder (bis zu 5 Jahren): <strong data-start=\"189\" data-end=\"197\">Kostenlos<\/strong><\/p>\n<div id=\"gtx-trans\" style=\"position: absolute; left: 275px; top: 1.2px;\">\n<div class=\"gtx-trans-icon\"><\/div>\n<\/div>","protected":false},"excerpt":{"rendered":"<p>\ud83c\udfd6\ufe0f Sharm El Luli\u00a0 Trip\u2728 Enjoy one of the world\u2019s most beautiful beaches in Marsa Alam! \ud83c\udf0a Join us on an unforgettable excursion to Sharm El Luli Beach, voted among the \ud83c\udf0d most beautiful beaches in the world for three consecutive years.\ud83d\udc8e Relax on the soft white sands, swim in the crystal-clear turquoise waters, and [&hellip;]<\/p>","protected":false},"featured_media":10818,"comment_status":"open","ping_status":"closed","template":"","meta":{"_monsterinsights_skip_tracking":false,"_monsterinsights_sitenote_active":false,"_monsterinsights_sitenote_note":"","_monsterinsights_sitenote_category":0},"product_brand":[],"product_cat":[66],"product_tag":[],"class_list":{"0":"post-10811","1":"product","2":"type-product","3":"status-publish","4":"has-post-thumbnail","6":"product_cat-marsa-alam","8":"first","9":"instock","10":"shipping-taxable","11":"purchasable","12":"product-type-ovabrw_car_rental"},"_links":{"self":[{"href":"https:\/\/redsea-dream-tours.com\/de\/wp-json\/wp\/v2\/product\/10811","targetHints":{"allow":["GET"]}}],"collection":[{"href":"https:\/\/redsea-dream-tours.com\/de\/wp-json\/wp\/v2\/product"}],"about":[{"href":"https:\/\/redsea-dream-tours.com\/de\/wp-json\/wp\/v2\/types\/product"}],"replies":[{"embeddable":true,"href":"https:\/\/redsea-dream-tours.com\/de\/wp-json\/wp\/v2\/comments?post=10811"}],"wp:featuredmedia":[{"embeddable":true,"href":"https:\/\/redsea-dream-tours.com\/de\/wp-json\/wp\/v2\/media\/10818"}],"wp:attachment":[{"href":"https:\/\/redsea-dream-tours.com\/de\/wp-json\/wp\/v2\/media?parent=10811"}],"wp:term":[{"taxonomy":"product_brand","embeddable":true,"href":"https:\/\/redsea-dream-tours.com\/de\/wp-json\/wp\/v2\/product_brand?post=10811"},{"taxonomy":"product_cat","embeddable":true,"href":"https:\/\/redsea-dream-tours.com\/de\/wp-json\/wp\/v2\/product_cat?post=10811"},{"taxonomy":"product_tag","embeddable":true,"href":"https:\/\/redsea-dream-tours.com\/de\/wp-json\/wp\/v2\/product_tag?post=10811"}],"curies":[{"name":"wp","href":"https:\/\/api.w.org\/{rel}","templated":true}]}}