{"id":10795,"date":"2025-09-13T17:33:51","date_gmt":"2025-09-13T17:33:51","guid":{"rendered":"https:\/\/redsea-dream-tours.com\/?post_type=product&#038;p=10795"},"modified":"2025-11-28T14:26:04","modified_gmt":"2025-11-28T14:26:04","slug":"marsa-mubarak","status":"publish","type":"product","link":"https:\/\/redsea-dream-tours.com\/de\/produkt\/marsa-mubarak\/","title":{"rendered":"Marsa Mubarak Adventure - Paradies am Roten Meer ( Marsa Alam )"},"content":{"rendered":"<p data-start=\"168\" data-end=\"454\">\ud83d\udc1f\u2728 Marsa Mubarak Abenteuer - Paradies am Roten Meer \u2728\ud83d\udc1f<\/p>\n<p data-start=\"168\" data-end=\"454\">Entfliehen Sie in die ruhigen Gew\u00e4sser von Marsa Mubarak, einem der sch\u00f6nsten Schnorchelpl\u00e4tze im Roten Meer. \ud83c\udf0a<br data-start=\"293\" data-end=\"296\" \/>Marsa Mubarak ist bekannt f\u00fcr sein ruhiges t\u00fcrkisfarbenes Wasser und seine reiche Unterwasserwelt \ud83d\udc22 und eignet sich perfekt f\u00fcr Anf\u00e4nger und Familien, die ein friedliches Schnorchelabenteuer suchen. \ud83c\udf34<\/p>\n<hr data-start=\"456\" data-end=\"459\" \/>\n<p data-start=\"461\" data-end=\"490\"><strong data-start=\"461\" data-end=\"488\">H\u00f6hepunkte der Reise:<\/strong><\/p>\n<ul data-start=\"492\" data-end=\"884\">\n<li data-start=\"492\" data-end=\"593\">\n<p data-start=\"494\" data-end=\"593\"><strong data-start=\"494\" data-end=\"522\">Schnorchelabenteuer \ud83e\udd3f:<\/strong> Schwimmen Sie zwischen bunten Rifffischen und erkunden Sie die flachen Koralleng\u00e4rten.<\/p>\n<\/li>\n<li data-start=\"594\" data-end=\"694\">\n<p data-start=\"596\" data-end=\"694\"><strong data-start=\"596\" data-end=\"619\">Schildkr\u00f6tenbeobachtung \ud83d\udc22:<\/strong> Halten Sie Ausschau nach gr\u00fcnen Meeresschildkr\u00f6ten, die in der N\u00e4he der Seegraswiesen grasen.<\/p>\n<\/li>\n<li data-start=\"695\" data-end=\"789\">\n<p data-start=\"697\" data-end=\"789\"><strong data-start=\"697\" data-end=\"722\">Entspannende Str\u00e4nde \ud83c\udfd6\ufe0f:<\/strong> Genie\u00dfen Sie die unber\u00fchrten wei\u00dfen Sandstr\u00e4nde und das klare, seichte Wasser.<\/p>\n<\/li>\n<li data-start=\"790\" data-end=\"884\">\n<p data-start=\"792\" data-end=\"884\"><strong data-start=\"792\" data-end=\"816\">Bootstour mit Aussicht \ud83d\udea4:<\/strong> Fahren Sie zur Bucht und genie\u00dfen Sie die wundersch\u00f6ne K\u00fcste des Roten Meeres.<\/p>\n<\/li>\n<\/ul>\n<hr data-start=\"1232\" data-end=\"1235\" \/>\n<div class=\"st-highlight\">\n<h2 class=\"st-heading-section\">Programm<\/h2>\n<ul>\n<li>Abfahrt gegen 8:00 Uhr morgens, R\u00fcckkehr gegen 16:00 Uhr nachmittags.<\/li>\n<li>2 Schnorchelausfl\u00fcge<\/li>\n<li>Schwimmen mit Schildkr\u00f6ten und Dugongs<\/li>\n<\/ul>\n<\/div>\n<div class=\"st-hr large\">\n<h2 class=\"st-heading-section\">Inklusive Optionen<\/h2>\n<div class=\"accordion-item\">\n<div id=\"collapseInExClude\" class=\"accordion-collapse collapse show\" aria-labelledby=\"headingInExClude\" data-bs-parent=\"#headingInExClude\">\n<div class=\"accordion-body\">\n<div class=\"row\">\n<div class=\"col-lg-6\">\n<ul class=\"include\">\n<li>Hoteltransfer - Aktivit\u00e4t<\/li>\n<li><i class=\"input-icon st-border-radius field-icon fa\"><\/i>Schnorchel-\/Tauchausr\u00fcstung<\/li>\n<li><i class=\"input-icon st-border-radius field-icon fa\"><\/i>Mittagessen + Erfrischungsgetr\u00e4nk<\/li>\n<\/ul>\n<\/div>\n<\/div>\n<\/div>\n<\/div>\n<\/div>\n<h5><img decoding=\"async\" class=\"emoji\" role=\"img\" draggable=\"false\" src=\"https:\/\/s.w.org\/images\/core\/emoji\/16.0.1\/svg\/1f4dd.svg\" alt=\"\ud83d\udcdd\" \/>\u00a0Bewertung<\/h5>\n<ul>\n<li><img decoding=\"async\" class=\"emoji\" role=\"img\" draggable=\"false\" src=\"https:\/\/s.w.org\/images\/core\/emoji\/16.0.1\/svg\/26a0.svg\" alt=\"\u26a0\ufe0f\" \/>\u00a0Der Preis gilt ab Marsa Alam. Von Hurghada aus ist ein Transferzuschlag zu entrichten.<\/li>\n<\/ul>\n<\/div>\n<p data-start=\"1237\" data-end=\"1264\"><strong data-start=\"1237\" data-end=\"1262\">Tipps f\u00fcr die Reise \ud83d\udcdd:<\/strong><\/p>\n<ul data-start=\"1266\" data-end=\"1465\">\n<li data-start=\"1266\" data-end=\"1304\">\n<p data-start=\"1268\" data-end=\"1304\">Tragen Sie Sonnenschutzmittel \ud83e\uddf4 und einen Hut auf.<\/p>\n<\/li>\n<li data-start=\"1305\" data-end=\"1338\">\n<p data-start=\"1307\" data-end=\"1338\">Bringen Sie eine wasserdichte Kamera mit \ud83d\udcf7.<\/p>\n<\/li>\n<li data-start=\"1339\" data-end=\"1401\">\n<p data-start=\"1341\" data-end=\"1401\">Verwenden Sie riffsichere Sonnenschutzmittel, um die Meeresumwelt zu sch\u00fctzen.<\/p>\n<\/li>\n<li data-start=\"1402\" data-end=\"1465\">\n<p data-start=\"1404\" data-end=\"1465\">Befolgen Sie die Anweisungen des F\u00fchrers, um ein sicheres Schnorchelerlebnis zu haben.<\/p>\n<\/li>\n<\/ul>\n<h3 data-start=\"76\" data-end=\"101\">\ud83e\udd11 Preise f\u00fcr Exkursionen<\/h3>\n<p data-start=\"1518\" data-end=\"1574\">\ud83e\udd11 <strong data-start=\"44\" data-end=\"63\">Preise f\u00fcr Aktivit\u00e4ten ( Schnorcheln )<\/strong><br data-start=\"63\" data-end=\"66\" \/>\ud83d\udc68\ud83c\udffb\u200d\ud83e\uddb1 Erwachsene (12 Jahre und \u00e4lter): <strong data-start=\"103\" data-end=\"110\">50 \u20ac<\/strong><br data-start=\"110\" data-end=\"113\" \/>\ud83e\uddcd\ud83c\udffb\u200d\u2640\ufe0f Kinder (bis zu 12 Jahren): <strong data-start=\"148\" data-end=\"155\">25 \u20ac<\/strong><\/p>\n<p data-start=\"1518\" data-end=\"1574\">\ud83e\udd11 <strong data-start=\"44\" data-end=\"63\">Preise f\u00fcr Aktivit\u00e4ten ( Tauchen Intro )<\/strong><br data-start=\"63\" data-end=\"66\" \/>\ud83d\udc68\ud83c\udffb\u200d\ud83e\uddb1 Erwachsene : <strong data-start=\"103\" data-end=\"110\">70 \u20ac<\/strong><\/p>\n<p data-start=\"1518\" data-end=\"1574\">\ud83e\udd11 <strong data-start=\"44\" data-end=\"63\">Preise f\u00fcr Aktivit\u00e4ten ( Tauchen t\u00e4glich )<\/strong><br data-start=\"63\" data-end=\"66\" \/>\ud83d\udc68\ud83c\udffb\u200d\ud83e\uddb1 Erwachsene : <strong data-start=\"103\" data-end=\"110\">95 \u20ac<\/strong><\/p>\n<h3 data-start=\"2198\" data-end=\"2225\"><strong data-start=\"2205\" data-end=\"2223\">Die Zahlung in USD ($ \ud83c\uddfa\ud83c\uddf8) anstelle von EUR (\ud83c\uddea\ud83c\uddfa) ist je nach Tageskurs der Bank m\u00f6glich.<\/strong><\/h3>\n<ul data-start=\"1266\" data-end=\"1465\">\n<li data-start=\"1402\" data-end=\"1465\"><strong>Buchen Sie \u00fcber WhatsApp:<\/strong><\/li>\n<li data-start=\"1402\" data-end=\"1465\"><a href=\"https:\/\/wa.me\/201021058859\" target=\"_blank\" rel=\"noopener\">\u00a0<img decoding=\"async\" class=\"alignnone wp-image-2058\" src=\"https:\/\/poehalisnamiegypt.com\/wp-content\/uploads\/2024\/02\/pngwing.com_-300x300.png\" sizes=\"auto, (max-width: 35px) 100vw, 35px\" srcset=\"https:\/\/poehalisnamiegypt.com\/wp-content\/uploads\/2024\/02\/pngwing.com_-300x300.png 300w, https:\/\/poehalisnamiegypt.com\/wp-content\/uploads\/2024\/02\/pngwing.com_-150x150.png 150w, https:\/\/poehalisnamiegypt.com\/wp-content\/uploads\/2024\/02\/pngwing.com_.png 584w\" alt=\"\" width=\"53\" height=\"53\" \/><\/a><\/li>\n<\/ul>\n<div id=\"gtx-trans\" style=\"position: absolute; left: 376px; top: 1.2px;\">\n<div class=\"gtx-trans-icon\"><\/div>\n<\/div>","protected":false},"excerpt":{"rendered":"<p>\ud83d\udc1f\u2728 Marsa Mubarak Adventure \u2013 Red Sea Paradise \u2728\ud83d\udc1f Escape to the tranquil waters of Marsa Mubarak, one of the most beautiful snorkeling spots in the Red Sea. \ud83c\udf0aKnown for its calm turquoise waters and rich marine life \ud83d\udc22, Marsa Mubarak is perfect for beginners and families seeking a peaceful snorkeling adventure. \ud83c\udf34 Highlights of [&hellip;]<\/p>","protected":false},"featured_media":10801,"comment_status":"open","ping_status":"closed","template":"","meta":{"_monsterinsights_skip_tracking":false,"_monsterinsights_sitenote_active":false,"_monsterinsights_sitenote_note":"","_monsterinsights_sitenote_category":0},"product_brand":[],"product_cat":[66,68],"product_tag":[],"class_list":{"0":"post-10795","1":"product","2":"type-product","3":"status-publish","4":"has-post-thumbnail","6":"product_cat-marsa-alam","7":"product_cat-sea","9":"first","10":"instock","11":"shipping-taxable","12":"purchasable","13":"product-type-ovabrw_car_rental"},"_links":{"self":[{"href":"https:\/\/redsea-dream-tours.com\/de\/wp-json\/wp\/v2\/product\/10795","targetHints":{"allow":["GET"]}}],"collection":[{"href":"https:\/\/redsea-dream-tours.com\/de\/wp-json\/wp\/v2\/product"}],"about":[{"href":"https:\/\/redsea-dream-tours.com\/de\/wp-json\/wp\/v2\/types\/product"}],"replies":[{"embeddable":true,"href":"https:\/\/redsea-dream-tours.com\/de\/wp-json\/wp\/v2\/comments?post=10795"}],"wp:featuredmedia":[{"embeddable":true,"href":"https:\/\/redsea-dream-tours.com\/de\/wp-json\/wp\/v2\/media\/10801"}],"wp:attachment":[{"href":"https:\/\/redsea-dream-tours.com\/de\/wp-json\/wp\/v2\/media?parent=10795"}],"wp:term":[{"taxonomy":"product_brand","embeddable":true,"href":"https:\/\/redsea-dream-tours.com\/de\/wp-json\/wp\/v2\/product_brand?post=10795"},{"taxonomy":"product_cat","embeddable":true,"href":"https:\/\/redsea-dream-tours.com\/de\/wp-json\/wp\/v2\/product_cat?post=10795"},{"taxonomy":"product_tag","embeddable":true,"href":"https:\/\/redsea-dream-tours.com\/de\/wp-json\/wp\/v2\/product_tag?post=10795"}],"curies":[{"name":"wp","href":"https:\/\/api.w.org\/{rel}","templated":true}]}}